

{"id":52,"date":"2018-12-10T10:44:47","date_gmt":"2018-12-10T10:44:47","guid":{"rendered":"http:\/\/www.sudocrem.co.uk\/?page_id=48"},"modified":"2021-02-03T16:56:41","modified_gmt":"2021-02-03T16:56:41","slug":"what-is-nappy-rash","status":"publish","type":"page","link":"https:\/\/sudocrem.com\/pt\/nappy-rash-hub\/what-is-nappy-rash\/","title":{"rendered":"Nappy Rash Hub &#8211; What is nappy rash?"},"content":{"rendered":"<h5>O que s\u00e3o assaduras?<\/h5>\n<p>As assaduras s\u00e3o um dos problemas de pele mais comuns nos primeiros tempos da vida dos beb\u00e9s. \u00c9 uma irrita\u00e7\u00e3o da pele na \u00e1rea da fralda.<\/p>\n<p>As assaduras afetam com mais frequ\u00eancia a pele sens\u00edvel do beb\u00e9 quando existe contacto prolongado com a urina ou fezes. O rabinho do seu beb\u00e9 pode ter manchas vermelhas ou toda a \u00e1rea pode ficar vermelha. \u00c9 poss\u00edvel que a pele pare\u00e7a dorida e quente ao toque. Leia mais sobre como saber se s\u00e3o assaduras em baixo.<\/p>\n<p>Se o seu beb\u00e9 tem assaduras pode usar Sudocrem MULTI-EXPERT Creme Protector para ajudar a acalmar a pele do seu beb\u00e9. A melhor maneira de lidar com as assaduras \u00e9, antes de tudo, evit\u00e1-las.<\/p>\n<p>Estes passos ir\u00e3o ajudar:<\/p>\n<p>&nbsp;<\/p>\n<ol>\n<li>Mude as fraldas molhadas ou sujas o mais r\u00e1pido poss\u00edvel. Os beb\u00e9s mais pequenos precisam de mudar a fralda cerca de dez a doze vezes por dia, enquanto os beb\u00e9s mais velhos, pelo menos, de seis a oito vezes.<\/li>\n<li>Assegure-se que limpa completamente toda a \u00e1rea da fralda usando \u00e1gua ou len\u00e7os humedecidos, limpando da frente para tr\u00e1s.<\/li>\n<li>Deite o seu beb\u00e9 numa toalha e deixe-o sem fralda tantas vezes e tanto tempo quanto poss\u00edvel para permitir que a pele apanhe ar fresco.<\/li>\n<\/ol>\n<p>&nbsp;<\/p>\n","protected":false},"excerpt":{"rendered":"<p>O que s\u00e3o assaduras? As assaduras s\u00e3o um dos problemas de pele mais comuns nos primeiros tempos da vida dos beb\u00e9s. \u00c9 uma irrita\u00e7\u00e3o da pele na \u00e1rea da fralda. As assaduras afetam com mais frequ\u00eancia a pele sens\u00edvel do beb\u00e9 quando existe contacto prolongado com a urina ou fezes. O rabinho do seu beb\u00e9 [&#8230;]<\/p>\n<p><a aria-label=\"Sudocrem\"  class=\"btn btn-purple round btn-secondary understrap-read-more-link\" href=\"https:\/\/sudocrem.com\/pt\/nappy-rash-hub\/what-is-nappy-rash\/\">CONTINUE READING<\/a><\/p>\n","protected":false},"author":1,"featured_media":1760,"parent":754,"menu_order":0,"comment_status":"closed","ping_status":"closed","template":"page-templates\/top-menu-page.php","meta":{"footnotes":""},"class_list":["post-52","page","type-page","status-publish","has-post-thumbnail","hentry"],"yoast_head":"<!-- This site is optimized with the Yoast SEO plugin v14.6.1 - https:\/\/yoast.com\/wordpress\/plugins\/seo\/ -->\n<title>Nappy Rash Hub - What is nappy rash? - Sudocrem Portugal<\/title>\n<meta name=\"robots\" content=\"index, follow\" \/>\n<meta name=\"googlebot\" content=\"index, follow, max-snippet:-1, max-image-preview:large, max-video-preview:-1\" \/>\n<meta name=\"bingbot\" content=\"index, follow, max-snippet:-1, max-image-preview:large, max-video-preview:-1\" \/>\n<link rel=\"canonical\" href=\"https:\/\/sudocrem.com\/pt\/nappy-rash-hub\/what-is-nappy-rash\/\" \/>\n<meta property=\"og:locale\" content=\"en_GB\" \/>\n<meta property=\"og:type\" content=\"article\" \/>\n<meta property=\"og:title\" content=\"Nappy Rash Hub - What is nappy rash? - Sudocrem Portugal\" \/>\n<meta property=\"og:description\" content=\"O que s\u00e3o assaduras? As assaduras s\u00e3o um dos problemas de pele mais comuns nos primeiros tempos da vida dos beb\u00e9s. \u00c9 uma irrita\u00e7\u00e3o da pele na \u00e1rea da fralda. As assaduras afetam com mais frequ\u00eancia a pele sens\u00edvel do beb\u00e9 quando existe contacto prolongado com a urina ou fezes. O rabinho do seu beb\u00e9 [...]CONTINUE READING\" \/>\n<meta property=\"og:url\" content=\"https:\/\/sudocrem.com\/pt\/nappy-rash-hub\/what-is-nappy-rash\/\" \/>\n<meta property=\"og:site_name\" content=\"Sudocrem Portugal\" \/>\n<meta property=\"article:modified_time\" content=\"2021-02-03T16:56:41+00:00\" \/>\n<meta property=\"og:image\" content=\"https:\/\/sudocrem.com\/pt\/wp-content\/uploads\/sites\/28\/2020\/09\/Sud_Nappy-rash_Top-banner.jpg\" \/>\n\t<meta property=\"og:image:width\" content=\"1920\" \/>\n\t<meta property=\"og:image:height\" content=\"742\" \/>\n<meta name=\"twitter:card\" content=\"summary_large_image\" \/>\n<script type=\"application\/ld+json\" class=\"yoast-schema-graph\">{\"@context\":\"https:\/\/schema.org\",\"@graph\":[{\"@type\":\"WebSite\",\"@id\":\"https:\/\/sudocrem.com\/pt\/#website\",\"url\":\"https:\/\/sudocrem.com\/pt\/\",\"name\":\"Sudocrem Portugal\",\"description\":\"Just another Sudocrem International site\",\"potentialAction\":[{\"@type\":\"SearchAction\",\"target\":\"https:\/\/sudocrem.com\/pt\/?s={search_term_string}\",\"query-input\":\"required name=search_term_string\"}],\"inLanguage\":\"en-GB\"},{\"@type\":\"ImageObject\",\"@id\":\"https:\/\/sudocrem.com\/pt\/nappy-rash-hub\/what-is-nappy-rash\/#primaryimage\",\"inLanguage\":\"en-GB\",\"url\":\"https:\/\/sudocrem.com\/pt\/wp-content\/uploads\/sites\/28\/2020\/09\/Sud_Nappy-rash_Top-banner.jpg\",\"width\":1920,\"height\":742,\"caption\":\"Sud_Nappy-rash_Top-banner\"},{\"@type\":\"WebPage\",\"@id\":\"https:\/\/sudocrem.com\/pt\/nappy-rash-hub\/what-is-nappy-rash\/#webpage\",\"url\":\"https:\/\/sudocrem.com\/pt\/nappy-rash-hub\/what-is-nappy-rash\/\",\"name\":\"Nappy Rash Hub - What is nappy rash? - Sudocrem Portugal\",\"isPartOf\":{\"@id\":\"https:\/\/sudocrem.com\/pt\/#website\"},\"primaryImageOfPage\":{\"@id\":\"https:\/\/sudocrem.com\/pt\/nappy-rash-hub\/what-is-nappy-rash\/#primaryimage\"},\"datePublished\":\"2018-12-10T10:44:47+00:00\",\"dateModified\":\"2021-02-03T16:56:41+00:00\",\"inLanguage\":\"en-GB\",\"potentialAction\":[{\"@type\":\"ReadAction\",\"target\":[\"https:\/\/sudocrem.com\/pt\/nappy-rash-hub\/what-is-nappy-rash\/\"]}]}]}<\/script>\n<!-- \/ Yoast SEO plugin. -->","_links":{"self":[{"href":"https:\/\/sudocrem.com\/pt\/wp-json\/wp\/v2\/pages\/52","targetHints":{"allow":["GET"]}}],"collection":[{"href":"https:\/\/sudocrem.com\/pt\/wp-json\/wp\/v2\/pages"}],"about":[{"href":"https:\/\/sudocrem.com\/pt\/wp-json\/wp\/v2\/types\/page"}],"author":[{"embeddable":true,"href":"https:\/\/sudocrem.com\/pt\/wp-json\/wp\/v2\/users\/1"}],"replies":[{"embeddable":true,"href":"https:\/\/sudocrem.com\/pt\/wp-json\/wp\/v2\/comments?post=52"}],"version-history":[{"count":0,"href":"https:\/\/sudocrem.com\/pt\/wp-json\/wp\/v2\/pages\/52\/revisions"}],"up":[{"embeddable":true,"href":"https:\/\/sudocrem.com\/pt\/wp-json\/wp\/v2\/pages\/754"}],"wp:featuredmedia":[{"embeddable":true,"href":"https:\/\/sudocrem.com\/pt\/wp-json\/wp\/v2\/media\/1760"}],"wp:attachment":[{"href":"https:\/\/sudocrem.com\/pt\/wp-json\/wp\/v2\/media?parent=52"}],"curies":[{"name":"wp","href":"https:\/\/api.w.org\/{rel}","templated":true}]}}