

{"id":53,"date":"2018-12-10T10:45:33","date_gmt":"2018-12-10T10:45:33","guid":{"rendered":"http:\/\/www.sudocrem.co.uk\/?page_id=53"},"modified":"2021-01-25T11:17:24","modified_gmt":"2021-01-25T11:17:24","slug":"contact","status":"publish","type":"page","link":"https:\/\/sudocrem.com\/pt\/contact\/","title":{"rendered":"Contactos"},"content":{"rendered":"<h5>Contactos<\/h5>\n<p>&nbsp;<\/p>\n<p><strong>Morada<\/strong>:<\/p>\n<p>Teva Produtos Farmac\u00eauticos Lda.<br \/>\nLagoas Park &#8211; Edif\u00edcio 5-A, Piso 2<br \/>\n2740-245 Porto Salvo<br \/>\nPortugal<\/p>\n<p>&nbsp;<\/p>\n<p><strong>Quest\u00f5es gerais e apoio ao cliente<\/strong><\/p>\n<p>Tel.: <a href=\"tel:+351 21 476 75 50\">+351 21 476 75 50<\/a><br \/>\nFax: <a href=\"tel:+351 21 424 89 99\">+351 21 424 89 99<\/a><br \/>\nApoio ao Cliente: <a href=\"tel:+351 21 423 59 10\">+351 21 423 59 10<\/a><\/p>\n<p><a href=\"http:\/\/www.teva.pt\">www.teva.pt<\/a><\/p>\n","protected":false},"excerpt":{"rendered":"<p>Contactos &nbsp; Morada: Teva Produtos Farmac\u00eauticos Lda. Lagoas Park &#8211; Edif\u00edcio 5-A, Piso 2 2740-245 Porto Salvo Portugal &nbsp; Quest\u00f5es gerais e apoio ao cliente Tel.: +351 21 476 75 50 Fax: +351 21 424 89 99 Apoio ao Cliente: +351 21 423 59 10 www.teva.pt [&#8230;]<\/p>\n<p><a aria-label=\"Sudocrem\"  class=\"btn btn-purple round btn-secondary understrap-read-more-link\" href=\"https:\/\/sudocrem.com\/pt\/contact\/\">CONTINUE READING<\/a><\/p>\n","protected":false},"author":1,"featured_media":0,"parent":0,"menu_order":10,"comment_status":"closed","ping_status":"closed","template":"page-templates\/contact-page.php","meta":{"footnotes":""},"class_list":["post-53","page","type-page","status-publish","hentry"],"yoast_head":"<!-- This site is optimized with the Yoast SEO plugin v14.6.1 - https:\/\/yoast.com\/wordpress\/plugins\/seo\/ -->\n<title>Contactos - Sudocrem Portugal<\/title>\n<meta name=\"robots\" content=\"index, follow\" \/>\n<meta name=\"googlebot\" content=\"index, follow, max-snippet:-1, max-image-preview:large, max-video-preview:-1\" \/>\n<meta name=\"bingbot\" content=\"index, follow, max-snippet:-1, max-image-preview:large, max-video-preview:-1\" \/>\n<link rel=\"canonical\" href=\"https:\/\/sudocrem.com\/pt\/contact\/\" \/>\n<meta property=\"og:locale\" content=\"en_GB\" \/>\n<meta property=\"og:type\" content=\"article\" \/>\n<meta property=\"og:title\" content=\"Contactos - Sudocrem Portugal\" \/>\n<meta property=\"og:description\" content=\"Contactos &nbsp; Morada: Teva Produtos Farmac\u00eauticos Lda. Lagoas Park &#8211; Edif\u00edcio 5-A, Piso 2 2740-245 Porto Salvo Portugal &nbsp; Quest\u00f5es gerais e apoio ao cliente Tel.: +351 21 476 75 50 Fax: +351 21 424 89 99 Apoio ao Cliente: +351 21 423 59 10 www.teva.pt [...]CONTINUE READING\" \/>\n<meta property=\"og:url\" content=\"https:\/\/sudocrem.com\/pt\/contact\/\" \/>\n<meta property=\"og:site_name\" content=\"Sudocrem Portugal\" \/>\n<meta property=\"article:modified_time\" content=\"2021-01-25T11:17:24+00:00\" \/>\n<meta name=\"twitter:card\" content=\"summary_large_image\" \/>\n<script type=\"application\/ld+json\" class=\"yoast-schema-graph\">{\"@context\":\"https:\/\/schema.org\",\"@graph\":[{\"@type\":\"WebSite\",\"@id\":\"https:\/\/sudocrem.com\/pt\/#website\",\"url\":\"https:\/\/sudocrem.com\/pt\/\",\"name\":\"Sudocrem Portugal\",\"description\":\"Just another Sudocrem International site\",\"potentialAction\":[{\"@type\":\"SearchAction\",\"target\":\"https:\/\/sudocrem.com\/pt\/?s={search_term_string}\",\"query-input\":\"required name=search_term_string\"}],\"inLanguage\":\"en-GB\"},{\"@type\":\"WebPage\",\"@id\":\"https:\/\/sudocrem.com\/pt\/contact\/#webpage\",\"url\":\"https:\/\/sudocrem.com\/pt\/contact\/\",\"name\":\"Contactos - Sudocrem Portugal\",\"isPartOf\":{\"@id\":\"https:\/\/sudocrem.com\/pt\/#website\"},\"datePublished\":\"2018-12-10T10:45:33+00:00\",\"dateModified\":\"2021-01-25T11:17:24+00:00\",\"inLanguage\":\"en-GB\",\"potentialAction\":[{\"@type\":\"ReadAction\",\"target\":[\"https:\/\/sudocrem.com\/pt\/contact\/\"]}]}]}<\/script>\n<!-- \/ Yoast SEO plugin. -->","_links":{"self":[{"href":"https:\/\/sudocrem.com\/pt\/wp-json\/wp\/v2\/pages\/53","targetHints":{"allow":["GET"]}}],"collection":[{"href":"https:\/\/sudocrem.com\/pt\/wp-json\/wp\/v2\/pages"}],"about":[{"href":"https:\/\/sudocrem.com\/pt\/wp-json\/wp\/v2\/types\/page"}],"author":[{"embeddable":true,"href":"https:\/\/sudocrem.com\/pt\/wp-json\/wp\/v2\/users\/1"}],"replies":[{"embeddable":true,"href":"https:\/\/sudocrem.com\/pt\/wp-json\/wp\/v2\/comments?post=53"}],"version-history":[{"count":0,"href":"https:\/\/sudocrem.com\/pt\/wp-json\/wp\/v2\/pages\/53\/revisions"}],"wp:attachment":[{"href":"https:\/\/sudocrem.com\/pt\/wp-json\/wp\/v2\/media?parent=53"}],"curies":[{"name":"wp","href":"https:\/\/api.w.org\/{rel}","templated":true}]}}