

{"id":163,"date":"2018-12-10T16:31:59","date_gmt":"2018-12-10T16:31:59","guid":{"rendered":"http:\/\/www.sudocrem.co.uk\/?page_id=163"},"modified":"2023-03-28T16:35:38","modified_gmt":"2023-03-28T15:35:38","slug":"details","status":"publish","type":"page","link":"https:\/\/sudocrem.com\/ro\/antiseptic-healing-cream\/details\/","title":{"rendered":"Antiseptic Healing Cream &#8211; Details"},"content":{"rendered":"<p>De peste 80 ani, Sudocrem este aliatul de \u00eencredere al p\u0103rin\u021bilor. Protejeaz\u0103, catifeleaz\u0103 \u0219i \u00eengrije\u0219te pielea sensibil\u0103 a bebelu\u0219ului.<\/p>\n<p>&nbsp;<\/p>\n<h5>Irita\u021bia de scutec<\/h5>\n<p>Sudocrem protejeaz\u0103 \u0219i \u00eengrije\u0219te pielea acoperit\u0103 de scutec a bebelu\u0219ului t\u0103u. Formeaz\u0103 o barier\u0103 transparent\u0103, rezistent\u0103 la ap\u0103, care protejeaz\u0103 pielea bebelu\u0219ului t\u0103u \u0219i o las\u0103 s\u0103 respire.<\/p>\n<p>&nbsp;<\/p>\n<h5>\u00cengrijire pentru familia ta<\/h5>\n<p>Sudocrem este o crem\u0103 versatil\u0103, cu o formul\u0103 delicat\u0103. Este potrivit\u0103 pentru toate tipurile de piele. Ajut\u0103 la calmarea ro\u0219e\u021bii, \u00eengrije\u0219te \u0219i men\u021bine aspectul natural al pielii. Con\u021bine ingrediente care ajut\u0103 la calmarea pielii inflamate, form\u00e2nd o barier\u0103 \u00eempotriva factorilor iritan\u021bi. Este potrivit\u0103 pentru bebelu\u0219i, copii, adul\u021bi \u0219i v\u00e2rstnici. Pentru mai multe detalii, viziteaz\u0103 sec\u021biunea <a href=\"\/ro\/your-family-hub\/trust-in-a-grey-tub\/\">\u00cengrijire pentru familia ta<\/a>.<\/p>\n<p>&nbsp;<\/p>\n<p>&nbsp;<\/p>\n<p><img loading=\"lazy\" decoding=\"async\" class=\"alignnone size-full wp-image-2115\" src=\"https:\/\/sudocrem.com\/ro\/wp-content\/uploads\/sites\/17\/2023\/03\/IMAGE-RANGE-ROMANIA-NEW.png\" alt=\"\" width=\"700\" height=\"506\" \/><\/p>\n","protected":false},"excerpt":{"rendered":"<p>De peste 80 ani, Sudocrem este aliatul de \u00eencredere al p\u0103rin\u021bilor. Protejeaz\u0103, catifeleaz\u0103 \u0219i \u00eengrije\u0219te pielea sensibil\u0103 a bebelu\u0219ului. &nbsp; Irita\u021bia de scutec Sudocrem protejeaz\u0103 \u0219i \u00eengrije\u0219te pielea acoperit\u0103 de scutec a bebelu\u0219ului t\u0103u. Formeaz\u0103 o barier\u0103 transparent\u0103, rezistent\u0103 la ap\u0103, care protejeaz\u0103 pielea bebelu\u0219ului t\u0103u \u0219i o las\u0103 s\u0103 respire. &nbsp; \u00cengrijire pentru familia [&#8230;]<\/p>\n<p><a aria-label=\"Sudocrem\"  class=\"btn btn-purple round btn-secondary understrap-read-more-link\" href=\"https:\/\/sudocrem.com\/ro\/antiseptic-healing-cream\/details\/\">CONTINUE READING<\/a><\/p>\n","protected":false},"author":1,"featured_media":2096,"parent":741,"menu_order":0,"comment_status":"closed","ping_status":"closed","template":"page-templates\/top-menu-page.php","meta":{"footnotes":""},"class_list":["post-163","page","type-page","status-publish","has-post-thumbnail","hentry"],"yoast_head":"<!-- This site is optimized with the Yoast SEO plugin v14.6.1 - https:\/\/yoast.com\/wordpress\/plugins\/seo\/ -->\n<title>Antiseptic Healing Cream - Details - Sudocrem Romania<\/title>\n<meta name=\"description\" content=\"Sudocrem Antiseptic Healing Cream has been mum\u2019s ally for over 85 years and is great for soothing sore skin and effectively treating nappy rash.\" \/>\n<meta name=\"robots\" content=\"index, follow\" \/>\n<meta name=\"googlebot\" content=\"index, follow, max-snippet:-1, max-image-preview:large, max-video-preview:-1\" \/>\n<meta name=\"bingbot\" content=\"index, follow, max-snippet:-1, max-image-preview:large, max-video-preview:-1\" \/>\n<link rel=\"canonical\" href=\"https:\/\/sudocrem.com\/ro\/antiseptic-healing-cream\/details\/\" \/>\n<meta property=\"og:locale\" content=\"en_GB\" \/>\n<meta property=\"og:type\" content=\"article\" \/>\n<meta property=\"og:title\" content=\"Antiseptic Healing Cream - Details - Sudocrem Romania\" \/>\n<meta property=\"og:description\" content=\"Sudocrem Antiseptic Healing Cream has been mum\u2019s ally for over 85 years and is great for soothing sore skin and effectively treating nappy rash.\" \/>\n<meta property=\"og:url\" content=\"https:\/\/sudocrem.com\/ro\/antiseptic-healing-cream\/details\/\" \/>\n<meta property=\"og:site_name\" content=\"Sudocrem Romania\" \/>\n<meta property=\"article:modified_time\" content=\"2023-03-28T15:35:38+00:00\" \/>\n<meta property=\"og:image\" content=\"https:\/\/sudocrem.com\/ro\/wp-content\/uploads\/sites\/17\/2023\/03\/Top-banner_SAHC_Romania-NEW.png\" \/>\n\t<meta property=\"og:image:width\" content=\"1920\" \/>\n\t<meta property=\"og:image:height\" content=\"791\" \/>\n<meta name=\"twitter:card\" content=\"summary_large_image\" \/>\n<script type=\"application\/ld+json\" class=\"yoast-schema-graph\">{\"@context\":\"https:\/\/schema.org\",\"@graph\":[{\"@type\":\"WebSite\",\"@id\":\"https:\/\/sudocrem.com\/ro\/#website\",\"url\":\"https:\/\/sudocrem.com\/ro\/\",\"name\":\"Sudocrem Romania\",\"description\":\"Just another Sudocrem International site\",\"potentialAction\":[{\"@type\":\"SearchAction\",\"target\":\"https:\/\/sudocrem.com\/ro\/?s={search_term_string}\",\"query-input\":\"required name=search_term_string\"}],\"inLanguage\":\"en-GB\"},{\"@type\":\"ImageObject\",\"@id\":\"https:\/\/sudocrem.com\/ro\/antiseptic-healing-cream\/details\/#primaryimage\",\"inLanguage\":\"en-GB\",\"url\":\"https:\/\/sudocrem.com\/ro\/wp-content\/uploads\/sites\/17\/2023\/03\/Top-banner_SAHC_Romania-NEW.png\",\"width\":1920,\"height\":791,\"caption\":\"Top-banner_SAHC_Romania-NEW\"},{\"@type\":\"WebPage\",\"@id\":\"https:\/\/sudocrem.com\/ro\/antiseptic-healing-cream\/details\/#webpage\",\"url\":\"https:\/\/sudocrem.com\/ro\/antiseptic-healing-cream\/details\/\",\"name\":\"Antiseptic Healing Cream - Details - Sudocrem Romania\",\"isPartOf\":{\"@id\":\"https:\/\/sudocrem.com\/ro\/#website\"},\"primaryImageOfPage\":{\"@id\":\"https:\/\/sudocrem.com\/ro\/antiseptic-healing-cream\/details\/#primaryimage\"},\"datePublished\":\"2018-12-10T16:31:59+00:00\",\"dateModified\":\"2023-03-28T15:35:38+00:00\",\"description\":\"Sudocrem Antiseptic Healing Cream has been mum\\u2019s ally for over 85 years and is great for soothing sore skin and effectively treating nappy rash.\",\"inLanguage\":\"en-GB\",\"potentialAction\":[{\"@type\":\"ReadAction\",\"target\":[\"https:\/\/sudocrem.com\/ro\/antiseptic-healing-cream\/details\/\"]}]}]}<\/script>\n<!-- \/ Yoast SEO plugin. -->","_links":{"self":[{"href":"https:\/\/sudocrem.com\/ro\/wp-json\/wp\/v2\/pages\/163","targetHints":{"allow":["GET"]}}],"collection":[{"href":"https:\/\/sudocrem.com\/ro\/wp-json\/wp\/v2\/pages"}],"about":[{"href":"https:\/\/sudocrem.com\/ro\/wp-json\/wp\/v2\/types\/page"}],"author":[{"embeddable":true,"href":"https:\/\/sudocrem.com\/ro\/wp-json\/wp\/v2\/users\/1"}],"replies":[{"embeddable":true,"href":"https:\/\/sudocrem.com\/ro\/wp-json\/wp\/v2\/comments?post=163"}],"version-history":[{"count":0,"href":"https:\/\/sudocrem.com\/ro\/wp-json\/wp\/v2\/pages\/163\/revisions"}],"up":[{"embeddable":true,"href":"https:\/\/sudocrem.com\/ro\/wp-json\/wp\/v2\/pages\/741"}],"wp:featuredmedia":[{"embeddable":true,"href":"https:\/\/sudocrem.com\/ro\/wp-json\/wp\/v2\/media\/2096"}],"wp:attachment":[{"href":"https:\/\/sudocrem.com\/ro\/wp-json\/wp\/v2\/media?parent=163"}],"curies":[{"name":"wp","href":"https:\/\/api.w.org\/{rel}","templated":true}]}}