

{"id":168,"date":"2018-12-10T16:33:05","date_gmt":"2018-12-10T16:33:05","guid":{"rendered":"http:\/\/www.sudocrem.co.uk\/?page_id=168"},"modified":"2023-03-14T16:55:25","modified_gmt":"2023-03-14T16:55:25","slug":"when-to-use","status":"publish","type":"page","link":"https:\/\/sudocrem.com\/ro\/antiseptic-healing-cream\/when-to-use\/","title":{"rendered":"Antiseptic Healing Cream &#8211; When to use?"},"content":{"rendered":"<p>Sudocrem este aliatul t\u0103u \u0219i al familiei tale, oric\u00e2nd ai nevoie de protec\u021bie a pielii \u00eempotriva factorilor iritan\u021bi. Sudocrem catifeleaz\u0103 \u0219i protejeaz\u0103 pielea, form\u00e2nd o barier\u0103 transparent\u0103, rezistent\u0103 la ap\u0103.<\/p>\n<p>&nbsp;<\/p>\n<h5>Irita\u021bia de scutec<\/h5>\n<p>Pentru a \u00een\u021belege cum apare irita\u021bia de scutec \u0219i pentru a afla cum po\u021bi proteja pielea bebelu\u0219ului t\u0103u \u00eempotriva factorilor iritan\u021bi, acceseaz\u0103 sec\u021biunea Irita\u021bia de scutec.<\/p>\n<p>&nbsp;<\/p>\n<p><a href=\"\/ro\/nappy-rash-hub\/what-is-nappy-rash\/\"><img loading=\"lazy\" decoding=\"async\" class=\"alignnone wp-image-1835 size-full\" src=\"https:\/\/sudocrem.com\/ro\/wp-content\/uploads\/sites\/17\/2020\/09\/Button_Nappy-rash_Romania.png\" alt=\"\" width=\"196\" height=\"46\" \/><\/a><\/p>\n","protected":false},"excerpt":{"rendered":"<p>Sudocrem este aliatul t\u0103u \u0219i al familiei tale, oric\u00e2nd ai nevoie de protec\u021bie a pielii \u00eempotriva factorilor iritan\u021bi. Sudocrem catifeleaz\u0103 \u0219i protejeaz\u0103 pielea, form\u00e2nd o barier\u0103 transparent\u0103, rezistent\u0103 la ap\u0103. &nbsp; Irita\u021bia de scutec Pentru a \u00een\u021belege cum apare irita\u021bia de scutec \u0219i pentru a afla cum po\u021bi proteja pielea bebelu\u0219ului t\u0103u \u00eempotriva factorilor iritan\u021bi, [&#8230;]<\/p>\n<p><a aria-label=\"Sudocrem\"  class=\"btn btn-purple round btn-secondary understrap-read-more-link\" href=\"https:\/\/sudocrem.com\/ro\/antiseptic-healing-cream\/when-to-use\/\">CONTINUE READING<\/a><\/p>\n","protected":false},"author":1,"featured_media":2096,"parent":741,"menu_order":1,"comment_status":"closed","ping_status":"closed","template":"page-templates\/top-menu-page.php","meta":{"footnotes":""},"class_list":["post-168","page","type-page","status-publish","has-post-thumbnail","hentry"],"yoast_head":"<!-- This site is optimized with the Yoast SEO plugin v14.6.1 - https:\/\/yoast.com\/wordpress\/plugins\/seo\/ -->\n<title>Antiseptic Healing Cream - When to use? - Sudocrem Romania<\/title>\n<meta name=\"robots\" content=\"index, follow\" \/>\n<meta name=\"googlebot\" content=\"index, follow, max-snippet:-1, max-image-preview:large, max-video-preview:-1\" \/>\n<meta name=\"bingbot\" content=\"index, follow, max-snippet:-1, max-image-preview:large, max-video-preview:-1\" \/>\n<link rel=\"canonical\" href=\"https:\/\/sudocrem.com\/ro\/antiseptic-healing-cream\/when-to-use\/\" \/>\n<meta property=\"og:locale\" content=\"en_GB\" \/>\n<meta property=\"og:type\" content=\"article\" \/>\n<meta property=\"og:title\" content=\"Antiseptic Healing Cream - When to use? - Sudocrem Romania\" \/>\n<meta property=\"og:description\" content=\"Sudocrem este aliatul t\u0103u \u0219i al familiei tale, oric\u00e2nd ai nevoie de protec\u021bie a pielii \u00eempotriva factorilor iritan\u021bi. Sudocrem catifeleaz\u0103 \u0219i protejeaz\u0103 pielea, form\u00e2nd o barier\u0103 transparent\u0103, rezistent\u0103 la ap\u0103. &nbsp; Irita\u021bia de scutec Pentru a \u00een\u021belege cum apare irita\u021bia de scutec \u0219i pentru a afla cum po\u021bi proteja pielea bebelu\u0219ului t\u0103u \u00eempotriva factorilor iritan\u021bi, [...]CONTINUE READING\" \/>\n<meta property=\"og:url\" content=\"https:\/\/sudocrem.com\/ro\/antiseptic-healing-cream\/when-to-use\/\" \/>\n<meta property=\"og:site_name\" content=\"Sudocrem Romania\" \/>\n<meta property=\"article:modified_time\" content=\"2023-03-14T16:55:25+00:00\" \/>\n<meta property=\"og:image\" content=\"https:\/\/sudocrem.com\/ro\/wp-content\/uploads\/sites\/17\/2023\/03\/Top-banner_SAHC_Romania-NEW.png\" \/>\n\t<meta property=\"og:image:width\" content=\"1920\" \/>\n\t<meta property=\"og:image:height\" content=\"791\" \/>\n<meta name=\"twitter:card\" content=\"summary_large_image\" \/>\n<script type=\"application\/ld+json\" class=\"yoast-schema-graph\">{\"@context\":\"https:\/\/schema.org\",\"@graph\":[{\"@type\":\"WebSite\",\"@id\":\"https:\/\/sudocrem.com\/ro\/#website\",\"url\":\"https:\/\/sudocrem.com\/ro\/\",\"name\":\"Sudocrem Romania\",\"description\":\"Just another Sudocrem International site\",\"potentialAction\":[{\"@type\":\"SearchAction\",\"target\":\"https:\/\/sudocrem.com\/ro\/?s={search_term_string}\",\"query-input\":\"required name=search_term_string\"}],\"inLanguage\":\"en-GB\"},{\"@type\":\"ImageObject\",\"@id\":\"https:\/\/sudocrem.com\/ro\/antiseptic-healing-cream\/when-to-use\/#primaryimage\",\"inLanguage\":\"en-GB\",\"url\":\"https:\/\/sudocrem.com\/ro\/wp-content\/uploads\/sites\/17\/2023\/03\/Top-banner_SAHC_Romania-NEW.png\",\"width\":1920,\"height\":791,\"caption\":\"Top-banner_SAHC_Romania-NEW\"},{\"@type\":\"WebPage\",\"@id\":\"https:\/\/sudocrem.com\/ro\/antiseptic-healing-cream\/when-to-use\/#webpage\",\"url\":\"https:\/\/sudocrem.com\/ro\/antiseptic-healing-cream\/when-to-use\/\",\"name\":\"Antiseptic Healing Cream - When to use? - Sudocrem Romania\",\"isPartOf\":{\"@id\":\"https:\/\/sudocrem.com\/ro\/#website\"},\"primaryImageOfPage\":{\"@id\":\"https:\/\/sudocrem.com\/ro\/antiseptic-healing-cream\/when-to-use\/#primaryimage\"},\"datePublished\":\"2018-12-10T16:33:05+00:00\",\"dateModified\":\"2023-03-14T16:55:25+00:00\",\"inLanguage\":\"en-GB\",\"potentialAction\":[{\"@type\":\"ReadAction\",\"target\":[\"https:\/\/sudocrem.com\/ro\/antiseptic-healing-cream\/when-to-use\/\"]}]}]}<\/script>\n<!-- \/ Yoast SEO plugin. -->","_links":{"self":[{"href":"https:\/\/sudocrem.com\/ro\/wp-json\/wp\/v2\/pages\/168","targetHints":{"allow":["GET"]}}],"collection":[{"href":"https:\/\/sudocrem.com\/ro\/wp-json\/wp\/v2\/pages"}],"about":[{"href":"https:\/\/sudocrem.com\/ro\/wp-json\/wp\/v2\/types\/page"}],"author":[{"embeddable":true,"href":"https:\/\/sudocrem.com\/ro\/wp-json\/wp\/v2\/users\/1"}],"replies":[{"embeddable":true,"href":"https:\/\/sudocrem.com\/ro\/wp-json\/wp\/v2\/comments?post=168"}],"version-history":[{"count":0,"href":"https:\/\/sudocrem.com\/ro\/wp-json\/wp\/v2\/pages\/168\/revisions"}],"up":[{"embeddable":true,"href":"https:\/\/sudocrem.com\/ro\/wp-json\/wp\/v2\/pages\/741"}],"wp:featuredmedia":[{"embeddable":true,"href":"https:\/\/sudocrem.com\/ro\/wp-json\/wp\/v2\/media\/2096"}],"wp:attachment":[{"href":"https:\/\/sudocrem.com\/ro\/wp-json\/wp\/v2\/media?parent=168"}],"curies":[{"name":"wp","href":"https:\/\/api.w.org\/{rel}","templated":true}]}}