

{"id":172,"date":"2018-12-10T16:34:48","date_gmt":"2018-12-10T16:34:48","guid":{"rendered":"http:\/\/www.sudocrem.co.uk\/?page_id=172"},"modified":"2023-08-03T09:49:02","modified_gmt":"2023-08-03T08:49:02","slug":"ingredients","status":"publish","type":"page","link":"https:\/\/sudocrem.com\/ro\/antiseptic-healing-cream\/ingredients\/","title":{"rendered":"Antiseptic Healing Cream &#8211; Ingredients"},"content":{"rendered":"<p>Formula Sudocrem a r\u0103mas neschimbat\u0103 din 1931. Principalele ingrediente din Sudocrem sunt:<\/p>\n<p>&nbsp;<\/p>\n<p><strong>Lanonin\u0103 hipoalergic\u0103<\/strong>, hidrateaz\u0103 pielea prin reglarea pierderii transdermice de ap\u0103, protejeaz\u0103 \u0219i catifeleaz\u0103<\/p>\n<p><strong>Oxid de zinc<\/strong>, datorit\u0103 propriet\u0103\u021bilor lui astringente \u0219i antiseptice<\/p>\n<p><strong>Alcool benzilic<\/strong> cu rol antiseptic, antibacterian, \u00eempiedic\u00e2nd proliferarea bacteriilor \u0219i calmeaz\u0103 durerea prin efectul u\u0219or de anestezie local\u0103<\/p>\n<p><strong>Benzoat de benzil \u0219i cinamat de benzil<\/strong>, au propriet\u0103\u021bi antibacteriene, antifungice \u0219i acaricide<\/p>\n<p>&nbsp;<\/p>\n<h5>Lista complet\u0103 a ingredientelor Sudocrem<\/h5>\n<p>Aqua, paraffinum liquidum, zinc oxide, paraffin, lanolin, ozokerite, sorbitan sesquioleate, benzyl benzoate, synthetic beeswax, benzyl alcohol, propylene glycol, benzyl cinnamate, parfum, linalyl acetate, BHA, citric acid, BHT.<\/p>\n<p>Nu utiliza dac\u0103 e\u0219ti hipersensibil la oricare dintre ingrediente.<\/p>\n","protected":false},"excerpt":{"rendered":"<p>Formula Sudocrem a r\u0103mas neschimbat\u0103 din 1931. Principalele ingrediente din Sudocrem sunt: &nbsp; Lanonin\u0103 hipoalergic\u0103, hidrateaz\u0103 pielea prin reglarea pierderii transdermice de ap\u0103, protejeaz\u0103 \u0219i catifeleaz\u0103 Oxid de zinc, datorit\u0103 propriet\u0103\u021bilor lui astringente \u0219i antiseptice Alcool benzilic cu rol antiseptic, antibacterian, \u00eempiedic\u00e2nd proliferarea bacteriilor \u0219i calmeaz\u0103 durerea prin efectul u\u0219or de anestezie local\u0103 Benzoat de [&#8230;]<\/p>\n<p><a aria-label=\"Sudocrem\"  class=\"btn btn-purple round btn-secondary understrap-read-more-link\" href=\"https:\/\/sudocrem.com\/ro\/antiseptic-healing-cream\/ingredients\/\">CONTINUE READING<\/a><\/p>\n","protected":false},"author":1,"featured_media":2096,"parent":741,"menu_order":3,"comment_status":"closed","ping_status":"closed","template":"page-templates\/top-menu-page.php","meta":{"footnotes":""},"class_list":["post-172","page","type-page","status-publish","has-post-thumbnail","hentry"],"yoast_head":"<!-- This site is optimized with the Yoast SEO plugin v14.6.1 - https:\/\/yoast.com\/wordpress\/plugins\/seo\/ -->\n<title>Antiseptic Healing Cream - Ingredients - Sudocrem Romania<\/title>\n<meta name=\"robots\" content=\"index, follow\" \/>\n<meta name=\"googlebot\" content=\"index, follow, max-snippet:-1, max-image-preview:large, max-video-preview:-1\" \/>\n<meta name=\"bingbot\" content=\"index, follow, max-snippet:-1, max-image-preview:large, max-video-preview:-1\" \/>\n<link rel=\"canonical\" href=\"https:\/\/sudocrem.com\/ro\/antiseptic-healing-cream\/ingredients\/\" \/>\n<meta property=\"og:locale\" content=\"en_GB\" \/>\n<meta property=\"og:type\" content=\"article\" \/>\n<meta property=\"og:title\" content=\"Antiseptic Healing Cream - Ingredients - Sudocrem Romania\" \/>\n<meta property=\"og:description\" content=\"Formula Sudocrem a r\u0103mas neschimbat\u0103 din 1931. Principalele ingrediente din Sudocrem sunt: &nbsp; Lanonin\u0103 hipoalergic\u0103, hidrateaz\u0103 pielea prin reglarea pierderii transdermice de ap\u0103, protejeaz\u0103 \u0219i catifeleaz\u0103 Oxid de zinc, datorit\u0103 propriet\u0103\u021bilor lui astringente \u0219i antiseptice Alcool benzilic cu rol antiseptic, antibacterian, \u00eempiedic\u00e2nd proliferarea bacteriilor \u0219i calmeaz\u0103 durerea prin efectul u\u0219or de anestezie local\u0103 Benzoat de [...]CONTINUE READING\" \/>\n<meta property=\"og:url\" content=\"https:\/\/sudocrem.com\/ro\/antiseptic-healing-cream\/ingredients\/\" \/>\n<meta property=\"og:site_name\" content=\"Sudocrem Romania\" \/>\n<meta property=\"article:modified_time\" content=\"2023-08-03T08:49:02+00:00\" \/>\n<meta property=\"og:image\" content=\"https:\/\/sudocrem.com\/ro\/wp-content\/uploads\/sites\/17\/2023\/03\/Top-banner_SAHC_Romania-NEW.png\" \/>\n\t<meta property=\"og:image:width\" content=\"1920\" \/>\n\t<meta property=\"og:image:height\" content=\"791\" \/>\n<meta name=\"twitter:card\" content=\"summary_large_image\" \/>\n<script type=\"application\/ld+json\" class=\"yoast-schema-graph\">{\"@context\":\"https:\/\/schema.org\",\"@graph\":[{\"@type\":\"WebSite\",\"@id\":\"https:\/\/sudocrem.com\/ro\/#website\",\"url\":\"https:\/\/sudocrem.com\/ro\/\",\"name\":\"Sudocrem Romania\",\"description\":\"Just another Sudocrem International site\",\"potentialAction\":[{\"@type\":\"SearchAction\",\"target\":\"https:\/\/sudocrem.com\/ro\/?s={search_term_string}\",\"query-input\":\"required name=search_term_string\"}],\"inLanguage\":\"en-GB\"},{\"@type\":\"ImageObject\",\"@id\":\"https:\/\/sudocrem.com\/ro\/antiseptic-healing-cream\/ingredients\/#primaryimage\",\"inLanguage\":\"en-GB\",\"url\":\"https:\/\/sudocrem.com\/ro\/wp-content\/uploads\/sites\/17\/2023\/03\/Top-banner_SAHC_Romania-NEW.png\",\"width\":1920,\"height\":791,\"caption\":\"Top-banner_SAHC_Romania-NEW\"},{\"@type\":\"WebPage\",\"@id\":\"https:\/\/sudocrem.com\/ro\/antiseptic-healing-cream\/ingredients\/#webpage\",\"url\":\"https:\/\/sudocrem.com\/ro\/antiseptic-healing-cream\/ingredients\/\",\"name\":\"Antiseptic Healing Cream - Ingredients - Sudocrem Romania\",\"isPartOf\":{\"@id\":\"https:\/\/sudocrem.com\/ro\/#website\"},\"primaryImageOfPage\":{\"@id\":\"https:\/\/sudocrem.com\/ro\/antiseptic-healing-cream\/ingredients\/#primaryimage\"},\"datePublished\":\"2018-12-10T16:34:48+00:00\",\"dateModified\":\"2023-08-03T08:49:02+00:00\",\"inLanguage\":\"en-GB\",\"potentialAction\":[{\"@type\":\"ReadAction\",\"target\":[\"https:\/\/sudocrem.com\/ro\/antiseptic-healing-cream\/ingredients\/\"]}]}]}<\/script>\n<!-- \/ Yoast SEO plugin. -->","_links":{"self":[{"href":"https:\/\/sudocrem.com\/ro\/wp-json\/wp\/v2\/pages\/172","targetHints":{"allow":["GET"]}}],"collection":[{"href":"https:\/\/sudocrem.com\/ro\/wp-json\/wp\/v2\/pages"}],"about":[{"href":"https:\/\/sudocrem.com\/ro\/wp-json\/wp\/v2\/types\/page"}],"author":[{"embeddable":true,"href":"https:\/\/sudocrem.com\/ro\/wp-json\/wp\/v2\/users\/1"}],"replies":[{"embeddable":true,"href":"https:\/\/sudocrem.com\/ro\/wp-json\/wp\/v2\/comments?post=172"}],"version-history":[{"count":0,"href":"https:\/\/sudocrem.com\/ro\/wp-json\/wp\/v2\/pages\/172\/revisions"}],"up":[{"embeddable":true,"href":"https:\/\/sudocrem.com\/ro\/wp-json\/wp\/v2\/pages\/741"}],"wp:featuredmedia":[{"embeddable":true,"href":"https:\/\/sudocrem.com\/ro\/wp-json\/wp\/v2\/media\/2096"}],"wp:attachment":[{"href":"https:\/\/sudocrem.com\/ro\/wp-json\/wp\/v2\/media?parent=172"}],"curies":[{"name":"wp","href":"https:\/\/api.w.org\/{rel}","templated":true}]}}