

{"id":320,"date":"2018-12-11T14:11:38","date_gmt":"2018-12-11T14:11:38","guid":{"rendered":"http:\/\/www.sudocrem.co.uk\/?page_id=320"},"modified":"2020-10-22T11:04:04","modified_gmt":"2020-10-22T10:04:04","slug":"what-causes-nappy-rash","status":"publish","type":"page","link":"https:\/\/sudocrem.com\/ro\/nappy-rash-hub\/what-causes-nappy-rash\/","title":{"rendered":"What causes nappy rash?"},"content":{"rendered":"<p>Irita\u021bia de scutec poate afecta fundule\u0163ul bebelu\u015fului \u00een orice moment, iar motivul nu este \u00eentotdeauna clar. Mai ales c\u0103 unii bebelu\u015fi au \u00een mod natural o piele mai sensibil\u0103 \u015fi pot fi mai predispu\u015fi la aceast\u0103 afec\u0163iune.<\/p>\n<p>&nbsp;<\/p>\n<h5>C\u00e2nd este mai probabil s\u0103 apar\u0103 eritemul fesier?<\/h5>\n<p>Cu toate acestea, exist\u0103 anumite perioade \u00een care bebelu\u0219ii sunt \u00een mod special predispu\u0219i la irita\u021bii de scutec, cum ar fi:<\/p>\n<ul id=\"custom-tick\"><\/ul>\n<p>&nbsp;<\/p>\n<table>\n<tbody>\n<tr>\n<td class=\"align-middle\"><img loading=\"lazy\" decoding=\"async\" class=\"alignnone size-full wp-image-1658\" src=\"https:\/\/sudocrem.com\/australia\/wp-content\/uploads\/sites\/2\/2020\/07\/Sud_Nappy-rash_Icon-01.png\" alt=\"\" width=\"82\" height=\"82\" \/><\/td>\n<td class=\"align-middle pl-4\">\u00cen perioada apari\u021biei din\u021bi\u0219orilor<\/td>\n<\/tr>\n<tr>\n<td class=\"align-middle pt-3\"><img loading=\"lazy\" decoding=\"async\" class=\"alignnone size-full wp-image-1659\" src=\"https:\/\/sudocrem.com\/australia\/wp-content\/uploads\/sites\/2\/2020\/07\/Sud_Nappy-rash_Icon-02.png\" alt=\"\" width=\"82\" height=\"82\" \/><\/td>\n<td class=\"align-middle pt-3 pl-4\">La schimb\u0103ri ale modului de hr\u0103nire sau a hranei, cum este trecerea de la lapte matern la alte forme de lapte<\/td>\n<\/tr>\n<tr>\n<td class=\"align-middle pt-3\"><img loading=\"lazy\" decoding=\"async\" class=\"alignnone size-full wp-image-1660\" src=\"https:\/\/sudocrem.com\/australia\/wp-content\/uploads\/sites\/2\/2020\/07\/Sud_Nappy-rash_Icon-03.png\" alt=\"\" width=\"82\" height=\"82\" \/><\/td>\n<td class=\"align-middle pt-3 pl-4\">\u00cen timpul administr\u0103rii unui tratament cu antibiotice, bebelu\u0219ul poate face diaree<\/td>\n<\/tr>\n<tr>\n<td class=\"align-middle pt-3\"><img loading=\"lazy\" decoding=\"async\" class=\"alignnone size-full wp-image-1661\" src=\"https:\/\/sudocrem.com\/australia\/wp-content\/uploads\/sites\/2\/2020\/07\/Sud_Nappy-rash_Icon-04.png\" alt=\"\" width=\"82\" height=\"82\" \/><\/td>\n<td class=\"align-middle pt-3 pl-4\">C\u00e2nd bebelu\u0219ul nu se simte bine, spre exemplu, dac\u0103 bebelu\u015ful este r\u0103cit, scaunele sale pot fi mai moi, ceea ce \u00eenseamn\u0103 c\u0103 exist\u0103 o mai mare probabilitate s\u0103 apar\u0103 irita\u021bii de scutec<\/td>\n<\/tr>\n<tr>\n<td class=\"align-middle pt-3\"><img loading=\"lazy\" decoding=\"async\" class=\"alignnone size-full wp-image-1662\" src=\"https:\/\/sudocrem.com\/australia\/wp-content\/uploads\/sites\/2\/2020\/07\/Sud_Nappy-rash_Icon-05.png\" alt=\"\" width=\"82\" height=\"82\" \/><\/td>\n<td class=\"align-middle pt-3 pl-4\">\u00cenceperea diversific\u0103rii cu alimente solide<\/td>\n<\/tr>\n<tr>\n<td class=\"align-middle pt-3\"><img loading=\"lazy\" decoding=\"async\" class=\"alignnone size-full wp-image-1663\" src=\"https:\/\/sudocrem.com\/australia\/wp-content\/uploads\/sites\/2\/2020\/07\/Sud_Nappy-rash_Icon-06.png\" alt=\"\" width=\"81\" height=\"81\" \/><\/td>\n<td class=\"align-middle pt-3 pl-4\">Dormitul unei nop\u0163i \u00eentregi pentru prima dat\u0103, ceea ce \u00eenseamn\u0103 c\u0103 scutecul va fi schimbat mai rar<\/td>\n<\/tr>\n<tr>\n<td class=\"align-middle pt-3\"><img loading=\"lazy\" decoding=\"async\" class=\"alignnone size-full wp-image-1664\" src=\"https:\/\/sudocrem.com\/australia\/wp-content\/uploads\/sites\/2\/2020\/07\/Sud_Nappy-rash_Icon-07.png\" alt=\"\" width=\"82\" height=\"82\" \/><\/td>\n<td class=\"align-middle pt-3 pl-4\">Consumul de lapte de vac\u0103 pentru prima dat\u0103<\/td>\n<\/tr>\n<\/tbody>\n<\/table>\n","protected":false},"excerpt":{"rendered":"<p>Irita\u021bia de scutec poate afecta fundule\u0163ul bebelu\u015fului \u00een orice moment, iar motivul nu este \u00eentotdeauna clar. Mai ales c\u0103 unii bebelu\u015fi au \u00een mod natural o piele mai sensibil\u0103 \u015fi pot fi mai predispu\u015fi la aceast\u0103 afec\u0163iune. &nbsp; C\u00e2nd este mai probabil s\u0103 apar\u0103 eritemul fesier? Cu toate acestea, exist\u0103 anumite perioade \u00een care bebelu\u0219ii [&#8230;]<\/p>\n<p><a aria-label=\"Sudocrem\"  class=\"btn btn-purple round btn-secondary understrap-read-more-link\" href=\"https:\/\/sudocrem.com\/ro\/nappy-rash-hub\/what-causes-nappy-rash\/\">CONTINUE READING<\/a><\/p>\n","protected":false},"author":1,"featured_media":1753,"parent":754,"menu_order":2,"comment_status":"closed","ping_status":"closed","template":"page-templates\/top-menu-page.php","meta":{"footnotes":""},"class_list":["post-320","page","type-page","status-publish","has-post-thumbnail","hentry"],"yoast_head":"<!-- This site is optimized with the Yoast SEO plugin v14.6.1 - https:\/\/yoast.com\/wordpress\/plugins\/seo\/ -->\n<title>What causes nappy rash? - Sudocrem Romania<\/title>\n<meta name=\"robots\" content=\"index, follow\" \/>\n<meta name=\"googlebot\" content=\"index, follow, max-snippet:-1, max-image-preview:large, max-video-preview:-1\" \/>\n<meta name=\"bingbot\" content=\"index, follow, max-snippet:-1, max-image-preview:large, max-video-preview:-1\" \/>\n<link rel=\"canonical\" href=\"https:\/\/sudocrem.com\/ro\/nappy-rash-hub\/what-causes-nappy-rash\/\" \/>\n<meta property=\"og:locale\" content=\"en_GB\" \/>\n<meta property=\"og:type\" content=\"article\" \/>\n<meta property=\"og:title\" content=\"What causes nappy rash? - Sudocrem Romania\" \/>\n<meta property=\"og:description\" content=\"Irita\u021bia de scutec poate afecta fundule\u0163ul bebelu\u015fului \u00een orice moment, iar motivul nu este \u00eentotdeauna clar. Mai ales c\u0103 unii bebelu\u015fi au \u00een mod natural o piele mai sensibil\u0103 \u015fi pot fi mai predispu\u015fi la aceast\u0103 afec\u0163iune. &nbsp; C\u00e2nd este mai probabil s\u0103 apar\u0103 eritemul fesier? Cu toate acestea, exist\u0103 anumite perioade \u00een care bebelu\u0219ii [...]CONTINUE READING\" \/>\n<meta property=\"og:url\" content=\"https:\/\/sudocrem.com\/ro\/nappy-rash-hub\/what-causes-nappy-rash\/\" \/>\n<meta property=\"og:site_name\" content=\"Sudocrem Romania\" \/>\n<meta property=\"article:modified_time\" content=\"2020-10-22T10:04:04+00:00\" \/>\n<meta property=\"og:image\" content=\"https:\/\/sudocrem.com\/ro\/wp-content\/uploads\/sites\/17\/2020\/07\/Sud_Nappy-rash_Top-banner.jpg\" \/>\n\t<meta property=\"og:image:width\" content=\"1920\" \/>\n\t<meta property=\"og:image:height\" content=\"742\" \/>\n<meta name=\"twitter:card\" content=\"summary_large_image\" \/>\n<script type=\"application\/ld+json\" class=\"yoast-schema-graph\">{\"@context\":\"https:\/\/schema.org\",\"@graph\":[{\"@type\":\"WebSite\",\"@id\":\"https:\/\/sudocrem.com\/ro\/#website\",\"url\":\"https:\/\/sudocrem.com\/ro\/\",\"name\":\"Sudocrem Romania\",\"description\":\"Just another Sudocrem International site\",\"potentialAction\":[{\"@type\":\"SearchAction\",\"target\":\"https:\/\/sudocrem.com\/ro\/?s={search_term_string}\",\"query-input\":\"required name=search_term_string\"}],\"inLanguage\":\"en-GB\"},{\"@type\":\"ImageObject\",\"@id\":\"https:\/\/sudocrem.com\/ro\/nappy-rash-hub\/what-causes-nappy-rash\/#primaryimage\",\"inLanguage\":\"en-GB\",\"url\":\"https:\/\/sudocrem.com\/ro\/wp-content\/uploads\/sites\/17\/2020\/07\/Sud_Nappy-rash_Top-banner.jpg\",\"width\":1920,\"height\":742,\"caption\":\"Sud_Nappy-rash_Top-banner\"},{\"@type\":\"WebPage\",\"@id\":\"https:\/\/sudocrem.com\/ro\/nappy-rash-hub\/what-causes-nappy-rash\/#webpage\",\"url\":\"https:\/\/sudocrem.com\/ro\/nappy-rash-hub\/what-causes-nappy-rash\/\",\"name\":\"What causes nappy rash? - Sudocrem Romania\",\"isPartOf\":{\"@id\":\"https:\/\/sudocrem.com\/ro\/#website\"},\"primaryImageOfPage\":{\"@id\":\"https:\/\/sudocrem.com\/ro\/nappy-rash-hub\/what-causes-nappy-rash\/#primaryimage\"},\"datePublished\":\"2018-12-11T14:11:38+00:00\",\"dateModified\":\"2020-10-22T10:04:04+00:00\",\"inLanguage\":\"en-GB\",\"potentialAction\":[{\"@type\":\"ReadAction\",\"target\":[\"https:\/\/sudocrem.com\/ro\/nappy-rash-hub\/what-causes-nappy-rash\/\"]}]}]}<\/script>\n<!-- \/ Yoast SEO plugin. -->","_links":{"self":[{"href":"https:\/\/sudocrem.com\/ro\/wp-json\/wp\/v2\/pages\/320","targetHints":{"allow":["GET"]}}],"collection":[{"href":"https:\/\/sudocrem.com\/ro\/wp-json\/wp\/v2\/pages"}],"about":[{"href":"https:\/\/sudocrem.com\/ro\/wp-json\/wp\/v2\/types\/page"}],"author":[{"embeddable":true,"href":"https:\/\/sudocrem.com\/ro\/wp-json\/wp\/v2\/users\/1"}],"replies":[{"embeddable":true,"href":"https:\/\/sudocrem.com\/ro\/wp-json\/wp\/v2\/comments?post=320"}],"version-history":[{"count":0,"href":"https:\/\/sudocrem.com\/ro\/wp-json\/wp\/v2\/pages\/320\/revisions"}],"up":[{"embeddable":true,"href":"https:\/\/sudocrem.com\/ro\/wp-json\/wp\/v2\/pages\/754"}],"wp:featuredmedia":[{"embeddable":true,"href":"https:\/\/sudocrem.com\/ro\/wp-json\/wp\/v2\/media\/1753"}],"wp:attachment":[{"href":"https:\/\/sudocrem.com\/ro\/wp-json\/wp\/v2\/media?parent=320"}],"curies":[{"name":"wp","href":"https:\/\/api.w.org\/{rel}","templated":true}]}}