

{"id":430,"date":"2018-12-11T15:50:01","date_gmt":"2018-12-11T15:50:01","guid":{"rendered":"http:\/\/www.sudocrem.co.uk\/?page_id=430"},"modified":"2020-10-02T11:40:22","modified_gmt":"2020-10-02T10:40:22","slug":"terms-of-service","status":"publish","type":"page","link":"https:\/\/sudocrem.com\/ro\/terms-of-service\/","title":{"rendered":"Politica de cookie"},"content":{"rendered":"<h5>Aviz juridic<\/h5>\n<p>Forest Laboratories Europe \u015fi diviziile sale (\u201eForest\u201d), Forest Laboratories UK, Forest Ireland \u015fi Forest Tosara opereaz\u0103 anumite site-uri web (\u201esite-urile web Forest\u201d) \u00een scopul inform\u0103rii \u015fi educ\u0103rii personale. Informa\u0163iile medicale con\u0163inute pe site-urile web Forest sunt furnizate exclusiv \u00een scopuri educa\u0163ionale \u015fi nu au rolul de a \u00eenlocui discu\u0163iile cu un medic sau alt cadru medical. Utilizarea de c\u0103tre dumneavoastr\u0103 a unui site web Forest constituie acceptul dumneavoastr\u0103, f\u0103r\u0103 modific\u0103ri, al termenilor, condi\u0163iilor \u015fi notific\u0103rilor con\u0163inute aici \u015fi al tuturor legilor \u00een vigoare.<\/p>\n<p>&nbsp;<\/p>\n<h5>Utilizarea site-ului<\/h5>\n<p>Forest Laboratories Europe v\u0103 autorizeaz\u0103 prin prezenta s\u0103 copia\u0163i documente publicate de Forest pe internet exclusiv \u00een scopuri necomerciale \u015fi pentru consultare individual\u0103. Aceast\u0103 autorizare se acord\u0103 pe baza \u00een\u0163elegerii c\u0103 orice copie a acestor documente pe care o realiza\u0163i va p\u0103stra drepturile de autor \u015fi alte notific\u0103ri ale drepturilor de proprietate con\u0163inute aici. Orice copii efectuate ulterior nu vor fi recopiate, reproduse, modificate sau redistribuite \u00een alt mod. De\u015fi Forest Laboratories Europe va depune eforturi rezonabile pentru a se asigura c\u0103 orice informa\u0163ii afi\u015fate pe acest site web sunt exacte \u015fi furnizeaz\u0103 informa\u0163ii la zi, aceasta nu acord\u0103 \u015fi nu las\u0103 s\u0103 se \u00een\u0163eleag\u0103 c\u0103 ar exista garan\u0163ii cu privire la acurate\u0163ea acestora. www.sudocrem.com este pentru utilizarea exclusiv\u0103 a Forest Laboratories UK Ltd \u015fi orice materiale ter\u0163e care sunt considerate promo\u0163ionale vor fi eliminate la latitudinea Forest Laboratories UK Ltd.<\/p>\n<p>Nicio prevedere con\u0163inut\u0103 aici nu va fi interpretat\u0103 ca acord\u00e2nd prin sugerare, excludere sau \u00een alt mod orice licen\u0163\u0103 sau drept \u00een baza oric\u0103rui brevet sau oric\u0103rei m\u0103rci comerciale a Forest sau a oric\u0103rui ter\u0163. Orice denumiri de produse, indiferent dac\u0103 apar sau nu cu simbolul de marc\u0103, sunt m\u0103rci comerciale ale Forest Laboratories Inc., Forest Laboratories UK Ltd., Tosara Products Ltd. sau ale proprietarilor de licen\u0163\u0103 ale acestora sau ale partenerilor asocierilor \u00een participa\u0163iune. Utilizarea acestor m\u0103rci comerciale sau a oric\u0103ror altor materiale, cu excep\u0163ia utiliz\u0103rilor permise mai sus, este interzis\u0103 \u00een mod expres \u015fi poate \u00eenc\u0103lca marca comercial\u0103.<\/p>\n<p>&nbsp;<\/p>\n<h5>Linkuri ter\u0163e<\/h5>\n<p>\u00centr-o \u00eencercare de a oferi o mai mare valoare vizitatorilor no\u015ftri, site-urile web Forest pot con\u0163ine linkuri c\u0103tre alte site-uri web de pe internet, care sunt de\u0163inute \u015fi operate de furnizori ter\u0163i \u015fi alte ter\u0163e p\u0103r\u0163i. Cu toate acestea, chiar dac\u0103 ter\u0163ul este afiliat la Forest, Forest nu de\u0163ine controlul asupra acestor site-uri web c\u0103tre care sunt incluse linkuri, toate acestea av\u00e2nd practici separate de confiden\u0163ialitate \u015fi colectare a datelor, independente de Forest. Forest nu face afirma\u0163ii sau declara\u0163ii cu privire la \u015fi nu \u00ee\u015fi asum\u0103 responsabilitatea pentru calitatea, con\u0163inutul, natura sau acurate\u0163ea site-urilor web accesibile prin hiperlink de pe site-urile web Forest sau de pe site-urile web care includ linkuri c\u0103tre site-urile web Forest. Site-urile web c\u0103tre care sunt incluse linkuri nu se afl\u0103 sub controlul Forest, iar Forest nu este responsabil\u0103 pentru con\u0163inutul oric\u0103rui site web c\u0103tre care sunt incluse linkuri sau al oric\u0103rui link con\u0163inut pe un site web c\u0103tre care sunt incluse linkuri sau pentru orice revizuire, modific\u0103ri sau actualiz\u0103ri ale acestor site-uri web. Forest v\u0103 pune la dispozi\u0163ie aceste linkuri exclusiv \u00een scopuri practice, iar includerea oric\u0103rui link nu presupune afilierea, aprobarea sau adoptarea de c\u0103tre Forest a site-ului web sau a oric\u0103ror informa\u0163ii con\u0163inute \u00een acesta. Aceste site-uri web c\u0103tre care sunt incluse linkuri sunt doar \u00een folosul dumneavoastr\u0103 \u015fi, prin urmare, le accesa\u0163i pe propriul risc.<\/p>\n<p>&nbsp;<\/p>\n<h5>Declinarea r\u0103spunderii \u015fi limitarea r\u0103spunderii<\/h5>\n<p>Forest nu acord\u0103 garan\u0163ii sau declara\u0163ii cu privire la acurate\u0163ea sau caracterul complet al con\u0163inutului site-ului web Forest sau al con\u0163inutului oric\u0103ror site-uri web c\u0103tre care sunt incluse linkuri. Aceast\u0103 publica\u0163ie este furnizat\u0103 \u201eCA ATARE\u201d, F\u0102R\u0102 NICIUN FEL DE GARAN\u0162IE, EXPRES\u0102 SAU IMPLICIT\u0102, INCLUZ\u00c2ND, F\u0102R\u0102 LIMITARE, GARAN\u0162IILE IMPLICITE DE VANDABILITATE, CONFORMITATE CU UN SCOP ANUME SAU NE\u00ceNC\u0102LCARE. FOREST NU DECLAR\u0102 SAU GARANTEAZ\u0102 C\u0102 MATERIALELE DE PE ACEST SITE WEB SUNT EXACTE, COMPLETE, SIGURE, LA ZI SAU LIPSITE DE ERORI. FOREST NU DECLAR\u0102 SAU GARANTEAZ\u0102 C\u0102 ACEST SITE WEB SAU SERVERUL (SERVERELE) ACESTUIA NU CON\u0162IN(E) VIRU\u015eI SAU ALTE COMPONENTE NOCIVE. Unele jurisdic\u0163ii nu permit excluderea garan\u0163iilor implicite, a\u015fadar, este posibil ca excluderea de mai sus s\u0103 nu vi se aplice.<\/p>\n<p>\u00ceN NICIO SITUA\u0162IE FOREST NU VA FI RESPONSABIL\u0102 PENTRU DAUNE DIRECTE, SPECIALE, INDIRECTE SAU COLATERALE SAU ORICE ALTE DAUNE DE ORICE TIP, INCLUZ\u00c2ND, F\u0102R\u0102 LIMITARE, PIERDEREA UTILIZ\u0102RII, PIERDEREA PROFITURILOR SAU PIERDEREA DATELOR, FIE PRIN AC\u0162IUNE CONTRACTUAL\u0102, DELICTUAL\u0102 (INCLUZ\u00c2ND, F\u0102R\u0102 LIMITARE, NEGLIJEN\u0162\u0102) SAU \u00ceN ALT MOD, SURVENITE \u00ceN URMA SAU LEGATE \u00ceN ORICE MOD DE UTILIZAREA ACESTUI SITE WEB SAU A MATERIALELOR CON\u0162INUTE \u00ceN SAU ACCESATE PRIN ACEST SITE WEB.<\/p>\n<p>&nbsp;<\/p>\n<h5>Legisla\u0163ia \u00een vigoare<\/h5>\n<p>Termenii \u015fi condi\u0163iile de fa\u0163\u0103 vor intra sub inciden\u0163a \u015fi vor fi interpretate \u00een conformitate cu legile din Regatul Unit, f\u0103r\u0103 a se \u0163ine seama de principiile juridice alese.<\/p>\n","protected":false},"excerpt":{"rendered":"<p>Aviz juridic Forest Laboratories Europe \u015fi diviziile sale (\u201eForest\u201d), Forest Laboratories UK, Forest Ireland \u015fi Forest Tosara opereaz\u0103 anumite site-uri web (\u201esite-urile web Forest\u201d) \u00een scopul inform\u0103rii \u015fi educ\u0103rii personale. Informa\u0163iile medicale con\u0163inute pe site-urile web Forest sunt furnizate exclusiv \u00een scopuri educa\u0163ionale \u015fi nu au rolul de a \u00eenlocui discu\u0163iile cu un medic sau [&#8230;]<\/p>\n<p><a aria-label=\"Sudocrem\"  class=\"btn btn-purple round btn-secondary understrap-read-more-link\" href=\"https:\/\/sudocrem.com\/ro\/terms-of-service\/\">CONTINUE READING<\/a><\/p>\n","protected":false},"author":1,"featured_media":0,"parent":0,"menu_order":14,"comment_status":"closed","ping_status":"closed","template":"page-templates\/legal-page.php","meta":{"footnotes":""},"class_list":["post-430","page","type-page","status-publish","hentry"],"yoast_head":"<!-- This site is optimized with the Yoast SEO plugin v14.6.1 - https:\/\/yoast.com\/wordpress\/plugins\/seo\/ -->\n<title>Politica de cookie - Sudocrem Romania<\/title>\n<meta name=\"robots\" content=\"index, follow\" \/>\n<meta name=\"googlebot\" content=\"index, follow, max-snippet:-1, max-image-preview:large, max-video-preview:-1\" \/>\n<meta name=\"bingbot\" content=\"index, follow, max-snippet:-1, max-image-preview:large, max-video-preview:-1\" \/>\n<link rel=\"canonical\" href=\"https:\/\/sudocrem.com\/ro\/terms-of-service\/\" \/>\n<meta property=\"og:locale\" content=\"en_GB\" \/>\n<meta property=\"og:type\" content=\"article\" \/>\n<meta property=\"og:title\" content=\"Politica de cookie - Sudocrem Romania\" \/>\n<meta property=\"og:description\" content=\"Aviz juridic Forest Laboratories Europe \u015fi diviziile sale (\u201eForest\u201d), Forest Laboratories UK, Forest Ireland \u015fi Forest Tosara opereaz\u0103 anumite site-uri web (\u201esite-urile web Forest\u201d) \u00een scopul inform\u0103rii \u015fi educ\u0103rii personale. Informa\u0163iile medicale con\u0163inute pe site-urile web Forest sunt furnizate exclusiv \u00een scopuri educa\u0163ionale \u015fi nu au rolul de a \u00eenlocui discu\u0163iile cu un medic sau [...]CONTINUE READING\" \/>\n<meta property=\"og:url\" content=\"https:\/\/sudocrem.com\/ro\/terms-of-service\/\" \/>\n<meta property=\"og:site_name\" content=\"Sudocrem Romania\" \/>\n<meta property=\"article:modified_time\" content=\"2020-10-02T10:40:22+00:00\" \/>\n<meta name=\"twitter:card\" content=\"summary_large_image\" \/>\n<script type=\"application\/ld+json\" class=\"yoast-schema-graph\">{\"@context\":\"https:\/\/schema.org\",\"@graph\":[{\"@type\":\"WebSite\",\"@id\":\"https:\/\/sudocrem.com\/ro\/#website\",\"url\":\"https:\/\/sudocrem.com\/ro\/\",\"name\":\"Sudocrem Romania\",\"description\":\"Just another Sudocrem International site\",\"potentialAction\":[{\"@type\":\"SearchAction\",\"target\":\"https:\/\/sudocrem.com\/ro\/?s={search_term_string}\",\"query-input\":\"required name=search_term_string\"}],\"inLanguage\":\"en-GB\"},{\"@type\":\"WebPage\",\"@id\":\"https:\/\/sudocrem.com\/ro\/terms-of-service\/#webpage\",\"url\":\"https:\/\/sudocrem.com\/ro\/terms-of-service\/\",\"name\":\"Politica de cookie - Sudocrem Romania\",\"isPartOf\":{\"@id\":\"https:\/\/sudocrem.com\/ro\/#website\"},\"datePublished\":\"2018-12-11T15:50:01+00:00\",\"dateModified\":\"2020-10-02T10:40:22+00:00\",\"inLanguage\":\"en-GB\",\"potentialAction\":[{\"@type\":\"ReadAction\",\"target\":[\"https:\/\/sudocrem.com\/ro\/terms-of-service\/\"]}]}]}<\/script>\n<!-- \/ Yoast SEO plugin. -->","_links":{"self":[{"href":"https:\/\/sudocrem.com\/ro\/wp-json\/wp\/v2\/pages\/430","targetHints":{"allow":["GET"]}}],"collection":[{"href":"https:\/\/sudocrem.com\/ro\/wp-json\/wp\/v2\/pages"}],"about":[{"href":"https:\/\/sudocrem.com\/ro\/wp-json\/wp\/v2\/types\/page"}],"author":[{"embeddable":true,"href":"https:\/\/sudocrem.com\/ro\/wp-json\/wp\/v2\/users\/1"}],"replies":[{"embeddable":true,"href":"https:\/\/sudocrem.com\/ro\/wp-json\/wp\/v2\/comments?post=430"}],"version-history":[{"count":0,"href":"https:\/\/sudocrem.com\/ro\/wp-json\/wp\/v2\/pages\/430\/revisions"}],"wp:attachment":[{"href":"https:\/\/sudocrem.com\/ro\/wp-json\/wp\/v2\/media?parent=430"}],"curies":[{"name":"wp","href":"https:\/\/api.w.org\/{rel}","templated":true}]}}