

{"id":9,"date":"2020-07-03T12:05:30","date_gmt":"2020-07-03T12:05:30","guid":{"rendered":"http:\/\/sudocreminternational.local\/?page_id=3"},"modified":"2020-09-16T10:06:01","modified_gmt":"2020-09-16T09:06:01","slug":"privacy-policy","status":"publish","type":"page","link":"https:\/\/sudocrem.com\/ro\/privacy-policy\/","title":{"rendered":"Politica de confiden\u0163ialitate"},"content":{"rendered":"\r\n<p>Acest site este operat de Forest Laboratories Europe. Politica noastr\u0103 de confiden\u0163ialitate are rolul s\u0103 v\u0103 informeze \u00een leg\u0103tur\u0103 cu politicile care reglementeaz\u0103 colectarea, utilizarea \u015fi divulgarea de c\u0103tre noi a informa\u0163iilor pe care le pute\u0163i furniza prin site-urile noastre web. \u00cenainte de a utiliza sau trimite informa\u0163ii pe acest site, v\u0103 rug\u0103m s\u0103 citi\u0163i aceast\u0103 politic\u0103 de confiden\u0163ialitate \u00een \u00eentregime. Acest site intr\u0103 sub inciden\u0163a exclusiv\u0103 a legilor \u015fi reglement\u0103rilor guvernamentale aplicabile din Regatul Unit. Utilizarea acestui site constituie acordul dumneavoastr\u0103 pentru aplicarea acestor legi \u015fi reglement\u0103ri \u015fi pentru politica noastr\u0103 de confiden\u0163ialitate.<\/p>\r\n<p>&nbsp;<\/p>\r\n<h5 class=\"wp-block-heading\">Utilizarea \u015fi divulgarea informa\u0163iilor<\/h5>\r\n<p>Numele, adresa, adresa dumneavoastr\u0103 de e-mail \u015fi orice alte informa\u0163ii identificabile personal pe care le furniza\u0163i pot fi utilizate de Forest Laboratories, partenerii de afaceri \u015fi consultan\u0163ii s\u0103i pentru a v\u0103 furniza informa\u0163ii despre produsele Forest Laboratories sau probleme de s\u0103n\u0103tate sau pentru a dezvolta servicii referitoare la afec\u0163iuni medicale. Forest Laboratories nu va vinde sau \u00eenchiria informa\u0163iile identificabile personal prin intermediul acestui site c\u0103tre un ter\u0163. Ne rezerv\u0103m dreptul de a divulga informa\u0163ii pentru a r\u0103spunde solicit\u0103rilor de informa\u0163ii autorizate \u00een mod corespunz\u0103tor din partea autorit\u0103\u0163ilor guvernamentale sau dac\u0103 legea prevede astfel.<\/p>\r\n<p>Pute\u0163i notifica Forest Laboratories c\u0103 dori\u0163i s\u0103 \u00eentrerupe\u0163i primirea de informa\u0163ii \u00een orice moment (a se vedea sec\u0163iunea \u201eContacta\u0163i-ne\u201d).<\/p>\r\n<p>Prin utilizarea acestui site, sunte\u0163i de acord cu termenii acestei politici de confiden\u0163ialitate. De fiecare dat\u0103 c\u00e2nd trimite\u0163i informa\u0163ii prin intermediul acestui site, consim\u0163i\u0163i la colectarea, utilizarea \u015fi divulgarea informa\u0163iilor respective \u00een conformitate cu aceast\u0103 politic\u0103 de confiden\u0163ialitate.<\/p>\r\n<p>&nbsp;<\/p>\r\n<h5>Securitate<\/h5>\r\n<p>V\u0103 rug\u0103m s\u0103 re\u0163ine\u0163i c\u0103 nicio transmisie prin internet nu este niciodat\u0103 100% sigur\u0103 sau f\u0103r\u0103 erori. Mai precis, e-mailurile trimise la sau de la acest site pot s\u0103 nu fie sigure. Drept urmare, trebuie s\u0103 ave\u0163i grij\u0103 deosebit\u0103 atunci c\u00e2nd decide\u0163i ce informa\u0163ii trimite\u0163i prin e-mail. Orice parole, numere de identificare sau alte numere de acces speciale pe care le-a\u0163i putea utiliza pentru a accesa orice parte a acestui site sunt responsabilitatea dumneavoastr\u0103; ave\u0163i grij\u0103 s\u0103 le p\u0103stra\u0163i \u00een siguran\u0163\u0103. Forest Laboratories ia m\u0103suri rezonabile pentru a proteja informa\u0163iile identificabile personal \u00eempotriva pierderii, utiliz\u0103rii abuzive \u015fi acces\u0103rii, divulg\u0103rii, modific\u0103rii sau distrugerii neautorizate.<\/p>\r\n<p>&nbsp;<\/p>\r\n<h5>Linkuri c\u0103tre alte site-uri web<\/h5>\r\n<p>\u00cen cadrul acestui site pot ap\u0103rea linkuri sau referin\u0163e c\u0103tre alte site-uri web. Noi nu de\u0163inem controlul asupra acestor site-uri web. Trebuie s\u0103 re\u0163ine\u0163i c\u0103 aceast\u0103 politic\u0103 de confiden\u0163ialitate nu se aplic\u0103 altor site-uri web \u00een afara celor operate de Forest Laboratories. Vizitatorii altor site-uri web sunt \u00eencuraja\u0163i s\u0103 citeasc\u0103 politicile de confiden\u0163ialitate ale acestora \u00eenainte de a le explora.<\/p>\r\n<p>&nbsp;<\/p>\r\n<h5>Despre copii<\/h5>\r\n<p>Copiii cu v\u00e2rsta sub 13 ani nu reprezint\u0103 publicul vizat al acestui site. Noi nu vom colecta cu bun\u0103 \u015ftiin\u0163\u0103 informa\u0163ii de la vizitatorii site-ului din aceast\u0103 categorie de v\u00e2rst\u0103. \u00cencuraj\u0103m p\u0103rin\u0163ii s\u0103 fie vigilen\u0163i fa\u0163\u0103 de utilizarea internetului de c\u0103tre copiii lor \u015fi s\u0103 discute despre tipurile de informa\u0163ii pe care ace\u015ftia au voie s\u0103 le divulge pe site-urile web.<\/p>\r\n<p>&nbsp;<\/p>\r\n<h5>Modific\u0103ri ale acestei politici de confiden\u0163ialitate<\/h5>\r\n<p>Forest Laboratories Europe \u00ee\u015fi rezerv\u0103 dreptul de a modifica, ad\u0103uga sau \u015fterge por\u0163iuni din aceast\u0103 politic\u0103 de confiden\u0163ialitate la latitudinea proprie. Orice modific\u0103ri aduse acestei politici de confiden\u0163ialitate vor fi publicate pe acest site. V\u0103 rug\u0103m s\u0103 reveni\u0163i periodic s\u0103 o consulta\u0163i \u015fi, \u00een special, \u00eenainte de a furniza orice informa\u0163ii identificabile personal. Aceast\u0103 politic\u0103 de confiden\u0163ialitate a fost actualizat\u0103 ultima oar\u0103 la data de 30 iunie 2005.<\/p>\r\n","protected":false},"excerpt":{"rendered":"<p>Acest site este operat de Forest Laboratories Europe. Politica noastr\u0103 de confiden\u0163ialitate are rolul s\u0103 v\u0103 informeze \u00een leg\u0103tur\u0103 cu politicile care reglementeaz\u0103 colectarea, utilizarea \u015fi divulgarea de c\u0103tre noi a informa\u0163iilor pe care le pute\u0163i furniza prin site-urile noastre web. \u00cenainte de a utiliza sau trimite informa\u0163ii pe acest site, v\u0103 rug\u0103m s\u0103 citi\u0163i [&#8230;]<\/p>\n<p><a aria-label=\"Sudocrem\"  class=\"btn btn-purple round btn-secondary understrap-read-more-link\" href=\"https:\/\/sudocrem.com\/ro\/privacy-policy\/\">CONTINUE READING<\/a><\/p>\n","protected":false},"author":1,"featured_media":0,"parent":0,"menu_order":0,"comment_status":"closed","ping_status":"open","template":"page-templates\/legal-page.php","meta":{"footnotes":""},"class_list":["post-9","page","type-page","status-publish","hentry"],"yoast_head":"<!-- This site is optimized with the Yoast SEO plugin v14.6.1 - https:\/\/yoast.com\/wordpress\/plugins\/seo\/ -->\n<title>Politica de confiden\u0163ialitate - Sudocrem Romania<\/title>\n<meta name=\"robots\" content=\"index, follow\" \/>\n<meta name=\"googlebot\" content=\"index, follow, max-snippet:-1, max-image-preview:large, max-video-preview:-1\" \/>\n<meta name=\"bingbot\" content=\"index, follow, max-snippet:-1, max-image-preview:large, max-video-preview:-1\" \/>\n<link rel=\"canonical\" href=\"https:\/\/sudocrem.com\/ro\/privacy-policy\/\" \/>\n<meta property=\"og:locale\" content=\"en_GB\" \/>\n<meta property=\"og:type\" content=\"article\" \/>\n<meta property=\"og:title\" content=\"Politica de confiden\u0163ialitate - Sudocrem Romania\" \/>\n<meta property=\"og:description\" content=\"Acest site este operat de Forest Laboratories Europe. Politica noastr\u0103 de confiden\u0163ialitate are rolul s\u0103 v\u0103 informeze \u00een leg\u0103tur\u0103 cu politicile care reglementeaz\u0103 colectarea, utilizarea \u015fi divulgarea de c\u0103tre noi a informa\u0163iilor pe care le pute\u0163i furniza prin site-urile noastre web. \u00cenainte de a utiliza sau trimite informa\u0163ii pe acest site, v\u0103 rug\u0103m s\u0103 citi\u0163i [...]CONTINUE READING\" \/>\n<meta property=\"og:url\" content=\"https:\/\/sudocrem.com\/ro\/privacy-policy\/\" \/>\n<meta property=\"og:site_name\" content=\"Sudocrem Romania\" \/>\n<meta property=\"article:modified_time\" content=\"2020-09-16T09:06:01+00:00\" \/>\n<meta name=\"twitter:card\" content=\"summary_large_image\" \/>\n<script type=\"application\/ld+json\" class=\"yoast-schema-graph\">{\"@context\":\"https:\/\/schema.org\",\"@graph\":[{\"@type\":\"WebSite\",\"@id\":\"https:\/\/sudocrem.com\/ro\/#website\",\"url\":\"https:\/\/sudocrem.com\/ro\/\",\"name\":\"Sudocrem Romania\",\"description\":\"Just another Sudocrem International site\",\"potentialAction\":[{\"@type\":\"SearchAction\",\"target\":\"https:\/\/sudocrem.com\/ro\/?s={search_term_string}\",\"query-input\":\"required name=search_term_string\"}],\"inLanguage\":\"en-GB\"},{\"@type\":\"WebPage\",\"@id\":\"https:\/\/sudocrem.com\/ro\/privacy-policy\/#webpage\",\"url\":\"https:\/\/sudocrem.com\/ro\/privacy-policy\/\",\"name\":\"Politica de confiden\\u0163ialitate - Sudocrem Romania\",\"isPartOf\":{\"@id\":\"https:\/\/sudocrem.com\/ro\/#website\"},\"datePublished\":\"2020-07-03T12:05:30+00:00\",\"dateModified\":\"2020-09-16T09:06:01+00:00\",\"inLanguage\":\"en-GB\",\"potentialAction\":[{\"@type\":\"ReadAction\",\"target\":[\"https:\/\/sudocrem.com\/ro\/privacy-policy\/\"]}]}]}<\/script>\n<!-- \/ Yoast SEO plugin. -->","_links":{"self":[{"href":"https:\/\/sudocrem.com\/ro\/wp-json\/wp\/v2\/pages\/9","targetHints":{"allow":["GET"]}}],"collection":[{"href":"https:\/\/sudocrem.com\/ro\/wp-json\/wp\/v2\/pages"}],"about":[{"href":"https:\/\/sudocrem.com\/ro\/wp-json\/wp\/v2\/types\/page"}],"author":[{"embeddable":true,"href":"https:\/\/sudocrem.com\/ro\/wp-json\/wp\/v2\/users\/1"}],"replies":[{"embeddable":true,"href":"https:\/\/sudocrem.com\/ro\/wp-json\/wp\/v2\/comments?post=9"}],"version-history":[{"count":0,"href":"https:\/\/sudocrem.com\/ro\/wp-json\/wp\/v2\/pages\/9\/revisions"}],"wp:attachment":[{"href":"https:\/\/sudocrem.com\/ro\/wp-json\/wp\/v2\/media?parent=9"}],"curies":[{"name":"wp","href":"https:\/\/api.w.org\/{rel}","templated":true}]}}