

{"id":168,"date":"2018-12-10T16:33:05","date_gmt":"2018-12-10T16:33:05","guid":{"rendered":"http:\/\/www.sudocrem.co.uk\/?page_id=168"},"modified":"2022-05-17T19:47:49","modified_gmt":"2022-05-17T18:47:49","slug":"when-to-use","status":"publish","type":"page","link":"https:\/\/sudocrem.com\/rs\/antiseptic-healing-cream\/when-to-use\/","title":{"rendered":"Antiseptic Healing Cream &#8211; When to use?"},"content":{"rendered":"<h5>Kada koristiti Sudocrem?<\/h5>\n<p>Sudocrem umiruje, neguje i \u0161titi ne\u017enu bebinu ko\u017eu sa tradicijom dugom 90 godina.<br \/>\nKoristi se za svakodnevnu za\u0161titu i negu ko\u017ee pelenske regije i sa svakim menjanjem pelene.<br \/>\nSudocrem je vi\u0161e od obi\u010dne za\u0161titne kreme, koristi se i u tretmanu crvenila i iritacija ko\u017ee.<br \/>\nPogodan je za sve tipove ko\u017ee i sve uzraste.<\/p>\n","protected":false},"excerpt":{"rendered":"<p>Kada koristiti Sudocrem? Sudocrem umiruje, neguje i \u0161titi ne\u017enu bebinu ko\u017eu sa tradicijom dugom 90 godina. Koristi se za svakodnevnu za\u0161titu i negu ko\u017ee pelenske regije i sa svakim menjanjem pelene. Sudocrem je vi\u0161e od obi\u010dne za\u0161titne kreme, koristi se i u tretmanu crvenila i iritacija ko\u017ee. Pogodan je za sve tipove ko\u017ee i sve [&#8230;]<\/p>\n<p><a aria-label=\"Sudocrem\"  class=\"btn btn-purple round btn-secondary understrap-read-more-link\" href=\"https:\/\/sudocrem.com\/rs\/antiseptic-healing-cream\/when-to-use\/\">CONTINUE READING<\/a><\/p>\n","protected":false},"author":1,"featured_media":1756,"parent":741,"menu_order":1,"comment_status":"closed","ping_status":"closed","template":"page-templates\/top-menu-page.php","meta":{"footnotes":""},"class_list":["post-168","page","type-page","status-publish","has-post-thumbnail","hentry"],"yoast_head":"<!-- This site is optimized with the Yoast SEO plugin v14.6.1 - https:\/\/yoast.com\/wordpress\/plugins\/seo\/ -->\n<title>Antiseptic Healing Cream - When to use? - Sudocrem Serbia<\/title>\n<meta name=\"robots\" content=\"index, follow\" \/>\n<meta name=\"googlebot\" content=\"index, follow, max-snippet:-1, max-image-preview:large, max-video-preview:-1\" \/>\n<meta name=\"bingbot\" content=\"index, follow, max-snippet:-1, max-image-preview:large, max-video-preview:-1\" \/>\n<link rel=\"canonical\" href=\"https:\/\/sudocrem.com\/rs\/antiseptic-healing-cream\/when-to-use\/\" \/>\n<meta property=\"og:locale\" content=\"en_GB\" \/>\n<meta property=\"og:type\" content=\"article\" \/>\n<meta property=\"og:title\" content=\"Antiseptic Healing Cream - When to use? - Sudocrem Serbia\" \/>\n<meta property=\"og:description\" content=\"Kada koristiti Sudocrem? Sudocrem umiruje, neguje i \u0161titi ne\u017enu bebinu ko\u017eu sa tradicijom dugom 90 godina. Koristi se za svakodnevnu za\u0161titu i negu ko\u017ee pelenske regije i sa svakim menjanjem pelene. Sudocrem je vi\u0161e od obi\u010dne za\u0161titne kreme, koristi se i u tretmanu crvenila i iritacija ko\u017ee. Pogodan je za sve tipove ko\u017ee i sve [...]CONTINUE READING\" \/>\n<meta property=\"og:url\" content=\"https:\/\/sudocrem.com\/rs\/antiseptic-healing-cream\/when-to-use\/\" \/>\n<meta property=\"og:site_name\" content=\"Sudocrem Serbia\" \/>\n<meta property=\"article:modified_time\" content=\"2022-05-17T18:47:49+00:00\" \/>\n<meta property=\"og:image\" content=\"https:\/\/sudocrem.com\/rs\/wp-content\/uploads\/sites\/19\/2020\/07\/Top-banner_SAHC_Serbia.jpg\" \/>\n\t<meta property=\"og:image:width\" content=\"1920\" \/>\n\t<meta property=\"og:image:height\" content=\"791\" \/>\n<meta name=\"twitter:card\" content=\"summary_large_image\" \/>\n<script type=\"application\/ld+json\" class=\"yoast-schema-graph\">{\"@context\":\"https:\/\/schema.org\",\"@graph\":[{\"@type\":\"WebSite\",\"@id\":\"https:\/\/sudocrem.com\/rs\/#website\",\"url\":\"https:\/\/sudocrem.com\/rs\/\",\"name\":\"Sudocrem Serbia\",\"description\":\"Just another Sudocrem International site\",\"potentialAction\":[{\"@type\":\"SearchAction\",\"target\":\"https:\/\/sudocrem.com\/rs\/?s={search_term_string}\",\"query-input\":\"required name=search_term_string\"}],\"inLanguage\":\"en-GB\"},{\"@type\":\"ImageObject\",\"@id\":\"https:\/\/sudocrem.com\/rs\/antiseptic-healing-cream\/when-to-use\/#primaryimage\",\"inLanguage\":\"en-GB\",\"url\":\"https:\/\/sudocrem.com\/rs\/wp-content\/uploads\/sites\/19\/2020\/07\/Top-banner_SAHC_Serbia.jpg\",\"width\":1920,\"height\":791},{\"@type\":\"WebPage\",\"@id\":\"https:\/\/sudocrem.com\/rs\/antiseptic-healing-cream\/when-to-use\/#webpage\",\"url\":\"https:\/\/sudocrem.com\/rs\/antiseptic-healing-cream\/when-to-use\/\",\"name\":\"Antiseptic Healing Cream - When to use? - Sudocrem Serbia\",\"isPartOf\":{\"@id\":\"https:\/\/sudocrem.com\/rs\/#website\"},\"primaryImageOfPage\":{\"@id\":\"https:\/\/sudocrem.com\/rs\/antiseptic-healing-cream\/when-to-use\/#primaryimage\"},\"datePublished\":\"2018-12-10T16:33:05+00:00\",\"dateModified\":\"2022-05-17T18:47:49+00:00\",\"inLanguage\":\"en-GB\",\"potentialAction\":[{\"@type\":\"ReadAction\",\"target\":[\"https:\/\/sudocrem.com\/rs\/antiseptic-healing-cream\/when-to-use\/\"]}]}]}<\/script>\n<!-- \/ Yoast SEO plugin. -->","_links":{"self":[{"href":"https:\/\/sudocrem.com\/rs\/wp-json\/wp\/v2\/pages\/168","targetHints":{"allow":["GET"]}}],"collection":[{"href":"https:\/\/sudocrem.com\/rs\/wp-json\/wp\/v2\/pages"}],"about":[{"href":"https:\/\/sudocrem.com\/rs\/wp-json\/wp\/v2\/types\/page"}],"author":[{"embeddable":true,"href":"https:\/\/sudocrem.com\/rs\/wp-json\/wp\/v2\/users\/1"}],"replies":[{"embeddable":true,"href":"https:\/\/sudocrem.com\/rs\/wp-json\/wp\/v2\/comments?post=168"}],"version-history":[{"count":0,"href":"https:\/\/sudocrem.com\/rs\/wp-json\/wp\/v2\/pages\/168\/revisions"}],"up":[{"embeddable":true,"href":"https:\/\/sudocrem.com\/rs\/wp-json\/wp\/v2\/pages\/741"}],"wp:featuredmedia":[{"embeddable":true,"href":"https:\/\/sudocrem.com\/rs\/wp-json\/wp\/v2\/media\/1756"}],"wp:attachment":[{"href":"https:\/\/sudocrem.com\/rs\/wp-json\/wp\/v2\/media?parent=168"}],"curies":[{"name":"wp","href":"https:\/\/api.w.org\/{rel}","templated":true}]}}