

{"id":170,"date":"2018-12-10T16:34:08","date_gmt":"2018-12-10T16:34:08","guid":{"rendered":"http:\/\/www.sudocrem.co.uk\/?page_id=170"},"modified":"2022-05-17T19:48:38","modified_gmt":"2022-05-17T18:48:38","slug":"how-to-use","status":"publish","type":"page","link":"https:\/\/sudocrem.com\/rs\/antiseptic-healing-cream\/how-to-use\/","title":{"rendered":"Antiseptic Healing Cream &#8211; How to use?"},"content":{"rendered":"<h5>Nega i za\u0161tita pelenske regije<\/h5>\n<p>Sudocrem se nanosi u veoma tankom sloju pri svakoj promeni pelena.<\/p>\n<p><strong>Korak 1:<\/strong> Pobrinite se da ko\u017ea pelenske regije Va\u0161e bebe bude \u010dista i suva.<\/p>\n<p><strong>Korak 2:<\/strong> \u010cistim i suvim rukama stavite malu koli\u010dinu Sudocrema na vrh prsta.<\/p>\n<p><strong>Korak 3:<\/strong> Ne\u017eno, laganim i kru\u017enim pokretima, nanesite Sudocrem na bebinu ko\u017eu (poku\u0161ajte da izbegnete trljanje, naro\u010dito ukoliko je ko\u017ea iritirana).<\/p>\n<p><strong>Korak 4:<\/strong> Na ko\u017ei treba da ostane tanak, prozra\u010dan film. Ukoliko je ko\u017ea bela, zna\u010di da ste naneli previ\u0161e Sudocrema (ne brinite, Va\u0161a beba \u0107e biti u redu, samo slede\u0107i put stavite manju koli\u010dinu).<\/p>\n<p><strong>Korak 5:<\/strong> Ponavljajte nano\u0161enje kreme na ko\u017eu pelenske regije onoliko \u010desto koliko je potrebno.<\/p>\n<p>&nbsp;<\/p>\n<h5>Druge primene<\/h5>\n<p><strong>Korak 1:<\/strong> \u010cistim i suvim rukama stavite malu koli\u010dinu Sudocrema na vrh prsta<\/p>\n<p><strong>Korak 2:<\/strong> Ne\u017eno, laganim i kru\u017enim pokretina, nanestite Sudocrem na iziritirane delove ko\u017ee<\/p>\n<p><strong>Korak 3:<\/strong> Na ko\u017ei treba da ostane tanak, prozra\u010dan film. Ukoliko je ko\u017ea bela, zna\u010di da ste naneli previ\u0161e Sudocrema (sve je u redu, samo slede\u0107i put stavite manju koli\u010dinu).<\/p>\n<p>&nbsp;<\/p>\n<p>Kod dece mla\u0111e od 3 godine upotreba je samo za ko\u017eu pelenske regije.<\/p>\n","protected":false},"excerpt":{"rendered":"<p>Nega i za\u0161tita pelenske regije Sudocrem se nanosi u veoma tankom sloju pri svakoj promeni pelena. Korak 1: Pobrinite se da ko\u017ea pelenske regije Va\u0161e bebe bude \u010dista i suva. Korak 2: \u010cistim i suvim rukama stavite malu koli\u010dinu Sudocrema na vrh prsta. Korak 3: Ne\u017eno, laganim i kru\u017enim pokretima, nanesite Sudocrem na bebinu ko\u017eu [&#8230;]<\/p>\n<p><a aria-label=\"Sudocrem\"  class=\"btn btn-purple round btn-secondary understrap-read-more-link\" href=\"https:\/\/sudocrem.com\/rs\/antiseptic-healing-cream\/how-to-use\/\">CONTINUE READING<\/a><\/p>\n","protected":false},"author":1,"featured_media":1756,"parent":741,"menu_order":2,"comment_status":"closed","ping_status":"closed","template":"page-templates\/top-menu-page.php","meta":{"footnotes":""},"class_list":["post-170","page","type-page","status-publish","has-post-thumbnail","hentry"],"yoast_head":"<!-- This site is optimized with the Yoast SEO plugin v14.6.1 - https:\/\/yoast.com\/wordpress\/plugins\/seo\/ -->\n<title>Antiseptic Healing Cream - How to use? - Sudocrem Serbia<\/title>\n<meta name=\"robots\" content=\"index, follow\" \/>\n<meta name=\"googlebot\" content=\"index, follow, max-snippet:-1, max-image-preview:large, max-video-preview:-1\" \/>\n<meta name=\"bingbot\" content=\"index, follow, max-snippet:-1, max-image-preview:large, max-video-preview:-1\" \/>\n<link rel=\"canonical\" href=\"https:\/\/sudocrem.com\/rs\/antiseptic-healing-cream\/how-to-use\/\" \/>\n<meta property=\"og:locale\" content=\"en_GB\" \/>\n<meta property=\"og:type\" content=\"article\" \/>\n<meta property=\"og:title\" content=\"Antiseptic Healing Cream - How to use? - Sudocrem Serbia\" \/>\n<meta property=\"og:description\" content=\"Nega i za\u0161tita pelenske regije Sudocrem se nanosi u veoma tankom sloju pri svakoj promeni pelena. Korak 1: Pobrinite se da ko\u017ea pelenske regije Va\u0161e bebe bude \u010dista i suva. Korak 2: \u010cistim i suvim rukama stavite malu koli\u010dinu Sudocrema na vrh prsta. Korak 3: Ne\u017eno, laganim i kru\u017enim pokretima, nanesite Sudocrem na bebinu ko\u017eu [...]CONTINUE READING\" \/>\n<meta property=\"og:url\" content=\"https:\/\/sudocrem.com\/rs\/antiseptic-healing-cream\/how-to-use\/\" \/>\n<meta property=\"og:site_name\" content=\"Sudocrem Serbia\" \/>\n<meta property=\"article:modified_time\" content=\"2022-05-17T18:48:38+00:00\" \/>\n<meta property=\"og:image\" content=\"https:\/\/sudocrem.com\/rs\/wp-content\/uploads\/sites\/19\/2020\/07\/Top-banner_SAHC_Serbia.jpg\" \/>\n\t<meta property=\"og:image:width\" content=\"1920\" \/>\n\t<meta property=\"og:image:height\" content=\"791\" \/>\n<meta name=\"twitter:card\" content=\"summary_large_image\" \/>\n<script type=\"application\/ld+json\" class=\"yoast-schema-graph\">{\"@context\":\"https:\/\/schema.org\",\"@graph\":[{\"@type\":\"WebSite\",\"@id\":\"https:\/\/sudocrem.com\/rs\/#website\",\"url\":\"https:\/\/sudocrem.com\/rs\/\",\"name\":\"Sudocrem Serbia\",\"description\":\"Just another Sudocrem International site\",\"potentialAction\":[{\"@type\":\"SearchAction\",\"target\":\"https:\/\/sudocrem.com\/rs\/?s={search_term_string}\",\"query-input\":\"required name=search_term_string\"}],\"inLanguage\":\"en-GB\"},{\"@type\":\"ImageObject\",\"@id\":\"https:\/\/sudocrem.com\/rs\/antiseptic-healing-cream\/how-to-use\/#primaryimage\",\"inLanguage\":\"en-GB\",\"url\":\"https:\/\/sudocrem.com\/rs\/wp-content\/uploads\/sites\/19\/2020\/07\/Top-banner_SAHC_Serbia.jpg\",\"width\":1920,\"height\":791},{\"@type\":\"WebPage\",\"@id\":\"https:\/\/sudocrem.com\/rs\/antiseptic-healing-cream\/how-to-use\/#webpage\",\"url\":\"https:\/\/sudocrem.com\/rs\/antiseptic-healing-cream\/how-to-use\/\",\"name\":\"Antiseptic Healing Cream - How to use? - Sudocrem Serbia\",\"isPartOf\":{\"@id\":\"https:\/\/sudocrem.com\/rs\/#website\"},\"primaryImageOfPage\":{\"@id\":\"https:\/\/sudocrem.com\/rs\/antiseptic-healing-cream\/how-to-use\/#primaryimage\"},\"datePublished\":\"2018-12-10T16:34:08+00:00\",\"dateModified\":\"2022-05-17T18:48:38+00:00\",\"inLanguage\":\"en-GB\",\"potentialAction\":[{\"@type\":\"ReadAction\",\"target\":[\"https:\/\/sudocrem.com\/rs\/antiseptic-healing-cream\/how-to-use\/\"]}]}]}<\/script>\n<!-- \/ Yoast SEO plugin. -->","_links":{"self":[{"href":"https:\/\/sudocrem.com\/rs\/wp-json\/wp\/v2\/pages\/170","targetHints":{"allow":["GET"]}}],"collection":[{"href":"https:\/\/sudocrem.com\/rs\/wp-json\/wp\/v2\/pages"}],"about":[{"href":"https:\/\/sudocrem.com\/rs\/wp-json\/wp\/v2\/types\/page"}],"author":[{"embeddable":true,"href":"https:\/\/sudocrem.com\/rs\/wp-json\/wp\/v2\/users\/1"}],"replies":[{"embeddable":true,"href":"https:\/\/sudocrem.com\/rs\/wp-json\/wp\/v2\/comments?post=170"}],"version-history":[{"count":0,"href":"https:\/\/sudocrem.com\/rs\/wp-json\/wp\/v2\/pages\/170\/revisions"}],"up":[{"embeddable":true,"href":"https:\/\/sudocrem.com\/rs\/wp-json\/wp\/v2\/pages\/741"}],"wp:featuredmedia":[{"embeddable":true,"href":"https:\/\/sudocrem.com\/rs\/wp-json\/wp\/v2\/media\/1756"}],"wp:attachment":[{"href":"https:\/\/sudocrem.com\/rs\/wp-json\/wp\/v2\/media?parent=170"}],"curies":[{"name":"wp","href":"https:\/\/api.w.org\/{rel}","templated":true}]}}