

{"id":1704,"date":"2020-07-20T11:32:32","date_gmt":"2020-07-20T10:32:32","guid":{"rendered":"https:\/\/sudocrem.wpenginepowered.com\/australia\/?page_id=1704"},"modified":"2020-10-20T09:42:42","modified_gmt":"2020-10-20T08:42:42","slug":"minor-cuts-grazes-and-minor-burns","status":"publish","type":"page","link":"https:\/\/sudocrem.com\/rs\/your-family-hub\/minor-cuts-grazes-and-minor-burns\/","title":{"rendered":"Your family hub &#8211; Minor cuts, grazes and minor burns"},"content":{"rendered":"<h5>Posekotine, ogrebotine i manje opekotine<\/h5>\n<p>Posekotine i ogrebotine postaju uobi\u010dajene pojave kada Va\u0161a deca dosti\u017eu uzrast kada stalno tr\u010de i borave napolju! Mogu se dogoditi male nezgode, a Sudocrem je uvek pri ruci da pomogne.<\/p>\n<p>Nanesite malo Sudocrem-a na o\u0161te\u0107eni deo ko\u017ee . Va\u0161i mali\u0161ani \u0107e za tili \u010das biti ponovo na nogama i tr\u010dati naokolo. (I upore\u0111ivati ratne povrede, bez sumnje!)<\/p>\n<p>&nbsp;<\/p>\n<h5>Primena kod oderotina<\/h5>\n<p>Oderotine nastaju kada se Va\u0161i mali\u0161ani ogrebu laktove ili kolena i pri tom na njima ostanu crvena i osetljiva mesta. O\u010distite mesto oderotine koriste\u0107i \u010distu tkaninu ili pamu\u010dni ubrus sa malo vode i blagim sapunom. Zatim nanesite Sudocrem da umirite i za\u0161titite o\u0161te\u0107enu ko\u017eu.<\/p>\n<p>&nbsp;<\/p>\n<h5>Primena kod malih posekotina<\/h5>\n<p>Kao i sa oderotinama, o\u010distite mesto posekotine, a nakon toga stavite ga pod mlaz hladne vode da biste uklonili svu ne\u010disto\u0107u. Nanesite malu koli\u010dinu Sudocrem-a na mesto posekotine, a nakon toga mesto pokrite flasterom odgovaraju\u0107e veli\u010dine. Kada rana po\u010dne da zaceljuje, mo\u017eete ukloniti flaster ukoliko \u017eelite, jer izlaganje rane vazduhu poma\u017ee proces zarastanja.<\/p>\n<p>&nbsp;<\/p>\n<h5>Primena kod ve\u0107ih posekotina<\/h5>\n<p>Duboka posekotina mo\u017ee zahtevati medicinsku pomo\u0107, naro\u010dito ukoliko obilno krvari. Podizanje povre\u0111enog dela tela iznad visine srca mo\u017ee pomo\u0107i da se protok krvi uspori. Ukoliko sumnjate da je posekotina inficirana ili ste zabrinuti zbog bilo \u010dega drugog, pbratite se odmah Va\u0161em lekaru.<\/p>\n<p>&nbsp;<\/p>\n<h5>Manje opekotine<\/h5>\n<p>Povr\u0161inske opekotine mogu biti veoma bolne; va\u017eno je \u0161to je pre mogu\u0107e rashladiti ope\u010deno mesto. Uronite ope\u010deno mesto u hladnu vodu ili dr\u017eite pod mlazom hladne vode nekoliko minuta, dok se bol ne smanji. Sudocrem tako\u0111e mo\u017ee pomo\u0107i da se umiri upaljena i osetljiva ko\u017ea.<\/p>\n<p>Ukoliko se simptomi zadr\u017ee ili postoje sporedni efekti, obratite se Va\u0161em lekaru.<\/p>\n","protected":false},"excerpt":{"rendered":"<p>Posekotine, ogrebotine i manje opekotine Posekotine i ogrebotine postaju uobi\u010dajene pojave kada Va\u0161a deca dosti\u017eu uzrast kada stalno tr\u010de i borave napolju! Mogu se dogoditi male nezgode, a Sudocrem je uvek pri ruci da pomogne. Nanesite malo Sudocrem-a na o\u0161te\u0107eni deo ko\u017ee . Va\u0161i mali\u0161ani \u0107e za tili \u010das biti ponovo na nogama i tr\u010dati [&#8230;]<\/p>\n<p><a aria-label=\"Sudocrem\"  class=\"btn btn-purple round btn-secondary understrap-read-more-link\" href=\"https:\/\/sudocrem.com\/rs\/your-family-hub\/minor-cuts-grazes-and-minor-burns\/\">CONTINUE READING<\/a><\/p>\n","protected":false},"author":1,"featured_media":1735,"parent":1685,"menu_order":0,"comment_status":"closed","ping_status":"closed","template":"page-templates\/top-menu-page.php","meta":{"footnotes":""},"class_list":["post-1704","page","type-page","status-publish","has-post-thumbnail","hentry"],"yoast_head":"<!-- This site is optimized with the Yoast SEO plugin v14.6.1 - https:\/\/yoast.com\/wordpress\/plugins\/seo\/ -->\n<title>Your family hub - Minor cuts, grazes and minor burns - Sudocrem Serbia<\/title>\n<meta name=\"robots\" content=\"index, follow\" \/>\n<meta name=\"googlebot\" content=\"index, follow, max-snippet:-1, max-image-preview:large, max-video-preview:-1\" \/>\n<meta name=\"bingbot\" content=\"index, follow, max-snippet:-1, max-image-preview:large, max-video-preview:-1\" \/>\n<link rel=\"canonical\" href=\"https:\/\/sudocrem.com\/rs\/your-family-hub\/minor-cuts-grazes-and-minor-burns\/\" \/>\n<meta property=\"og:locale\" content=\"en_GB\" \/>\n<meta property=\"og:type\" content=\"article\" \/>\n<meta property=\"og:title\" content=\"Your family hub - Minor cuts, grazes and minor burns - Sudocrem Serbia\" \/>\n<meta property=\"og:description\" content=\"Posekotine, ogrebotine i manje opekotine Posekotine i ogrebotine postaju uobi\u010dajene pojave kada Va\u0161a deca dosti\u017eu uzrast kada stalno tr\u010de i borave napolju! Mogu se dogoditi male nezgode, a Sudocrem je uvek pri ruci da pomogne. Nanesite malo Sudocrem-a na o\u0161te\u0107eni deo ko\u017ee . Va\u0161i mali\u0161ani \u0107e za tili \u010das biti ponovo na nogama i tr\u010dati [...]CONTINUE READING\" \/>\n<meta property=\"og:url\" content=\"https:\/\/sudocrem.com\/rs\/your-family-hub\/minor-cuts-grazes-and-minor-burns\/\" \/>\n<meta property=\"og:site_name\" content=\"Sudocrem Serbia\" \/>\n<meta property=\"article:modified_time\" content=\"2020-10-20T08:42:42+00:00\" \/>\n<meta property=\"og:image\" content=\"https:\/\/sudocrem.com\/rs\/wp-content\/uploads\/sites\/19\/2020\/07\/Sud_Family-hub_Top-banner.jpg\" \/>\n\t<meta property=\"og:image:width\" content=\"1920\" \/>\n\t<meta property=\"og:image:height\" content=\"699\" \/>\n<meta name=\"twitter:card\" content=\"summary_large_image\" \/>\n<script type=\"application\/ld+json\" class=\"yoast-schema-graph\">{\"@context\":\"https:\/\/schema.org\",\"@graph\":[{\"@type\":\"WebSite\",\"@id\":\"https:\/\/sudocrem.com\/rs\/#website\",\"url\":\"https:\/\/sudocrem.com\/rs\/\",\"name\":\"Sudocrem Serbia\",\"description\":\"Just another Sudocrem International site\",\"potentialAction\":[{\"@type\":\"SearchAction\",\"target\":\"https:\/\/sudocrem.com\/rs\/?s={search_term_string}\",\"query-input\":\"required name=search_term_string\"}],\"inLanguage\":\"en-GB\"},{\"@type\":\"ImageObject\",\"@id\":\"https:\/\/sudocrem.com\/rs\/your-family-hub\/minor-cuts-grazes-and-minor-burns\/#primaryimage\",\"inLanguage\":\"en-GB\",\"url\":\"https:\/\/sudocrem.com\/rs\/wp-content\/uploads\/sites\/19\/2020\/07\/Sud_Family-hub_Top-banner.jpg\",\"width\":1920,\"height\":699},{\"@type\":\"WebPage\",\"@id\":\"https:\/\/sudocrem.com\/rs\/your-family-hub\/minor-cuts-grazes-and-minor-burns\/#webpage\",\"url\":\"https:\/\/sudocrem.com\/rs\/your-family-hub\/minor-cuts-grazes-and-minor-burns\/\",\"name\":\"Your family hub - Minor cuts, grazes and minor burns - Sudocrem Serbia\",\"isPartOf\":{\"@id\":\"https:\/\/sudocrem.com\/rs\/#website\"},\"primaryImageOfPage\":{\"@id\":\"https:\/\/sudocrem.com\/rs\/your-family-hub\/minor-cuts-grazes-and-minor-burns\/#primaryimage\"},\"datePublished\":\"2020-07-20T10:32:32+00:00\",\"dateModified\":\"2020-10-20T08:42:42+00:00\",\"inLanguage\":\"en-GB\",\"potentialAction\":[{\"@type\":\"ReadAction\",\"target\":[\"https:\/\/sudocrem.com\/rs\/your-family-hub\/minor-cuts-grazes-and-minor-burns\/\"]}]}]}<\/script>\n<!-- \/ Yoast SEO plugin. -->","_links":{"self":[{"href":"https:\/\/sudocrem.com\/rs\/wp-json\/wp\/v2\/pages\/1704","targetHints":{"allow":["GET"]}}],"collection":[{"href":"https:\/\/sudocrem.com\/rs\/wp-json\/wp\/v2\/pages"}],"about":[{"href":"https:\/\/sudocrem.com\/rs\/wp-json\/wp\/v2\/types\/page"}],"author":[{"embeddable":true,"href":"https:\/\/sudocrem.com\/rs\/wp-json\/wp\/v2\/users\/1"}],"replies":[{"embeddable":true,"href":"https:\/\/sudocrem.com\/rs\/wp-json\/wp\/v2\/comments?post=1704"}],"version-history":[{"count":0,"href":"https:\/\/sudocrem.com\/rs\/wp-json\/wp\/v2\/pages\/1704\/revisions"}],"up":[{"embeddable":true,"href":"https:\/\/sudocrem.com\/rs\/wp-json\/wp\/v2\/pages\/1685"}],"wp:featuredmedia":[{"embeddable":true,"href":"https:\/\/sudocrem.com\/rs\/wp-json\/wp\/v2\/media\/1735"}],"wp:attachment":[{"href":"https:\/\/sudocrem.com\/rs\/wp-json\/wp\/v2\/media?parent=1704"}],"curies":[{"name":"wp","href":"https:\/\/api.w.org\/{rel}","templated":true}]}}