

{"id":318,"date":"2018-12-11T14:11:03","date_gmt":"2018-12-11T14:11:03","guid":{"rendered":"http:\/\/www.sudocrem.co.uk\/?page_id=318"},"modified":"2020-10-20T09:43:33","modified_gmt":"2020-10-20T08:43:33","slug":"how-to-spot-nappy-rash","status":"publish","type":"page","link":"https:\/\/sudocrem.com\/rs\/nappy-rash-hub\/how-to-spot-nappy-rash\/","title":{"rendered":"How to spot nappy rash?"},"content":{"rendered":"<h5>Kako prepoznati pelenski osip<\/h5>\n<p>\u010cesto mo\u017eete brzo prepoznati pelenski osip ako uo\u010dite slede\u0107e pojave:<\/p>\n<ul>\n<li>Blago crvenilo u pelenskoj regiji. (Uglavnom ne zahvata ko\u017ene pregibe)<\/li>\n<li>Guza i gornji delovi butina Va\u0161e bebe mogu postati crveni i vla\u017eni<\/li>\n<li>Ko\u017ea tako\u0111e mo\u017ee postati bolna, crvena I vru\u0107a na dodir<\/li>\n<li>Mogu se razviti i ograni\u010deni delovi suve, perutave ko\u017ee<\/li>\n<li>U te\u017eim slu\u010dajevima mogu se pojaviti \u010diri\u0107i ili plikovi ispunjeni gnojem<\/li>\n<\/ul>\n<p>Pelenski osip se mo\u017ee umiriti i spre\u010diti njegovo ponovno javljanje kori\u0161\u0107enjem Sudocrem-a pri svakoj promeni pelena.<\/p>\n<p>&nbsp;<\/p>\n<h5>Tipovi pelenskog osipa<\/h5>\n<p>Stalni korisnik Sudocrem-a, babica i majka Nikki Khan obja\u0161njava da, iako mo\u017eda mislite da je pelenski osip uvek isti, postoje zapravo tri glavna tipa osipa:<\/p>\n<p>&nbsp;<\/p>\n<p><strong>1. Uobi\u010dajen pelenski osip<\/strong><br \/>\nNaj\u010de\u0161\u0107a pojava pelenskog osipa javlja se u obliku crvene u upaljene ko\u017ee, koja mo\u017ee izgledati i kao da se sjaji. Obi\u010dno nastaje zbog produ\u017eenog kontakta bebine guze sa prljavom pelenom ili ako je dete imalo proliv. \u010cesto kombinacija mokra\u0107e i stolice izaziva najvi\u0161e iritacija. Blagi pelenski osip bi trebalo da nestane za nekoliko dana ukoliko se prate napred navedeni koraci, a ponekad mo\u017ee nestati preko no\u0107i.<\/p>\n<p>&nbsp;<\/p>\n<p><strong>2. Gljivi\u010dni pelenski osip<\/strong><br \/>\nRazli\u010diti tipovi pelenskog osipa zahtevaju razli\u010dite na\u010dine le\u010denja. Gljivi\u010dni pelenski osip je oblik infekcije tzv. mle\u010dac i \u010desto se le\u010di kremom protiv gljivica koju \u0107e Vam prepisati Va\u0161 lekar. Nanesite tanak sloj kreme protiv gljivica na zahva\u0107eno podru\u010dje. Gljivi\u010dni osip se javlja u vidu malih crvenih ta\u010dkica, a genitalije mogu da izgledaju ote\u010deno. Ovaj osip se mo\u017ee javiti ukoliko Va\u0161a beba prima antibiotike. Ukoliko je prisutan gljivi\u010dni pelenski osip, va\u017eno je da izbegavate uobi\u010dajenu kremu koja stvara za\u0161titnu barijeru, jer to mo\u017ee pogor\u0161ati stanje. Ukoliko niste sigurni, pitajte za savet Va\u0161eg lekara ili patrona\u017enu sestru.<\/p>\n<p>&nbsp;<\/p>\n<p><strong>3. Bakterijski pelenski osip<\/strong><br \/>\nBakterijski pelenski osip se javlja u obliku inficiranih pri\u0161ti\u0107a ili bubuljica i Va\u0161a beba \u0107e verovatno imati i povi\u0161enu temperaturu. Ovaj osip se mo\u017ee se razviti iz uobi\u010dajenog pelenskog osipa kada do\u0111e do o\u0161te\u0107enja ko\u017ee i razvoja infekcija zbog prodora bakterija u o\u0161te\u0107enu ko\u017eu. Ovaj tip pelenskog osipa mo\u017ee da zahteva primenu antibiotika, tako da bi trebalo da \u0161to pre potra\u017eite savet od svog lekara ili patrona\u017ene sestre.<\/p>\n","protected":false},"excerpt":{"rendered":"<p>Kako prepoznati pelenski osip \u010cesto mo\u017eete brzo prepoznati pelenski osip ako uo\u010dite slede\u0107e pojave: Blago crvenilo u pelenskoj regiji. (Uglavnom ne zahvata ko\u017ene pregibe) Guza i gornji delovi butina Va\u0161e bebe mogu postati crveni i vla\u017eni Ko\u017ea tako\u0111e mo\u017ee postati bolna, crvena I vru\u0107a na dodir Mogu se razviti i ograni\u010deni delovi suve, perutave ko\u017ee [&#8230;]<\/p>\n<p><a aria-label=\"Sudocrem\"  class=\"btn btn-purple round btn-secondary understrap-read-more-link\" href=\"https:\/\/sudocrem.com\/rs\/nappy-rash-hub\/how-to-spot-nappy-rash\/\">CONTINUE READING<\/a><\/p>\n","protected":false},"author":1,"featured_media":1751,"parent":754,"menu_order":1,"comment_status":"closed","ping_status":"closed","template":"page-templates\/top-menu-page.php","meta":{"footnotes":""},"class_list":["post-318","page","type-page","status-publish","has-post-thumbnail","hentry"],"yoast_head":"<!-- This site is optimized with the Yoast SEO plugin v14.6.1 - https:\/\/yoast.com\/wordpress\/plugins\/seo\/ -->\n<title>How to spot nappy rash? - Sudocrem Serbia<\/title>\n<meta name=\"robots\" content=\"index, follow\" \/>\n<meta name=\"googlebot\" content=\"index, follow, max-snippet:-1, max-image-preview:large, max-video-preview:-1\" \/>\n<meta name=\"bingbot\" content=\"index, follow, max-snippet:-1, max-image-preview:large, max-video-preview:-1\" \/>\n<link rel=\"canonical\" href=\"https:\/\/sudocrem.com\/rs\/nappy-rash-hub\/how-to-spot-nappy-rash\/\" \/>\n<meta property=\"og:locale\" content=\"en_GB\" \/>\n<meta property=\"og:type\" content=\"article\" \/>\n<meta property=\"og:title\" content=\"How to spot nappy rash? - Sudocrem Serbia\" \/>\n<meta property=\"og:description\" content=\"Kako prepoznati pelenski osip \u010cesto mo\u017eete brzo prepoznati pelenski osip ako uo\u010dite slede\u0107e pojave: Blago crvenilo u pelenskoj regiji. (Uglavnom ne zahvata ko\u017ene pregibe) Guza i gornji delovi butina Va\u0161e bebe mogu postati crveni i vla\u017eni Ko\u017ea tako\u0111e mo\u017ee postati bolna, crvena I vru\u0107a na dodir Mogu se razviti i ograni\u010deni delovi suve, perutave ko\u017ee [...]CONTINUE READING\" \/>\n<meta property=\"og:url\" content=\"https:\/\/sudocrem.com\/rs\/nappy-rash-hub\/how-to-spot-nappy-rash\/\" \/>\n<meta property=\"og:site_name\" content=\"Sudocrem Serbia\" \/>\n<meta property=\"article:modified_time\" content=\"2020-10-20T08:43:33+00:00\" \/>\n<meta property=\"og:image\" content=\"https:\/\/sudocrem.com\/rs\/wp-content\/uploads\/sites\/19\/2020\/07\/Sud_Nappy-rash_Top-banner.jpg\" \/>\n\t<meta property=\"og:image:width\" content=\"1920\" \/>\n\t<meta property=\"og:image:height\" content=\"742\" \/>\n<meta name=\"twitter:card\" content=\"summary_large_image\" \/>\n<script type=\"application\/ld+json\" class=\"yoast-schema-graph\">{\"@context\":\"https:\/\/schema.org\",\"@graph\":[{\"@type\":\"WebSite\",\"@id\":\"https:\/\/sudocrem.com\/rs\/#website\",\"url\":\"https:\/\/sudocrem.com\/rs\/\",\"name\":\"Sudocrem Serbia\",\"description\":\"Just another Sudocrem International site\",\"potentialAction\":[{\"@type\":\"SearchAction\",\"target\":\"https:\/\/sudocrem.com\/rs\/?s={search_term_string}\",\"query-input\":\"required name=search_term_string\"}],\"inLanguage\":\"en-GB\"},{\"@type\":\"ImageObject\",\"@id\":\"https:\/\/sudocrem.com\/rs\/nappy-rash-hub\/how-to-spot-nappy-rash\/#primaryimage\",\"inLanguage\":\"en-GB\",\"url\":\"https:\/\/sudocrem.com\/rs\/wp-content\/uploads\/sites\/19\/2020\/07\/Sud_Nappy-rash_Top-banner.jpg\",\"width\":1920,\"height\":742},{\"@type\":\"WebPage\",\"@id\":\"https:\/\/sudocrem.com\/rs\/nappy-rash-hub\/how-to-spot-nappy-rash\/#webpage\",\"url\":\"https:\/\/sudocrem.com\/rs\/nappy-rash-hub\/how-to-spot-nappy-rash\/\",\"name\":\"How to spot nappy rash? - Sudocrem Serbia\",\"isPartOf\":{\"@id\":\"https:\/\/sudocrem.com\/rs\/#website\"},\"primaryImageOfPage\":{\"@id\":\"https:\/\/sudocrem.com\/rs\/nappy-rash-hub\/how-to-spot-nappy-rash\/#primaryimage\"},\"datePublished\":\"2018-12-11T14:11:03+00:00\",\"dateModified\":\"2020-10-20T08:43:33+00:00\",\"inLanguage\":\"en-GB\",\"potentialAction\":[{\"@type\":\"ReadAction\",\"target\":[\"https:\/\/sudocrem.com\/rs\/nappy-rash-hub\/how-to-spot-nappy-rash\/\"]}]}]}<\/script>\n<!-- \/ Yoast SEO plugin. -->","_links":{"self":[{"href":"https:\/\/sudocrem.com\/rs\/wp-json\/wp\/v2\/pages\/318","targetHints":{"allow":["GET"]}}],"collection":[{"href":"https:\/\/sudocrem.com\/rs\/wp-json\/wp\/v2\/pages"}],"about":[{"href":"https:\/\/sudocrem.com\/rs\/wp-json\/wp\/v2\/types\/page"}],"author":[{"embeddable":true,"href":"https:\/\/sudocrem.com\/rs\/wp-json\/wp\/v2\/users\/1"}],"replies":[{"embeddable":true,"href":"https:\/\/sudocrem.com\/rs\/wp-json\/wp\/v2\/comments?post=318"}],"version-history":[{"count":0,"href":"https:\/\/sudocrem.com\/rs\/wp-json\/wp\/v2\/pages\/318\/revisions"}],"up":[{"embeddable":true,"href":"https:\/\/sudocrem.com\/rs\/wp-json\/wp\/v2\/pages\/754"}],"wp:featuredmedia":[{"embeddable":true,"href":"https:\/\/sudocrem.com\/rs\/wp-json\/wp\/v2\/media\/1751"}],"wp:attachment":[{"href":"https:\/\/sudocrem.com\/rs\/wp-json\/wp\/v2\/media?parent=318"}],"curies":[{"name":"wp","href":"https:\/\/api.w.org\/{rel}","templated":true}]}}