

{"id":430,"date":"2018-12-11T15:50:01","date_gmt":"2018-12-11T15:50:01","guid":{"rendered":"http:\/\/www.sudocrem.co.uk\/?page_id=430"},"modified":"2020-10-20T09:42:54","modified_gmt":"2020-10-20T08:42:54","slug":"terms-of-service","status":"publish","type":"page","link":"https:\/\/sudocrem.com\/rs\/terms-of-service\/","title":{"rendered":"Odredbe"},"content":{"rendered":"<div class=\"container\">\n<div id=\"page\" class=\"site\">\n<div id=\"content\" class=\"site-content rs terms\">\n<div class=\"row\">\n<div class=\"full-12\">\n<div id=\"primary\" class=\"content-area rs terms\">\n<p>&nbsp;<\/p>\n<article id=\"post-168\" class=\"post-168 page type-page status-publish hentry\">\n<div class=\"entry-content rs terms\">\n<div class=\"legalContent\">\n<div class=\"mav-content-section\" data-content-name=\"Terms\">\n<h5>Pravno obave\u0161tenje<\/h5>\n<p>Forest Laboratories Europe i njegova (\u201cForest\u201d) odeljenja, Forest Laboratories UK, Forest Ireland i Forest Tosara, rukovode odre\u0111enim veb-sajtovima (\u201cForest veb- sajtovi\u201d) u svrhu li\u010dnog informisanja i edukacije. Zdravstvene informacije sadr\u017eane u Forest veb-sajtovima pru\u017eaju se isklju\u010divo u edukativne svrhe i nisu namenjene tome da zamene razgovor sa lekarom ili drugim pru\u017eaocima zdravstvenih usluga. Va\u0161a upotreba Forest veb-sajta podrazumeva Va\u0161 pristanak, bez izmena odredbi, uslova i napomena sadr\u017eanih ovde i u svim va\u017ee\u0107im zakonima.<\/p>\n<p>&nbsp;<\/p>\n<h5>Upotreba sajta<\/h5>\n<p>Forest Laboratories Europe Vas ovim ovla\u0161\u0107uje da kopirate dokumente koje objavljuje Forest na Internetu, isklju\u010divo u nekomercijalne svrhe i radi individualnog kori\u0161\u0107enja. Podrazumeva se da svaki primerak ovih dokumenata koji napravite obuhvata autorska prava i druge napomene o vlasni\u0161tvu koje su ovde sadr\u017eane. Stoga se nijedan primerak ne sme ponovo kopirati, reprodukovati, menjati ili distribuirati na drugi na\u010din. Iako \u0107e Forest Laboratories Europe \u010diniti razumne napore u obezbe\u0111ivanju da sve informacije prikazane na ovom veb-sajtu budu ta\u010dne i a\u017eurne, to ne predstavlja niti podrazumeva bilo kakve garancije za njihovu ta\u010dnost. www.sudocrem.com isklju\u010divo je namenjen za upotrebu od strane Forest Laboratories UK Ltd. i svaki materijal tre\u0107e strane koji se smatra promotivnim bi\u0107e uklonjen po odluci Forest Laboratories UK Ltd.<\/p>\n<p>Ni\u0161ta \u0161to je ovde sadr\u017eano ne sme se tuma\u010diti kao implicitna preporuka, zabrana ili bilo kakva druga\u010dija dozvola ili pravo pod patentom ili za\u0161titnim znakom Forest-a ili neke tre\u0107e strane. Svi nazivi proizvoda, bilo da se pojavljuju sa ili bez simbola za\u0161titnog znaka, su za\u0161titni znaci Forest Laboratories Inc., Forest Laboratories UK Ltd., Tosara Products Ltd. ili njihovih izdavalaca dozvola ili zajedni\u010dkih partnera. Upotreba ovih za\u0161titnih znakova ili bilo kakvih drugih materijala, osim za dozvoljene svrhe koje su napred navedene, izri\u010dito je zabranjena i mo\u017ee predstavljati kr\u0161enje prava u vezi sa za\u0161titnim znakom.<\/p>\n<p>&nbsp;<\/p>\n<h5>Linkovi tre\u0107ih strana<\/h5>\n<p>U poku\u0161aju da pru\u017ee vi\u0161e na\u0161im posetiocima, Forest veb-sajtovi mogu sadr\u017eati linkove za povezivanje sa drugim veb-sajtovima na Internetu koje poseduju i kojima upravljaju tre\u0107e strane. Me\u0111utim, \u010dak i ako je tre\u0107a strana povezana sa Forest-om, Forest nema kontrolu nad povezanim veb-sajtovima koji svi imaju odvojenu praksu privatnosti i prikupljanja podataka nezavisno od Forest-a. Forest nema potra\u017eivanje niti zastupanje povodom toga i ne prihvata odgovornost za kvalitet, sadr\u017eaj, prirodu ili pouzdanost veb-sajtova kojima se mo\u017ee pristupiti putem hiperlinka sa Forest veb-sajta ili veb-sajtova koji su povezani sa Forest veb-sajtovima. Povezani veb-sajtovi nisu pod kontrolom Forest-a i Forest nije odgovoran za sadr\u017eaj bilo kojeg povezanog veb-sajta ili bilo kojeg linka sadr\u017eanog u povezanom veb-sajtu, ili prikaz, promene ili a\u017euriranja takvih veb-sajtova. Forest Vam pru\u017ea ove linkove isklju\u010divo kao pogodnost i pristup bilo kojem linku ne podrazumeva pripadnost, podr\u0161ku ili usvajanje od strane Forest-a veb-sajta ili bilo koje informacije tamo sadr\u017eane. Ovi povezani veb-sajtovi su isklju\u010divo namenjeni Va\u0161oj pogodnosti i stoga im pristupate na sopstveni rizik.<\/p>\n<p>&nbsp;<\/p>\n<h5>Odricanje i ograni\u010denje odgovornosti<\/h5>\n<p>Forest ne daje bilo kakve garancije ili izjave u vezi sa ta\u010dno\u0161\u0107u ili potpuno\u0161\u0107u sadr\u017eaja Forest veb-sajta ili sadr\u017eaja bilo kojeg povezanog veb-sajta. Ova publikacija se dostavlja \u201cKAKVA JESTE\u201d BEZ GARANCIJA BILO KOJE VRSTE, EKSPLICITNIH ILI IMPLICITNIH, UKLJU\u010cUJU\u0106I IMPLICITNE GARANCIJE ZA PRODAJU, POGODNOSTI ZA ODRE\u0110ENE NAMENE ILI NEPOVRE\u0110IVANJE AUTORSKOG PRAVA, BEZ OGRANI\u010cENJA SAMO NA NAVEDENO. FOREST NE TVRDI NITI GARANTUJE DA SU MATERIJALI NA OVOM VEB- SAJTU TA\u010cNI, POTPUNI, POUZDANI, A\u017dURNI ILI BEZ GRE\u0160AKA. FOREST NE TVRDI NITI GARANTUJE DA SU OVAJ VEB-SAJT ILI NJEGOVI SERVERI BEZ VIRUSA ILI DRUGIH \u0160TETNIH KOMPONENTI. Neka zakonodavstva ne dozvoljavaju isklju\u010divanje podrazumevane garancije, tako da je mogu\u0107e da se navedeni izuzeci ne odnose na Vas.<\/p>\n<p>NI U KOM SLU\u010cAJU FOREST NE\u0106E BITI ODGOVORAN ZA BILO KAKVU DIREKTNU, POSEBNU, INDIREKTNU ILI POSLEDI\u010cNU \u0160TETU ILI NEKU DRUGU \u0160TETU BILO KOJE VRSTE, UKLJU\u010cUJU\u0106I NEMOGU\u0106NOST UPOTREBE, GUBITAK PROFITA ILI GUBITAK PODATAKA, BILO PRAVNIM DEJSTVOM U UGOVORU, DELIKTOM (UKLJU\u010cUJU\u0106I NEMAR, BEZ OGRANI\u010cENJA SAMO NA TO), ILI NA DRUGI NA\u010cIN KOJI PROISTI\u010cE IZ UPOTREBE OVOG VEB-SAJTA ILI MATERIJALA KOJE SADR\u017dI, ILI KOJIMA SE PRISTUPA PUTEM OVOG VEB-SAJTA ILI JE NEKAKO POVEZAN SA TIME, BEZ OGRANI\u010cENJA SAMO NA NAVEDENO.<\/p>\n<p>&nbsp;<\/p>\n<h5>Va\u017ee\u0107i zakon<\/h5>\n<p>Ove odredbe i uslovi moraju biti sa\u010dinjeni u skladu sa zakonima Ujedinjenog Kraljevstva, bez obzira na izbor zakonskih principa.<\/p>\n<\/div>\n<\/div>\n<\/div>\n<footer class=\"entry-footer\"><\/footer>\n<\/article>\n<p>&nbsp;<\/p>\n<\/div>\n<\/div>\n<\/div>\n<\/div>\n<\/div>\n<\/div>\n<div class=\"container footer\"><\/div>\n","protected":false},"excerpt":{"rendered":"<p>&nbsp; Pravno obave\u0161tenje Forest Laboratories Europe i njegova (\u201cForest\u201d) odeljenja, Forest Laboratories UK, Forest Ireland i Forest Tosara, rukovode odre\u0111enim veb-sajtovima (\u201cForest veb- sajtovi\u201d) u svrhu li\u010dnog informisanja i edukacije. Zdravstvene informacije sadr\u017eane u Forest veb-sajtovima pru\u017eaju se isklju\u010divo u edukativne svrhe i nisu namenjene tome da zamene razgovor sa lekarom ili drugim pru\u017eaocima zdravstvenih [&#8230;]<\/p>\n<p><a aria-label=\"Sudocrem\"  class=\"btn btn-purple round btn-secondary understrap-read-more-link\" href=\"https:\/\/sudocrem.com\/rs\/terms-of-service\/\">CONTINUE READING<\/a><\/p>\n","protected":false},"author":1,"featured_media":0,"parent":0,"menu_order":14,"comment_status":"closed","ping_status":"closed","template":"page-templates\/legal-page.php","meta":{"footnotes":""},"class_list":["post-430","page","type-page","status-publish","hentry"],"yoast_head":"<!-- This site is optimized with the Yoast SEO plugin v14.6.1 - https:\/\/yoast.com\/wordpress\/plugins\/seo\/ -->\n<title>Odredbe - Sudocrem Serbia<\/title>\n<meta name=\"robots\" content=\"index, follow\" \/>\n<meta name=\"googlebot\" content=\"index, follow, max-snippet:-1, max-image-preview:large, max-video-preview:-1\" \/>\n<meta name=\"bingbot\" content=\"index, follow, max-snippet:-1, max-image-preview:large, max-video-preview:-1\" \/>\n<link rel=\"canonical\" href=\"https:\/\/sudocrem.com\/rs\/terms-of-service\/\" \/>\n<meta property=\"og:locale\" content=\"en_GB\" \/>\n<meta property=\"og:type\" content=\"article\" \/>\n<meta property=\"og:title\" content=\"Odredbe - Sudocrem Serbia\" \/>\n<meta property=\"og:description\" content=\"&nbsp; Pravno obave\u0161tenje Forest Laboratories Europe i njegova (\u201cForest\u201d) odeljenja, Forest Laboratories UK, Forest Ireland i Forest Tosara, rukovode odre\u0111enim veb-sajtovima (\u201cForest veb- sajtovi\u201d) u svrhu li\u010dnog informisanja i edukacije. Zdravstvene informacije sadr\u017eane u Forest veb-sajtovima pru\u017eaju se isklju\u010divo u edukativne svrhe i nisu namenjene tome da zamene razgovor sa lekarom ili drugim pru\u017eaocima zdravstvenih [...]CONTINUE READING\" \/>\n<meta property=\"og:url\" content=\"https:\/\/sudocrem.com\/rs\/terms-of-service\/\" \/>\n<meta property=\"og:site_name\" content=\"Sudocrem Serbia\" \/>\n<meta property=\"article:modified_time\" content=\"2020-10-20T08:42:54+00:00\" \/>\n<meta name=\"twitter:card\" content=\"summary_large_image\" \/>\n<script type=\"application\/ld+json\" class=\"yoast-schema-graph\">{\"@context\":\"https:\/\/schema.org\",\"@graph\":[{\"@type\":\"WebSite\",\"@id\":\"https:\/\/sudocrem.com\/rs\/#website\",\"url\":\"https:\/\/sudocrem.com\/rs\/\",\"name\":\"Sudocrem Serbia\",\"description\":\"Just another Sudocrem International site\",\"potentialAction\":[{\"@type\":\"SearchAction\",\"target\":\"https:\/\/sudocrem.com\/rs\/?s={search_term_string}\",\"query-input\":\"required name=search_term_string\"}],\"inLanguage\":\"en-GB\"},{\"@type\":\"WebPage\",\"@id\":\"https:\/\/sudocrem.com\/rs\/terms-of-service\/#webpage\",\"url\":\"https:\/\/sudocrem.com\/rs\/terms-of-service\/\",\"name\":\"Odredbe - Sudocrem Serbia\",\"isPartOf\":{\"@id\":\"https:\/\/sudocrem.com\/rs\/#website\"},\"datePublished\":\"2018-12-11T15:50:01+00:00\",\"dateModified\":\"2020-10-20T08:42:54+00:00\",\"inLanguage\":\"en-GB\",\"potentialAction\":[{\"@type\":\"ReadAction\",\"target\":[\"https:\/\/sudocrem.com\/rs\/terms-of-service\/\"]}]}]}<\/script>\n<!-- \/ Yoast SEO plugin. -->","_links":{"self":[{"href":"https:\/\/sudocrem.com\/rs\/wp-json\/wp\/v2\/pages\/430","targetHints":{"allow":["GET"]}}],"collection":[{"href":"https:\/\/sudocrem.com\/rs\/wp-json\/wp\/v2\/pages"}],"about":[{"href":"https:\/\/sudocrem.com\/rs\/wp-json\/wp\/v2\/types\/page"}],"author":[{"embeddable":true,"href":"https:\/\/sudocrem.com\/rs\/wp-json\/wp\/v2\/users\/1"}],"replies":[{"embeddable":true,"href":"https:\/\/sudocrem.com\/rs\/wp-json\/wp\/v2\/comments?post=430"}],"version-history":[{"count":0,"href":"https:\/\/sudocrem.com\/rs\/wp-json\/wp\/v2\/pages\/430\/revisions"}],"wp:attachment":[{"href":"https:\/\/sudocrem.com\/rs\/wp-json\/wp\/v2\/media?parent=430"}],"curies":[{"name":"wp","href":"https:\/\/api.w.org\/{rel}","templated":true}]}}