

{"id":52,"date":"2018-12-10T10:44:47","date_gmt":"2018-12-10T10:44:47","guid":{"rendered":"http:\/\/www.sudocrem.co.uk\/?page_id=48"},"modified":"2020-10-20T09:43:29","modified_gmt":"2020-10-20T08:43:29","slug":"what-is-nappy-rash","status":"publish","type":"page","link":"https:\/\/sudocrem.com\/rs\/nappy-rash-hub\/what-is-nappy-rash\/","title":{"rendered":"Nappy Rash Hub &#8211; What is nappy rash?"},"content":{"rendered":"<h5>\u0160ta je pelenski osip?<\/h5>\n<p>Pelenski osip je jedno od naj\u010de\u0161\u0107ih ko\u017enih tegoba u najranijem dobu Va\u0161eg deteta. Podrazumeva iritaciju ko\u017ee na bilo kom mestu pokrivenom pelenom. Iako ovaj osip mo\u017ee biti bolan za Va\u0161e dete, dobra vest je da je ova tegoba retko kad ozbiljna.<\/p>\n<p>Pelenski osip naj\u010de\u0161\u010de poga\u0111a osetljivu ko\u017eu Va\u0161eg deteta kada postoji du\u017ei kontakt sa mokra\u0107om ili stolicom. Ovde saznajte vi\u0161e o uzrocima pelenskog osipa.<\/p>\n<p>Guza Va\u0161eg deteta mo\u017ee imati crvena mesta ili celo to podru\u010dje mo\u017ee biti crvene boje. Ko\u017ea mo\u017ee izgledati upaljeno i biti vru\u0107a na dodir. U daljem tekstu pro\u010ditajte vi\u0161e o uo\u010davanju pelenskog osipa.<\/p>\n<p>Ukoliko Va\u0161e dete pati od pelenskog osipa, mo\u017eete koristiti Sudocrem da biste umirili i za\u0161titili ne\u017enu de\u010diju ko\u017eu. Najbolji na\u010din za\u0161tite od pelenskog osipa jeste, na prvom mestu, spre\u010diti njegovu pojavu.<\/p>\n<p>Slede\u0107i koraci \u0107e biti od pomo\u0107i:<\/p>\n<ol>\n<li>Menjajte vla\u017ene ili zaprljane pelene \u0161to \u010de\u0161\u0107e. Manjim bebama je potrebno menjati ih \u010dak deset do dvanaest puta dnevno, a starijim bebama najmanje \u0161est do osam puta.<\/li>\n<li>Temeljno o\u010distite celo podru\u010dje prekriveno pelenom, koriste\u0107i obi\u010dnu vodu ili bebi-maramice, bri\u0161u\u0107i od napred prema pozadi.<\/li>\n<li>Postavite Va\u0161u bebu da le\u017ei na pe\u0161kiru i skinite pelenu na \u0161to du\u017ee vreme i \u0161to \u010de\u0161\u0107e, kako biste omogu\u0107ili da sve\u017e vazduh dopire do ko\u017ee.<\/li>\n<li>Koristite kremu koja stvara za\u0161titnu barijeru, kao \u0161to je Sudocrem.<\/li>\n<li>Ukoliko Va\u0161a beba dobije pelenski osip, koristite Sudocrem da biste umirili i za\u0161titili njenu osetljivu ko\u017eu.<\/li>\n<\/ol>\n<p>Ukoliko koristite kremu protiv pelenskog osipa, a osip je i dalje prisutan ili postane jarko crven, vla\u017ean osip sa belim ili crvenim bubuljicama koji se \u0161iri ka pregibima ko\u017ee, mo\u017eda se razvila gljivi\u010dna infekcija, tzv. mle\u010dac. Mora\u0107ete da koristite kremu protiv gljivica koju mo\u017eete dobiti na recept od Va\u0161eg lekara ili kupiti u apoteci. Za savet pitajte svog farmaceuta ili patrona\u017enu sestru.<\/p>\n<p>Povremeno pelenski osip mo\u017ee biti uporan ili povezan sa drugim ko\u017enim oboljenjem poput ekcema. Ukoliko ste zbog bilo \u010dega zabrinuti, dobro bi bilo da konsultujete Va\u0161eg lekara ili patrona\u017enu sestru.<\/p>\n","protected":false},"excerpt":{"rendered":"<p>\u0160ta je pelenski osip? Pelenski osip je jedno od naj\u010de\u0161\u0107ih ko\u017enih tegoba u najranijem dobu Va\u0161eg deteta. Podrazumeva iritaciju ko\u017ee na bilo kom mestu pokrivenom pelenom. Iako ovaj osip mo\u017ee biti bolan za Va\u0161e dete, dobra vest je da je ova tegoba retko kad ozbiljna. Pelenski osip naj\u010de\u0161\u010de poga\u0111a osetljivu ko\u017eu Va\u0161eg deteta kada postoji [&#8230;]<\/p>\n<p><a aria-label=\"Sudocrem\"  class=\"btn btn-purple round btn-secondary understrap-read-more-link\" href=\"https:\/\/sudocrem.com\/rs\/nappy-rash-hub\/what-is-nappy-rash\/\">CONTINUE READING<\/a><\/p>\n","protected":false},"author":1,"featured_media":1751,"parent":754,"menu_order":0,"comment_status":"closed","ping_status":"closed","template":"page-templates\/top-menu-page.php","meta":{"footnotes":""},"class_list":["post-52","page","type-page","status-publish","has-post-thumbnail","hentry"],"yoast_head":"<!-- This site is optimized with the Yoast SEO plugin v14.6.1 - https:\/\/yoast.com\/wordpress\/plugins\/seo\/ -->\n<title>Nappy Rash Hub - What is nappy rash? - Sudocrem Serbia<\/title>\n<meta name=\"robots\" content=\"index, follow\" \/>\n<meta name=\"googlebot\" content=\"index, follow, max-snippet:-1, max-image-preview:large, max-video-preview:-1\" \/>\n<meta name=\"bingbot\" content=\"index, follow, max-snippet:-1, max-image-preview:large, max-video-preview:-1\" \/>\n<link rel=\"canonical\" href=\"https:\/\/sudocrem.com\/rs\/nappy-rash-hub\/what-is-nappy-rash\/\" \/>\n<meta property=\"og:locale\" content=\"en_GB\" \/>\n<meta property=\"og:type\" content=\"article\" \/>\n<meta property=\"og:title\" content=\"Nappy Rash Hub - What is nappy rash? - Sudocrem Serbia\" \/>\n<meta property=\"og:description\" content=\"\u0160ta je pelenski osip? Pelenski osip je jedno od naj\u010de\u0161\u0107ih ko\u017enih tegoba u najranijem dobu Va\u0161eg deteta. Podrazumeva iritaciju ko\u017ee na bilo kom mestu pokrivenom pelenom. Iako ovaj osip mo\u017ee biti bolan za Va\u0161e dete, dobra vest je da je ova tegoba retko kad ozbiljna. Pelenski osip naj\u010de\u0161\u010de poga\u0111a osetljivu ko\u017eu Va\u0161eg deteta kada postoji [...]CONTINUE READING\" \/>\n<meta property=\"og:url\" content=\"https:\/\/sudocrem.com\/rs\/nappy-rash-hub\/what-is-nappy-rash\/\" \/>\n<meta property=\"og:site_name\" content=\"Sudocrem Serbia\" \/>\n<meta property=\"article:modified_time\" content=\"2020-10-20T08:43:29+00:00\" \/>\n<meta property=\"og:image\" content=\"https:\/\/sudocrem.com\/rs\/wp-content\/uploads\/sites\/19\/2020\/07\/Sud_Nappy-rash_Top-banner.jpg\" \/>\n\t<meta property=\"og:image:width\" content=\"1920\" \/>\n\t<meta property=\"og:image:height\" content=\"742\" \/>\n<meta name=\"twitter:card\" content=\"summary_large_image\" \/>\n<script type=\"application\/ld+json\" class=\"yoast-schema-graph\">{\"@context\":\"https:\/\/schema.org\",\"@graph\":[{\"@type\":\"WebSite\",\"@id\":\"https:\/\/sudocrem.com\/rs\/#website\",\"url\":\"https:\/\/sudocrem.com\/rs\/\",\"name\":\"Sudocrem Serbia\",\"description\":\"Just another Sudocrem International site\",\"potentialAction\":[{\"@type\":\"SearchAction\",\"target\":\"https:\/\/sudocrem.com\/rs\/?s={search_term_string}\",\"query-input\":\"required name=search_term_string\"}],\"inLanguage\":\"en-GB\"},{\"@type\":\"ImageObject\",\"@id\":\"https:\/\/sudocrem.com\/rs\/nappy-rash-hub\/what-is-nappy-rash\/#primaryimage\",\"inLanguage\":\"en-GB\",\"url\":\"https:\/\/sudocrem.com\/rs\/wp-content\/uploads\/sites\/19\/2020\/07\/Sud_Nappy-rash_Top-banner.jpg\",\"width\":1920,\"height\":742},{\"@type\":\"WebPage\",\"@id\":\"https:\/\/sudocrem.com\/rs\/nappy-rash-hub\/what-is-nappy-rash\/#webpage\",\"url\":\"https:\/\/sudocrem.com\/rs\/nappy-rash-hub\/what-is-nappy-rash\/\",\"name\":\"Nappy Rash Hub - What is nappy rash? - Sudocrem Serbia\",\"isPartOf\":{\"@id\":\"https:\/\/sudocrem.com\/rs\/#website\"},\"primaryImageOfPage\":{\"@id\":\"https:\/\/sudocrem.com\/rs\/nappy-rash-hub\/what-is-nappy-rash\/#primaryimage\"},\"datePublished\":\"2018-12-10T10:44:47+00:00\",\"dateModified\":\"2020-10-20T08:43:29+00:00\",\"inLanguage\":\"en-GB\",\"potentialAction\":[{\"@type\":\"ReadAction\",\"target\":[\"https:\/\/sudocrem.com\/rs\/nappy-rash-hub\/what-is-nappy-rash\/\"]}]}]}<\/script>\n<!-- \/ Yoast SEO plugin. -->","_links":{"self":[{"href":"https:\/\/sudocrem.com\/rs\/wp-json\/wp\/v2\/pages\/52","targetHints":{"allow":["GET"]}}],"collection":[{"href":"https:\/\/sudocrem.com\/rs\/wp-json\/wp\/v2\/pages"}],"about":[{"href":"https:\/\/sudocrem.com\/rs\/wp-json\/wp\/v2\/types\/page"}],"author":[{"embeddable":true,"href":"https:\/\/sudocrem.com\/rs\/wp-json\/wp\/v2\/users\/1"}],"replies":[{"embeddable":true,"href":"https:\/\/sudocrem.com\/rs\/wp-json\/wp\/v2\/comments?post=52"}],"version-history":[{"count":0,"href":"https:\/\/sudocrem.com\/rs\/wp-json\/wp\/v2\/pages\/52\/revisions"}],"up":[{"embeddable":true,"href":"https:\/\/sudocrem.com\/rs\/wp-json\/wp\/v2\/pages\/754"}],"wp:featuredmedia":[{"embeddable":true,"href":"https:\/\/sudocrem.com\/rs\/wp-json\/wp\/v2\/media\/1751"}],"wp:attachment":[{"href":"https:\/\/sudocrem.com\/rs\/wp-json\/wp\/v2\/media?parent=52"}],"curies":[{"name":"wp","href":"https:\/\/api.w.org\/{rel}","templated":true}]}}