

{"id":575,"date":"2018-12-12T11:33:42","date_gmt":"2018-12-12T11:33:42","guid":{"rendered":"http:\/\/www.sudocrem.co.uk\/?page_id=575"},"modified":"2020-10-22T11:25:49","modified_gmt":"2020-10-22T10:25:49","slug":"our-history","status":"publish","type":"page","link":"https:\/\/sudocrem.com\/rs\/our-history\/","title":{"rendered":"Istorijat"},"content":{"rendered":"<h5>Sudocrem umiruje ko\u017eu od 1931. godine<\/h5>\n<p>Na\u0161a pri\u010da po\u010dinje 1931. godine kada je Profesor farmacije Thomas Smith razvio jedinstvenu formulu aktivnih sastojaka koja je objedinila najbolje iz prirode i nauke kako bi efikasno umirila i pomogla u le\u010denju pelenskog osipa kod beba, kao i drugih stanja ko\u017ee.<br \/>\nKoristite samo prema uputstvu. Ukoliko simptomi potraju du\u017ee ili se pojave ne\u017eeljena dejstva, molimo posavetujte se sa svojim lekarom ili farmaceutom.<\/p>\n","protected":false},"excerpt":{"rendered":"<p>Sudocrem umiruje ko\u017eu od 1931. godine Na\u0161a pri\u010da po\u010dinje 1931. godine kada je Profesor farmacije Thomas Smith razvio jedinstvenu formulu aktivnih sastojaka koja je objedinila najbolje iz prirode i nauke kako bi efikasno umirila i pomogla u le\u010denju pelenskog osipa kod beba, kao i drugih stanja ko\u017ee. Koristite samo prema uputstvu. Ukoliko simptomi potraju du\u017ee [&#8230;]<\/p>\n<p><a aria-label=\"Sudocrem\"  class=\"btn btn-purple round btn-secondary understrap-read-more-link\" href=\"https:\/\/sudocrem.com\/rs\/our-history\/\">CONTINUE READING<\/a><\/p>\n","protected":false},"author":1,"featured_media":1737,"parent":0,"menu_order":0,"comment_status":"closed","ping_status":"closed","template":"page-templates\/history-page.php","meta":{"footnotes":""},"class_list":["post-575","page","type-page","status-publish","has-post-thumbnail","hentry"],"yoast_head":"<!-- This site is optimized with the Yoast SEO plugin v14.6.1 - https:\/\/yoast.com\/wordpress\/plugins\/seo\/ -->\n<title>Istorijat - Sudocrem Serbia<\/title>\n<meta name=\"robots\" content=\"index, follow\" \/>\n<meta name=\"googlebot\" content=\"index, follow, max-snippet:-1, max-image-preview:large, max-video-preview:-1\" \/>\n<meta name=\"bingbot\" content=\"index, follow, max-snippet:-1, max-image-preview:large, max-video-preview:-1\" \/>\n<link rel=\"canonical\" href=\"https:\/\/sudocrem.com\/rs\/our-history\/\" \/>\n<meta property=\"og:locale\" content=\"en_GB\" \/>\n<meta property=\"og:type\" content=\"article\" \/>\n<meta property=\"og:title\" content=\"Istorijat - Sudocrem Serbia\" \/>\n<meta property=\"og:description\" content=\"Sudocrem umiruje ko\u017eu od 1931. godine Na\u0161a pri\u010da po\u010dinje 1931. godine kada je Profesor farmacije Thomas Smith razvio jedinstvenu formulu aktivnih sastojaka koja je objedinila najbolje iz prirode i nauke kako bi efikasno umirila i pomogla u le\u010denju pelenskog osipa kod beba, kao i drugih stanja ko\u017ee. Koristite samo prema uputstvu. Ukoliko simptomi potraju du\u017ee [...]CONTINUE READING\" \/>\n<meta property=\"og:url\" content=\"https:\/\/sudocrem.com\/rs\/our-history\/\" \/>\n<meta property=\"og:site_name\" content=\"Sudocrem Serbia\" \/>\n<meta property=\"article:modified_time\" content=\"2020-10-22T10:25:49+00:00\" \/>\n<meta property=\"og:image\" content=\"https:\/\/sudocrem.com\/rs\/wp-content\/uploads\/sites\/19\/2020\/07\/Sud_History_Top-banner.jpg\" \/>\n\t<meta property=\"og:image:width\" content=\"1920\" \/>\n\t<meta property=\"og:image:height\" content=\"1079\" \/>\n<meta name=\"twitter:card\" content=\"summary_large_image\" \/>\n<script type=\"application\/ld+json\" class=\"yoast-schema-graph\">{\"@context\":\"https:\/\/schema.org\",\"@graph\":[{\"@type\":\"WebSite\",\"@id\":\"https:\/\/sudocrem.com\/rs\/#website\",\"url\":\"https:\/\/sudocrem.com\/rs\/\",\"name\":\"Sudocrem Serbia\",\"description\":\"Just another Sudocrem International site\",\"potentialAction\":[{\"@type\":\"SearchAction\",\"target\":\"https:\/\/sudocrem.com\/rs\/?s={search_term_string}\",\"query-input\":\"required name=search_term_string\"}],\"inLanguage\":\"en-GB\"},{\"@type\":\"ImageObject\",\"@id\":\"https:\/\/sudocrem.com\/rs\/our-history\/#primaryimage\",\"inLanguage\":\"en-GB\",\"url\":\"https:\/\/sudocrem.com\/rs\/wp-content\/uploads\/sites\/19\/2020\/07\/Sud_History_Top-banner.jpg\",\"width\":1920,\"height\":1079},{\"@type\":\"WebPage\",\"@id\":\"https:\/\/sudocrem.com\/rs\/our-history\/#webpage\",\"url\":\"https:\/\/sudocrem.com\/rs\/our-history\/\",\"name\":\"Istorijat - Sudocrem Serbia\",\"isPartOf\":{\"@id\":\"https:\/\/sudocrem.com\/rs\/#website\"},\"primaryImageOfPage\":{\"@id\":\"https:\/\/sudocrem.com\/rs\/our-history\/#primaryimage\"},\"datePublished\":\"2018-12-12T11:33:42+00:00\",\"dateModified\":\"2020-10-22T10:25:49+00:00\",\"inLanguage\":\"en-GB\",\"potentialAction\":[{\"@type\":\"ReadAction\",\"target\":[\"https:\/\/sudocrem.com\/rs\/our-history\/\"]}]}]}<\/script>\n<!-- \/ Yoast SEO plugin. -->","_links":{"self":[{"href":"https:\/\/sudocrem.com\/rs\/wp-json\/wp\/v2\/pages\/575","targetHints":{"allow":["GET"]}}],"collection":[{"href":"https:\/\/sudocrem.com\/rs\/wp-json\/wp\/v2\/pages"}],"about":[{"href":"https:\/\/sudocrem.com\/rs\/wp-json\/wp\/v2\/types\/page"}],"author":[{"embeddable":true,"href":"https:\/\/sudocrem.com\/rs\/wp-json\/wp\/v2\/users\/1"}],"replies":[{"embeddable":true,"href":"https:\/\/sudocrem.com\/rs\/wp-json\/wp\/v2\/comments?post=575"}],"version-history":[{"count":0,"href":"https:\/\/sudocrem.com\/rs\/wp-json\/wp\/v2\/pages\/575\/revisions"}],"wp:featuredmedia":[{"embeddable":true,"href":"https:\/\/sudocrem.com\/rs\/wp-json\/wp\/v2\/media\/1737"}],"wp:attachment":[{"href":"https:\/\/sudocrem.com\/rs\/wp-json\/wp\/v2\/media?parent=575"}],"curies":[{"name":"wp","href":"https:\/\/api.w.org\/{rel}","templated":true}]}}