

{"id":9,"date":"2020-07-03T12:05:30","date_gmt":"2020-07-03T12:05:30","guid":{"rendered":"http:\/\/sudocreminternational.local\/?page_id=3"},"modified":"2020-09-25T14:30:48","modified_gmt":"2020-09-25T13:30:48","slug":"privacy-policy","status":"publish","type":"page","link":"https:\/\/sudocrem.com\/rs\/privacy-policy\/","title":{"rendered":"Na\u010delo privatnosti"},"content":{"rendered":"\r\n<div class=\"container\">\r\n<div id=\"page\" class=\"site\">\r\n<div id=\"content\" class=\"site-content  rs privacy\">\r\n<div class=\"row\">\r\n<div class=\"full-12\">\r\n<div id=\"primary\" class=\"content-area  rs privacy\"><main id=\"main\" class=\"site-main\" role=\"main\">\r\n<article id=\"post-166\" class=\"post-166 page type-page status-publish hentry\">\r\n<div class=\"entry-content  rs privacy\">\r\n<div class=\"legalContent\">\r\n<div class=\"mav-content-section\" data-content-name=\"privacy\">\r\n<p>Ovim sajtom upravlja Forest Laboratories Europe. Na\u0161e na\u010delo privatnosti ima za svrhu da Vas uputi u na\u010dela koja upravljaju na\u0161om kolekcijom, upotrebom i otkrivanjem informacija koje mo\u017eete pru\u017eati putem na\u0161ih veb-sajtova. Pre upotrebe ili podno\u0161enja informacija na ovom veb-sajtu, molimo da pro\u010ditate kompletno na\u010delo privatnosti. Ovaj sajt se rukovodi isklju\u010divo va\u017ee\u0107im zakonima Ujedinjenog Kraljevstva i vladinim propisima. Upotreba ovog sajta podrazumeva Va\u0161 pristanak na primenu tih zakona i propisa i na na\u0161e na\u010delo privatnosti.<\/p>\r\n<p>&nbsp;<\/p>\r\n<h5 class=\"wp-block-heading\">Upotreba i otkrivanje informacija<\/h5>\r\n<p>Va\u0161e ime, adresa, e-mail adresa i sve druge li\u010dne identifikacione informacije koje dostavite mogu koristiti Forest Laboratories, njegovi poslovni partneri i konsultanti kako bi Vas informisali o proizvodima Forest laboratories ili zdravstvenim pitanjima, ili da bi razvijali usluge koje se odnose na zdravstvena stanja. Forest Laboratories ne\u0107e prodavati niti iznajmljivati tre\u0107im stranama li\u010dne identifikacione informacije koje prikupi putem ovog sajta. Zadr\u017eavamo pravo da otkrijemo informacije kao odgovor na propisno ovla\u0161\u0107en zahtev od strane vladinih organa ili u slu\u010daju kada se to zakonom zahteva.<\/p>\r\n<p>Mo\u017eete u svakom trenutku obavestiti Forest Laboratories da ne \u017eelite vi\u0161e da primate informacije (pogledajte \u201cKontaktirajte nas\u201d).<\/p>\r\n<p>Kori\u0161\u0107enjem ovog sajta saglasni ste sa odredbama ovog na\u010dela privatnosti. Kad god podnesete informacije putem ovog sajta, saglasni ste sa prikupljanjem, upotrebom i otkrivanjem tih informacija u skladu sa ovim na\u010delom privatnosti.<\/p>\r\n<p>&nbsp;<\/p>\r\n<h5>Bezbednost<\/h5>\r\n<p>Molimo imajte na umu da nijedan prenos putem Interneta nije nikada 100% bezbedan ili bez gre\u0161aka. Preciznije re\u010deno, e-mail poslat na ovaj sajt ili sa ovog sajta mo\u017ee biti nebezbedan. Kao rezultat toga, treba da posebno vodite ra\u010duna pri odlu\u010divanju koje \u0107ete informacije poslati putem e-mail-a. Bilo kakve lozinke, ID brojevi ili drugi specijalni pristupni brojevi koje mo\u017eda koristite za pristup bilo kojem delu ovog sajta su Va\u0161a odgovornost; vodite ra\u010duna o njihovom bezbednom \u010duvanju. Forest Laboratories preduzima razumne korake da za\u0161titi Va\u0161e li\u010dne identifikacione podatke od gubitka, zloupotrebe i neovla\u0161\u0107enog pristupa, otkrivanja, izmene ili uni\u0161tenja.<\/p>\r\n<p>&nbsp;<\/p>\r\n<h5>Linkovi ka drugim veb-sajtovima<\/h5>\r\n<p>Linkovi ili reference ka drugim veb-sajtovima mogu se pojaviti u okviru ovog sajta. Mi ne kontroli\u0161emo te veb-sajtove. Morate biti svesni da se ovo na\u010delo privatnosti ne odnosi na bilo koje veb-sajtove, osim na one kojima upravlja Forest Laboratories. Posetioci drugih veb-sajtova se podsti\u010du da pro\u010ditaju njihova na\u010dela privatnosti pre nego \u0161to po\u010dnu da ih pretra\u017euju.<\/p>\r\n<p>&nbsp;<\/p>\r\n<h5>O deci<\/h5>\r\n<p>Deci uzrasta ispod 13 godina ovaj sajt nije namenjen. Od posetilaca sajta u ovoj starosnoj grupi ne\u0107emo namerno prikupljati informacije. Podsti\u010demo roditelje da se upoznaju sa na\u010dinom na koji njihova deca koriste Internet i da ih upute u to koju vrstu informacija smeju da otkriju na veb-sajtovima.<\/p>\r\n<p>&nbsp;<\/p>\r\n<h5>Izmene u ovom na\u010delu privatnosti<\/h5>\r\n<p>Forest Laboratories Europe zadr\u017eava pravo da menja, dodaje ili uklanja delove ovog na\u010dela privatnosti prema svojoj odluci. Sve izmene u ovom na\u010delu privatnosti \u0107e biti objavljene na ovom sajtu. Molimo da periodi\u010dno proveravate svaku li\u010dnu identifikacionu informaciju, a naro\u010dito pre nego \u0161to je dostavite. Ovo na\u010delo privatnosti je poslednji put a\u017eurirano 30. juna 2005. godine<\/p>\r\n<\/div>\r\n<\/div>\r\n<\/div>\r\n<footer class=\"entry-footer\"><\/footer><\/article>\r\n<\/main><\/div>\r\n<\/div>\r\n<\/div>\r\n<\/div>\r\n<\/div>\r\n<\/div>\r\n<div class=\"container footer\">\u00a0<\/div>\r\n","protected":false},"excerpt":{"rendered":"<p>Ovim sajtom upravlja Forest Laboratories Europe. Na\u0161e na\u010delo privatnosti ima za svrhu da Vas uputi u na\u010dela koja upravljaju na\u0161om kolekcijom, upotrebom i otkrivanjem informacija koje mo\u017eete pru\u017eati putem na\u0161ih veb-sajtova. Pre upotrebe ili podno\u0161enja informacija na ovom veb-sajtu, molimo da pro\u010ditate kompletno na\u010delo privatnosti. Ovaj sajt se rukovodi isklju\u010divo va\u017ee\u0107im zakonima Ujedinjenog Kraljevstva i [&#8230;]<\/p>\n<p><a aria-label=\"Sudocrem\"  class=\"btn btn-purple round btn-secondary understrap-read-more-link\" href=\"https:\/\/sudocrem.com\/rs\/privacy-policy\/\">CONTINUE READING<\/a><\/p>\n","protected":false},"author":1,"featured_media":0,"parent":0,"menu_order":0,"comment_status":"closed","ping_status":"open","template":"page-templates\/legal-page.php","meta":{"footnotes":""},"class_list":["post-9","page","type-page","status-publish","hentry"],"yoast_head":"<!-- This site is optimized with the Yoast SEO plugin v14.6.1 - https:\/\/yoast.com\/wordpress\/plugins\/seo\/ -->\n<title>Na\u010delo privatnosti - Sudocrem Serbia<\/title>\n<meta name=\"robots\" content=\"index, follow\" \/>\n<meta name=\"googlebot\" content=\"index, follow, max-snippet:-1, max-image-preview:large, max-video-preview:-1\" \/>\n<meta name=\"bingbot\" content=\"index, follow, max-snippet:-1, max-image-preview:large, max-video-preview:-1\" \/>\n<link rel=\"canonical\" href=\"https:\/\/sudocrem.com\/rs\/privacy-policy\/\" \/>\n<meta property=\"og:locale\" content=\"en_GB\" \/>\n<meta property=\"og:type\" content=\"article\" \/>\n<meta property=\"og:title\" content=\"Na\u010delo privatnosti - Sudocrem Serbia\" \/>\n<meta property=\"og:description\" content=\"Ovim sajtom upravlja Forest Laboratories Europe. Na\u0161e na\u010delo privatnosti ima za svrhu da Vas uputi u na\u010dela koja upravljaju na\u0161om kolekcijom, upotrebom i otkrivanjem informacija koje mo\u017eete pru\u017eati putem na\u0161ih veb-sajtova. Pre upotrebe ili podno\u0161enja informacija na ovom veb-sajtu, molimo da pro\u010ditate kompletno na\u010delo privatnosti. Ovaj sajt se rukovodi isklju\u010divo va\u017ee\u0107im zakonima Ujedinjenog Kraljevstva i [...]CONTINUE READING\" \/>\n<meta property=\"og:url\" content=\"https:\/\/sudocrem.com\/rs\/privacy-policy\/\" \/>\n<meta property=\"og:site_name\" content=\"Sudocrem Serbia\" \/>\n<meta property=\"article:modified_time\" content=\"2020-09-25T13:30:48+00:00\" \/>\n<meta name=\"twitter:card\" content=\"summary_large_image\" \/>\n<script type=\"application\/ld+json\" class=\"yoast-schema-graph\">{\"@context\":\"https:\/\/schema.org\",\"@graph\":[{\"@type\":\"WebSite\",\"@id\":\"https:\/\/sudocrem.com\/rs\/#website\",\"url\":\"https:\/\/sudocrem.com\/rs\/\",\"name\":\"Sudocrem Serbia\",\"description\":\"Just another Sudocrem International site\",\"potentialAction\":[{\"@type\":\"SearchAction\",\"target\":\"https:\/\/sudocrem.com\/rs\/?s={search_term_string}\",\"query-input\":\"required name=search_term_string\"}],\"inLanguage\":\"en-GB\"},{\"@type\":\"WebPage\",\"@id\":\"https:\/\/sudocrem.com\/rs\/privacy-policy\/#webpage\",\"url\":\"https:\/\/sudocrem.com\/rs\/privacy-policy\/\",\"name\":\"Na\\u010delo privatnosti - Sudocrem Serbia\",\"isPartOf\":{\"@id\":\"https:\/\/sudocrem.com\/rs\/#website\"},\"datePublished\":\"2020-07-03T12:05:30+00:00\",\"dateModified\":\"2020-09-25T13:30:48+00:00\",\"inLanguage\":\"en-GB\",\"potentialAction\":[{\"@type\":\"ReadAction\",\"target\":[\"https:\/\/sudocrem.com\/rs\/privacy-policy\/\"]}]}]}<\/script>\n<!-- \/ Yoast SEO plugin. -->","_links":{"self":[{"href":"https:\/\/sudocrem.com\/rs\/wp-json\/wp\/v2\/pages\/9","targetHints":{"allow":["GET"]}}],"collection":[{"href":"https:\/\/sudocrem.com\/rs\/wp-json\/wp\/v2\/pages"}],"about":[{"href":"https:\/\/sudocrem.com\/rs\/wp-json\/wp\/v2\/types\/page"}],"author":[{"embeddable":true,"href":"https:\/\/sudocrem.com\/rs\/wp-json\/wp\/v2\/users\/1"}],"replies":[{"embeddable":true,"href":"https:\/\/sudocrem.com\/rs\/wp-json\/wp\/v2\/comments?post=9"}],"version-history":[{"count":0,"href":"https:\/\/sudocrem.com\/rs\/wp-json\/wp\/v2\/pages\/9\/revisions"}],"wp:attachment":[{"href":"https:\/\/sudocrem.com\/rs\/wp-json\/wp\/v2\/media?parent=9"}],"curies":[{"name":"wp","href":"https:\/\/api.w.org\/{rel}","templated":true}]}}