

{"id":170,"date":"2018-12-10T16:34:08","date_gmt":"2018-12-10T16:34:08","guid":{"rendered":"http:\/\/www.sudocrem.co.uk\/?page_id=170"},"modified":"2024-06-21T14:29:37","modified_gmt":"2024-06-21T12:29:37","slug":"ako-sa-ma-pouzivat","status":"publish","type":"page","link":"https:\/\/sudocrem.com\/sk\/sudocrem\/ako-sa-ma-pouzivat\/","title":{"rendered":"Ako sa m\u00e1 pou\u017e\u00edva\u0165"},"content":{"rendered":"<h5>Ako pou\u017e\u00edva\u0165 Sudocrem MULTI-EXPERT<\/h5>\n<p><strong>Krok 1:<\/strong> Uistite sa, \u017ee postihnut\u00e1 oblas\u0165 s podr\u00e1\u017edenou poko\u017ekou je pred nanesen\u00edm kr\u00e9mu \u010dist\u00e1.<\/p>\n<p><strong>Krok 2:<\/strong> Pred aplik\u00e1ciou si umyte a osu\u0161te ruky, naberte mal\u00e9 mno\u017estvo ochrann\u00e9ho kr\u00e9mu Sudocrem MULTI-EXPERT na kon\u010deky prstov.<\/p>\n<p><strong>Krok 3:<\/strong> Jemne rozotrite tenk\u00fa vrstvu ochrann\u00e9ho kr\u00e9mu na \u010dist\u00fa poko\u017eku.<\/p>\n<p><strong>Krok 4:<\/strong> Po aplik\u00e1cii si umyte ruky.<\/p>\n<p>&nbsp;<\/p>\n<p>Tieto kroky opakujte v priebehu d\u0148a tak \u010dasto, ako je to potrebn\u00e9.<br \/>\nPokia\u013e sa stav podr\u00e1\u017edenej poko\u017eky nezlep\u0161\u00ed alebo sa stav e\u0161te zhor\u0161\u00ed, pora\u010fte sa s lek\u00e1rom.<br \/>\nNepou\u017e\u00edvajte pri zn\u00e1mej precitlivenosti na niektor\u00fa zo zlo\u017eiek pr\u00edpravku.<\/p>\n","protected":false},"excerpt":{"rendered":"<p>Ako pou\u017e\u00edva\u0165 Sudocrem MULTI-EXPERT Krok 1: Uistite sa, \u017ee postihnut\u00e1 oblas\u0165 s podr\u00e1\u017edenou poko\u017ekou je pred nanesen\u00edm kr\u00e9mu \u010dist\u00e1. Krok 2: Pred aplik\u00e1ciou si umyte a osu\u0161te ruky, naberte mal\u00e9 mno\u017estvo ochrann\u00e9ho kr\u00e9mu Sudocrem MULTI-EXPERT na kon\u010deky prstov. Krok 3: Jemne rozotrite tenk\u00fa vrstvu ochrann\u00e9ho kr\u00e9mu na \u010dist\u00fa poko\u017eku. Krok 4: Po aplik\u00e1cii si umyte [&#8230;]<\/p>\n<p><a aria-label=\"Sudocrem\"  class=\"btn btn-purple round btn-secondary understrap-read-more-link\" href=\"https:\/\/sudocrem.com\/sk\/sudocrem\/ako-sa-ma-pouzivat\/\">CONTINUE READING<\/a><\/p>\n","protected":false},"author":2,"featured_media":2117,"parent":741,"menu_order":2,"comment_status":"closed","ping_status":"closed","template":"page-templates\/top-menu-page.php","meta":{"footnotes":""},"class_list":["post-170","page","type-page","status-publish","has-post-thumbnail","hentry"],"yoast_head":"<!-- This site is optimized with the Yoast SEO plugin v14.6.1 - https:\/\/yoast.com\/wordpress\/plugins\/seo\/ -->\n<title>Ako sa m\u00e1 pou\u017e\u00edva\u0165 - Sudocrem Slovakia<\/title>\n<meta name=\"robots\" content=\"index, follow\" \/>\n<meta name=\"googlebot\" content=\"index, follow, max-snippet:-1, max-image-preview:large, max-video-preview:-1\" \/>\n<meta name=\"bingbot\" content=\"index, follow, max-snippet:-1, max-image-preview:large, max-video-preview:-1\" \/>\n<link rel=\"canonical\" href=\"https:\/\/sudocrem.com\/sk\/sudocrem\/ako-sa-ma-pouzivat\/\" \/>\n<meta property=\"og:locale\" content=\"sk_SK\" \/>\n<meta property=\"og:type\" content=\"article\" \/>\n<meta property=\"og:title\" content=\"Ako sa m\u00e1 pou\u017e\u00edva\u0165 - Sudocrem Slovakia\" \/>\n<meta property=\"og:description\" content=\"Ako pou\u017e\u00edva\u0165 Sudocrem MULTI-EXPERT Krok 1: Uistite sa, \u017ee postihnut\u00e1 oblas\u0165 s podr\u00e1\u017edenou poko\u017ekou je pred nanesen\u00edm kr\u00e9mu \u010dist\u00e1. Krok 2: Pred aplik\u00e1ciou si umyte a osu\u0161te ruky, naberte mal\u00e9 mno\u017estvo ochrann\u00e9ho kr\u00e9mu Sudocrem MULTI-EXPERT na kon\u010deky prstov. Krok 3: Jemne rozotrite tenk\u00fa vrstvu ochrann\u00e9ho kr\u00e9mu na \u010dist\u00fa poko\u017eku. Krok 4: Po aplik\u00e1cii si umyte [...]CONTINUE READING\" \/>\n<meta property=\"og:url\" content=\"https:\/\/sudocrem.com\/sk\/sudocrem\/ako-sa-ma-pouzivat\/\" \/>\n<meta property=\"og:site_name\" content=\"Sudocrem Slovakia\" \/>\n<meta property=\"article:modified_time\" content=\"2024-06-21T12:29:37+00:00\" \/>\n<meta property=\"og:image\" content=\"https:\/\/sudocrem.com\/sk\/wp-content\/uploads\/sites\/50\/2024\/06\/sk-combined-packshots-opt.jpg\" \/>\n\t<meta property=\"og:image:width\" content=\"2809\" \/>\n\t<meta property=\"og:image:height\" content=\"1200\" \/>\n<meta name=\"twitter:card\" content=\"summary_large_image\" \/>\n<script type=\"application\/ld+json\" class=\"yoast-schema-graph\">{\"@context\":\"https:\/\/schema.org\",\"@graph\":[{\"@type\":\"WebSite\",\"@id\":\"https:\/\/sudocrem.com\/sk\/#website\",\"url\":\"https:\/\/sudocrem.com\/sk\/\",\"name\":\"Sudocrem Slovakia\",\"description\":\"Just another Sudocrem International site\",\"potentialAction\":[{\"@type\":\"SearchAction\",\"target\":\"https:\/\/sudocrem.com\/sk\/?s={search_term_string}\",\"query-input\":\"required name=search_term_string\"}],\"inLanguage\":\"sk-SK\"},{\"@type\":\"ImageObject\",\"@id\":\"https:\/\/sudocrem.com\/sk\/sudocrem\/ako-sa-ma-pouzivat\/#primaryimage\",\"inLanguage\":\"sk-SK\",\"url\":\"https:\/\/sudocrem.com\/sk\/wp-content\/uploads\/sites\/50\/2024\/06\/sk-combined-packshots-opt.jpg\",\"width\":2809,\"height\":1200,\"caption\":\"sk-combined-packshots-opt\"},{\"@type\":\"WebPage\",\"@id\":\"https:\/\/sudocrem.com\/sk\/sudocrem\/ako-sa-ma-pouzivat\/#webpage\",\"url\":\"https:\/\/sudocrem.com\/sk\/sudocrem\/ako-sa-ma-pouzivat\/\",\"name\":\"Ako sa m\\u00e1 pou\\u017e\\u00edva\\u0165 - Sudocrem Slovakia\",\"isPartOf\":{\"@id\":\"https:\/\/sudocrem.com\/sk\/#website\"},\"primaryImageOfPage\":{\"@id\":\"https:\/\/sudocrem.com\/sk\/sudocrem\/ako-sa-ma-pouzivat\/#primaryimage\"},\"datePublished\":\"2018-12-10T16:34:08+00:00\",\"dateModified\":\"2024-06-21T12:29:37+00:00\",\"inLanguage\":\"sk-SK\",\"potentialAction\":[{\"@type\":\"ReadAction\",\"target\":[\"https:\/\/sudocrem.com\/sk\/sudocrem\/ako-sa-ma-pouzivat\/\"]}]}]}<\/script>\n<!-- \/ Yoast SEO plugin. -->","_links":{"self":[{"href":"https:\/\/sudocrem.com\/sk\/wp-json\/wp\/v2\/pages\/170","targetHints":{"allow":["GET"]}}],"collection":[{"href":"https:\/\/sudocrem.com\/sk\/wp-json\/wp\/v2\/pages"}],"about":[{"href":"https:\/\/sudocrem.com\/sk\/wp-json\/wp\/v2\/types\/page"}],"author":[{"embeddable":true,"href":"https:\/\/sudocrem.com\/sk\/wp-json\/wp\/v2\/users\/2"}],"replies":[{"embeddable":true,"href":"https:\/\/sudocrem.com\/sk\/wp-json\/wp\/v2\/comments?post=170"}],"version-history":[{"count":0,"href":"https:\/\/sudocrem.com\/sk\/wp-json\/wp\/v2\/pages\/170\/revisions"}],"up":[{"embeddable":true,"href":"https:\/\/sudocrem.com\/sk\/wp-json\/wp\/v2\/pages\/741"}],"wp:featuredmedia":[{"embeddable":true,"href":"https:\/\/sudocrem.com\/sk\/wp-json\/wp\/v2\/media\/2117"}],"wp:attachment":[{"href":"https:\/\/sudocrem.com\/sk\/wp-json\/wp\/v2\/media?parent=170"}],"curies":[{"name":"wp","href":"https:\/\/api.w.org\/{rel}","templated":true}]}}