

{"id":172,"date":"2018-12-10T16:34:48","date_gmt":"2018-12-10T16:34:48","guid":{"rendered":"http:\/\/www.sudocrem.co.uk\/?page_id=172"},"modified":"2024-06-21T14:30:58","modified_gmt":"2024-06-21T12:30:58","slug":"zlozenie","status":"publish","type":"page","link":"https:\/\/sudocrem.com\/sk\/sudocrem\/zlozenie\/","title":{"rendered":"Zlo\u017eenie"},"content":{"rendered":"<h5>Zlo\u017eenie pr\u00edpravku<\/h5>\n<p>Zlo\u017eenie pr\u00edpravku zostalo takmer nezmenen\u00e9 od roku 1931. Formula d\u00e1va pr\u00edpravku vlastnosti, v\u010faka ktor\u00fdm upokojuje a podporuje lie\u010dbu podr\u00e1\u017edenej poko\u017eky a navy\u0161e citliv\u00fa poko\u017eku chr\u00e1ni.<\/p>\n<ul>\n<li>Vytv\u00e1ra ochrann\u00fa bari\u00e9ru: Kr\u00e9m vytv\u00e1ra bari\u00e9ru, ktor\u00e1 chr\u00e1ni poko\u017eku pred podr\u00e1\u017eden\u00edm a tie\u017e podporuje lie\u010dbu naru\u0161enej a podr\u00e1\u017edenej poko\u017eky.<\/li>\n<li>Pom\u00e1ha p\u00f4sobi\u0165 proti z\u00e1palu: Sudocrem MULTI-EXPERT obsahuje <b>oxid zino\u010dnat\u00fd<\/b>, ktor\u00fd pom\u00e1ha p\u00f4sobi\u0165 proti z\u00e1palu, pom\u00e1ha upokoji\u0165 poko\u017eku a zmierni\u0165 jej podr\u00e1\u017edenie a za\u010dervenanie.<\/li>\n<li>Pom\u00e1ha poko\u017eke navr\u00e1ti\u0165 jej vl\u00e1\u010dnos\u0165: Sudocrem MULTI-EXPERT v\u010faka obsahu <b>lanol\u00ednu<\/b> pom\u00e1ha upokojova\u0165 poko\u017eku a navr\u00e1ti\u0165 jej jej vl\u00e1\u010dnos\u0165.<\/li>\n<\/ul>\n<p>\u010eal\u0161\u00edmi zlo\u017ekami s\u00fa tie\u017e: benzylalkohol, benzylbenzo\u00e1t a benzylcinam\u00e1t.<\/p>\n<p>&nbsp;<\/p>\n<p>Ochrann\u00fd kr\u00e9m Sudocrem MULTI-EXPERT je dostupn\u00fd vo ve\u013ekostiach:<br \/>\n60 g, 125 g, 250 g, 400 g<\/p>\n<p>&nbsp;<\/p>\n<p>Pre n\u00e1kup online kliknite na <a href=\"\/sk\/kde-sa-da-kupit\/\">Kde k\u00fapi\u0165<\/a>.<\/p>\n","protected":false},"excerpt":{"rendered":"<p>Zlo\u017eenie pr\u00edpravku Zlo\u017eenie pr\u00edpravku zostalo takmer nezmenen\u00e9 od roku 1931. Formula d\u00e1va pr\u00edpravku vlastnosti, v\u010faka ktor\u00fdm upokojuje a podporuje lie\u010dbu podr\u00e1\u017edenej poko\u017eky a navy\u0161e citliv\u00fa poko\u017eku chr\u00e1ni. Vytv\u00e1ra ochrann\u00fa bari\u00e9ru: Kr\u00e9m vytv\u00e1ra bari\u00e9ru, ktor\u00e1 chr\u00e1ni poko\u017eku pred podr\u00e1\u017eden\u00edm a tie\u017e podporuje lie\u010dbu naru\u0161enej a podr\u00e1\u017edenej poko\u017eky. Pom\u00e1ha p\u00f4sobi\u0165 proti z\u00e1palu: Sudocrem MULTI-EXPERT obsahuje oxid zino\u010dnat\u00fd, [&#8230;]<\/p>\n<p><a aria-label=\"Sudocrem\"  class=\"btn btn-purple round btn-secondary understrap-read-more-link\" href=\"https:\/\/sudocrem.com\/sk\/sudocrem\/zlozenie\/\">CONTINUE READING<\/a><\/p>\n","protected":false},"author":2,"featured_media":2117,"parent":741,"menu_order":3,"comment_status":"closed","ping_status":"closed","template":"page-templates\/top-menu-page.php","meta":{"footnotes":""},"class_list":["post-172","page","type-page","status-publish","has-post-thumbnail","hentry"],"yoast_head":"<!-- This site is optimized with the Yoast SEO plugin v14.6.1 - https:\/\/yoast.com\/wordpress\/plugins\/seo\/ -->\n<title>Zlo\u017eenie - Sudocrem Slovakia<\/title>\n<meta name=\"robots\" content=\"index, follow\" \/>\n<meta name=\"googlebot\" content=\"index, follow, max-snippet:-1, max-image-preview:large, max-video-preview:-1\" \/>\n<meta name=\"bingbot\" content=\"index, follow, max-snippet:-1, max-image-preview:large, max-video-preview:-1\" \/>\n<link rel=\"canonical\" href=\"https:\/\/sudocrem.com\/sk\/sudocrem\/zlozenie\/\" \/>\n<meta property=\"og:locale\" content=\"sk_SK\" \/>\n<meta property=\"og:type\" content=\"article\" \/>\n<meta property=\"og:title\" content=\"Zlo\u017eenie - Sudocrem Slovakia\" \/>\n<meta property=\"og:description\" content=\"Zlo\u017eenie pr\u00edpravku Zlo\u017eenie pr\u00edpravku zostalo takmer nezmenen\u00e9 od roku 1931. Formula d\u00e1va pr\u00edpravku vlastnosti, v\u010faka ktor\u00fdm upokojuje a podporuje lie\u010dbu podr\u00e1\u017edenej poko\u017eky a navy\u0161e citliv\u00fa poko\u017eku chr\u00e1ni. Vytv\u00e1ra ochrann\u00fa bari\u00e9ru: Kr\u00e9m vytv\u00e1ra bari\u00e9ru, ktor\u00e1 chr\u00e1ni poko\u017eku pred podr\u00e1\u017eden\u00edm a tie\u017e podporuje lie\u010dbu naru\u0161enej a podr\u00e1\u017edenej poko\u017eky. Pom\u00e1ha p\u00f4sobi\u0165 proti z\u00e1palu: Sudocrem MULTI-EXPERT obsahuje oxid zino\u010dnat\u00fd, [...]CONTINUE READING\" \/>\n<meta property=\"og:url\" content=\"https:\/\/sudocrem.com\/sk\/sudocrem\/zlozenie\/\" \/>\n<meta property=\"og:site_name\" content=\"Sudocrem Slovakia\" \/>\n<meta property=\"article:modified_time\" content=\"2024-06-21T12:30:58+00:00\" \/>\n<meta property=\"og:image\" content=\"https:\/\/sudocrem.com\/sk\/wp-content\/uploads\/sites\/50\/2024\/06\/sk-combined-packshots-opt.jpg\" \/>\n\t<meta property=\"og:image:width\" content=\"2809\" \/>\n\t<meta property=\"og:image:height\" content=\"1200\" \/>\n<meta name=\"twitter:card\" content=\"summary_large_image\" \/>\n<script type=\"application\/ld+json\" class=\"yoast-schema-graph\">{\"@context\":\"https:\/\/schema.org\",\"@graph\":[{\"@type\":\"WebSite\",\"@id\":\"https:\/\/sudocrem.com\/sk\/#website\",\"url\":\"https:\/\/sudocrem.com\/sk\/\",\"name\":\"Sudocrem Slovakia\",\"description\":\"Just another Sudocrem International site\",\"potentialAction\":[{\"@type\":\"SearchAction\",\"target\":\"https:\/\/sudocrem.com\/sk\/?s={search_term_string}\",\"query-input\":\"required name=search_term_string\"}],\"inLanguage\":\"sk-SK\"},{\"@type\":\"ImageObject\",\"@id\":\"https:\/\/sudocrem.com\/sk\/sudocrem\/zlozenie\/#primaryimage\",\"inLanguage\":\"sk-SK\",\"url\":\"https:\/\/sudocrem.com\/sk\/wp-content\/uploads\/sites\/50\/2024\/06\/sk-combined-packshots-opt.jpg\",\"width\":2809,\"height\":1200,\"caption\":\"sk-combined-packshots-opt\"},{\"@type\":\"WebPage\",\"@id\":\"https:\/\/sudocrem.com\/sk\/sudocrem\/zlozenie\/#webpage\",\"url\":\"https:\/\/sudocrem.com\/sk\/sudocrem\/zlozenie\/\",\"name\":\"Zlo\\u017eenie - Sudocrem Slovakia\",\"isPartOf\":{\"@id\":\"https:\/\/sudocrem.com\/sk\/#website\"},\"primaryImageOfPage\":{\"@id\":\"https:\/\/sudocrem.com\/sk\/sudocrem\/zlozenie\/#primaryimage\"},\"datePublished\":\"2018-12-10T16:34:48+00:00\",\"dateModified\":\"2024-06-21T12:30:58+00:00\",\"inLanguage\":\"sk-SK\",\"potentialAction\":[{\"@type\":\"ReadAction\",\"target\":[\"https:\/\/sudocrem.com\/sk\/sudocrem\/zlozenie\/\"]}]}]}<\/script>\n<!-- \/ Yoast SEO plugin. -->","_links":{"self":[{"href":"https:\/\/sudocrem.com\/sk\/wp-json\/wp\/v2\/pages\/172","targetHints":{"allow":["GET"]}}],"collection":[{"href":"https:\/\/sudocrem.com\/sk\/wp-json\/wp\/v2\/pages"}],"about":[{"href":"https:\/\/sudocrem.com\/sk\/wp-json\/wp\/v2\/types\/page"}],"author":[{"embeddable":true,"href":"https:\/\/sudocrem.com\/sk\/wp-json\/wp\/v2\/users\/2"}],"replies":[{"embeddable":true,"href":"https:\/\/sudocrem.com\/sk\/wp-json\/wp\/v2\/comments?post=172"}],"version-history":[{"count":0,"href":"https:\/\/sudocrem.com\/sk\/wp-json\/wp\/v2\/pages\/172\/revisions"}],"up":[{"embeddable":true,"href":"https:\/\/sudocrem.com\/sk\/wp-json\/wp\/v2\/pages\/741"}],"wp:featuredmedia":[{"embeddable":true,"href":"https:\/\/sudocrem.com\/sk\/wp-json\/wp\/v2\/media\/2117"}],"wp:attachment":[{"href":"https:\/\/sudocrem.com\/sk\/wp-json\/wp\/v2\/media?parent=172"}],"curies":[{"name":"wp","href":"https:\/\/api.w.org\/{rel}","templated":true}]}}