

{"id":2090,"date":"2024-06-25T13:06:17","date_gmt":"2024-06-25T11:06:17","guid":{"rendered":"https:\/\/sudocrem.wpenginepowered.com\/sk\/?page_id=2090"},"modified":"2025-09-26T11:36:13","modified_gmt":"2025-09-26T09:36:13","slug":"nielen-pre-babatka-ale-pre-kazdeho","status":"publish","type":"page","link":"https:\/\/sudocrem.com\/sk\/nielen-pre-babatka-ale-pre-kazdeho\/","title":{"rendered":"Nielen pre b\u00e1b\u00e4tk\u00e1, ale pre ka\u017ed\u00e9ho"},"content":{"rendered":"","protected":false},"excerpt":{"rendered":"<p> [&#8230;]<\/p>\n<p><a aria-label=\"Sudocrem\"  class=\"btn btn-purple round btn-secondary understrap-read-more-link\" href=\"https:\/\/sudocrem.com\/sk\/nielen-pre-babatka-ale-pre-kazdeho\/\">CONTINUE READING<\/a><\/p>\n","protected":false},"author":1,"featured_media":2092,"parent":0,"menu_order":0,"comment_status":"closed","ping_status":"closed","template":"page-templates\/campaign-page.php","meta":{"footnotes":""},"class_list":["post-2090","page","type-page","status-publish","has-post-thumbnail","hentry"],"yoast_head":"<!-- This site is optimized with the Yoast SEO plugin v14.6.1 - https:\/\/yoast.com\/wordpress\/plugins\/seo\/ -->\n<title>Nielen pre b\u00e1b\u00e4tk\u00e1, ale pre ka\u017ed\u00e9ho - Sudocrem Slovakia<\/title>\n<meta name=\"robots\" content=\"index, follow\" \/>\n<meta name=\"googlebot\" content=\"index, follow, max-snippet:-1, max-image-preview:large, max-video-preview:-1\" \/>\n<meta name=\"bingbot\" content=\"index, follow, max-snippet:-1, max-image-preview:large, max-video-preview:-1\" \/>\n<link rel=\"canonical\" href=\"https:\/\/sudocrem.com\/sk\/nielen-pre-babatka-ale-pre-kazdeho\/\" \/>\n<meta property=\"og:locale\" content=\"sk_SK\" \/>\n<meta property=\"og:type\" content=\"article\" \/>\n<meta property=\"og:title\" content=\"Nielen pre b\u00e1b\u00e4tk\u00e1, ale pre ka\u017ed\u00e9ho - Sudocrem Slovakia\" \/>\n<meta property=\"og:description\" content=\"[...]CONTINUE READING\" \/>\n<meta property=\"og:url\" content=\"https:\/\/sudocrem.com\/sk\/nielen-pre-babatka-ale-pre-kazdeho\/\" \/>\n<meta property=\"og:site_name\" content=\"Sudocrem Slovakia\" \/>\n<meta property=\"article:modified_time\" content=\"2025-09-26T09:36:13+00:00\" \/>\n<meta property=\"og:image\" content=\"https:\/\/sudocrem.com\/sk\/wp-content\/uploads\/sites\/50\/2024\/06\/campaign-banner.jpg\" \/>\n\t<meta property=\"og:image:width\" content=\"2860\" \/>\n\t<meta property=\"og:image:height\" content=\"974\" \/>\n<meta name=\"twitter:card\" content=\"summary_large_image\" \/>\n<script type=\"application\/ld+json\" class=\"yoast-schema-graph\">{\"@context\":\"https:\/\/schema.org\",\"@graph\":[{\"@type\":\"WebSite\",\"@id\":\"https:\/\/sudocrem.com\/sk\/#website\",\"url\":\"https:\/\/sudocrem.com\/sk\/\",\"name\":\"Sudocrem Slovakia\",\"description\":\"Just another Sudocrem International site\",\"potentialAction\":[{\"@type\":\"SearchAction\",\"target\":\"https:\/\/sudocrem.com\/sk\/?s={search_term_string}\",\"query-input\":\"required name=search_term_string\"}],\"inLanguage\":\"sk-SK\"},{\"@type\":\"ImageObject\",\"@id\":\"https:\/\/sudocrem.com\/sk\/nielen-pre-babatka-ale-pre-kazdeho\/#primaryimage\",\"inLanguage\":\"sk-SK\",\"url\":\"https:\/\/sudocrem.com\/sk\/wp-content\/uploads\/sites\/50\/2024\/06\/campaign-banner.jpg\",\"width\":2860,\"height\":974,\"caption\":\"campaign-banner\"},{\"@type\":\"WebPage\",\"@id\":\"https:\/\/sudocrem.com\/sk\/nielen-pre-babatka-ale-pre-kazdeho\/#webpage\",\"url\":\"https:\/\/sudocrem.com\/sk\/nielen-pre-babatka-ale-pre-kazdeho\/\",\"name\":\"Nielen pre b\\u00e1b\\u00e4tk\\u00e1, ale pre ka\\u017ed\\u00e9ho - Sudocrem Slovakia\",\"isPartOf\":{\"@id\":\"https:\/\/sudocrem.com\/sk\/#website\"},\"primaryImageOfPage\":{\"@id\":\"https:\/\/sudocrem.com\/sk\/nielen-pre-babatka-ale-pre-kazdeho\/#primaryimage\"},\"datePublished\":\"2024-06-25T11:06:17+00:00\",\"dateModified\":\"2025-09-26T09:36:13+00:00\",\"inLanguage\":\"sk-SK\",\"potentialAction\":[{\"@type\":\"ReadAction\",\"target\":[\"https:\/\/sudocrem.com\/sk\/nielen-pre-babatka-ale-pre-kazdeho\/\"]}]}]}<\/script>\n<!-- \/ Yoast SEO plugin. -->","_links":{"self":[{"href":"https:\/\/sudocrem.com\/sk\/wp-json\/wp\/v2\/pages\/2090","targetHints":{"allow":["GET"]}}],"collection":[{"href":"https:\/\/sudocrem.com\/sk\/wp-json\/wp\/v2\/pages"}],"about":[{"href":"https:\/\/sudocrem.com\/sk\/wp-json\/wp\/v2\/types\/page"}],"author":[{"embeddable":true,"href":"https:\/\/sudocrem.com\/sk\/wp-json\/wp\/v2\/users\/1"}],"replies":[{"embeddable":true,"href":"https:\/\/sudocrem.com\/sk\/wp-json\/wp\/v2\/comments?post=2090"}],"version-history":[{"count":0,"href":"https:\/\/sudocrem.com\/sk\/wp-json\/wp\/v2\/pages\/2090\/revisions"}],"wp:featuredmedia":[{"embeddable":true,"href":"https:\/\/sudocrem.com\/sk\/wp-json\/wp\/v2\/media\/2092"}],"wp:attachment":[{"href":"https:\/\/sudocrem.com\/sk\/wp-json\/wp\/v2\/media?parent=2090"}],"curies":[{"name":"wp","href":"https:\/\/api.w.org\/{rel}","templated":true}]}}