

{"id":2192,"date":"2025-03-12T11:13:16","date_gmt":"2025-03-12T10:13:16","guid":{"rendered":"https:\/\/sudocrem.com\/sk\/?page_id=2192"},"modified":"2025-07-24T12:06:16","modified_gmt":"2025-07-24T10:06:16","slug":"detail-pripravku","status":"publish","type":"page","link":"https:\/\/sudocrem.com\/sk\/my-little-sudocrem\/detail-pripravku\/","title":{"rendered":"Detail pr\u00edpravku"},"content":{"rendered":"<h5>My Little Sudocrem<\/h5>\n<p>&nbsp;<\/p>\n<p><strong>Mal\u00e9 balenie na ve\u013ek\u00e9 dobrodru\u017estv\u00e1!<\/strong><\/p>\n<ul id=\"custom-tick\" class=\"pt-4 mb-5\">\n<li>Cestovn\u00e9 balenie 22g v praktickej pr\u00edru\u010dnej ve\u013ekosti, umo\u017en\u00ed ma\u0165 ho v\u017edy pri sebe na r\u00f4zne pou\u017eitie<\/li>\n<li>Jemn\u00fd kr\u00e9m na starostlivos\u0165 a ochranu citlivej poko\u017eky<\/li>\n<li>Jemn\u00e9 zlo\u017eenie kr\u00e9mu umo\u017e\u0148uje pou\u017eitie tak \u010dasto, ako je potrebn\u00e9<\/li>\n<li>Vhodn\u00e9 pre ka\u017ed\u00e9ho na r\u00f4zne pou\u017eitie\u2026od rodi\u010dov cez teenagerov, od cyklistov po be\u017ecov a pre v\u0161etk\u00fdch ostatn\u00fdch; upokojuje a chr\u00e1ni poko\u017eku pri ka\u017edodenn\u00fdch dobrodru\u017estv\u00e1ch<\/li>\n<\/ul>\n<p>&nbsp;<\/p>\n<h5>Ak ste kdeko\u013evek a rob\u00edte \u010doko\u013evek \u2026My Little Sudocrem je pripraven\u00fd by\u0165 v\u017edy po ruke!<\/h5>\n<p>&nbsp;<\/p>\n<table class=\"mb-5\" role=\"presentation\">\n<tbody>\n<tr>\n<td class=\"align-middle\"><img loading=\"lazy\" decoding=\"async\" class=\"alignnone size-full wp-image-2265\" src=\"https:\/\/sudocrem.com\/nl\/wp-content\/uploads\/sites\/29\/2025\/07\/Gentle-circle.png\" alt=\"\" width=\"81\" height=\"81\" \/><\/td>\n<td class=\"align-middle pl-4\">Osved\u010den\u00e9 zlo\u017eenie upokojuje a chr\u00e1ni citliv\u00fa poko\u017eku<\/td>\n<\/tr>\n<tr>\n<td class=\"align-middle pt-3\"><img loading=\"lazy\" decoding=\"async\" class=\"alignnone size-full wp-image-2269\" src=\"https:\/\/sudocrem.com\/nl\/wp-content\/uploads\/sites\/29\/2025\/07\/Sore-circle.png\" alt=\"\" width=\"81\" height=\"81\" \/><\/td>\n<td class=\"align-middle pt-3 pl-4\">Pom\u00e1ha zachova\u0165 poko\u017eke jej prirodzen\u00e9 vlastnosti<\/td>\n<\/tr>\n<tr>\n<td class=\"align-middle pt-3\"><img loading=\"lazy\" decoding=\"async\" class=\"alignnone size-full wp-image-2270\" src=\"https:\/\/sudocrem.com\/nl\/wp-content\/uploads\/sites\/29\/2025\/07\/Icon_Lavender_RGB_Protects.png\" alt=\"\" width=\"81\" height=\"81\" \/><\/td>\n<td class=\"align-middle pt-3 pl-4\">Vytv\u00e1ra bari\u00e9ru, ktor\u00e1 chr\u00e1ni poko\u017eku pred podr\u00e1\u017eden\u00edm<\/td>\n<\/tr>\n<\/tbody>\n<\/table>\n<h5>Zlo\u017eenie<\/h5>\n<ul>\n<li>Jemn\u00e9 zlo\u017eenie kr\u00e9mu so zinkom, lanol\u00ednom a \u010fal\u0161\u00edmi zlo\u017ekami upokojuje, chr\u00e1ni a zvl\u00e1\u010d\u0148uje poko\u017eku.<\/li>\n<li>Cel\u00fd zoznam ingredienci\u00ed je uveden\u00fd na obale pr\u00edpravku.<\/li>\n<\/ul>\n","protected":false},"excerpt":{"rendered":"<p>My Little Sudocrem &nbsp; Mal\u00e9 balenie na ve\u013ek\u00e9 dobrodru\u017estv\u00e1! Cestovn\u00e9 balenie 22g v praktickej pr\u00edru\u010dnej ve\u013ekosti, umo\u017en\u00ed ma\u0165 ho v\u017edy pri sebe na r\u00f4zne pou\u017eitie Jemn\u00fd kr\u00e9m na starostlivos\u0165 a ochranu citlivej poko\u017eky Jemn\u00e9 zlo\u017eenie kr\u00e9mu umo\u017e\u0148uje pou\u017eitie tak \u010dasto, ako je potrebn\u00e9 Vhodn\u00e9 pre ka\u017ed\u00e9ho na r\u00f4zne pou\u017eitie\u2026od rodi\u010dov cez teenagerov, od cyklistov po [&#8230;]<\/p>\n<p><a aria-label=\"Sudocrem\"  class=\"btn btn-purple round btn-secondary understrap-read-more-link\" href=\"https:\/\/sudocrem.com\/sk\/my-little-sudocrem\/detail-pripravku\/\">CONTINUE READING<\/a><\/p>\n","protected":false},"author":1,"featured_media":2195,"parent":2191,"menu_order":0,"comment_status":"closed","ping_status":"closed","template":"page-templates\/top-menu-page.php","meta":{"footnotes":""},"class_list":["post-2192","page","type-page","status-publish","has-post-thumbnail","hentry"],"yoast_head":"<!-- This site is optimized with the Yoast SEO plugin v14.6.1 - https:\/\/yoast.com\/wordpress\/plugins\/seo\/ -->\n<title>Detail pr\u00edpravku - Sudocrem Slovakia<\/title>\n<meta name=\"robots\" content=\"index, follow\" \/>\n<meta name=\"googlebot\" content=\"index, follow, max-snippet:-1, max-image-preview:large, max-video-preview:-1\" \/>\n<meta name=\"bingbot\" content=\"index, follow, max-snippet:-1, max-image-preview:large, max-video-preview:-1\" \/>\n<link rel=\"canonical\" href=\"https:\/\/sudocrem.com\/sk\/my-little-sudocrem\/detail-pripravku\/\" \/>\n<meta property=\"og:locale\" content=\"sk_SK\" \/>\n<meta property=\"og:type\" content=\"article\" \/>\n<meta property=\"og:title\" content=\"Detail pr\u00edpravku - Sudocrem Slovakia\" \/>\n<meta property=\"og:description\" content=\"My Little Sudocrem &nbsp; Mal\u00e9 balenie na ve\u013ek\u00e9 dobrodru\u017estv\u00e1! Cestovn\u00e9 balenie 22g v praktickej pr\u00edru\u010dnej ve\u013ekosti, umo\u017en\u00ed ma\u0165 ho v\u017edy pri sebe na r\u00f4zne pou\u017eitie Jemn\u00fd kr\u00e9m na starostlivos\u0165 a ochranu citlivej poko\u017eky Jemn\u00e9 zlo\u017eenie kr\u00e9mu umo\u017e\u0148uje pou\u017eitie tak \u010dasto, ako je potrebn\u00e9 Vhodn\u00e9 pre ka\u017ed\u00e9ho na r\u00f4zne pou\u017eitie\u2026od rodi\u010dov cez teenagerov, od cyklistov po [...]CONTINUE READING\" \/>\n<meta property=\"og:url\" content=\"https:\/\/sudocrem.com\/sk\/my-little-sudocrem\/detail-pripravku\/\" \/>\n<meta property=\"og:site_name\" content=\"Sudocrem Slovakia\" \/>\n<meta property=\"article:modified_time\" content=\"2025-07-24T10:06:16+00:00\" \/>\n<meta property=\"og:image\" content=\"https:\/\/sudocrem.com\/sk\/wp-content\/uploads\/sites\/50\/2025\/03\/MLS_Top-banner.jpg\" \/>\n\t<meta property=\"og:image:width\" content=\"1920\" \/>\n\t<meta property=\"og:image:height\" content=\"416\" \/>\n<meta name=\"twitter:card\" content=\"summary_large_image\" \/>\n<script type=\"application\/ld+json\" class=\"yoast-schema-graph\">{\"@context\":\"https:\/\/schema.org\",\"@graph\":[{\"@type\":\"WebSite\",\"@id\":\"https:\/\/sudocrem.com\/sk\/#website\",\"url\":\"https:\/\/sudocrem.com\/sk\/\",\"name\":\"Sudocrem Slovakia\",\"description\":\"Just another Sudocrem International site\",\"potentialAction\":[{\"@type\":\"SearchAction\",\"target\":\"https:\/\/sudocrem.com\/sk\/?s={search_term_string}\",\"query-input\":\"required name=search_term_string\"}],\"inLanguage\":\"sk-SK\"},{\"@type\":\"ImageObject\",\"@id\":\"https:\/\/sudocrem.com\/sk\/my-little-sudocrem\/detail-pripravku\/#primaryimage\",\"inLanguage\":\"sk-SK\",\"url\":\"https:\/\/sudocrem.com\/sk\/wp-content\/uploads\/sites\/50\/2025\/03\/MLS_Top-banner.jpg\",\"width\":1920,\"height\":416,\"caption\":\"MLS_Top-banner\"},{\"@type\":\"WebPage\",\"@id\":\"https:\/\/sudocrem.com\/sk\/my-little-sudocrem\/detail-pripravku\/#webpage\",\"url\":\"https:\/\/sudocrem.com\/sk\/my-little-sudocrem\/detail-pripravku\/\",\"name\":\"Detail pr\\u00edpravku - Sudocrem Slovakia\",\"isPartOf\":{\"@id\":\"https:\/\/sudocrem.com\/sk\/#website\"},\"primaryImageOfPage\":{\"@id\":\"https:\/\/sudocrem.com\/sk\/my-little-sudocrem\/detail-pripravku\/#primaryimage\"},\"datePublished\":\"2025-03-12T10:13:16+00:00\",\"dateModified\":\"2025-07-24T10:06:16+00:00\",\"inLanguage\":\"sk-SK\",\"potentialAction\":[{\"@type\":\"ReadAction\",\"target\":[\"https:\/\/sudocrem.com\/sk\/my-little-sudocrem\/detail-pripravku\/\"]}]}]}<\/script>\n<!-- \/ Yoast SEO plugin. -->","_links":{"self":[{"href":"https:\/\/sudocrem.com\/sk\/wp-json\/wp\/v2\/pages\/2192","targetHints":{"allow":["GET"]}}],"collection":[{"href":"https:\/\/sudocrem.com\/sk\/wp-json\/wp\/v2\/pages"}],"about":[{"href":"https:\/\/sudocrem.com\/sk\/wp-json\/wp\/v2\/types\/page"}],"author":[{"embeddable":true,"href":"https:\/\/sudocrem.com\/sk\/wp-json\/wp\/v2\/users\/1"}],"replies":[{"embeddable":true,"href":"https:\/\/sudocrem.com\/sk\/wp-json\/wp\/v2\/comments?post=2192"}],"version-history":[{"count":0,"href":"https:\/\/sudocrem.com\/sk\/wp-json\/wp\/v2\/pages\/2192\/revisions"}],"up":[{"embeddable":true,"href":"https:\/\/sudocrem.com\/sk\/wp-json\/wp\/v2\/pages\/2191"}],"wp:featuredmedia":[{"embeddable":true,"href":"https:\/\/sudocrem.com\/sk\/wp-json\/wp\/v2\/media\/2195"}],"wp:attachment":[{"href":"https:\/\/sudocrem.com\/sk\/wp-json\/wp\/v2\/media?parent=2192"}],"curies":[{"name":"wp","href":"https:\/\/api.w.org\/{rel}","templated":true}]}}