

{"id":318,"date":"2018-12-11T14:11:03","date_gmt":"2018-12-11T14:11:03","guid":{"rendered":"http:\/\/www.sudocrem.co.uk\/?page_id=318"},"modified":"2023-04-12T08:24:58","modified_gmt":"2023-04-12T06:24:58","slug":"ako-sa-da-rozpoznat-plienkova-dermatitida","status":"publish","type":"page","link":"https:\/\/sudocrem.com\/sk\/plienkova-dermatitida\/ako-sa-da-rozpoznat-plienkova-dermatitida\/","title":{"rendered":"Ako sa d\u00e1 rozpozna\u0165 plienkov\u00e1 dermatit\u00edda"},"content":{"rendered":"<h5>Ako sa d\u00e1 rozpozna\u0165 plienkov\u00e1 dermatit\u00edda?<\/h5>\n<p>Plienkov\u00fa dermatit\u00eddu m\u00f4\u017eete jednoducho rozpozna\u0165 pod\u013ea t\u00fdchto pr\u00edznakov:<\/p>\n<ul>\n<li>Mierne za\u010dervenanie v&nbsp;oblasti pod&nbsp;plienkou, ktor\u00e9 postihuje \u010dasto ko\u017en\u00e9 z\u00e1hyby.<\/li>\n<li>Zado\u010dek a&nbsp;horn\u00e1 \u010das\u0165 stehien v\u00e1\u0161ho die\u0165a\u0165a m\u00f4\u017eu by\u0165 za\u010dervenan\u00e9 a&nbsp;vlhk\u00e9.<\/li>\n<li>Poko\u017eka m\u00f4\u017ee by\u0165 tie\u017e \u0161kvrnit\u00e1, hor\u00faca a&nbsp;bolestiv\u00e1 na&nbsp;dotyk.<\/li>\n<li>Na&nbsp;poko\u017eke sa m\u00f4\u017eu objavi\u0165 \u0161upinky.<\/li>\n<li>V z\u00e1va\u017enej\u0161\u00edch pr\u00edpadoch&nbsp;sa m\u00f4\u017eu na&nbsp;poko\u017eke objavi\u0165 pupienky a\u017e p\u013euzgieriky, pr\u00edpadne in\u00e9 prejavy.<\/li>\n<\/ul>\n<p>&nbsp;<br \/>\nPou\u017e\u00edvanie kr\u00e9mu Sudocrem MULTI-EXPERT&nbsp;po&nbsp;ka\u017edom prebalen\u00ed upokojuje podr\u00e1\u017edenie a&nbsp;pom\u00e1ha lie\u010di\u0165 plienkov\u00fa dermatit\u00eddu. Okrem toho chr\u00e1ni citliv\u00fa poko\u017eku.<\/p>\n<p>&nbsp;<\/p>\n<h5>Plienkov\u00e1 dermatit\u00edda<\/h5>\n<p>Aj ke\u010f si mo\u017eno mysl\u00edte, \u017ee&nbsp;plienkov\u00e1 dermatit\u00edda je&nbsp;v\u017edy rovnak\u00e1, v&nbsp;skuto\u010dnosti to&nbsp;tak&nbsp;nie je. <\/p>\n<p>&nbsp;<br \/>\nNaj\u010dastej\u0161ie sa vyskytuje plienkov\u00e1 dermatit\u00edda &#8220;be\u017en\u00e1&#8221;, bez komplik\u00e1ci\u00ed. Poko\u017eka je&nbsp;za\u010dervenan\u00e1, m\u00f4\u017ee by\u0165 leskl\u00e1 a&nbsp;na&nbsp;dotyk bolestiv\u00e1. Zvy\u010dajne b\u00fdva d\u00f4sledkom nedostato\u010dnej hygieny, dlh\u0161ieho kontaktu zne\u010distenej plienky s&nbsp;citlivou poko\u017ekou die\u0165a\u0165a. (dr\u00e1\u017ediv\u00fd vplyv mo\u010du a&nbsp;stolice, vlhkos\u0165 v&nbsp;plienke). <br \/>Pri dodr\u017eiavan\u00ed re\u017eimov\u00fdch opatren\u00ed by&nbsp;mali prejavy plienkovej dermatit\u00eddy ust\u00fapi\u0165 v&nbsp;priebehu nieko\u013ek\u00fdch dn\u00ed. Niekedy n\u00e1s m\u00f4\u017ee \u00fastup pr\u00edznakov a\u017e prekvapi\u0165, k&nbsp;\u00fa\u013eave prich\u00e1dza v&nbsp;priebehu p\u00e1r hod\u00edn.<\/p>\n<p>&nbsp;<\/p>\n<h5>Komplik\u00e1cie pri plienkovej dermatit\u00edde<\/h5>\n<p>Naj\u010dastej\u0161ou komplik\u00e1ciou je&nbsp;druhotn\u00e1 kvasinkov\u00e1 infekcia. Na&nbsp;poko\u017eke zvykn\u00fa by\u0165 pr\u00edtomn\u00e9 \u010derven\u00e9 plochy, \u0161kvrny, vytv\u00e1raj\u00fa sa pupienky a\u017e p\u013euzgieriky. Postihnut\u00e1 oblas\u0165 m\u00f4\u017ee by\u0165 opuchnut\u00e1 a&nbsp;zvykne by\u0165 aj bolestiv\u00e1. Takto postihnut\u00e1 poko\u017eka si vy\u017eaduje zvl\u00e1\u0161tnu starostlivos\u0165.&nbsp;Je&nbsp;potrebn\u00e9 sa poradi\u0165 s&nbsp;pediatrom \u010di&nbsp;dermatol\u00f3gom. Ak sa t\u00e1to infekcia potvrd\u00ed, zvykn\u00fa sa ordinova\u0165 protikvasinkov\u00e9 masti. Jej lie\u010dba si vy\u017eaduje ur\u010dit\u00fd \u010das. Na\u010falej sa odpor\u00fa\u010da pokra\u010dova\u0165 aj v&nbsp;re\u017eimov\u00fdch opatreniach.<\/p>\n<p>&nbsp;<br \/>\n\u010eal\u0161ou komplik\u00e1ciou je&nbsp;druhotn\u00e1 bakteri\u00e1lna infekcia. Aj tento stav zvy\u010dajne vznikne pri pretrv\u00e1van\u00ed tzv. be\u017enej plienkovej dermatit\u00eddy, kedy je&nbsp;poko\u017eka naru\u0161en\u00e1, oslaben\u00e1 a&nbsp;\u013eah\u0161ie sa m\u00f4\u017ee infikova\u0165 bakt\u00e9riami.  Zvy\u010dajne si vy\u017eaduje pou\u017eitie antibiotickej masti.&nbsp;Je&nbsp;potrebn\u00e9 sa poradi\u0165 s&nbsp;pediatrom \u010di&nbsp;dermatol\u00f3gom. Na\u010falej sa odpor\u00fa\u010da pokra\u010dova\u0165 aj v&nbsp;re\u017eimov\u00fdch opatreniach.  <\/p>\n","protected":false},"excerpt":{"rendered":"<p>Ako sa d\u00e1 rozpozna\u0165 plienkov\u00e1 dermatit\u00edda? Plienkov\u00fa dermatit\u00eddu m\u00f4\u017eete jednoducho rozpozna\u0165 pod\u013ea t\u00fdchto pr\u00edznakov: Mierne za\u010dervenanie v&nbsp;oblasti pod&nbsp;plienkou, ktor\u00e9 postihuje \u010dasto ko\u017en\u00e9 z\u00e1hyby. Zado\u010dek a&nbsp;horn\u00e1 \u010das\u0165 stehien v\u00e1\u0161ho die\u0165a\u0165a m\u00f4\u017eu by\u0165 za\u010dervenan\u00e9 a&nbsp;vlhk\u00e9. Poko\u017eka m\u00f4\u017ee by\u0165 tie\u017e \u0161kvrnit\u00e1, hor\u00faca a&nbsp;bolestiv\u00e1 na&nbsp;dotyk. Na&nbsp;poko\u017eke sa m\u00f4\u017eu objavi\u0165 \u0161upinky. V z\u00e1va\u017enej\u0161\u00edch pr\u00edpadoch&nbsp;sa m\u00f4\u017eu na&nbsp;poko\u017eke objavi\u0165 pupienky a\u017e p\u013euzgieriky, [&#8230;]<\/p>\n<p><a aria-label=\"Sudocrem\"  class=\"btn btn-purple round btn-secondary understrap-read-more-link\" href=\"https:\/\/sudocrem.com\/sk\/plienkova-dermatitida\/ako-sa-da-rozpoznat-plienkova-dermatitida\/\">CONTINUE READING<\/a><\/p>\n","protected":false},"author":2,"featured_media":1670,"parent":754,"menu_order":1,"comment_status":"closed","ping_status":"closed","template":"page-templates\/top-menu-page.php","meta":{"footnotes":""},"class_list":["post-318","page","type-page","status-publish","has-post-thumbnail","hentry"],"yoast_head":"<!-- This site is optimized with the Yoast SEO plugin v14.6.1 - https:\/\/yoast.com\/wordpress\/plugins\/seo\/ -->\n<title>Ako sa d\u00e1 rozpozna\u0165 plienkov\u00e1 dermatit\u00edda - Sudocrem Slovakia<\/title>\n<meta name=\"robots\" content=\"index, follow\" \/>\n<meta name=\"googlebot\" content=\"index, follow, max-snippet:-1, max-image-preview:large, max-video-preview:-1\" \/>\n<meta name=\"bingbot\" content=\"index, follow, max-snippet:-1, max-image-preview:large, max-video-preview:-1\" \/>\n<link rel=\"canonical\" href=\"https:\/\/sudocrem.com\/sk\/plienkova-dermatitida\/ako-sa-da-rozpoznat-plienkova-dermatitida\/\" \/>\n<meta property=\"og:locale\" content=\"sk_SK\" \/>\n<meta property=\"og:type\" content=\"article\" \/>\n<meta property=\"og:title\" content=\"Ako sa d\u00e1 rozpozna\u0165 plienkov\u00e1 dermatit\u00edda - Sudocrem Slovakia\" \/>\n<meta property=\"og:description\" content=\"Ako sa d\u00e1 rozpozna\u0165 plienkov\u00e1 dermatit\u00edda? Plienkov\u00fa dermatit\u00eddu m\u00f4\u017eete jednoducho rozpozna\u0165 pod\u013ea t\u00fdchto pr\u00edznakov: Mierne za\u010dervenanie v&nbsp;oblasti pod&nbsp;plienkou, ktor\u00e9 postihuje \u010dasto ko\u017en\u00e9 z\u00e1hyby. Zado\u010dek a&nbsp;horn\u00e1 \u010das\u0165 stehien v\u00e1\u0161ho die\u0165a\u0165a m\u00f4\u017eu by\u0165 za\u010dervenan\u00e9 a&nbsp;vlhk\u00e9. Poko\u017eka m\u00f4\u017ee by\u0165 tie\u017e \u0161kvrnit\u00e1, hor\u00faca a&nbsp;bolestiv\u00e1 na&nbsp;dotyk. Na&nbsp;poko\u017eke sa m\u00f4\u017eu objavi\u0165 \u0161upinky. V z\u00e1va\u017enej\u0161\u00edch pr\u00edpadoch&nbsp;sa m\u00f4\u017eu na&nbsp;poko\u017eke objavi\u0165 pupienky a\u017e p\u013euzgieriky, [...]CONTINUE READING\" \/>\n<meta property=\"og:url\" content=\"https:\/\/sudocrem.com\/sk\/plienkova-dermatitida\/ako-sa-da-rozpoznat-plienkova-dermatitida\/\" \/>\n<meta property=\"og:site_name\" content=\"Sudocrem Slovakia\" \/>\n<meta property=\"article:modified_time\" content=\"2023-04-12T06:24:58+00:00\" \/>\n<meta property=\"og:image\" content=\"https:\/\/sudocrem.com\/sk\/wp-content\/uploads\/sites\/50\/2020\/07\/Sud_Nappy-rash_Top-banner.jpg\" \/>\n\t<meta property=\"og:image:width\" content=\"1920\" \/>\n\t<meta property=\"og:image:height\" content=\"742\" \/>\n<meta name=\"twitter:card\" content=\"summary_large_image\" \/>\n<script type=\"application\/ld+json\" class=\"yoast-schema-graph\">{\"@context\":\"https:\/\/schema.org\",\"@graph\":[{\"@type\":\"WebSite\",\"@id\":\"https:\/\/sudocrem.com\/sk\/#website\",\"url\":\"https:\/\/sudocrem.com\/sk\/\",\"name\":\"Sudocrem Slovakia\",\"description\":\"Just another Sudocrem International site\",\"potentialAction\":[{\"@type\":\"SearchAction\",\"target\":\"https:\/\/sudocrem.com\/sk\/?s={search_term_string}\",\"query-input\":\"required name=search_term_string\"}],\"inLanguage\":\"sk-SK\"},{\"@type\":\"ImageObject\",\"@id\":\"https:\/\/sudocrem.com\/sk\/plienkova-dermatitida\/ako-sa-da-rozpoznat-plienkova-dermatitida\/#primaryimage\",\"inLanguage\":\"sk-SK\",\"url\":\"https:\/\/sudocrem.com\/sk\/wp-content\/uploads\/sites\/50\/2020\/07\/Sud_Nappy-rash_Top-banner.jpg\",\"width\":1920,\"height\":742,\"caption\":\"Sud_Nappy-rash_Top-banner\"},{\"@type\":\"WebPage\",\"@id\":\"https:\/\/sudocrem.com\/sk\/plienkova-dermatitida\/ako-sa-da-rozpoznat-plienkova-dermatitida\/#webpage\",\"url\":\"https:\/\/sudocrem.com\/sk\/plienkova-dermatitida\/ako-sa-da-rozpoznat-plienkova-dermatitida\/\",\"name\":\"Ako sa d\\u00e1 rozpozna\\u0165 plienkov\\u00e1 dermatit\\u00edda - Sudocrem Slovakia\",\"isPartOf\":{\"@id\":\"https:\/\/sudocrem.com\/sk\/#website\"},\"primaryImageOfPage\":{\"@id\":\"https:\/\/sudocrem.com\/sk\/plienkova-dermatitida\/ako-sa-da-rozpoznat-plienkova-dermatitida\/#primaryimage\"},\"datePublished\":\"2018-12-11T14:11:03+00:00\",\"dateModified\":\"2023-04-12T06:24:58+00:00\",\"inLanguage\":\"sk-SK\",\"potentialAction\":[{\"@type\":\"ReadAction\",\"target\":[\"https:\/\/sudocrem.com\/sk\/plienkova-dermatitida\/ako-sa-da-rozpoznat-plienkova-dermatitida\/\"]}]}]}<\/script>\n<!-- \/ Yoast SEO plugin. -->","_links":{"self":[{"href":"https:\/\/sudocrem.com\/sk\/wp-json\/wp\/v2\/pages\/318","targetHints":{"allow":["GET"]}}],"collection":[{"href":"https:\/\/sudocrem.com\/sk\/wp-json\/wp\/v2\/pages"}],"about":[{"href":"https:\/\/sudocrem.com\/sk\/wp-json\/wp\/v2\/types\/page"}],"author":[{"embeddable":true,"href":"https:\/\/sudocrem.com\/sk\/wp-json\/wp\/v2\/users\/2"}],"replies":[{"embeddable":true,"href":"https:\/\/sudocrem.com\/sk\/wp-json\/wp\/v2\/comments?post=318"}],"version-history":[{"count":0,"href":"https:\/\/sudocrem.com\/sk\/wp-json\/wp\/v2\/pages\/318\/revisions"}],"up":[{"embeddable":true,"href":"https:\/\/sudocrem.com\/sk\/wp-json\/wp\/v2\/pages\/754"}],"wp:featuredmedia":[{"embeddable":true,"href":"https:\/\/sudocrem.com\/sk\/wp-json\/wp\/v2\/media\/1670"}],"wp:attachment":[{"href":"https:\/\/sudocrem.com\/sk\/wp-json\/wp\/v2\/media?parent=318"}],"curies":[{"name":"wp","href":"https:\/\/api.w.org\/{rel}","templated":true}]}}