

{"id":322,"date":"2018-12-11T14:12:03","date_gmt":"2018-12-11T14:12:03","guid":{"rendered":"http:\/\/www.sudocrem.co.uk\/?page_id=322"},"modified":"2022-03-23T11:10:25","modified_gmt":"2022-03-23T10:10:25","slug":"upokojenie-a-podpora-liecby-plienkovej-dermatitidy","status":"publish","type":"page","link":"https:\/\/sudocrem.com\/sk\/plienkova-dermatitida\/upokojenie-a-podpora-liecby-plienkovej-dermatitidy\/","title":{"rendered":"Upokojenie a podpora lie\u010dby plienkovej dermatit\u00eddy"},"content":{"rendered":"<h5>Upokojenie a&nbsp;podpora lie\u010dby plienkovej dermatit\u00eddy<\/h5>\n<p>Ak je&nbsp;poko\u017eka v\u00e1\u0161ho die\u0165a\u0165a v&nbsp;oblasti pokrytej plienkou bolestiv\u00e1, za\u010dervenan\u00e1 a&nbsp;na&nbsp;dotyk tepl\u00e1, va\u0161e die\u0165a m\u00f4\u017ee ma\u0165 plienkov\u00fa dermatit\u00eddu.<\/p>\n<p>Pri o\u0161etrovan\u00ed poko\u017eky postihnutej plienkovou dermatit\u00eddou m\u00f4\u017eete postupova\u0165 pod\u013ea t\u00fdchto pokynov:<\/p>\n<ol>\n<li>Die\u0165a preba\u013ete v\u017edy, ke\u010f je&nbsp;plienka mokr\u00e1 alebo zne\u010disten\u00e1.<\/li>\n<li>Je&nbsp;naozaj d\u00f4le\u017eit\u00e9 zabr\u00e1ni\u0165 tomu, aby&nbsp;l\u00e1tky obsiahnut\u00e9 v&nbsp;mo\u010di a&nbsp;stolici naru\u0161ovali jemn\u00fa, citliv\u00fa poko\u017eku v\u00e1\u0161ho die\u0165a\u0165a.<\/li>\n<li>Po&nbsp;ka\u017edom prebalen\u00ed nechajte die\u0165a chv\u00ed\u013eu rozbalen\u00e9 v&nbsp;teplom a&nbsp;suchom prostred\u00ed, aby&nbsp;sa poko\u017eka mohla d\u00f4kladne osu\u0161i\u0165 a&nbsp;vo\u013ene d\u00fdcha\u0165.<\/li>\n<li>Sna\u017ete sa zaisti\u0165, aby&nbsp;plienka v\u00e1\u0161ho die\u0165a\u0165a mala spr\u00e1vnu ve\u013ekos\u0165 a&nbsp;dobre sedela na&nbsp;zado\u010dku a&nbsp;zbyto\u010dne ho netla\u010dila.<\/li>\n<li>Nepou\u017e\u00edvajte mydl\u00e1 alebo um\u00fdvacie g\u00e9ly, ktor\u00e9 by&nbsp;mohli dr\u00e1\u017edi\u0165 poko\u017eku v\u00e1\u0161ho die\u0165a\u0165a.<\/li>\n<li>Sk\u00f4r ako d\u00e1te die\u0165a\u0165u \u010dist\u00fa plienku, uistite sa, \u017ee&nbsp;je&nbsp;poko\u017eka v\u00e1\u0161ho die\u0165a\u0165a \u010dist\u00e1 a&nbsp;such\u00e1.<\/li>\n<li>Pou\u017e\u00edvanie napr\u00edklad ochrann\u00e9ho kr\u00e9mu Sudocrem MULTI-EXPERT&nbsp;po&nbsp;ka\u017edom prebalen\u00ed upokojuje podr\u00e1\u017edenie, pom\u00e1ha lie\u010di\u0165 plienkov\u00fa dermatit\u00eddu a&nbsp;navy\u0161e citliv\u00fa poko\u017ekou chr\u00e1ni.<\/li>\n<\/ol>\n<p>Sudocrem MULTI-EXPERT&nbsp;upokojuje podr\u00e1\u017edenie a&nbsp;pom\u00e1ha lie\u010di\u0165 plienkov\u00fa dermatit\u00eddu a&nbsp;chr\u00e1ni citliv\u00fa poko\u017eku pred \u010fal\u0161\u00edmi vplyvmi dr\u00e1\u017ediv\u00fdch l\u00e1tok.<\/p>\n<p>Kr\u00e9m m\u00f4\u017eete pou\u017e\u00edva\u0165 pri ka\u017edom prebalen\u00ed die\u0165a\u0165a.<\/p>\n<p>Ak sympt\u00f3my plienkovej dermatit\u00eddy pretrv\u00e1vaj\u00fa, pora\u010fte sa s&nbsp;detsk\u00fdm lek\u00e1rom.<\/p>\n","protected":false},"excerpt":{"rendered":"<p>Upokojenie a&nbsp;podpora lie\u010dby plienkovej dermatit\u00eddy Ak je&nbsp;poko\u017eka v\u00e1\u0161ho die\u0165a\u0165a v&nbsp;oblasti pokrytej plienkou bolestiv\u00e1, za\u010dervenan\u00e1 a&nbsp;na&nbsp;dotyk tepl\u00e1, va\u0161e die\u0165a m\u00f4\u017ee ma\u0165 plienkov\u00fa dermatit\u00eddu. Pri o\u0161etrovan\u00ed poko\u017eky postihnutej plienkovou dermatit\u00eddou m\u00f4\u017eete postupova\u0165 pod\u013ea t\u00fdchto pokynov: Die\u0165a preba\u013ete v\u017edy, ke\u010f je&nbsp;plienka mokr\u00e1 alebo zne\u010disten\u00e1. Je&nbsp;naozaj d\u00f4le\u017eit\u00e9 zabr\u00e1ni\u0165 tomu, aby&nbsp;l\u00e1tky obsiahnut\u00e9 v&nbsp;mo\u010di a&nbsp;stolici naru\u0161ovali jemn\u00fa, citliv\u00fa poko\u017eku v\u00e1\u0161ho die\u0165a\u0165a. [&#8230;]<\/p>\n<p><a aria-label=\"Sudocrem\"  class=\"btn btn-purple round btn-secondary understrap-read-more-link\" href=\"https:\/\/sudocrem.com\/sk\/plienkova-dermatitida\/upokojenie-a-podpora-liecby-plienkovej-dermatitidy\/\">CONTINUE READING<\/a><\/p>\n","protected":false},"author":2,"featured_media":1670,"parent":754,"menu_order":3,"comment_status":"closed","ping_status":"closed","template":"page-templates\/top-menu-page.php","meta":{"footnotes":""},"class_list":["post-322","page","type-page","status-publish","has-post-thumbnail","hentry"],"yoast_head":"<!-- This site is optimized with the Yoast SEO plugin v14.6.1 - https:\/\/yoast.com\/wordpress\/plugins\/seo\/ -->\n<title>Upokojenie a podpora lie\u010dby plienkovej dermatit\u00eddy - Sudocrem Slovakia<\/title>\n<meta name=\"robots\" content=\"index, follow\" \/>\n<meta name=\"googlebot\" content=\"index, follow, max-snippet:-1, max-image-preview:large, max-video-preview:-1\" \/>\n<meta name=\"bingbot\" content=\"index, follow, max-snippet:-1, max-image-preview:large, max-video-preview:-1\" \/>\n<link rel=\"canonical\" href=\"https:\/\/sudocrem.com\/sk\/plienkova-dermatitida\/upokojenie-a-podpora-liecby-plienkovej-dermatitidy\/\" \/>\n<meta property=\"og:locale\" content=\"sk_SK\" \/>\n<meta property=\"og:type\" content=\"article\" \/>\n<meta property=\"og:title\" content=\"Upokojenie a podpora lie\u010dby plienkovej dermatit\u00eddy - Sudocrem Slovakia\" \/>\n<meta property=\"og:description\" content=\"Upokojenie a&nbsp;podpora lie\u010dby plienkovej dermatit\u00eddy Ak je&nbsp;poko\u017eka v\u00e1\u0161ho die\u0165a\u0165a v&nbsp;oblasti pokrytej plienkou bolestiv\u00e1, za\u010dervenan\u00e1 a&nbsp;na&nbsp;dotyk tepl\u00e1, va\u0161e die\u0165a m\u00f4\u017ee ma\u0165 plienkov\u00fa dermatit\u00eddu. Pri o\u0161etrovan\u00ed poko\u017eky postihnutej plienkovou dermatit\u00eddou m\u00f4\u017eete postupova\u0165 pod\u013ea t\u00fdchto pokynov: Die\u0165a preba\u013ete v\u017edy, ke\u010f je&nbsp;plienka mokr\u00e1 alebo zne\u010disten\u00e1. Je&nbsp;naozaj d\u00f4le\u017eit\u00e9 zabr\u00e1ni\u0165 tomu, aby&nbsp;l\u00e1tky obsiahnut\u00e9 v&nbsp;mo\u010di a&nbsp;stolici naru\u0161ovali jemn\u00fa, citliv\u00fa poko\u017eku v\u00e1\u0161ho die\u0165a\u0165a. [...]CONTINUE READING\" \/>\n<meta property=\"og:url\" content=\"https:\/\/sudocrem.com\/sk\/plienkova-dermatitida\/upokojenie-a-podpora-liecby-plienkovej-dermatitidy\/\" \/>\n<meta property=\"og:site_name\" content=\"Sudocrem Slovakia\" \/>\n<meta property=\"article:modified_time\" content=\"2022-03-23T10:10:25+00:00\" \/>\n<meta property=\"og:image\" content=\"https:\/\/sudocrem.com\/sk\/wp-content\/uploads\/sites\/50\/2020\/07\/Sud_Nappy-rash_Top-banner.jpg\" \/>\n\t<meta property=\"og:image:width\" content=\"1920\" \/>\n\t<meta property=\"og:image:height\" content=\"742\" \/>\n<meta name=\"twitter:card\" content=\"summary_large_image\" \/>\n<script type=\"application\/ld+json\" class=\"yoast-schema-graph\">{\"@context\":\"https:\/\/schema.org\",\"@graph\":[{\"@type\":\"WebSite\",\"@id\":\"https:\/\/sudocrem.com\/sk\/#website\",\"url\":\"https:\/\/sudocrem.com\/sk\/\",\"name\":\"Sudocrem Slovakia\",\"description\":\"Just another Sudocrem International site\",\"potentialAction\":[{\"@type\":\"SearchAction\",\"target\":\"https:\/\/sudocrem.com\/sk\/?s={search_term_string}\",\"query-input\":\"required name=search_term_string\"}],\"inLanguage\":\"sk-SK\"},{\"@type\":\"ImageObject\",\"@id\":\"https:\/\/sudocrem.com\/sk\/plienkova-dermatitida\/upokojenie-a-podpora-liecby-plienkovej-dermatitidy\/#primaryimage\",\"inLanguage\":\"sk-SK\",\"url\":\"https:\/\/sudocrem.com\/sk\/wp-content\/uploads\/sites\/50\/2020\/07\/Sud_Nappy-rash_Top-banner.jpg\",\"width\":1920,\"height\":742,\"caption\":\"Sud_Nappy-rash_Top-banner\"},{\"@type\":\"WebPage\",\"@id\":\"https:\/\/sudocrem.com\/sk\/plienkova-dermatitida\/upokojenie-a-podpora-liecby-plienkovej-dermatitidy\/#webpage\",\"url\":\"https:\/\/sudocrem.com\/sk\/plienkova-dermatitida\/upokojenie-a-podpora-liecby-plienkovej-dermatitidy\/\",\"name\":\"Upokojenie a podpora lie\\u010dby plienkovej dermatit\\u00eddy - Sudocrem Slovakia\",\"isPartOf\":{\"@id\":\"https:\/\/sudocrem.com\/sk\/#website\"},\"primaryImageOfPage\":{\"@id\":\"https:\/\/sudocrem.com\/sk\/plienkova-dermatitida\/upokojenie-a-podpora-liecby-plienkovej-dermatitidy\/#primaryimage\"},\"datePublished\":\"2018-12-11T14:12:03+00:00\",\"dateModified\":\"2022-03-23T10:10:25+00:00\",\"inLanguage\":\"sk-SK\",\"potentialAction\":[{\"@type\":\"ReadAction\",\"target\":[\"https:\/\/sudocrem.com\/sk\/plienkova-dermatitida\/upokojenie-a-podpora-liecby-plienkovej-dermatitidy\/\"]}]}]}<\/script>\n<!-- \/ Yoast SEO plugin. -->","_links":{"self":[{"href":"https:\/\/sudocrem.com\/sk\/wp-json\/wp\/v2\/pages\/322","targetHints":{"allow":["GET"]}}],"collection":[{"href":"https:\/\/sudocrem.com\/sk\/wp-json\/wp\/v2\/pages"}],"about":[{"href":"https:\/\/sudocrem.com\/sk\/wp-json\/wp\/v2\/types\/page"}],"author":[{"embeddable":true,"href":"https:\/\/sudocrem.com\/sk\/wp-json\/wp\/v2\/users\/2"}],"replies":[{"embeddable":true,"href":"https:\/\/sudocrem.com\/sk\/wp-json\/wp\/v2\/comments?post=322"}],"version-history":[{"count":0,"href":"https:\/\/sudocrem.com\/sk\/wp-json\/wp\/v2\/pages\/322\/revisions"}],"up":[{"embeddable":true,"href":"https:\/\/sudocrem.com\/sk\/wp-json\/wp\/v2\/pages\/754"}],"wp:featuredmedia":[{"embeddable":true,"href":"https:\/\/sudocrem.com\/sk\/wp-json\/wp\/v2\/media\/1670"}],"wp:attachment":[{"href":"https:\/\/sudocrem.com\/sk\/wp-json\/wp\/v2\/media?parent=322"}],"curies":[{"name":"wp","href":"https:\/\/api.w.org\/{rel}","templated":true}]}}