

{"id":324,"date":"2018-12-11T14:12:26","date_gmt":"2018-12-11T14:12:26","guid":{"rendered":"http:\/\/www.sudocrem.co.uk\/?page_id=324"},"modified":"2022-03-23T11:11:41","modified_gmt":"2022-03-23T10:11:41","slug":"prevencia-plienkovej-dermatitidy","status":"publish","type":"page","link":"https:\/\/sudocrem.com\/sk\/plienkova-dermatitida\/prevencia-plienkovej-dermatitidy\/","title":{"rendered":"Prevencia plienkovej dermatit\u00eddy"},"content":{"rendered":"<h5>Prevencia plienkovej dermatit\u00eddy<\/h5>\n<p>Ak chcete pred\u00eds\u0165 tomu, aby&nbsp;sa u&nbsp;v\u00e1\u0161ho die\u0165a\u0165a rozvinula plienkov\u00e1 dermatit\u00edda, m\u00f4\u017eete postupova\u0165 pod\u013ea t\u00fdchto tipov:<\/p>\n<ul>\n<li>Preba\u013ete svoje die\u0165a hne\u010f, ke\u010f zist\u00edte, \u017ee&nbsp;plienka je&nbsp;mokr\u00e1 alebo zne\u010disten\u00e1.<\/li>\n<li>Poko\u017eku pod&nbsp;plienkou opatrne opl\u00e1chnite teplou vodou a&nbsp;jemne ju osu\u0161te.<\/li>\n<li>Kedyko\u013evek sa d\u00e1, nech\u00e1vajte die\u0165a rozbalen\u00e9, aby&nbsp;mohla poko\u017eka vo\u013ene d\u00fdcha\u0165.<\/li>\n<li>Sk\u00f4r ako d\u00e1te die\u0165a spa\u0165, v\u017edy ho preba\u013ete.<\/li>\n<li>Na&nbsp;ochranu poko\u017eky v\u00e1\u0161ho die\u0165a\u0165a pou\u017e\u00edvajte ochrann\u00fd kr\u00e9m, ako je&nbsp;napr\u00edklad Sudocrem MULTI-EXPERT.<\/li>\n<li>Aj napriek v\u0161etk\u00e9mu v\u00e1\u0161mu \u00fasiliu sa m\u00f4\u017ee objavi\u0165 plienkov\u00e1 dermatit\u00edda, ktor\u00e1 je&nbsp;u&nbsp;mal\u00fdch det\u00ed ve\u013emi \u010dast\u00fdm javom.<\/li>\n<\/ul>\n","protected":false},"excerpt":{"rendered":"<p>Prevencia plienkovej dermatit\u00eddy Ak chcete pred\u00eds\u0165 tomu, aby&nbsp;sa u&nbsp;v\u00e1\u0161ho die\u0165a\u0165a rozvinula plienkov\u00e1 dermatit\u00edda, m\u00f4\u017eete postupova\u0165 pod\u013ea t\u00fdchto tipov: Preba\u013ete svoje die\u0165a hne\u010f, ke\u010f zist\u00edte, \u017ee&nbsp;plienka je&nbsp;mokr\u00e1 alebo zne\u010disten\u00e1. Poko\u017eku pod&nbsp;plienkou opatrne opl\u00e1chnite teplou vodou a&nbsp;jemne ju osu\u0161te. Kedyko\u013evek sa d\u00e1, nech\u00e1vajte die\u0165a rozbalen\u00e9, aby&nbsp;mohla poko\u017eka vo\u013ene d\u00fdcha\u0165. Sk\u00f4r ako d\u00e1te die\u0165a spa\u0165, v\u017edy ho preba\u013ete. [&#8230;]<\/p>\n<p><a aria-label=\"Sudocrem\"  class=\"btn btn-purple round btn-secondary understrap-read-more-link\" href=\"https:\/\/sudocrem.com\/sk\/plienkova-dermatitida\/prevencia-plienkovej-dermatitidy\/\">CONTINUE READING<\/a><\/p>\n","protected":false},"author":2,"featured_media":1670,"parent":754,"menu_order":4,"comment_status":"closed","ping_status":"closed","template":"page-templates\/top-menu-page.php","meta":{"footnotes":""},"class_list":["post-324","page","type-page","status-publish","has-post-thumbnail","hentry"],"yoast_head":"<!-- This site is optimized with the Yoast SEO plugin v14.6.1 - https:\/\/yoast.com\/wordpress\/plugins\/seo\/ -->\n<title>Prevencia plienkovej dermatit\u00eddy - Sudocrem Slovakia<\/title>\n<meta name=\"robots\" content=\"index, follow\" \/>\n<meta name=\"googlebot\" content=\"index, follow, max-snippet:-1, max-image-preview:large, max-video-preview:-1\" \/>\n<meta name=\"bingbot\" content=\"index, follow, max-snippet:-1, max-image-preview:large, max-video-preview:-1\" \/>\n<link rel=\"canonical\" href=\"https:\/\/sudocrem.com\/sk\/plienkova-dermatitida\/prevencia-plienkovej-dermatitidy\/\" \/>\n<meta property=\"og:locale\" content=\"sk_SK\" \/>\n<meta property=\"og:type\" content=\"article\" \/>\n<meta property=\"og:title\" content=\"Prevencia plienkovej dermatit\u00eddy - Sudocrem Slovakia\" \/>\n<meta property=\"og:description\" content=\"Prevencia plienkovej dermatit\u00eddy Ak chcete pred\u00eds\u0165 tomu, aby&nbsp;sa u&nbsp;v\u00e1\u0161ho die\u0165a\u0165a rozvinula plienkov\u00e1 dermatit\u00edda, m\u00f4\u017eete postupova\u0165 pod\u013ea t\u00fdchto tipov: Preba\u013ete svoje die\u0165a hne\u010f, ke\u010f zist\u00edte, \u017ee&nbsp;plienka je&nbsp;mokr\u00e1 alebo zne\u010disten\u00e1. Poko\u017eku pod&nbsp;plienkou opatrne opl\u00e1chnite teplou vodou a&nbsp;jemne ju osu\u0161te. Kedyko\u013evek sa d\u00e1, nech\u00e1vajte die\u0165a rozbalen\u00e9, aby&nbsp;mohla poko\u017eka vo\u013ene d\u00fdcha\u0165. Sk\u00f4r ako d\u00e1te die\u0165a spa\u0165, v\u017edy ho preba\u013ete. [...]CONTINUE READING\" \/>\n<meta property=\"og:url\" content=\"https:\/\/sudocrem.com\/sk\/plienkova-dermatitida\/prevencia-plienkovej-dermatitidy\/\" \/>\n<meta property=\"og:site_name\" content=\"Sudocrem Slovakia\" \/>\n<meta property=\"article:modified_time\" content=\"2022-03-23T10:11:41+00:00\" \/>\n<meta property=\"og:image\" content=\"https:\/\/sudocrem.com\/sk\/wp-content\/uploads\/sites\/50\/2020\/07\/Sud_Nappy-rash_Top-banner.jpg\" \/>\n\t<meta property=\"og:image:width\" content=\"1920\" \/>\n\t<meta property=\"og:image:height\" content=\"742\" \/>\n<meta name=\"twitter:card\" content=\"summary_large_image\" \/>\n<script type=\"application\/ld+json\" class=\"yoast-schema-graph\">{\"@context\":\"https:\/\/schema.org\",\"@graph\":[{\"@type\":\"WebSite\",\"@id\":\"https:\/\/sudocrem.com\/sk\/#website\",\"url\":\"https:\/\/sudocrem.com\/sk\/\",\"name\":\"Sudocrem Slovakia\",\"description\":\"Just another Sudocrem International site\",\"potentialAction\":[{\"@type\":\"SearchAction\",\"target\":\"https:\/\/sudocrem.com\/sk\/?s={search_term_string}\",\"query-input\":\"required name=search_term_string\"}],\"inLanguage\":\"sk-SK\"},{\"@type\":\"ImageObject\",\"@id\":\"https:\/\/sudocrem.com\/sk\/plienkova-dermatitida\/prevencia-plienkovej-dermatitidy\/#primaryimage\",\"inLanguage\":\"sk-SK\",\"url\":\"https:\/\/sudocrem.com\/sk\/wp-content\/uploads\/sites\/50\/2020\/07\/Sud_Nappy-rash_Top-banner.jpg\",\"width\":1920,\"height\":742,\"caption\":\"Sud_Nappy-rash_Top-banner\"},{\"@type\":\"WebPage\",\"@id\":\"https:\/\/sudocrem.com\/sk\/plienkova-dermatitida\/prevencia-plienkovej-dermatitidy\/#webpage\",\"url\":\"https:\/\/sudocrem.com\/sk\/plienkova-dermatitida\/prevencia-plienkovej-dermatitidy\/\",\"name\":\"Prevencia plienkovej dermatit\\u00eddy - Sudocrem Slovakia\",\"isPartOf\":{\"@id\":\"https:\/\/sudocrem.com\/sk\/#website\"},\"primaryImageOfPage\":{\"@id\":\"https:\/\/sudocrem.com\/sk\/plienkova-dermatitida\/prevencia-plienkovej-dermatitidy\/#primaryimage\"},\"datePublished\":\"2018-12-11T14:12:26+00:00\",\"dateModified\":\"2022-03-23T10:11:41+00:00\",\"inLanguage\":\"sk-SK\",\"potentialAction\":[{\"@type\":\"ReadAction\",\"target\":[\"https:\/\/sudocrem.com\/sk\/plienkova-dermatitida\/prevencia-plienkovej-dermatitidy\/\"]}]}]}<\/script>\n<!-- \/ Yoast SEO plugin. -->","_links":{"self":[{"href":"https:\/\/sudocrem.com\/sk\/wp-json\/wp\/v2\/pages\/324","targetHints":{"allow":["GET"]}}],"collection":[{"href":"https:\/\/sudocrem.com\/sk\/wp-json\/wp\/v2\/pages"}],"about":[{"href":"https:\/\/sudocrem.com\/sk\/wp-json\/wp\/v2\/types\/page"}],"author":[{"embeddable":true,"href":"https:\/\/sudocrem.com\/sk\/wp-json\/wp\/v2\/users\/2"}],"replies":[{"embeddable":true,"href":"https:\/\/sudocrem.com\/sk\/wp-json\/wp\/v2\/comments?post=324"}],"version-history":[{"count":0,"href":"https:\/\/sudocrem.com\/sk\/wp-json\/wp\/v2\/pages\/324\/revisions"}],"up":[{"embeddable":true,"href":"https:\/\/sudocrem.com\/sk\/wp-json\/wp\/v2\/pages\/754"}],"wp:featuredmedia":[{"embeddable":true,"href":"https:\/\/sudocrem.com\/sk\/wp-json\/wp\/v2\/media\/1670"}],"wp:attachment":[{"href":"https:\/\/sudocrem.com\/sk\/wp-json\/wp\/v2\/media?parent=324"}],"curies":[{"name":"wp","href":"https:\/\/api.w.org\/{rel}","templated":true}]}}