

{"id":1614,"date":"2020-07-15T19:18:06","date_gmt":"2020-07-15T18:18:06","guid":{"rendered":"https:\/\/sudocrem.wpenginepowered.com\/australia\/?page_id=1614"},"modified":"2024-11-19T16:59:25","modified_gmt":"2024-11-19T16:59:25","slug":"trust-in-a-grey-tub","status":"publish","type":"page","link":"https:\/\/sudocrem.com\/tr\/your-family-hub\/trust-in-a-grey-tub\/","title":{"rendered":"Aileniz"},"content":{"rendered":"<p><b>Annenin yard\u0131mc\u0131s\u0131<\/b><\/p>\n<p>Sudocrem 90 y\u0131ld\u0131r bebe\u011finizin cildine en hassas \u015fekilde bak\u0131m yapmakta ve sizi olumsuzluklardan korumaktad\u0131r.<\/p>\n<p>&nbsp;<\/p>\n<p><b>\u0130lk g\u00fcnler<\/b><\/p>\n<p>Sudocrem, bebe\u011finizin do\u011fumundan itibaren* cildine bak\u0131m yapmak i\u00e7in yard\u0131mc\u0131 olur. Sudocrem Bebek Bak\u0131m Kremi, pi\u015fik olu\u015fumunu \u00f6nler, p\u00fcr\u00fczs\u00fcz ve sa\u011fl\u0131kl\u0131 bir cilt hissi i\u00e7in tahri\u015f edici maddelere kar\u015f\u0131 ciltte koruyucu bir bariyer olu\u015fturur.<\/p>\n<p>&nbsp;<\/p>\n<p><b>Yeti\u015fkinler<\/b><\/p>\n<p>Siz de cildiniz i\u00e7in g\u00fczel bir bak\u0131m\u0131 hak ediyorsunuz. Sudocrem \u00fcr\u00fcnleri cildi nemlendirmek ve korumak i\u00e7in her g\u00fcn kullan\u0131labilir.<\/p>\n<p>&nbsp;<\/p>\n<p><b>Alt\u0131n y\u0131llar<\/b><\/p>\n<p>\u0130lerleyen ya\u015flarda cildimiz bazen biraz daha bak\u0131ma ihtiya\u00e7 duyar ve ilgi g\u00f6stermek gerekmektedir.<\/p>\n<p>*3 ya\u015f\u0131n alt\u0131ndaki \u00e7ocuklarda sadece bebek bezi alan\u0131nda kullan\u0131l\u0131r.<\/p>\n","protected":false},"excerpt":{"rendered":"<p>Annenin yard\u0131mc\u0131s\u0131 Sudocrem 90 y\u0131ld\u0131r bebe\u011finizin cildine en hassas \u015fekilde bak\u0131m yapmakta ve sizi olumsuzluklardan korumaktad\u0131r. &nbsp; \u0130lk g\u00fcnler Sudocrem, bebe\u011finizin do\u011fumundan itibaren* cildine bak\u0131m yapmak i\u00e7in yard\u0131mc\u0131 olur. Sudocrem Bebek Bak\u0131m Kremi, pi\u015fik olu\u015fumunu \u00f6nler, p\u00fcr\u00fczs\u00fcz ve sa\u011fl\u0131kl\u0131 bir cilt hissi i\u00e7in tahri\u015f edici maddelere kar\u015f\u0131 ciltte koruyucu bir bariyer olu\u015fturur. &nbsp; Yeti\u015fkinler Siz [&#8230;]<\/p>\n<p><a aria-label=\"Sudocrem\"  class=\"btn btn-purple round btn-secondary understrap-read-more-link\" href=\"https:\/\/sudocrem.com\/tr\/your-family-hub\/trust-in-a-grey-tub\/\">CONTINUE READING<\/a><\/p>\n","protected":false},"author":1,"featured_media":1735,"parent":1685,"menu_order":0,"comment_status":"closed","ping_status":"closed","template":"page-templates\/top-menu-page.php","meta":{"footnotes":""},"class_list":["post-1614","page","type-page","status-publish","has-post-thumbnail","hentry"],"yoast_head":"<!-- This site is optimized with the Yoast SEO plugin v14.6.1 - https:\/\/yoast.com\/wordpress\/plugins\/seo\/ -->\n<title>Aileniz - Sudocrem Turkey<\/title>\n<meta name=\"robots\" content=\"index, follow\" \/>\n<meta name=\"googlebot\" content=\"index, follow, max-snippet:-1, max-image-preview:large, max-video-preview:-1\" \/>\n<meta name=\"bingbot\" content=\"index, follow, max-snippet:-1, max-image-preview:large, max-video-preview:-1\" \/>\n<link rel=\"canonical\" href=\"https:\/\/sudocrem.com\/tr\/your-family-hub\/trust-in-a-grey-tub\/\" \/>\n<meta property=\"og:locale\" content=\"en_GB\" \/>\n<meta property=\"og:type\" content=\"article\" \/>\n<meta property=\"og:title\" content=\"Aileniz - Sudocrem Turkey\" \/>\n<meta property=\"og:description\" content=\"Annenin yard\u0131mc\u0131s\u0131 Sudocrem 90 y\u0131ld\u0131r bebe\u011finizin cildine en hassas \u015fekilde bak\u0131m yapmakta ve sizi olumsuzluklardan korumaktad\u0131r. &nbsp; \u0130lk g\u00fcnler Sudocrem, bebe\u011finizin do\u011fumundan itibaren* cildine bak\u0131m yapmak i\u00e7in yard\u0131mc\u0131 olur. Sudocrem Bebek Bak\u0131m Kremi, pi\u015fik olu\u015fumunu \u00f6nler, p\u00fcr\u00fczs\u00fcz ve sa\u011fl\u0131kl\u0131 bir cilt hissi i\u00e7in tahri\u015f edici maddelere kar\u015f\u0131 ciltte koruyucu bir bariyer olu\u015fturur. &nbsp; Yeti\u015fkinler Siz [...]CONTINUE READING\" \/>\n<meta property=\"og:url\" content=\"https:\/\/sudocrem.com\/tr\/your-family-hub\/trust-in-a-grey-tub\/\" \/>\n<meta property=\"og:site_name\" content=\"Sudocrem Turkey\" \/>\n<meta property=\"article:modified_time\" content=\"2024-11-19T16:59:25+00:00\" \/>\n<meta property=\"og:image\" content=\"https:\/\/sudocrem.com\/tr\/wp-content\/uploads\/sites\/20\/2020\/07\/Sud_Family-hub_Top-banner.jpg\" \/>\n\t<meta property=\"og:image:width\" content=\"1920\" \/>\n\t<meta property=\"og:image:height\" content=\"699\" \/>\n<meta name=\"twitter:card\" content=\"summary_large_image\" \/>\n<script type=\"application\/ld+json\" class=\"yoast-schema-graph\">{\"@context\":\"https:\/\/schema.org\",\"@graph\":[{\"@type\":\"WebSite\",\"@id\":\"https:\/\/sudocrem.com\/tr\/#website\",\"url\":\"https:\/\/sudocrem.com\/tr\/\",\"name\":\"Sudocrem Turkey\",\"description\":\"Just another Sudocrem International site\",\"potentialAction\":[{\"@type\":\"SearchAction\",\"target\":\"https:\/\/sudocrem.com\/tr\/?s={search_term_string}\",\"query-input\":\"required name=search_term_string\"}],\"inLanguage\":\"en-GB\"},{\"@type\":\"ImageObject\",\"@id\":\"https:\/\/sudocrem.com\/tr\/your-family-hub\/trust-in-a-grey-tub\/#primaryimage\",\"inLanguage\":\"en-GB\",\"url\":\"https:\/\/sudocrem.com\/tr\/wp-content\/uploads\/sites\/20\/2020\/07\/Sud_Family-hub_Top-banner.jpg\",\"width\":1920,\"height\":699},{\"@type\":\"WebPage\",\"@id\":\"https:\/\/sudocrem.com\/tr\/your-family-hub\/trust-in-a-grey-tub\/#webpage\",\"url\":\"https:\/\/sudocrem.com\/tr\/your-family-hub\/trust-in-a-grey-tub\/\",\"name\":\"Aileniz - Sudocrem Turkey\",\"isPartOf\":{\"@id\":\"https:\/\/sudocrem.com\/tr\/#website\"},\"primaryImageOfPage\":{\"@id\":\"https:\/\/sudocrem.com\/tr\/your-family-hub\/trust-in-a-grey-tub\/#primaryimage\"},\"datePublished\":\"2020-07-15T18:18:06+00:00\",\"dateModified\":\"2024-11-19T16:59:25+00:00\",\"inLanguage\":\"en-GB\",\"potentialAction\":[{\"@type\":\"ReadAction\",\"target\":[\"https:\/\/sudocrem.com\/tr\/your-family-hub\/trust-in-a-grey-tub\/\"]}]}]}<\/script>\n<!-- \/ Yoast SEO plugin. -->","_links":{"self":[{"href":"https:\/\/sudocrem.com\/tr\/wp-json\/wp\/v2\/pages\/1614","targetHints":{"allow":["GET"]}}],"collection":[{"href":"https:\/\/sudocrem.com\/tr\/wp-json\/wp\/v2\/pages"}],"about":[{"href":"https:\/\/sudocrem.com\/tr\/wp-json\/wp\/v2\/types\/page"}],"author":[{"embeddable":true,"href":"https:\/\/sudocrem.com\/tr\/wp-json\/wp\/v2\/users\/1"}],"replies":[{"embeddable":true,"href":"https:\/\/sudocrem.com\/tr\/wp-json\/wp\/v2\/comments?post=1614"}],"version-history":[{"count":0,"href":"https:\/\/sudocrem.com\/tr\/wp-json\/wp\/v2\/pages\/1614\/revisions"}],"up":[{"embeddable":true,"href":"https:\/\/sudocrem.com\/tr\/wp-json\/wp\/v2\/pages\/1685"}],"wp:featuredmedia":[{"embeddable":true,"href":"https:\/\/sudocrem.com\/tr\/wp-json\/wp\/v2\/media\/1735"}],"wp:attachment":[{"href":"https:\/\/sudocrem.com\/tr\/wp-json\/wp\/v2\/media?parent=1614"}],"curies":[{"name":"wp","href":"https:\/\/api.w.org\/{rel}","templated":true}]}}