

{"id":163,"date":"2018-12-10T16:31:59","date_gmt":"2018-12-10T16:31:59","guid":{"rendered":"http:\/\/www.sudocrem.co.uk\/?page_id=163"},"modified":"2024-11-21T12:44:38","modified_gmt":"2024-11-21T12:44:38","slug":"details","status":"publish","type":"page","link":"https:\/\/sudocrem.com\/tr\/bebek-bakim-kremi\/details\/","title":{"rendered":"Bebek Bak\u0131m Kremi &#8211; Details"},"content":{"rendered":"<p>Sudocrem, p\u00fcr\u00fczs\u00fcz ve sa\u011fl\u0131kl\u0131 bir cilt hissi i\u00e7in tahri\u015f edici maddelere kar\u015f\u0131 ciltte koruyucu bir bariyer olu\u015fturur.<br \/>\nHassas ciltler i\u00e7in bak\u0131m yapar.<br \/>\nTahri\u015fin neden oldu\u011fu k\u0131zar\u0131kl\u0131\u011f\u0131n \u00f6nlenmesine yard\u0131mc\u0131 olarak cildin do\u011fal ve sa\u011fl\u0131kl\u0131 durumunu korur.<br \/>\n\u0130\u00e7eri\u011finde bulunan \u00e7inko oksit cildi nemlendirir.<br \/>\nT\u00fcm cilt tipleri ve her ya\u015fta g\u00fcnl\u00fck kullan\u0131ma uygun \u00e7ok y\u00f6nl\u00fc bir \u00fcr\u00fcnd\u00fcr.<\/p>\n","protected":false},"excerpt":{"rendered":"<p>Sudocrem, p\u00fcr\u00fczs\u00fcz ve sa\u011fl\u0131kl\u0131 bir cilt hissi i\u00e7in tahri\u015f edici maddelere kar\u015f\u0131 ciltte koruyucu bir bariyer olu\u015fturur. Hassas ciltler i\u00e7in bak\u0131m yapar. Tahri\u015fin neden oldu\u011fu k\u0131zar\u0131kl\u0131\u011f\u0131n \u00f6nlenmesine yard\u0131mc\u0131 olarak cildin do\u011fal ve sa\u011fl\u0131kl\u0131 durumunu korur. \u0130\u00e7eri\u011finde bulunan \u00e7inko oksit cildi nemlendirir. T\u00fcm cilt tipleri ve her ya\u015fta g\u00fcnl\u00fck kullan\u0131ma uygun \u00e7ok y\u00f6nl\u00fc bir \u00fcr\u00fcnd\u00fcr. [&#8230;]<\/p>\n<p><a aria-label=\"Sudocrem\"  class=\"btn btn-purple round btn-secondary understrap-read-more-link\" href=\"https:\/\/sudocrem.com\/tr\/bebek-bakim-kremi\/details\/\">CONTINUE READING<\/a><\/p>\n","protected":false},"author":1,"featured_media":1918,"parent":741,"menu_order":0,"comment_status":"closed","ping_status":"closed","template":"page-templates\/top-menu-page.php","meta":{"footnotes":""},"class_list":["post-163","page","type-page","status-publish","has-post-thumbnail","hentry"],"yoast_head":"<!-- This site is optimized with the Yoast SEO plugin v14.6.1 - https:\/\/yoast.com\/wordpress\/plugins\/seo\/ -->\n<title>Bebek Bak\u0131m Kremi - Details - Sudocrem Turkey<\/title>\n<meta name=\"description\" content=\"Sudocrem Antiseptic Healing Cream has been mum\u2019s ally for over 85 years and is great for soothing sore skin and effectively treating nappy rash.\" \/>\n<meta name=\"robots\" content=\"index, follow\" \/>\n<meta name=\"googlebot\" content=\"index, follow, max-snippet:-1, max-image-preview:large, max-video-preview:-1\" \/>\n<meta name=\"bingbot\" content=\"index, follow, max-snippet:-1, max-image-preview:large, max-video-preview:-1\" \/>\n<link rel=\"canonical\" href=\"https:\/\/sudocrem.com\/tr\/bebek-bakim-kremi\/details\/\" \/>\n<meta property=\"og:locale\" content=\"en_GB\" \/>\n<meta property=\"og:type\" content=\"article\" \/>\n<meta property=\"og:title\" content=\"Bebek Bak\u0131m Kremi - Details - Sudocrem Turkey\" \/>\n<meta property=\"og:description\" content=\"Sudocrem Antiseptic Healing Cream has been mum\u2019s ally for over 85 years and is great for soothing sore skin and effectively treating nappy rash.\" \/>\n<meta property=\"og:url\" content=\"https:\/\/sudocrem.com\/tr\/bebek-bakim-kremi\/details\/\" \/>\n<meta property=\"og:site_name\" content=\"Sudocrem Turkey\" \/>\n<meta property=\"article:modified_time\" content=\"2024-11-21T12:44:38+00:00\" \/>\n<meta property=\"og:image\" content=\"https:\/\/sudocrem.com\/tr\/wp-content\/uploads\/sites\/20\/2024\/11\/sudocrem-turkey-packshots-1.jpg\" \/>\n\t<meta property=\"og:image:width\" content=\"2809\" \/>\n\t<meta property=\"og:image:height\" content=\"1159\" \/>\n<meta name=\"twitter:card\" content=\"summary_large_image\" \/>\n<script type=\"application\/ld+json\" class=\"yoast-schema-graph\">{\"@context\":\"https:\/\/schema.org\",\"@graph\":[{\"@type\":\"WebSite\",\"@id\":\"https:\/\/sudocrem.com\/tr\/#website\",\"url\":\"https:\/\/sudocrem.com\/tr\/\",\"name\":\"Sudocrem Turkey\",\"description\":\"Just another Sudocrem International site\",\"potentialAction\":[{\"@type\":\"SearchAction\",\"target\":\"https:\/\/sudocrem.com\/tr\/?s={search_term_string}\",\"query-input\":\"required name=search_term_string\"}],\"inLanguage\":\"en-GB\"},{\"@type\":\"ImageObject\",\"@id\":\"https:\/\/sudocrem.com\/tr\/bebek-bakim-kremi\/details\/#primaryimage\",\"inLanguage\":\"en-GB\",\"url\":\"https:\/\/sudocrem.com\/tr\/wp-content\/uploads\/sites\/20\/2024\/11\/sudocrem-turkey-packshots-1.jpg\",\"width\":2809,\"height\":1159},{\"@type\":\"WebPage\",\"@id\":\"https:\/\/sudocrem.com\/tr\/bebek-bakim-kremi\/details\/#webpage\",\"url\":\"https:\/\/sudocrem.com\/tr\/bebek-bakim-kremi\/details\/\",\"name\":\"Bebek Bak\\u0131m Kremi - Details - Sudocrem Turkey\",\"isPartOf\":{\"@id\":\"https:\/\/sudocrem.com\/tr\/#website\"},\"primaryImageOfPage\":{\"@id\":\"https:\/\/sudocrem.com\/tr\/bebek-bakim-kremi\/details\/#primaryimage\"},\"datePublished\":\"2018-12-10T16:31:59+00:00\",\"dateModified\":\"2024-11-21T12:44:38+00:00\",\"description\":\"Sudocrem Antiseptic Healing Cream has been mum\\u2019s ally for over 85 years and is great for soothing sore skin and effectively treating nappy rash.\",\"inLanguage\":\"en-GB\",\"potentialAction\":[{\"@type\":\"ReadAction\",\"target\":[\"https:\/\/sudocrem.com\/tr\/bebek-bakim-kremi\/details\/\"]}]}]}<\/script>\n<!-- \/ Yoast SEO plugin. -->","_links":{"self":[{"href":"https:\/\/sudocrem.com\/tr\/wp-json\/wp\/v2\/pages\/163","targetHints":{"allow":["GET"]}}],"collection":[{"href":"https:\/\/sudocrem.com\/tr\/wp-json\/wp\/v2\/pages"}],"about":[{"href":"https:\/\/sudocrem.com\/tr\/wp-json\/wp\/v2\/types\/page"}],"author":[{"embeddable":true,"href":"https:\/\/sudocrem.com\/tr\/wp-json\/wp\/v2\/users\/1"}],"replies":[{"embeddable":true,"href":"https:\/\/sudocrem.com\/tr\/wp-json\/wp\/v2\/comments?post=163"}],"version-history":[{"count":0,"href":"https:\/\/sudocrem.com\/tr\/wp-json\/wp\/v2\/pages\/163\/revisions"}],"up":[{"embeddable":true,"href":"https:\/\/sudocrem.com\/tr\/wp-json\/wp\/v2\/pages\/741"}],"wp:featuredmedia":[{"embeddable":true,"href":"https:\/\/sudocrem.com\/tr\/wp-json\/wp\/v2\/media\/1918"}],"wp:attachment":[{"href":"https:\/\/sudocrem.com\/tr\/wp-json\/wp\/v2\/media?parent=163"}],"curies":[{"name":"wp","href":"https:\/\/api.w.org\/{rel}","templated":true}]}}