

{"id":170,"date":"2018-12-10T16:34:08","date_gmt":"2018-12-10T16:34:08","guid":{"rendered":"http:\/\/www.sudocrem.co.uk\/?page_id=170"},"modified":"2024-11-21T12:45:09","modified_gmt":"2024-11-21T12:45:09","slug":"how-to-use","status":"publish","type":"page","link":"https:\/\/sudocrem.com\/tr\/bebek-bakim-kremi\/how-to-use\/","title":{"rendered":"Bebek Bak\u0131m Kremi &#8211; How to use?"},"content":{"rendered":"<p>\u0130stenilen b\u00f6lgeye gerekti\u011fi \u015fekilde e\u015fit olarak ince bir tabaka halinde uygulay\u0131n\u0131z. 3 ya\u015f\u0131n alt\u0131ndaki \u00e7ocuklarda sadece bebek bezi alan\u0131nda kullan\u0131l\u0131r. Do\u011fumdan itibaren kullan\u0131ma uygundur. Her bebek bezi de\u011fi\u015fiminde kullan\u0131ma uygundur.<\/p>\n<p>Uygulamadan \u00f6nce ellerinizi y\u0131kay\u0131n\u0131z. Yaln\u0131zca harici kullan\u0131m i\u00e7indir. \u00c7ocuklar\u0131n eri\u015femeyece\u011fi yerlerde saklay\u0131n\u0131z. Bile\u015fenlerinden herhangi birine a\u015f\u0131r\u0131 duyarl\u0131ysan\u0131z kullanmay\u0131n\u0131z. G\u00f6zler ve mukoza ile temas etmemelidir.<\/p>\n<p>25 derecenin alt\u0131ndaki oda s\u0131cakl\u0131\u011f\u0131nda saklay\u0131n\u0131z.<\/p>\n","protected":false},"excerpt":{"rendered":"<p>\u0130stenilen b\u00f6lgeye gerekti\u011fi \u015fekilde e\u015fit olarak ince bir tabaka halinde uygulay\u0131n\u0131z. 3 ya\u015f\u0131n alt\u0131ndaki \u00e7ocuklarda sadece bebek bezi alan\u0131nda kullan\u0131l\u0131r. Do\u011fumdan itibaren kullan\u0131ma uygundur. Her bebek bezi de\u011fi\u015fiminde kullan\u0131ma uygundur. Uygulamadan \u00f6nce ellerinizi y\u0131kay\u0131n\u0131z. Yaln\u0131zca harici kullan\u0131m i\u00e7indir. \u00c7ocuklar\u0131n eri\u015femeyece\u011fi yerlerde saklay\u0131n\u0131z. Bile\u015fenlerinden herhangi birine a\u015f\u0131r\u0131 duyarl\u0131ysan\u0131z kullanmay\u0131n\u0131z. G\u00f6zler ve mukoza ile temas etmemelidir. 25 [&#8230;]<\/p>\n<p><a aria-label=\"Sudocrem\"  class=\"btn btn-purple round btn-secondary understrap-read-more-link\" href=\"https:\/\/sudocrem.com\/tr\/bebek-bakim-kremi\/how-to-use\/\">CONTINUE READING<\/a><\/p>\n","protected":false},"author":1,"featured_media":1918,"parent":741,"menu_order":2,"comment_status":"closed","ping_status":"closed","template":"page-templates\/top-menu-page.php","meta":{"footnotes":""},"class_list":["post-170","page","type-page","status-publish","has-post-thumbnail","hentry"],"yoast_head":"<!-- This site is optimized with the Yoast SEO plugin v14.6.1 - https:\/\/yoast.com\/wordpress\/plugins\/seo\/ -->\n<title>Bebek Bak\u0131m Kremi - How to use? - Sudocrem Turkey<\/title>\n<meta name=\"robots\" content=\"index, follow\" \/>\n<meta name=\"googlebot\" content=\"index, follow, max-snippet:-1, max-image-preview:large, max-video-preview:-1\" \/>\n<meta name=\"bingbot\" content=\"index, follow, max-snippet:-1, max-image-preview:large, max-video-preview:-1\" \/>\n<link rel=\"canonical\" href=\"https:\/\/sudocrem.com\/tr\/bebek-bakim-kremi\/how-to-use\/\" \/>\n<meta property=\"og:locale\" content=\"en_GB\" \/>\n<meta property=\"og:type\" content=\"article\" \/>\n<meta property=\"og:title\" content=\"Bebek Bak\u0131m Kremi - How to use? - Sudocrem Turkey\" \/>\n<meta property=\"og:description\" content=\"\u0130stenilen b\u00f6lgeye gerekti\u011fi \u015fekilde e\u015fit olarak ince bir tabaka halinde uygulay\u0131n\u0131z. 3 ya\u015f\u0131n alt\u0131ndaki \u00e7ocuklarda sadece bebek bezi alan\u0131nda kullan\u0131l\u0131r. Do\u011fumdan itibaren kullan\u0131ma uygundur. Her bebek bezi de\u011fi\u015fiminde kullan\u0131ma uygundur. Uygulamadan \u00f6nce ellerinizi y\u0131kay\u0131n\u0131z. Yaln\u0131zca harici kullan\u0131m i\u00e7indir. \u00c7ocuklar\u0131n eri\u015femeyece\u011fi yerlerde saklay\u0131n\u0131z. Bile\u015fenlerinden herhangi birine a\u015f\u0131r\u0131 duyarl\u0131ysan\u0131z kullanmay\u0131n\u0131z. G\u00f6zler ve mukoza ile temas etmemelidir. 25 [...]CONTINUE READING\" \/>\n<meta property=\"og:url\" content=\"https:\/\/sudocrem.com\/tr\/bebek-bakim-kremi\/how-to-use\/\" \/>\n<meta property=\"og:site_name\" content=\"Sudocrem Turkey\" \/>\n<meta property=\"article:modified_time\" content=\"2024-11-21T12:45:09+00:00\" \/>\n<meta property=\"og:image\" content=\"https:\/\/sudocrem.com\/tr\/wp-content\/uploads\/sites\/20\/2024\/11\/sudocrem-turkey-packshots-1.jpg\" \/>\n\t<meta property=\"og:image:width\" content=\"2809\" \/>\n\t<meta property=\"og:image:height\" content=\"1159\" \/>\n<meta name=\"twitter:card\" content=\"summary_large_image\" \/>\n<script type=\"application\/ld+json\" class=\"yoast-schema-graph\">{\"@context\":\"https:\/\/schema.org\",\"@graph\":[{\"@type\":\"WebSite\",\"@id\":\"https:\/\/sudocrem.com\/tr\/#website\",\"url\":\"https:\/\/sudocrem.com\/tr\/\",\"name\":\"Sudocrem Turkey\",\"description\":\"Just another Sudocrem International site\",\"potentialAction\":[{\"@type\":\"SearchAction\",\"target\":\"https:\/\/sudocrem.com\/tr\/?s={search_term_string}\",\"query-input\":\"required name=search_term_string\"}],\"inLanguage\":\"en-GB\"},{\"@type\":\"ImageObject\",\"@id\":\"https:\/\/sudocrem.com\/tr\/bebek-bakim-kremi\/how-to-use\/#primaryimage\",\"inLanguage\":\"en-GB\",\"url\":\"https:\/\/sudocrem.com\/tr\/wp-content\/uploads\/sites\/20\/2024\/11\/sudocrem-turkey-packshots-1.jpg\",\"width\":2809,\"height\":1159},{\"@type\":\"WebPage\",\"@id\":\"https:\/\/sudocrem.com\/tr\/bebek-bakim-kremi\/how-to-use\/#webpage\",\"url\":\"https:\/\/sudocrem.com\/tr\/bebek-bakim-kremi\/how-to-use\/\",\"name\":\"Bebek Bak\\u0131m Kremi - How to use? - Sudocrem Turkey\",\"isPartOf\":{\"@id\":\"https:\/\/sudocrem.com\/tr\/#website\"},\"primaryImageOfPage\":{\"@id\":\"https:\/\/sudocrem.com\/tr\/bebek-bakim-kremi\/how-to-use\/#primaryimage\"},\"datePublished\":\"2018-12-10T16:34:08+00:00\",\"dateModified\":\"2024-11-21T12:45:09+00:00\",\"inLanguage\":\"en-GB\",\"potentialAction\":[{\"@type\":\"ReadAction\",\"target\":[\"https:\/\/sudocrem.com\/tr\/bebek-bakim-kremi\/how-to-use\/\"]}]}]}<\/script>\n<!-- \/ Yoast SEO plugin. -->","_links":{"self":[{"href":"https:\/\/sudocrem.com\/tr\/wp-json\/wp\/v2\/pages\/170","targetHints":{"allow":["GET"]}}],"collection":[{"href":"https:\/\/sudocrem.com\/tr\/wp-json\/wp\/v2\/pages"}],"about":[{"href":"https:\/\/sudocrem.com\/tr\/wp-json\/wp\/v2\/types\/page"}],"author":[{"embeddable":true,"href":"https:\/\/sudocrem.com\/tr\/wp-json\/wp\/v2\/users\/1"}],"replies":[{"embeddable":true,"href":"https:\/\/sudocrem.com\/tr\/wp-json\/wp\/v2\/comments?post=170"}],"version-history":[{"count":0,"href":"https:\/\/sudocrem.com\/tr\/wp-json\/wp\/v2\/pages\/170\/revisions"}],"up":[{"embeddable":true,"href":"https:\/\/sudocrem.com\/tr\/wp-json\/wp\/v2\/pages\/741"}],"wp:featuredmedia":[{"embeddable":true,"href":"https:\/\/sudocrem.com\/tr\/wp-json\/wp\/v2\/media\/1918"}],"wp:attachment":[{"href":"https:\/\/sudocrem.com\/tr\/wp-json\/wp\/v2\/media?parent=170"}],"curies":[{"name":"wp","href":"https:\/\/api.w.org\/{rel}","templated":true}]}}