

{"id":172,"date":"2018-12-10T16:34:48","date_gmt":"2018-12-10T16:34:48","guid":{"rendered":"http:\/\/www.sudocrem.co.uk\/?page_id=172"},"modified":"2024-11-21T12:45:28","modified_gmt":"2024-11-21T12:45:28","slug":"ingredients","status":"publish","type":"page","link":"https:\/\/sudocrem.com\/tr\/bebek-bakim-kremi\/ingredients\/","title":{"rendered":"Bebek Bak\u0131m Kremi &#8211; Ingredients"},"content":{"rendered":"<h5>\u0130\u00e7indekiler<\/h5>\n<p>Aqua, paraffin liquidium, zinc oxide, paraffin, lanolin, ozokerite, sorbitan sesquioleate, benzyl benzoate, synthetic beeswax, benzyl alcohol, propylene glycol, benzyl cinnamate, parfum, linalyl acetate, BHA, citric acid ve BHT<\/p>\n","protected":false},"excerpt":{"rendered":"<p>\u0130\u00e7indekiler Aqua, paraffin liquidium, zinc oxide, paraffin, lanolin, ozokerite, sorbitan sesquioleate, benzyl benzoate, synthetic beeswax, benzyl alcohol, propylene glycol, benzyl cinnamate, parfum, linalyl acetate, BHA, citric acid ve BHT [&#8230;]<\/p>\n<p><a aria-label=\"Sudocrem\"  class=\"btn btn-purple round btn-secondary understrap-read-more-link\" href=\"https:\/\/sudocrem.com\/tr\/bebek-bakim-kremi\/ingredients\/\">CONTINUE READING<\/a><\/p>\n","protected":false},"author":1,"featured_media":1918,"parent":741,"menu_order":3,"comment_status":"closed","ping_status":"closed","template":"page-templates\/top-menu-page.php","meta":{"footnotes":""},"class_list":["post-172","page","type-page","status-publish","has-post-thumbnail","hentry"],"yoast_head":"<!-- This site is optimized with the Yoast SEO plugin v14.6.1 - https:\/\/yoast.com\/wordpress\/plugins\/seo\/ -->\n<title>Bebek Bak\u0131m Kremi - Ingredients - Sudocrem Turkey<\/title>\n<meta name=\"robots\" content=\"index, follow\" \/>\n<meta name=\"googlebot\" content=\"index, follow, max-snippet:-1, max-image-preview:large, max-video-preview:-1\" \/>\n<meta name=\"bingbot\" content=\"index, follow, max-snippet:-1, max-image-preview:large, max-video-preview:-1\" \/>\n<link rel=\"canonical\" href=\"https:\/\/sudocrem.com\/tr\/bebek-bakim-kremi\/ingredients\/\" \/>\n<meta property=\"og:locale\" content=\"en_GB\" \/>\n<meta property=\"og:type\" content=\"article\" \/>\n<meta property=\"og:title\" content=\"Bebek Bak\u0131m Kremi - Ingredients - Sudocrem Turkey\" \/>\n<meta property=\"og:description\" content=\"\u0130\u00e7indekiler Aqua, paraffin liquidium, zinc oxide, paraffin, lanolin, ozokerite, sorbitan sesquioleate, benzyl benzoate, synthetic beeswax, benzyl alcohol, propylene glycol, benzyl cinnamate, parfum, linalyl acetate, BHA, citric acid ve BHT [...]CONTINUE READING\" \/>\n<meta property=\"og:url\" content=\"https:\/\/sudocrem.com\/tr\/bebek-bakim-kremi\/ingredients\/\" \/>\n<meta property=\"og:site_name\" content=\"Sudocrem Turkey\" \/>\n<meta property=\"article:modified_time\" content=\"2024-11-21T12:45:28+00:00\" \/>\n<meta property=\"og:image\" content=\"https:\/\/sudocrem.com\/tr\/wp-content\/uploads\/sites\/20\/2024\/11\/sudocrem-turkey-packshots-1.jpg\" \/>\n\t<meta property=\"og:image:width\" content=\"2809\" \/>\n\t<meta property=\"og:image:height\" content=\"1159\" \/>\n<meta name=\"twitter:card\" content=\"summary_large_image\" \/>\n<script type=\"application\/ld+json\" class=\"yoast-schema-graph\">{\"@context\":\"https:\/\/schema.org\",\"@graph\":[{\"@type\":\"WebSite\",\"@id\":\"https:\/\/sudocrem.com\/tr\/#website\",\"url\":\"https:\/\/sudocrem.com\/tr\/\",\"name\":\"Sudocrem Turkey\",\"description\":\"Just another Sudocrem International site\",\"potentialAction\":[{\"@type\":\"SearchAction\",\"target\":\"https:\/\/sudocrem.com\/tr\/?s={search_term_string}\",\"query-input\":\"required name=search_term_string\"}],\"inLanguage\":\"en-GB\"},{\"@type\":\"ImageObject\",\"@id\":\"https:\/\/sudocrem.com\/tr\/bebek-bakim-kremi\/ingredients\/#primaryimage\",\"inLanguage\":\"en-GB\",\"url\":\"https:\/\/sudocrem.com\/tr\/wp-content\/uploads\/sites\/20\/2024\/11\/sudocrem-turkey-packshots-1.jpg\",\"width\":2809,\"height\":1159},{\"@type\":\"WebPage\",\"@id\":\"https:\/\/sudocrem.com\/tr\/bebek-bakim-kremi\/ingredients\/#webpage\",\"url\":\"https:\/\/sudocrem.com\/tr\/bebek-bakim-kremi\/ingredients\/\",\"name\":\"Bebek Bak\\u0131m Kremi - Ingredients - Sudocrem Turkey\",\"isPartOf\":{\"@id\":\"https:\/\/sudocrem.com\/tr\/#website\"},\"primaryImageOfPage\":{\"@id\":\"https:\/\/sudocrem.com\/tr\/bebek-bakim-kremi\/ingredients\/#primaryimage\"},\"datePublished\":\"2018-12-10T16:34:48+00:00\",\"dateModified\":\"2024-11-21T12:45:28+00:00\",\"inLanguage\":\"en-GB\",\"potentialAction\":[{\"@type\":\"ReadAction\",\"target\":[\"https:\/\/sudocrem.com\/tr\/bebek-bakim-kremi\/ingredients\/\"]}]}]}<\/script>\n<!-- \/ Yoast SEO plugin. -->","_links":{"self":[{"href":"https:\/\/sudocrem.com\/tr\/wp-json\/wp\/v2\/pages\/172","targetHints":{"allow":["GET"]}}],"collection":[{"href":"https:\/\/sudocrem.com\/tr\/wp-json\/wp\/v2\/pages"}],"about":[{"href":"https:\/\/sudocrem.com\/tr\/wp-json\/wp\/v2\/types\/page"}],"author":[{"embeddable":true,"href":"https:\/\/sudocrem.com\/tr\/wp-json\/wp\/v2\/users\/1"}],"replies":[{"embeddable":true,"href":"https:\/\/sudocrem.com\/tr\/wp-json\/wp\/v2\/comments?post=172"}],"version-history":[{"count":0,"href":"https:\/\/sudocrem.com\/tr\/wp-json\/wp\/v2\/pages\/172\/revisions"}],"up":[{"embeddable":true,"href":"https:\/\/sudocrem.com\/tr\/wp-json\/wp\/v2\/pages\/741"}],"wp:featuredmedia":[{"embeddable":true,"href":"https:\/\/sudocrem.com\/tr\/wp-json\/wp\/v2\/media\/1918"}],"wp:attachment":[{"href":"https:\/\/sudocrem.com\/tr\/wp-json\/wp\/v2\/media?parent=172"}],"curies":[{"name":"wp","href":"https:\/\/api.w.org\/{rel}","templated":true}]}}