

{"id":1788,"date":"2020-07-24T16:14:54","date_gmt":"2020-07-24T15:14:54","guid":{"rendered":"https:\/\/sudocrem.wpenginepowered.com\/tr\/?page_id=1788"},"modified":"2025-10-31T12:02:12","modified_gmt":"2025-10-31T12:02:12","slug":"where-to-buy","status":"publish","type":"page","link":"https:\/\/sudocrem.com\/tr\/where-to-buy\/","title":{"rendered":"Nereden Al\u0131n\u0131r"},"content":{"rendered":"<p>Sudocrem\u2019i eczanelerde, baz\u0131 market zincirlerinde ve anne-bebek ma\u011fazalar\u0131nda bulabilirsiniz. Ayn\u0131 zamanda a\u015fa\u011f\u0131daki e-ticaret platformlardaki ma\u011fazalar\u0131m\u0131zdan g\u00fcvenle sat\u0131n alabilirsiniz.<\/p>\n<p><a target=\"_blank\" href=\"https:\/\/ty.gl\/aidyd9t9afaq2\">Trendyol Resmi Sat\u0131\u015f Hesab\u0131<\/a><\/p>\n<p><a target=\"_blank\" href=\"https:\/\/www.e-bebek.com\/sudocrem-b2680\">Ebebek<\/a><\/p>\n<p><a target=\"_blank\" href=\"https:\/\/www.gratis.com\/search?q=sudocrem\">Gratis<\/a><\/p>\n<p><a target=\"_blank\" href=\"https:\/\/www.watsons.com.tr\/search\/sudocrem\">Watsons<\/a><\/p>\n<p><a target=\"_blank\" href=\"https:\/\/www.babymall.com.tr\/sudocrem-m-65\">Baby Mall<\/a><\/p>\n<p><a target=\"_blank\" href=\"https:\/\/www.rossmann.com.tr\/catalogsearch\/result\/?q=sudocrem\">Rossmann<\/a><\/p>\n","protected":false},"excerpt":{"rendered":"<p>Sudocrem\u2019i eczanelerde, baz\u0131 market zincirlerinde ve anne-bebek ma\u011fazalar\u0131nda bulabilirsiniz. Ayn\u0131 zamanda a\u015fa\u011f\u0131daki e-ticaret platformlardaki ma\u011fazalar\u0131m\u0131zdan g\u00fcvenle sat\u0131n alabilirsiniz. Trendyol Resmi Sat\u0131\u015f Hesab\u0131 Ebebek Gratis Watsons Baby Mall Rossmann [&#8230;]<\/p>\n<p><a aria-label=\"Sudocrem\"  class=\"btn btn-purple round btn-secondary understrap-read-more-link\" href=\"https:\/\/sudocrem.com\/tr\/where-to-buy\/\">CONTINUE READING<\/a><\/p>\n","protected":false},"author":1,"featured_media":1918,"parent":0,"menu_order":0,"comment_status":"closed","ping_status":"closed","template":"page-templates\/top-menu-page.php","meta":{"footnotes":""},"class_list":["post-1788","page","type-page","status-publish","has-post-thumbnail","hentry"],"yoast_head":"<!-- This site is optimized with the Yoast SEO plugin v14.6.1 - https:\/\/yoast.com\/wordpress\/plugins\/seo\/ -->\n<title>Nereden Al\u0131n\u0131r - Sudocrem Turkey<\/title>\n<meta name=\"robots\" content=\"index, follow\" \/>\n<meta name=\"googlebot\" content=\"index, follow, max-snippet:-1, max-image-preview:large, max-video-preview:-1\" \/>\n<meta name=\"bingbot\" content=\"index, follow, max-snippet:-1, max-image-preview:large, max-video-preview:-1\" \/>\n<link rel=\"canonical\" href=\"https:\/\/sudocrem.com\/tr\/where-to-buy\/\" \/>\n<meta property=\"og:locale\" content=\"en_GB\" \/>\n<meta property=\"og:type\" content=\"article\" \/>\n<meta property=\"og:title\" content=\"Nereden Al\u0131n\u0131r - Sudocrem Turkey\" \/>\n<meta property=\"og:description\" content=\"Sudocrem\u2019i eczanelerde, baz\u0131 market zincirlerinde ve anne-bebek ma\u011fazalar\u0131nda bulabilirsiniz. Ayn\u0131 zamanda a\u015fa\u011f\u0131daki e-ticaret platformlardaki ma\u011fazalar\u0131m\u0131zdan g\u00fcvenle sat\u0131n alabilirsiniz. Trendyol Resmi Sat\u0131\u015f Hesab\u0131 Ebebek Gratis Watsons Baby Mall Rossmann [...]CONTINUE READING\" \/>\n<meta property=\"og:url\" content=\"https:\/\/sudocrem.com\/tr\/where-to-buy\/\" \/>\n<meta property=\"og:site_name\" content=\"Sudocrem Turkey\" \/>\n<meta property=\"article:modified_time\" content=\"2025-10-31T12:02:12+00:00\" \/>\n<meta property=\"og:image\" content=\"https:\/\/sudocrem.com\/tr\/wp-content\/uploads\/sites\/20\/2024\/11\/sudocrem-turkey-packshots-1.jpg\" \/>\n\t<meta property=\"og:image:width\" content=\"2809\" \/>\n\t<meta property=\"og:image:height\" content=\"1159\" \/>\n<meta name=\"twitter:card\" content=\"summary_large_image\" \/>\n<script type=\"application\/ld+json\" class=\"yoast-schema-graph\">{\"@context\":\"https:\/\/schema.org\",\"@graph\":[{\"@type\":\"WebSite\",\"@id\":\"https:\/\/sudocrem.com\/tr\/#website\",\"url\":\"https:\/\/sudocrem.com\/tr\/\",\"name\":\"Sudocrem Turkey\",\"description\":\"Just another Sudocrem International site\",\"potentialAction\":[{\"@type\":\"SearchAction\",\"target\":\"https:\/\/sudocrem.com\/tr\/?s={search_term_string}\",\"query-input\":\"required name=search_term_string\"}],\"inLanguage\":\"en-GB\"},{\"@type\":\"ImageObject\",\"@id\":\"https:\/\/sudocrem.com\/tr\/where-to-buy\/#primaryimage\",\"inLanguage\":\"en-GB\",\"url\":\"https:\/\/sudocrem.com\/tr\/wp-content\/uploads\/sites\/20\/2024\/11\/sudocrem-turkey-packshots-1.jpg\",\"width\":2809,\"height\":1159},{\"@type\":\"WebPage\",\"@id\":\"https:\/\/sudocrem.com\/tr\/where-to-buy\/#webpage\",\"url\":\"https:\/\/sudocrem.com\/tr\/where-to-buy\/\",\"name\":\"Nereden Al\\u0131n\\u0131r - Sudocrem Turkey\",\"isPartOf\":{\"@id\":\"https:\/\/sudocrem.com\/tr\/#website\"},\"primaryImageOfPage\":{\"@id\":\"https:\/\/sudocrem.com\/tr\/where-to-buy\/#primaryimage\"},\"datePublished\":\"2020-07-24T15:14:54+00:00\",\"dateModified\":\"2025-10-31T12:02:12+00:00\",\"inLanguage\":\"en-GB\",\"potentialAction\":[{\"@type\":\"ReadAction\",\"target\":[\"https:\/\/sudocrem.com\/tr\/where-to-buy\/\"]}]}]}<\/script>\n<!-- \/ Yoast SEO plugin. -->","_links":{"self":[{"href":"https:\/\/sudocrem.com\/tr\/wp-json\/wp\/v2\/pages\/1788","targetHints":{"allow":["GET"]}}],"collection":[{"href":"https:\/\/sudocrem.com\/tr\/wp-json\/wp\/v2\/pages"}],"about":[{"href":"https:\/\/sudocrem.com\/tr\/wp-json\/wp\/v2\/types\/page"}],"author":[{"embeddable":true,"href":"https:\/\/sudocrem.com\/tr\/wp-json\/wp\/v2\/users\/1"}],"replies":[{"embeddable":true,"href":"https:\/\/sudocrem.com\/tr\/wp-json\/wp\/v2\/comments?post=1788"}],"version-history":[{"count":0,"href":"https:\/\/sudocrem.com\/tr\/wp-json\/wp\/v2\/pages\/1788\/revisions"}],"wp:featuredmedia":[{"embeddable":true,"href":"https:\/\/sudocrem.com\/tr\/wp-json\/wp\/v2\/media\/1918"}],"wp:attachment":[{"href":"https:\/\/sudocrem.com\/tr\/wp-json\/wp\/v2\/media?parent=1788"}],"curies":[{"name":"wp","href":"https:\/\/api.w.org\/{rel}","templated":true}]}}