

{"id":322,"date":"2018-12-11T14:12:03","date_gmt":"2018-12-11T14:12:03","guid":{"rendered":"http:\/\/www.sudocrem.co.uk\/?page_id=322"},"modified":"2024-11-19T16:53:18","modified_gmt":"2024-11-19T16:53:18","slug":"soothing-nappy-rash","status":"publish","type":"page","link":"https:\/\/sudocrem.com\/tr\/nappy-rash-hub\/soothing-nappy-rash\/","title":{"rendered":"Soothing nappy rash"},"content":{"rendered":"<p><b>Pisik olu\u015ftu\u011funda bebe\u011finizi rahatlatmak i\u00e7in yapabilecekleriniz:<\/b><b><sup>1<\/sup><\/b><\/p>\n<ul>\n<li>K\u00fcvete s\u0131cak su haz\u0131rlay\u0131n (38-40\u00b0 C)<\/li>\n<li>Alt de\u011fi\u015ftirme bezini serin ve bebe\u011fin alt\u0131n\u0131 a\u00e7\u0131n<\/li>\n<li>\u00c7ocu\u011fun alt\u0131 d\u0131\u015fk\u0131l\u0131 ise yukar\u0131dan a\u015fa\u011f\u0131ya do\u011fru temizleyin<\/li>\n<li>Duru su ile y\u0131kay\u0131n ve yukar\u0131dan a\u015fa\u011f\u0131ya do\u011fru silin<\/li>\n<li>Havlu ile kurulay\u0131n<\/li>\n<\/ul>\n<p>Referans 1. <a href=\"https:\/\/tegm.meb.gov.tr\/dosya\/okuloncesi\/0-36ayliksaglikbakimeslenme.pdf\">https:\/\/tegm.meb.gov.tr\/dosya\/okuloncesi\/0-36ayliksaglikbakimeslenme.pdf<\/a><\/p>\n","protected":false},"excerpt":{"rendered":"<p>Pisik olu\u015ftu\u011funda bebe\u011finizi rahatlatmak i\u00e7in yapabilecekleriniz:1 K\u00fcvete s\u0131cak su haz\u0131rlay\u0131n (38-40\u00b0 C) Alt de\u011fi\u015ftirme bezini serin ve bebe\u011fin alt\u0131n\u0131 a\u00e7\u0131n \u00c7ocu\u011fun alt\u0131 d\u0131\u015fk\u0131l\u0131 ise yukar\u0131dan a\u015fa\u011f\u0131ya do\u011fru temizleyin Duru su ile y\u0131kay\u0131n ve yukar\u0131dan a\u015fa\u011f\u0131ya do\u011fru silin Havlu ile kurulay\u0131n Referans 1. https:\/\/tegm.meb.gov.tr\/dosya\/okuloncesi\/0-36ayliksaglikbakimeslenme.pdf [&#8230;]<\/p>\n<p><a aria-label=\"Sudocrem\"  class=\"btn btn-purple round btn-secondary understrap-read-more-link\" href=\"https:\/\/sudocrem.com\/tr\/nappy-rash-hub\/soothing-nappy-rash\/\">CONTINUE READING<\/a><\/p>\n","protected":false},"author":1,"featured_media":1751,"parent":754,"menu_order":3,"comment_status":"closed","ping_status":"closed","template":"page-templates\/top-menu-page.php","meta":{"footnotes":""},"class_list":["post-322","page","type-page","status-publish","has-post-thumbnail","hentry"],"yoast_head":"<!-- This site is optimized with the Yoast SEO plugin v14.6.1 - https:\/\/yoast.com\/wordpress\/plugins\/seo\/ -->\n<title>Soothing nappy rash - Sudocrem Turkey<\/title>\n<meta name=\"robots\" content=\"index, follow\" \/>\n<meta name=\"googlebot\" content=\"index, follow, max-snippet:-1, max-image-preview:large, max-video-preview:-1\" \/>\n<meta name=\"bingbot\" content=\"index, follow, max-snippet:-1, max-image-preview:large, max-video-preview:-1\" \/>\n<link rel=\"canonical\" href=\"https:\/\/sudocrem.com\/tr\/nappy-rash-hub\/soothing-nappy-rash\/\" \/>\n<meta property=\"og:locale\" content=\"en_GB\" \/>\n<meta property=\"og:type\" content=\"article\" \/>\n<meta property=\"og:title\" content=\"Soothing nappy rash - Sudocrem Turkey\" \/>\n<meta property=\"og:description\" content=\"Pisik olu\u015ftu\u011funda bebe\u011finizi rahatlatmak i\u00e7in yapabilecekleriniz:1 K\u00fcvete s\u0131cak su haz\u0131rlay\u0131n (38-40\u00b0 C) Alt de\u011fi\u015ftirme bezini serin ve bebe\u011fin alt\u0131n\u0131 a\u00e7\u0131n \u00c7ocu\u011fun alt\u0131 d\u0131\u015fk\u0131l\u0131 ise yukar\u0131dan a\u015fa\u011f\u0131ya do\u011fru temizleyin Duru su ile y\u0131kay\u0131n ve yukar\u0131dan a\u015fa\u011f\u0131ya do\u011fru silin Havlu ile kurulay\u0131n Referans 1. https:\/\/tegm.meb.gov.tr\/dosya\/okuloncesi\/0-36ayliksaglikbakimeslenme.pdf [...]CONTINUE READING\" \/>\n<meta property=\"og:url\" content=\"https:\/\/sudocrem.com\/tr\/nappy-rash-hub\/soothing-nappy-rash\/\" \/>\n<meta property=\"og:site_name\" content=\"Sudocrem Turkey\" \/>\n<meta property=\"article:modified_time\" content=\"2024-11-19T16:53:18+00:00\" \/>\n<meta property=\"og:image\" content=\"https:\/\/sudocrem.com\/tr\/wp-content\/uploads\/sites\/20\/2020\/07\/Sud_Nappy-rash_Top-banner.jpg\" \/>\n\t<meta property=\"og:image:width\" content=\"1920\" \/>\n\t<meta property=\"og:image:height\" content=\"742\" \/>\n<meta name=\"twitter:card\" content=\"summary_large_image\" \/>\n<script type=\"application\/ld+json\" class=\"yoast-schema-graph\">{\"@context\":\"https:\/\/schema.org\",\"@graph\":[{\"@type\":\"WebSite\",\"@id\":\"https:\/\/sudocrem.com\/tr\/#website\",\"url\":\"https:\/\/sudocrem.com\/tr\/\",\"name\":\"Sudocrem Turkey\",\"description\":\"Just another Sudocrem International site\",\"potentialAction\":[{\"@type\":\"SearchAction\",\"target\":\"https:\/\/sudocrem.com\/tr\/?s={search_term_string}\",\"query-input\":\"required name=search_term_string\"}],\"inLanguage\":\"en-GB\"},{\"@type\":\"ImageObject\",\"@id\":\"https:\/\/sudocrem.com\/tr\/nappy-rash-hub\/soothing-nappy-rash\/#primaryimage\",\"inLanguage\":\"en-GB\",\"url\":\"https:\/\/sudocrem.com\/tr\/wp-content\/uploads\/sites\/20\/2020\/07\/Sud_Nappy-rash_Top-banner.jpg\",\"width\":1920,\"height\":742},{\"@type\":\"WebPage\",\"@id\":\"https:\/\/sudocrem.com\/tr\/nappy-rash-hub\/soothing-nappy-rash\/#webpage\",\"url\":\"https:\/\/sudocrem.com\/tr\/nappy-rash-hub\/soothing-nappy-rash\/\",\"name\":\"Soothing nappy rash - Sudocrem Turkey\",\"isPartOf\":{\"@id\":\"https:\/\/sudocrem.com\/tr\/#website\"},\"primaryImageOfPage\":{\"@id\":\"https:\/\/sudocrem.com\/tr\/nappy-rash-hub\/soothing-nappy-rash\/#primaryimage\"},\"datePublished\":\"2018-12-11T14:12:03+00:00\",\"dateModified\":\"2024-11-19T16:53:18+00:00\",\"inLanguage\":\"en-GB\",\"potentialAction\":[{\"@type\":\"ReadAction\",\"target\":[\"https:\/\/sudocrem.com\/tr\/nappy-rash-hub\/soothing-nappy-rash\/\"]}]}]}<\/script>\n<!-- \/ Yoast SEO plugin. -->","_links":{"self":[{"href":"https:\/\/sudocrem.com\/tr\/wp-json\/wp\/v2\/pages\/322","targetHints":{"allow":["GET"]}}],"collection":[{"href":"https:\/\/sudocrem.com\/tr\/wp-json\/wp\/v2\/pages"}],"about":[{"href":"https:\/\/sudocrem.com\/tr\/wp-json\/wp\/v2\/types\/page"}],"author":[{"embeddable":true,"href":"https:\/\/sudocrem.com\/tr\/wp-json\/wp\/v2\/users\/1"}],"replies":[{"embeddable":true,"href":"https:\/\/sudocrem.com\/tr\/wp-json\/wp\/v2\/comments?post=322"}],"version-history":[{"count":0,"href":"https:\/\/sudocrem.com\/tr\/wp-json\/wp\/v2\/pages\/322\/revisions"}],"up":[{"embeddable":true,"href":"https:\/\/sudocrem.com\/tr\/wp-json\/wp\/v2\/pages\/754"}],"wp:featuredmedia":[{"embeddable":true,"href":"https:\/\/sudocrem.com\/tr\/wp-json\/wp\/v2\/media\/1751"}],"wp:attachment":[{"href":"https:\/\/sudocrem.com\/tr\/wp-json\/wp\/v2\/media?parent=322"}],"curies":[{"name":"wp","href":"https:\/\/api.w.org\/{rel}","templated":true}]}}