

{"id":430,"date":"2018-12-11T15:50:01","date_gmt":"2018-12-11T15:50:01","guid":{"rendered":"http:\/\/www.sudocrem.co.uk\/?page_id=430"},"modified":"2020-09-30T16:48:53","modified_gmt":"2020-09-30T15:48:53","slug":"terms-of-service","status":"publish","type":"page","link":"https:\/\/sudocrem.com\/tr\/terms-of-service\/","title":{"rendered":"H\u00fck\u00fcmler"},"content":{"rendered":"<div class=\"container\">\n<div id=\"page\" class=\"site\">\n<div id=\"content\" class=\"site-content tr terms\">\n<div class=\"row\">\n<div class=\"full-12\">\n<div id=\"primary\" class=\"content-area tr terms\">\n<h5>Yasal uyar\u0131<\/h5>\n<article id=\"post-164\" class=\"post-164 page type-page status-publish hentry\">\n<div class=\"entry-content tr terms\">\n<div class=\"legalContent\">\n<div class=\"mav-content-section\" data-content-name=\"Terms\">\n<p>Forest Laboratories Europe ve onun (\u201cForest \u201c) alt b\u00f6l\u00fcmleri, Forest Laboratories UK, Forest \u0130rlanda ve Forest Tosara, ki\u015fisel bilgi ve e\u011fitim amac\u0131 ile belirli web sitelerini (\u201cForest Web Siteleri\u201c) i\u015fletmektedir. Forest web sitelerinde yer alan sa\u011fl\u0131k ile ilgili bilgiler yaln\u0131zca e\u011fitim ama\u00e7l\u0131 olarak verilmektedir ve bir doktor ya da di\u011fer sa\u011fl\u0131k personelinin verece\u011fi bilgilerin yerini alamaz. Bir Forest web sitesini kullanman\u0131z, bu web sitesi i\u00e7erisinde yer alan h\u00fck\u00fcm, ko\u015ful ve bildirimlerin ve y\u00fcr\u00fcrl\u00fckte bulunan t\u00fcm kanunlar\u0131 bir de\u011fi\u015fiklik olmadan kabul etmeniz anlam\u0131na gelir.<\/p>\n<p>&nbsp;<\/p>\n<h5>Web sitenin kullan\u0131m\u0131<\/h5>\n<p>Forest Laboratories Europe i\u015fbu belge ile, Forest taraf\u0131ndan internet \u00fczerinde yay\u0131nlanan belgeleri, ticari olmayan ama\u00e7larla ve yaln\u0131zca bireysel referans amac\u0131 ile kopyalaman\u0131za izin vermektedir. Bu izin, sizin taraf\u0131n\u0131zdan kopyas\u0131 \u00e7\u0131kart\u0131lacak olan belgeler ile ilgili telif hakk\u0131n\u0131n ve bunun i\u00e7erisindeki di\u011fer m\u00fclki bildirimlerin s\u00f6z konusu belgelere ait olmaya devam edece\u011finin kabul edilmesine tabi olarak verilmektedir. Bunlardan sonra herhangi bir kopya yeniden kopyalanamaz, \u00e7o\u011falt\u0131lamaz, de\u011fi\u015ftirilemez ya da ba\u015fka bir \u015fekilde da\u011f\u0131t\u0131m\u0131 yap\u0131lamaz. Forest Laboratories Europe, bu web sitelerinde verilen herhangi bir bilginin kesin olmas\u0131n\u0131 sa\u011flamak ad\u0131na makul \u00e7abalar sarf etse ve g\u00fcncel bilgiler sunsa da, bu bilgilerin kesin oldu\u011funa y\u00f6nelik herhangi bir garanti vermez ya da \u00f6yle bir garanti anlam\u0131na gelebilecek bir ifadede bulunmaz. www.sudocrem.com yaln\u0131zca Forest Laboratories UK Ltd taraf\u0131ndan kullan\u0131lma ama\u00e7l\u0131d\u0131r ve promosyon ama\u00e7l\u0131 oldu\u011fu varsay\u0131lan herhangi bir \u00fc\u00e7\u00fcnc\u00fc taraf materyal, Forest Laboratories UK Ltd taraf\u0131ndan, kendi takdiri alt\u0131nda kald\u0131r\u0131lacakt\u0131r.<\/p>\n<p>\u0130\u015fbu belge i\u00e7erisinde yer alan hi\u00e7bir bilgi, Forest ya da herhangi bir \u00fc\u00e7\u00fcnc\u00fc taraf\u0131n herhangi bir patenti ya da ticari markas\u0131 alt\u0131ndaki herhangi bir lisans ya da hakk\u0131n, ima, \u00f6nleme ya da ba\u015fka bir \u015fekilde verilmesi olarak yorumlanamaz. Ticari marka sembol\u00fc ile ya da bu sembol olmadan g\u00f6r\u00fclebilen herhangi bir \u00fcr\u00fcn ismi, Forest Laboratories Inc., Forest Laboratories UK Ltd., Tosara Products Ltd., ya da bunlar taraf\u0131ndan lisans verilen ya da ortak giri\u015fim ortaklar\u0131n\u0131n ticari markalar\u0131d\u0131r. Bu ticari markalar\u0131n ya da herhangi bir di\u011fer materyalin kullan\u0131lmas\u0131, yukar\u0131da belirtilen kullan\u0131mlar hari\u00e7, a\u00e7\u0131k bir \u015fekilde yasaklanm\u0131\u015ft\u0131r ve ticari marka ihlali anlam\u0131 ta\u015f\u0131maktad\u0131r.<\/p>\n<p>&nbsp;<\/p>\n<h5>\u00dc\u00e7\u00fcnc\u00fc taraf linkleri<\/h5>\n<p>Ziyaret\u00e7ilerimize daha y\u00fcksek de\u011fer sunmak amac\u0131 ile Forest web sitelerinde internette bulunan ve \u00fc\u00e7\u00fcnc\u00fc taraf bayilerin ve \u00fc\u00e7\u00fcnc\u00fc taraf ortaklar\u0131n sahip oldu\u011fu ve i\u015fletti\u011fi di\u011fer web sitelerine giden linkler yer alabilir. Ancak \u00fc\u00e7\u00fcnc\u00fc taraf, Forest\u2019in bir ba\u011fl\u0131 kurulu\u015fu olsa dahi, Forest bu link ile ba\u011flant\u0131l\u0131 web siteleri \u00fczerinde herhangi bir kontrole sahip olmay\u0131p s\u00f6z konusu siteler Forest\u2019ten ba\u011f\u0131ms\u0131z olarak kendilerine ait gizlilik ve veri toplama uygulamalar\u0131na sahiptir. Forest, Forest web sayfalar\u0131ndan verilen hiperlink y\u00f6ntemiyle eri\u015filebilen web sitelerinin ya da Forest web sitelerine ba\u011flant\u0131 yapan web sitelerinin kalitesi, i\u00e7eri\u011fi, niteli\u011fi ya da g\u00fcvenilirli\u011fi ile ilgili herhangi bir iddia ya da beyanda bulunmaz ve bu konuda sorumluluk kabul etmez. Link ile ba\u011flant\u0131l\u0131 web siteleri Forest\u2019in kontrol\u00fc alt\u0131nda de\u011fildir ve s\u00f6z konusu link ile ba\u011fl\u0131 web sitelerinin i\u00e7eri\u011finden, s\u00f6z konusu web siteleri ile ilgili herhangi bir revizyon, de\u011fi\u015fiklik ya da g\u00fcncellemeden Forest sorumlu de\u011fildir. Forest bu linkleri yaln\u0131zca size kolayl\u0131k olmas\u0131 i\u00e7in sa\u011flamakta ve herhangi bir linkin belge i\u00e7erisinde bulunmas\u0131 Forest taraf\u0131ndan web sitesini ya da web sitesi i\u00e7erisinde yer alan herhangi bir bilginin teyit edilmesi, kabul edilmesi ya da benimsenmesi anlam\u0131na gelmez. Bu ba\u011flant\u0131l\u0131 web siteleri yaln\u0131zca sizin kolayl\u0131\u011f\u0131n\u0131za y\u00f6neliktir ve bundan dolay\u0131 bunlara eri\u015firken risk de size ait olacakt\u0131r.<\/p>\n<p>&nbsp;<\/p>\n<h5>Sorumluluk kabul etmeme ve sorumlulu\u011fun s\u0131n\u0131rl\u0131 olmas\u0131<\/h5>\n<p>Forest, Forest web sitesinin ya da link ile ba\u011flant\u0131l\u0131 herhangi bir web sitesinin i\u00e7eri\u011finin kesin ya da tam olmas\u0131 ile ilgili bir garanti ya da beyanda bulunmaz. Bu a\u00e7\u0131klama, T\u0130CAR\u0130 DE\u011eERE Y\u00d6NEL\u0130K \u0130MA ED\u0130LEN GARANT\u0130, BEL\u0130RL\u0130 B\u0130R AMACA UYGUNLUK YA DA \u0130HLAL ETMEME DE D\u00c2H\u0130L OLMAK \u00dcZERE FAKAT BUNLARLA DA SINIRLI OLMAKSIZIN, \u0130STER A\u00c7IK\u00c7A BEL\u0130RT\u0130LEN, \u0130STERSE \u0130MA ED\u0130LEN HERHANG\u0130 B\u0130R T\u00dcRDE B\u0130R GARANT\u0130 OLMAKSIZIN \u201cOLDU\u011eU \u015eEKL\u0130YLE\u201d YAPILMAKTADIR. FOREST, BU WEB S\u0130TES\u0130NDE YER ALAN MATERYALLER\u0130N KES\u0130N, TAM, G\u00dcVEN\u0130L\u0130R, G\u00dcNCEL YA DA HATASIZ OLDU\u011eUNU BEYAN YA DA GARANT\u0130 ETMEZ. FOREST, BU WEB S\u0130TES\u0130 YA DA ONUN SUNUCUSUNUN (SUNUCULARININ) V\u0130R\u00dcS YA DA D\u0130\u011eER ZARARLI B\u0130LE\u015eENLER \u0130\u00c7ERMED\u0130\u011e\u0130N\u0130 BEYAN YA DA GARANT\u0130 ETMEZ. Baz\u0131 b\u00f6lgelerde dolayl\u0131 garantilerin muaf tutulmas\u0131na izin verilmez, dolay\u0131s\u0131yla yukar\u0131daki muafiyet sizin i\u00e7in ge\u00e7erli olmayabilir.<\/p>\n<p>FOREST H\u0130\u00c7B\u0130R DURUMDA KULLANIM KAYBI, KAR KAYBI, VER\u0130 KAYBI DA DAH\u0130L OLMAK \u00dcZERE ANCAK BUNLARLA SINIRLI OLMAKSIZIN, \u0130STER B\u0130R S\u00d6ZLE\u015eME \u0130\u00c7ER\u0130S\u0130NDE B\u0130R AK\u0130T YOLU \u0130LE \u0130STER DE HAKSIZ MUAMELE YOLU \u0130LE, (\u0130HMAL DE DAH\u0130L OLMAK \u00dcZERE ANCAK BUNUNLA SINIRLI OLMAKSIZIN) YA DA BA\u015eKA B\u0130R \u015eEK\u0130LDE BU WEB S\u0130TES\u0130N\u0130N YA DA BU WEB S\u0130TES\u0130 \u0130\u00c7ER\u0130S\u0130NDE YER ALAN MATERYALLER\u0130N KULLANILMASI, YA DA BU WEB S\u0130TES\u0130 \u00dcZER\u0130NDEN ER\u0130\u015e\u0130M SA\u011eLANAN MATERYALLER\u0130N KULLANILMASI \u0130LE HERHANG\u0130 B\u0130R \u015eEK\u0130LDE BA\u011eLANTILI OLAN YA DA BUNLARDAN KAYNAKLANAN HERHANG\u0130 B\u0130R DO\u011eRUDAN, \u00d6ZEL, DOLAYLI YA DA TESAD\u00dcF\u0130 ZARARLAR DOLAYISI \u0130LE SORUMLU DE\u011e\u0130LD\u0130R.<\/p>\n<p>&nbsp;<\/p>\n<h5>Ge\u00e7erli kanun<\/h5>\n<p>Bu h\u00fck\u00fcm ve ko\u015fullar, kanun ilkeleri se\u00e7imine bak\u0131lmaks\u0131z\u0131n, Birle\u015fik Krall\u0131k kanunlar\u0131na uygun olarak idare edilecek ve yorumlanacakt\u0131r.<\/p>\n<\/div>\n<\/div>\n<\/div>\n<footer class=\"entry-footer\"><\/footer>\n<\/article>\n<p>&nbsp;<\/p>\n<\/div>\n<\/div>\n<\/div>\n<\/div>\n<\/div>\n<\/div>\n<div class=\"container footer\"><\/div>\n","protected":false},"excerpt":{"rendered":"<p>Yasal uyar\u0131 Forest Laboratories Europe ve onun (\u201cForest \u201c) alt b\u00f6l\u00fcmleri, Forest Laboratories UK, Forest \u0130rlanda ve Forest Tosara, ki\u015fisel bilgi ve e\u011fitim amac\u0131 ile belirli web sitelerini (\u201cForest Web Siteleri\u201c) i\u015fletmektedir. Forest web sitelerinde yer alan sa\u011fl\u0131k ile ilgili bilgiler yaln\u0131zca e\u011fitim ama\u00e7l\u0131 olarak verilmektedir ve bir doktor ya da di\u011fer sa\u011fl\u0131k personelinin verece\u011fi [&#8230;]<\/p>\n<p><a aria-label=\"Sudocrem\"  class=\"btn btn-purple round btn-secondary understrap-read-more-link\" href=\"https:\/\/sudocrem.com\/tr\/terms-of-service\/\">CONTINUE READING<\/a><\/p>\n","protected":false},"author":1,"featured_media":0,"parent":0,"menu_order":14,"comment_status":"closed","ping_status":"closed","template":"page-templates\/legal-page.php","meta":{"footnotes":""},"class_list":["post-430","page","type-page","status-publish","hentry"],"yoast_head":"<!-- This site is optimized with the Yoast SEO plugin v14.6.1 - https:\/\/yoast.com\/wordpress\/plugins\/seo\/ -->\n<title>H\u00fck\u00fcmler - Sudocrem Turkey<\/title>\n<meta name=\"robots\" content=\"index, follow\" \/>\n<meta name=\"googlebot\" content=\"index, follow, max-snippet:-1, max-image-preview:large, max-video-preview:-1\" \/>\n<meta name=\"bingbot\" content=\"index, follow, max-snippet:-1, max-image-preview:large, max-video-preview:-1\" \/>\n<link rel=\"canonical\" href=\"https:\/\/sudocrem.com\/tr\/terms-of-service\/\" \/>\n<meta property=\"og:locale\" content=\"en_GB\" \/>\n<meta property=\"og:type\" content=\"article\" \/>\n<meta property=\"og:title\" content=\"H\u00fck\u00fcmler - Sudocrem Turkey\" \/>\n<meta property=\"og:description\" content=\"Yasal uyar\u0131 Forest Laboratories Europe ve onun (\u201cForest \u201c) alt b\u00f6l\u00fcmleri, Forest Laboratories UK, Forest \u0130rlanda ve Forest Tosara, ki\u015fisel bilgi ve e\u011fitim amac\u0131 ile belirli web sitelerini (\u201cForest Web Siteleri\u201c) i\u015fletmektedir. Forest web sitelerinde yer alan sa\u011fl\u0131k ile ilgili bilgiler yaln\u0131zca e\u011fitim ama\u00e7l\u0131 olarak verilmektedir ve bir doktor ya da di\u011fer sa\u011fl\u0131k personelinin verece\u011fi [...]CONTINUE READING\" \/>\n<meta property=\"og:url\" content=\"https:\/\/sudocrem.com\/tr\/terms-of-service\/\" \/>\n<meta property=\"og:site_name\" content=\"Sudocrem Turkey\" \/>\n<meta property=\"article:modified_time\" content=\"2020-09-30T15:48:53+00:00\" \/>\n<meta name=\"twitter:card\" content=\"summary_large_image\" \/>\n<script type=\"application\/ld+json\" class=\"yoast-schema-graph\">{\"@context\":\"https:\/\/schema.org\",\"@graph\":[{\"@type\":\"WebSite\",\"@id\":\"https:\/\/sudocrem.com\/tr\/#website\",\"url\":\"https:\/\/sudocrem.com\/tr\/\",\"name\":\"Sudocrem Turkey\",\"description\":\"Just another Sudocrem International site\",\"potentialAction\":[{\"@type\":\"SearchAction\",\"target\":\"https:\/\/sudocrem.com\/tr\/?s={search_term_string}\",\"query-input\":\"required name=search_term_string\"}],\"inLanguage\":\"en-GB\"},{\"@type\":\"WebPage\",\"@id\":\"https:\/\/sudocrem.com\/tr\/terms-of-service\/#webpage\",\"url\":\"https:\/\/sudocrem.com\/tr\/terms-of-service\/\",\"name\":\"H\\u00fck\\u00fcmler - Sudocrem Turkey\",\"isPartOf\":{\"@id\":\"https:\/\/sudocrem.com\/tr\/#website\"},\"datePublished\":\"2018-12-11T15:50:01+00:00\",\"dateModified\":\"2020-09-30T15:48:53+00:00\",\"inLanguage\":\"en-GB\",\"potentialAction\":[{\"@type\":\"ReadAction\",\"target\":[\"https:\/\/sudocrem.com\/tr\/terms-of-service\/\"]}]}]}<\/script>\n<!-- \/ Yoast SEO plugin. -->","_links":{"self":[{"href":"https:\/\/sudocrem.com\/tr\/wp-json\/wp\/v2\/pages\/430","targetHints":{"allow":["GET"]}}],"collection":[{"href":"https:\/\/sudocrem.com\/tr\/wp-json\/wp\/v2\/pages"}],"about":[{"href":"https:\/\/sudocrem.com\/tr\/wp-json\/wp\/v2\/types\/page"}],"author":[{"embeddable":true,"href":"https:\/\/sudocrem.com\/tr\/wp-json\/wp\/v2\/users\/1"}],"replies":[{"embeddable":true,"href":"https:\/\/sudocrem.com\/tr\/wp-json\/wp\/v2\/comments?post=430"}],"version-history":[{"count":0,"href":"https:\/\/sudocrem.com\/tr\/wp-json\/wp\/v2\/pages\/430\/revisions"}],"wp:attachment":[{"href":"https:\/\/sudocrem.com\/tr\/wp-json\/wp\/v2\/media?parent=430"}],"curies":[{"name":"wp","href":"https:\/\/api.w.org\/{rel}","templated":true}]}}