

{"id":52,"date":"2018-12-10T10:44:47","date_gmt":"2018-12-10T10:44:47","guid":{"rendered":"http:\/\/www.sudocrem.co.uk\/?page_id=48"},"modified":"2024-11-19T16:48:02","modified_gmt":"2024-11-19T16:48:02","slug":"what-is-nappy-rash","status":"publish","type":"page","link":"https:\/\/sudocrem.com\/tr\/nappy-rash-hub\/what-is-nappy-rash\/","title":{"rendered":"Nappy Rash Hub &#8211; What is nappy rash?"},"content":{"rendered":"<p><b>Pi\u015fik nedir?<\/b><\/p>\n<p>Pi\u015fik nem ve iritasyon sonucu olu\u015fan bir durumdur. Genellikle de 9-12. aylarda geli\u015fir. Pi\u015fi\u011fin olu\u015fum nedeni, derinin<\/p>\n<p>a\u015f\u0131r\u0131 nem ve s\u00fcrt\u00fcnme sonucu tahri\u015f olmas\u0131d\u0131r.<\/p>\n<p>Pi\u015fi\u011fin ilk klinik belirtileri deri kurulu\u011fu olabilir. Erken d\u00f6nemde k\u0131zar\u0131kl\u0131k ve \u00f6dem g\u00f6r\u00fcl\u00fcr. Zaman i\u00e7erisinde lezyon yay\u0131lmaya ba\u015flar; k\u0131zar\u0131kl\u0131k artar.<\/p>\n<p>Pi\u015fik olu\u015fumunu \u00f6nlemede a\u015fa\u011f\u0131daki maddeler size yard\u0131mc\u0131 olacakt\u0131r.<\/p>\n<ul>\n<li>Bebe\u011fin bezinin s\u0131k de\u011fi\u015ftirilmesi<\/li>\n<li>Alt\u0131n\u0131n havaland\u0131r\u0131lmas\u0131<\/li>\n<li>Y\u00fcksek emme kapasitesi olan bezlerin tercih edilmesi<\/li>\n<li>Bezin s\u0131k\u0131 ba\u011flanmamas\u0131<\/li>\n<li>Alkol i\u00e7eren temizleyici mendillerin kullan\u0131lmamas\u0131 bunun yerine her d\u0131\u015fk\u0131lama sonras\u0131 b\u00f6lgenin \u0131l\u0131k su ile temizlenmesi<\/li>\n<li>Her alt de\u011fi\u015ftirmede koruyucu kremlerin ince bir tabaka halinde s\u00fcr\u00fclmesi<\/li>\n<li>Solunum yollar\u0131na zarar verebildi\u011fi i\u00e7in pudra kullan\u0131m\u0131ndan ka\u00e7\u0131n\u0131lmas\u0131 b\u00fcy\u00fck \u00f6nem ta\u015f\u0131maktad\u0131r.<\/li>\n<\/ul>\n<p><b>Referans:\u00a0 G\u00f6zen D. ,\u0130.\u00dc.F.N. Hem. <\/b><b>Derg<\/b><b> (2011) Cilt 19 &#8211; Say\u0131 1: 17-22<\/b><\/p>\n","protected":false},"excerpt":{"rendered":"<p>Pi\u015fik nedir? Pi\u015fik nem ve iritasyon sonucu olu\u015fan bir durumdur. Genellikle de 9-12. aylarda geli\u015fir. Pi\u015fi\u011fin olu\u015fum nedeni, derinin a\u015f\u0131r\u0131 nem ve s\u00fcrt\u00fcnme sonucu tahri\u015f olmas\u0131d\u0131r. Pi\u015fi\u011fin ilk klinik belirtileri deri kurulu\u011fu olabilir. Erken d\u00f6nemde k\u0131zar\u0131kl\u0131k ve \u00f6dem g\u00f6r\u00fcl\u00fcr. Zaman i\u00e7erisinde lezyon yay\u0131lmaya ba\u015flar; k\u0131zar\u0131kl\u0131k artar. Pi\u015fik olu\u015fumunu \u00f6nlemede a\u015fa\u011f\u0131daki maddeler size yard\u0131mc\u0131 olacakt\u0131r. Bebe\u011fin [&#8230;]<\/p>\n<p><a aria-label=\"Sudocrem\"  class=\"btn btn-purple round btn-secondary understrap-read-more-link\" href=\"https:\/\/sudocrem.com\/tr\/nappy-rash-hub\/what-is-nappy-rash\/\">CONTINUE READING<\/a><\/p>\n","protected":false},"author":1,"featured_media":1751,"parent":754,"menu_order":0,"comment_status":"closed","ping_status":"closed","template":"page-templates\/top-menu-page.php","meta":{"footnotes":""},"class_list":["post-52","page","type-page","status-publish","has-post-thumbnail","hentry"],"yoast_head":"<!-- This site is optimized with the Yoast SEO plugin v14.6.1 - https:\/\/yoast.com\/wordpress\/plugins\/seo\/ -->\n<title>Nappy Rash Hub - What is nappy rash? - Sudocrem Turkey<\/title>\n<meta name=\"robots\" content=\"index, follow\" \/>\n<meta name=\"googlebot\" content=\"index, follow, max-snippet:-1, max-image-preview:large, max-video-preview:-1\" \/>\n<meta name=\"bingbot\" content=\"index, follow, max-snippet:-1, max-image-preview:large, max-video-preview:-1\" \/>\n<link rel=\"canonical\" href=\"https:\/\/sudocrem.com\/tr\/nappy-rash-hub\/what-is-nappy-rash\/\" \/>\n<meta property=\"og:locale\" content=\"en_GB\" \/>\n<meta property=\"og:type\" content=\"article\" \/>\n<meta property=\"og:title\" content=\"Nappy Rash Hub - What is nappy rash? - Sudocrem Turkey\" \/>\n<meta property=\"og:description\" content=\"Pi\u015fik nedir? Pi\u015fik nem ve iritasyon sonucu olu\u015fan bir durumdur. Genellikle de 9-12. aylarda geli\u015fir. Pi\u015fi\u011fin olu\u015fum nedeni, derinin a\u015f\u0131r\u0131 nem ve s\u00fcrt\u00fcnme sonucu tahri\u015f olmas\u0131d\u0131r. Pi\u015fi\u011fin ilk klinik belirtileri deri kurulu\u011fu olabilir. Erken d\u00f6nemde k\u0131zar\u0131kl\u0131k ve \u00f6dem g\u00f6r\u00fcl\u00fcr. Zaman i\u00e7erisinde lezyon yay\u0131lmaya ba\u015flar; k\u0131zar\u0131kl\u0131k artar. Pi\u015fik olu\u015fumunu \u00f6nlemede a\u015fa\u011f\u0131daki maddeler size yard\u0131mc\u0131 olacakt\u0131r. Bebe\u011fin [...]CONTINUE READING\" \/>\n<meta property=\"og:url\" content=\"https:\/\/sudocrem.com\/tr\/nappy-rash-hub\/what-is-nappy-rash\/\" \/>\n<meta property=\"og:site_name\" content=\"Sudocrem Turkey\" \/>\n<meta property=\"article:modified_time\" content=\"2024-11-19T16:48:02+00:00\" \/>\n<meta property=\"og:image\" content=\"https:\/\/sudocrem.com\/tr\/wp-content\/uploads\/sites\/20\/2020\/07\/Sud_Nappy-rash_Top-banner.jpg\" \/>\n\t<meta property=\"og:image:width\" content=\"1920\" \/>\n\t<meta property=\"og:image:height\" content=\"742\" \/>\n<meta name=\"twitter:card\" content=\"summary_large_image\" \/>\n<script type=\"application\/ld+json\" class=\"yoast-schema-graph\">{\"@context\":\"https:\/\/schema.org\",\"@graph\":[{\"@type\":\"WebSite\",\"@id\":\"https:\/\/sudocrem.com\/tr\/#website\",\"url\":\"https:\/\/sudocrem.com\/tr\/\",\"name\":\"Sudocrem Turkey\",\"description\":\"Just another Sudocrem International site\",\"potentialAction\":[{\"@type\":\"SearchAction\",\"target\":\"https:\/\/sudocrem.com\/tr\/?s={search_term_string}\",\"query-input\":\"required name=search_term_string\"}],\"inLanguage\":\"en-GB\"},{\"@type\":\"ImageObject\",\"@id\":\"https:\/\/sudocrem.com\/tr\/nappy-rash-hub\/what-is-nappy-rash\/#primaryimage\",\"inLanguage\":\"en-GB\",\"url\":\"https:\/\/sudocrem.com\/tr\/wp-content\/uploads\/sites\/20\/2020\/07\/Sud_Nappy-rash_Top-banner.jpg\",\"width\":1920,\"height\":742},{\"@type\":\"WebPage\",\"@id\":\"https:\/\/sudocrem.com\/tr\/nappy-rash-hub\/what-is-nappy-rash\/#webpage\",\"url\":\"https:\/\/sudocrem.com\/tr\/nappy-rash-hub\/what-is-nappy-rash\/\",\"name\":\"Nappy Rash Hub - What is nappy rash? - Sudocrem Turkey\",\"isPartOf\":{\"@id\":\"https:\/\/sudocrem.com\/tr\/#website\"},\"primaryImageOfPage\":{\"@id\":\"https:\/\/sudocrem.com\/tr\/nappy-rash-hub\/what-is-nappy-rash\/#primaryimage\"},\"datePublished\":\"2018-12-10T10:44:47+00:00\",\"dateModified\":\"2024-11-19T16:48:02+00:00\",\"inLanguage\":\"en-GB\",\"potentialAction\":[{\"@type\":\"ReadAction\",\"target\":[\"https:\/\/sudocrem.com\/tr\/nappy-rash-hub\/what-is-nappy-rash\/\"]}]}]}<\/script>\n<!-- \/ Yoast SEO plugin. -->","_links":{"self":[{"href":"https:\/\/sudocrem.com\/tr\/wp-json\/wp\/v2\/pages\/52","targetHints":{"allow":["GET"]}}],"collection":[{"href":"https:\/\/sudocrem.com\/tr\/wp-json\/wp\/v2\/pages"}],"about":[{"href":"https:\/\/sudocrem.com\/tr\/wp-json\/wp\/v2\/types\/page"}],"author":[{"embeddable":true,"href":"https:\/\/sudocrem.com\/tr\/wp-json\/wp\/v2\/users\/1"}],"replies":[{"embeddable":true,"href":"https:\/\/sudocrem.com\/tr\/wp-json\/wp\/v2\/comments?post=52"}],"version-history":[{"count":0,"href":"https:\/\/sudocrem.com\/tr\/wp-json\/wp\/v2\/pages\/52\/revisions"}],"up":[{"embeddable":true,"href":"https:\/\/sudocrem.com\/tr\/wp-json\/wp\/v2\/pages\/754"}],"wp:featuredmedia":[{"embeddable":true,"href":"https:\/\/sudocrem.com\/tr\/wp-json\/wp\/v2\/media\/1751"}],"wp:attachment":[{"href":"https:\/\/sudocrem.com\/tr\/wp-json\/wp\/v2\/media?parent=52"}],"curies":[{"name":"wp","href":"https:\/\/api.w.org\/{rel}","templated":true}]}}