

{"id":53,"date":"2018-12-10T10:45:33","date_gmt":"2018-12-10T10:45:33","guid":{"rendered":"http:\/\/www.sudocrem.co.uk\/?page_id=53"},"modified":"2023-09-28T09:07:44","modified_gmt":"2023-09-28T08:07:44","slug":"contact","status":"publish","type":"page","link":"https:\/\/sudocrem.com\/tr\/contact\/","title":{"rendered":"\u0130leti\u015fim"},"content":{"rendered":"<h5>\u0130leti\u015fim detaylar\u0131<\/h5>\n<p><strong>Adres:<\/strong><br \/>\nFatih Sultan Mehmet Mah.<br \/>\nPoligon Cad.<br \/>\nBuyaka 2 Sitesi 2. Blok Apt.<br \/>\nNo: 8 B\/22 (Kat: 5)<br \/>\n34771 \u00dcmraniye<br \/>\n\u0130stanbul<\/p>\n<p><strong>Telefon:<\/strong> +90 216 656 67 00<\/p>\n<p><strong>Faks:<\/strong> +90 216 290 27 52<br \/>\n<strong>E-mail:<\/strong> info@teva.com.tr<\/p>\n","protected":false},"excerpt":{"rendered":"<p>\u0130leti\u015fim detaylar\u0131 Adres: Fatih Sultan Mehmet Mah. Poligon Cad. Buyaka 2 Sitesi 2. Blok Apt. No: 8 B\/22 (Kat: 5) 34771 \u00dcmraniye \u0130stanbul Telefon: +90 216 656 67 00 Faks: +90 216 290 27 52 E-mail: info@teva.com.tr [&#8230;]<\/p>\n<p><a aria-label=\"Sudocrem\"  class=\"btn btn-purple round btn-secondary understrap-read-more-link\" href=\"https:\/\/sudocrem.com\/tr\/contact\/\">CONTINUE READING<\/a><\/p>\n","protected":false},"author":1,"featured_media":0,"parent":0,"menu_order":10,"comment_status":"closed","ping_status":"closed","template":"page-templates\/contact-page.php","meta":{"footnotes":""},"class_list":["post-53","page","type-page","status-publish","hentry"],"yoast_head":"<!-- This site is optimized with the Yoast SEO plugin v14.6.1 - https:\/\/yoast.com\/wordpress\/plugins\/seo\/ -->\n<title>\u0130leti\u015fim - Sudocrem Turkey<\/title>\n<meta name=\"robots\" content=\"index, follow\" \/>\n<meta name=\"googlebot\" content=\"index, follow, max-snippet:-1, max-image-preview:large, max-video-preview:-1\" \/>\n<meta name=\"bingbot\" content=\"index, follow, max-snippet:-1, max-image-preview:large, max-video-preview:-1\" \/>\n<link rel=\"canonical\" href=\"https:\/\/sudocrem.com\/tr\/contact\/\" \/>\n<meta property=\"og:locale\" content=\"en_GB\" \/>\n<meta property=\"og:type\" content=\"article\" \/>\n<meta property=\"og:title\" content=\"\u0130leti\u015fim - Sudocrem Turkey\" \/>\n<meta property=\"og:description\" content=\"\u0130leti\u015fim detaylar\u0131 Adres: Fatih Sultan Mehmet Mah. Poligon Cad. Buyaka 2 Sitesi 2. Blok Apt. No: 8 B\/22 (Kat: 5) 34771 \u00dcmraniye \u0130stanbul Telefon: +90 216 656 67 00 Faks: +90 216 290 27 52 E-mail: info@teva.com.tr [...]CONTINUE READING\" \/>\n<meta property=\"og:url\" content=\"https:\/\/sudocrem.com\/tr\/contact\/\" \/>\n<meta property=\"og:site_name\" content=\"Sudocrem Turkey\" \/>\n<meta property=\"article:modified_time\" content=\"2023-09-28T08:07:44+00:00\" \/>\n<meta name=\"twitter:card\" content=\"summary_large_image\" \/>\n<script type=\"application\/ld+json\" class=\"yoast-schema-graph\">{\"@context\":\"https:\/\/schema.org\",\"@graph\":[{\"@type\":\"WebSite\",\"@id\":\"https:\/\/sudocrem.com\/tr\/#website\",\"url\":\"https:\/\/sudocrem.com\/tr\/\",\"name\":\"Sudocrem Turkey\",\"description\":\"Just another Sudocrem International site\",\"potentialAction\":[{\"@type\":\"SearchAction\",\"target\":\"https:\/\/sudocrem.com\/tr\/?s={search_term_string}\",\"query-input\":\"required name=search_term_string\"}],\"inLanguage\":\"en-GB\"},{\"@type\":\"WebPage\",\"@id\":\"https:\/\/sudocrem.com\/tr\/contact\/#webpage\",\"url\":\"https:\/\/sudocrem.com\/tr\/contact\/\",\"name\":\"\\u0130leti\\u015fim - Sudocrem Turkey\",\"isPartOf\":{\"@id\":\"https:\/\/sudocrem.com\/tr\/#website\"},\"datePublished\":\"2018-12-10T10:45:33+00:00\",\"dateModified\":\"2023-09-28T08:07:44+00:00\",\"inLanguage\":\"en-GB\",\"potentialAction\":[{\"@type\":\"ReadAction\",\"target\":[\"https:\/\/sudocrem.com\/tr\/contact\/\"]}]}]}<\/script>\n<!-- \/ Yoast SEO plugin. -->","_links":{"self":[{"href":"https:\/\/sudocrem.com\/tr\/wp-json\/wp\/v2\/pages\/53","targetHints":{"allow":["GET"]}}],"collection":[{"href":"https:\/\/sudocrem.com\/tr\/wp-json\/wp\/v2\/pages"}],"about":[{"href":"https:\/\/sudocrem.com\/tr\/wp-json\/wp\/v2\/types\/page"}],"author":[{"embeddable":true,"href":"https:\/\/sudocrem.com\/tr\/wp-json\/wp\/v2\/users\/1"}],"replies":[{"embeddable":true,"href":"https:\/\/sudocrem.com\/tr\/wp-json\/wp\/v2\/comments?post=53"}],"version-history":[{"count":0,"href":"https:\/\/sudocrem.com\/tr\/wp-json\/wp\/v2\/pages\/53\/revisions"}],"wp:attachment":[{"href":"https:\/\/sudocrem.com\/tr\/wp-json\/wp\/v2\/media?parent=53"}],"curies":[{"name":"wp","href":"https:\/\/api.w.org\/{rel}","templated":true}]}}