

{"id":9,"date":"2020-07-03T12:05:30","date_gmt":"2020-07-03T12:05:30","guid":{"rendered":"http:\/\/sudocreminternational.local\/?page_id=3"},"modified":"2020-09-30T16:48:22","modified_gmt":"2020-09-30T15:48:22","slug":"privacy-policy","status":"publish","type":"page","link":"https:\/\/sudocrem.com\/tr\/privacy-policy\/","title":{"rendered":"Gizlilik politikas\u0131"},"content":{"rendered":"\r\n<div class=\"container\">\r\n<div id=\"page\" class=\"site\">\r\n<div id=\"content\" class=\"site-content  tr privacy\">\r\n<div class=\"row\">\r\n<div class=\"full-12\">\r\n<div id=\"primary\" class=\"content-area  tr privacy\"><main id=\"main\" class=\"site-main\" role=\"main\">\r\n<article id=\"post-162\" class=\"post-162 page type-page status-publish hentry\">\r\n<div class=\"entry-content  tr privacy\">\r\n<div class=\"legalContent\">\r\n<div class=\"mav-content-section\" data-content-name=\"&quot;privacy\">\r\n<p>Bu site Forest Laboratories Europe taraf\u0131ndan i\u015fletilmektedir. Gizlilik politikam\u0131z, size web sitelerimiz \u00fczerinden sizin verebilece\u011finiz bilgilerin toplanmas\u0131n\u0131, kullan\u0131lmas\u0131n\u0131 ve if\u015fa edilmesini y\u00f6neten politikalar hakk\u0131nda bilgiler vermek \u00fczere tasarlanm\u0131\u015ft\u0131r. Bu web sitesine bilgi vermeden ya da bu bilgileri kullanmadan \u00f6nce l\u00fctfen gizlilik politikas\u0131n\u0131n tamam\u0131n\u0131 okuyunuz. Bu web sitesi yaln\u0131zca y\u00fcr\u00fcrl\u00fckte bulunan Birle\u015fik Krall\u0131k kanun ve resmi d\u00fczenlemeleri ile idare edilmektedir. Bu web sitesinin kullan\u0131lmas\u0131, s\u00f6z konusu kanun ve y\u00f6netmeliklerin ve gizlilik politikam\u0131z\u0131n uygulanmas\u0131na izin vermeniz anlam\u0131na gelmektedir.<\/p>\r\n<p>&nbsp;<\/p>\r\n<h5 class=\"wp-block-heading\">Bilginin kullan\u0131lmas\u0131 ve if\u015fa edilmesi<\/h5>\r\n<p>Ad\u0131n\u0131z, adresiniz, e mail adresiniz ve verebilece\u011finiz di\u011fer herhangi bir ki\u015fisel olarak tan\u0131mlanabilecek bilgi Forest Laboratories, onun i\u015f ortaklar\u0131 ve dan\u0131\u015fmanlar\u0131 taraf\u0131ndan, size Forest Laboratories \u00fcr\u00fcnleri ya da sa\u011fl\u0131k konular\u0131 hakk\u0131nda bilgi vermek ya da sa\u011fl\u0131k ko\u015fullar\u0131 ile ilgili hizmetler olu\u015fturmak \u00fczere kullan\u0131labilir. Forest Laboratories ki\u015fisel olarak tan\u0131mlanabilecek olan, web sitesi \u00fczerinden toplanan bu bilgileri bir \u00fc\u00e7\u00fcnc\u00fc tarafa satmayacak ya da kiralamayacakt\u0131r. Resmi mercilerden gelen usul\u00fcne uygun bilgi taleplerine cevap vermek i\u00e7in ya da kanunun gerektirdi\u011fi durumlarda bu bilgileri if\u015fa etme hakk\u0131m\u0131z\u0131 sakl\u0131 tutmaktay\u0131z.<\/p>\r\n<p>Forest Laboratories\u2019e herhangi bir zaman i\u00e7erisinde bilgi almaya devam etmek istemedi\u011finizi belirtebilirsiniz (ileti\u015fim k\u0131sm\u0131na bak\u0131n\u0131z).<\/p>\r\n<p>Bu web sitesini kullanarak, gizlilik politikas\u0131n\u0131n \u015fartlar\u0131n\u0131 kabul etmi\u015f olursunuz. Bu web sitesi \u00fczerinden bilgi iletti\u011finiz zaman, bu bilginin bu gizlilik politikas\u0131na uygun olarak toplanmas\u0131na, kullan\u0131lmas\u0131na ve if\u015fa edilmesine izin vermi\u015f say\u0131l\u0131rs\u0131n\u0131z.<\/p>\r\n<p>&nbsp;<\/p>\r\n<h5>G\u00fcvenlik<\/h5>\r\n<p>L\u00fctfen, internette yap\u0131lan hi\u00e7bir i\u015flemin hi\u00e7bir zaman y\u00fczde 100 g\u00fcvenli ya da hatas\u0131z olmad\u0131\u011f\u0131n\u0131 akl\u0131n\u0131zdan \u00e7\u0131karmay\u0131n\u0131z. Daha da spesifik olarak, bu web sitesinden ya da bu web sitesine g\u00f6nderilen e mail\u2019ler g\u00fcvenli olmayabilir. Bunun sonucunda, e mail \u00fczerinden hangi bir bilgiyi g\u00f6ndermek istedi\u011finize karar verirken \u00f6zel dikkat etmeniz gerekebilir. Bu web sitesinin herhangi bir b\u00f6l\u00fcm\u00fcne eri\u015fim sa\u011flamak i\u00e7in kullanaca\u011f\u0131n\u0131z herhangi bir parola, kimlik numaras\u0131 ya da di\u011fer \u00f6zel ileti\u015fim numaralar\u0131 sizin sorumlulu\u011funuz alt\u0131ndad\u0131r. Forest Laboratories, ki\u015fisel olarak tan\u0131mlanabilecek olan bilgilerinizin kaybolmas\u0131n\u0131, yanl\u0131\u015f kullan\u0131lmas\u0131n\u0131, yetkisiz ki\u015filerin eri\u015fimine, if\u015faat\u0131na, de\u011fi\u015ftirilmesine ya da imha edilmesine y\u00f6nelik koruma sa\u011flamak i\u00e7in makul ad\u0131mlar atmaktad\u0131r.<\/p>\r\n<p>&nbsp;<\/p>\r\n<h5>Di\u011fer web sitelerine olan linkler<\/h5>\r\n<p>Bu web sitesi i\u00e7erisinde di\u011fer web sitelerine verilen link ya da referanslar yer alabilir. Bu web siteleri bizim taraf\u0131m\u0131zdan kontrol edilmemektedir. Bu gizlilik politikas\u0131n\u0131n Forest Laboratories taraf\u0131ndan i\u015fletilmeyen herhangi bir web sitesi i\u00e7in ge\u00e7erli olmad\u0131\u011f\u0131n\u0131 bilmenizde fayda vard\u0131r. Di\u011fer web sitelerini ziyaret eden ziyaret\u00e7ilerin bunlar\u0131 a\u00e7madan \u00f6nce bunlar\u0131n gizlilik politikalar\u0131n\u0131 okumalar\u0131 tavsiye edilir.<\/p>\r\n<p>&nbsp;<\/p>\r\n<h5>\u00c7ocuklar hakk\u0131nda<\/h5>\r\n<p>13 ya\u015f\u0131n\u0131n alt\u0131ndaki \u00e7ocuklar\u0131n bu web sitesine girmesi hedeflenmemektedir. Bu ya\u015f grubundaki ziyaret\u00e7ilerden bilgi toplanmayacakt\u0131r. Anne babalar\u0131n \u00e7ocuklar\u0131n\u0131n internet kullan\u0131m\u0131ndan haberdar olmalar\u0131n\u0131 ve web sitelerine hangi t\u00fcrde bilgi aktarmalar\u0131na izin verildi\u011fi hususunun tart\u0131\u015f\u0131lmas\u0131n\u0131 tavsiye etmekteyiz.<\/p>\r\n<p>&nbsp;<\/p>\r\n<h5>Bu gizlilik politikas\u0131 ile ilgili de\u011fi\u015fiklikler<\/h5>\r\n<p>Forest Laboratories Europe, kendi takdiri alt\u0131nda olmak \u00fczere bu gizlilik politikas\u0131nda de\u011fi\u015fiklik, ekleme yapma ya da baz\u0131 k\u0131s\u0131mlar\u0131 kald\u0131rma hakk\u0131n\u0131 sakl\u0131 tutmaktad\u0131r. Bu gizlilik politikas\u0131 \u00fczerinde yap\u0131lacak herhangi bir de\u011fi\u015fiklik bu web sitesi \u00fczerinde yay\u0131nlanacakt\u0131r. L\u00fctfen bilhassa ki\u015fisel olarak tan\u0131mlanabilecek herhangi bir bilgi vermeden \u00f6nce bu k\u0131sm\u0131 periyodik olarak kontrol ediniz. Bu gizlilik politikas\u0131 en son 30 Haziran 2005 tarihinde g\u00fcncellenmi\u015ftir.<\/p>\r\n<\/div>\r\n<\/div>\r\n<\/div>\r\n<footer class=\"entry-footer\"><\/footer><\/article>\r\n<\/main><\/div>\r\n<\/div>\r\n<\/div>\r\n<\/div>\r\n<\/div>\r\n<\/div>\r\n<div class=\"container footer\">\u00a0<\/div>\r\n","protected":false},"excerpt":{"rendered":"<p>Bu site Forest Laboratories Europe taraf\u0131ndan i\u015fletilmektedir. Gizlilik politikam\u0131z, size web sitelerimiz \u00fczerinden sizin verebilece\u011finiz bilgilerin toplanmas\u0131n\u0131, kullan\u0131lmas\u0131n\u0131 ve if\u015fa edilmesini y\u00f6neten politikalar hakk\u0131nda bilgiler vermek \u00fczere tasarlanm\u0131\u015ft\u0131r. Bu web sitesine bilgi vermeden ya da bu bilgileri kullanmadan \u00f6nce l\u00fctfen gizlilik politikas\u0131n\u0131n tamam\u0131n\u0131 okuyunuz. Bu web sitesi yaln\u0131zca y\u00fcr\u00fcrl\u00fckte bulunan Birle\u015fik Krall\u0131k kanun ve resmi [&#8230;]<\/p>\n<p><a aria-label=\"Sudocrem\"  class=\"btn btn-purple round btn-secondary understrap-read-more-link\" href=\"https:\/\/sudocrem.com\/tr\/privacy-policy\/\">CONTINUE READING<\/a><\/p>\n","protected":false},"author":1,"featured_media":0,"parent":0,"menu_order":0,"comment_status":"closed","ping_status":"open","template":"page-templates\/legal-page.php","meta":{"footnotes":""},"class_list":["post-9","page","type-page","status-publish","hentry"],"yoast_head":"<!-- This site is optimized with the Yoast SEO plugin v14.6.1 - https:\/\/yoast.com\/wordpress\/plugins\/seo\/ -->\n<title>Gizlilik politikas\u0131 - Sudocrem Turkey<\/title>\n<meta name=\"robots\" content=\"index, follow\" \/>\n<meta name=\"googlebot\" content=\"index, follow, max-snippet:-1, max-image-preview:large, max-video-preview:-1\" \/>\n<meta name=\"bingbot\" content=\"index, follow, max-snippet:-1, max-image-preview:large, max-video-preview:-1\" \/>\n<link rel=\"canonical\" href=\"https:\/\/sudocrem.com\/tr\/privacy-policy\/\" \/>\n<meta property=\"og:locale\" content=\"en_GB\" \/>\n<meta property=\"og:type\" content=\"article\" \/>\n<meta property=\"og:title\" content=\"Gizlilik politikas\u0131 - Sudocrem Turkey\" \/>\n<meta property=\"og:description\" content=\"Bu site Forest Laboratories Europe taraf\u0131ndan i\u015fletilmektedir. Gizlilik politikam\u0131z, size web sitelerimiz \u00fczerinden sizin verebilece\u011finiz bilgilerin toplanmas\u0131n\u0131, kullan\u0131lmas\u0131n\u0131 ve if\u015fa edilmesini y\u00f6neten politikalar hakk\u0131nda bilgiler vermek \u00fczere tasarlanm\u0131\u015ft\u0131r. Bu web sitesine bilgi vermeden ya da bu bilgileri kullanmadan \u00f6nce l\u00fctfen gizlilik politikas\u0131n\u0131n tamam\u0131n\u0131 okuyunuz. Bu web sitesi yaln\u0131zca y\u00fcr\u00fcrl\u00fckte bulunan Birle\u015fik Krall\u0131k kanun ve resmi [...]CONTINUE READING\" \/>\n<meta property=\"og:url\" content=\"https:\/\/sudocrem.com\/tr\/privacy-policy\/\" \/>\n<meta property=\"og:site_name\" content=\"Sudocrem Turkey\" \/>\n<meta property=\"article:modified_time\" content=\"2020-09-30T15:48:22+00:00\" \/>\n<meta name=\"twitter:card\" content=\"summary_large_image\" \/>\n<script type=\"application\/ld+json\" class=\"yoast-schema-graph\">{\"@context\":\"https:\/\/schema.org\",\"@graph\":[{\"@type\":\"WebSite\",\"@id\":\"https:\/\/sudocrem.com\/tr\/#website\",\"url\":\"https:\/\/sudocrem.com\/tr\/\",\"name\":\"Sudocrem Turkey\",\"description\":\"Just another Sudocrem International site\",\"potentialAction\":[{\"@type\":\"SearchAction\",\"target\":\"https:\/\/sudocrem.com\/tr\/?s={search_term_string}\",\"query-input\":\"required name=search_term_string\"}],\"inLanguage\":\"en-GB\"},{\"@type\":\"WebPage\",\"@id\":\"https:\/\/sudocrem.com\/tr\/privacy-policy\/#webpage\",\"url\":\"https:\/\/sudocrem.com\/tr\/privacy-policy\/\",\"name\":\"Gizlilik politikas\\u0131 - Sudocrem Turkey\",\"isPartOf\":{\"@id\":\"https:\/\/sudocrem.com\/tr\/#website\"},\"datePublished\":\"2020-07-03T12:05:30+00:00\",\"dateModified\":\"2020-09-30T15:48:22+00:00\",\"inLanguage\":\"en-GB\",\"potentialAction\":[{\"@type\":\"ReadAction\",\"target\":[\"https:\/\/sudocrem.com\/tr\/privacy-policy\/\"]}]}]}<\/script>\n<!-- \/ Yoast SEO plugin. -->","_links":{"self":[{"href":"https:\/\/sudocrem.com\/tr\/wp-json\/wp\/v2\/pages\/9","targetHints":{"allow":["GET"]}}],"collection":[{"href":"https:\/\/sudocrem.com\/tr\/wp-json\/wp\/v2\/pages"}],"about":[{"href":"https:\/\/sudocrem.com\/tr\/wp-json\/wp\/v2\/types\/page"}],"author":[{"embeddable":true,"href":"https:\/\/sudocrem.com\/tr\/wp-json\/wp\/v2\/users\/1"}],"replies":[{"embeddable":true,"href":"https:\/\/sudocrem.com\/tr\/wp-json\/wp\/v2\/comments?post=9"}],"version-history":[{"count":0,"href":"https:\/\/sudocrem.com\/tr\/wp-json\/wp\/v2\/pages\/9\/revisions"}],"wp:attachment":[{"href":"https:\/\/sudocrem.com\/tr\/wp-json\/wp\/v2\/media?parent=9"}],"curies":[{"name":"wp","href":"https:\/\/api.w.org\/{rel}","templated":true}]}}