

{"id":111,"date":"2024-10-28T17:17:06","date_gmt":"2024-10-28T17:17:06","guid":{"rendered":"https:\/\/sudocrem.wpenginepowered.com\/us-es\/?page_id=111"},"modified":"2024-11-01T16:19:17","modified_gmt":"2024-11-01T16:19:17","slug":"soothing-diaper-rash","status":"publish","type":"page","link":"https:\/\/sudocrem.com\/us-es\/diaper-rash-hub\/soothing-diaper-rash\/","title":{"rendered":"Aliviar la dermatitis del pa\u00f1al"},"content":{"rendered":"<h5>Tratar la dermatitis del pa\u00f1al<\/h5>\n<p>Si la piel de la zona cubierta por el pa\u00f1al de tu beb\u00e9 est\u00e1 irritada, enrojecida y caliente al tacto, es posible que tenga dermatitis del pa\u00f1al.<\/p>\n<p>&nbsp;<\/p>\n<p>Puedes seguir los siguientes pasos para tratar la dermatitis del pa\u00f1al.<\/p>\n<ul>\n<li>Cambia el pa\u00f1al de tu beb\u00e9 cada vez que se moje o ensucie.<\/li>\n<li>Es muy importante evitar que las sustancias qu\u00edmicas de la orina y las heces da\u00f1en la delicada piel de tu beb\u00e9.<\/li>\n<li>Deja el pa\u00f1al quitado el mayor tiempo posible para que la piel del beb\u00e9 respire aire fresco.<\/li>\n<li>Procura que el pa\u00f1al de tu beb\u00e9 le quede bien y no le produzca rozaduras ni roces.<\/li>\n<li>Evita el uso de jabones, detergentes o ba\u00f1os de burbujas que puedan irritar la piel de tu beb\u00e9.<\/li>\n<li>Aseg\u00farate de que la piel de tu beb\u00e9 est\u00e1 limpia y seca antes de ponerle un nuevo pa\u00f1al.<\/li>\n<li>Utiliza una crema para el tratamiento de la dermatitis del pa\u00f1al como la crema protectora de la piel Sudocrem en cada cambio de pa\u00f1al para calmar y tratar su piel.<\/li>\n<\/ul>\n<p>&nbsp;<\/p>\n<p>La crema protectora de la piel Sudocrem ayuda a calmar el dolor y a curar y proteger la piel de nuevos ataques de irritantes o infecciones. Puedes utilizar la crema protectora de la piel en cada cambio de pa\u00f1al.<\/p>\n<p>Si la dermatitis persiste, consulta a tu m\u00e9dico o visitador puericultor.<\/p>\n<p>El mejor tratamiento para la dermatitis del pa\u00f1al es prevenirla desde el principio. Puedes obtener m\u00e1s informaci\u00f3n sobre la prevenci\u00f3n de la dermatitis del pa\u00f1al aqu\u00ed.<\/p>\n<p><a class=\"mt-3 btn btn-purple round\" href=\"\/us-es\/diaper-rash-hub\/preventing-diaper-rash\/\">Centro para la dermatitis del pa\u00f1al<\/a><\/p>\n","protected":false},"excerpt":{"rendered":"<p>Tratar la dermatitis del pa\u00f1al Si la piel de la zona cubierta por el pa\u00f1al de tu beb\u00e9 est\u00e1 irritada, enrojecida y caliente al tacto, es posible que tenga dermatitis del pa\u00f1al. &nbsp; Puedes seguir los siguientes pasos para tratar la dermatitis del pa\u00f1al. Cambia el pa\u00f1al de tu beb\u00e9 cada vez que se moje [&#8230;]<\/p>\n<p><a aria-label=\"Sudocrem\"  class=\"btn btn-purple round btn-secondary understrap-read-more-link\" href=\"https:\/\/sudocrem.com\/us-es\/diaper-rash-hub\/soothing-diaper-rash\/\">CONTINUE READING<\/a><\/p>\n","protected":false},"author":1,"featured_media":89,"parent":79,"menu_order":0,"comment_status":"closed","ping_status":"closed","template":"page-templates\/top-menu-page.php","meta":{"footnotes":""},"class_list":["post-111","page","type-page","status-publish","has-post-thumbnail","hentry"],"yoast_head":"<!-- This site is optimized with the Yoast SEO plugin v14.6.1 - https:\/\/yoast.com\/wordpress\/plugins\/seo\/ -->\n<title>Aliviar la dermatitis del pa\u00f1al - Sudocrem USA - Spanish<\/title>\n<meta name=\"robots\" content=\"index, follow\" \/>\n<meta name=\"googlebot\" content=\"index, follow, max-snippet:-1, max-image-preview:large, max-video-preview:-1\" \/>\n<meta name=\"bingbot\" content=\"index, follow, max-snippet:-1, max-image-preview:large, max-video-preview:-1\" \/>\n<link rel=\"canonical\" href=\"https:\/\/sudocrem.com\/us-es\/diaper-rash-hub\/soothing-diaper-rash\/\" \/>\n<meta property=\"og:locale\" content=\"en_GB\" \/>\n<meta property=\"og:type\" content=\"article\" \/>\n<meta property=\"og:title\" content=\"Aliviar la dermatitis del pa\u00f1al - Sudocrem USA - Spanish\" \/>\n<meta property=\"og:description\" content=\"Tratar la dermatitis del pa\u00f1al Si la piel de la zona cubierta por el pa\u00f1al de tu beb\u00e9 est\u00e1 irritada, enrojecida y caliente al tacto, es posible que tenga dermatitis del pa\u00f1al. &nbsp; Puedes seguir los siguientes pasos para tratar la dermatitis del pa\u00f1al. Cambia el pa\u00f1al de tu beb\u00e9 cada vez que se moje [...]CONTINUE READING\" \/>\n<meta property=\"og:url\" content=\"https:\/\/sudocrem.com\/us-es\/diaper-rash-hub\/soothing-diaper-rash\/\" \/>\n<meta property=\"og:site_name\" content=\"Sudocrem USA - Spanish\" \/>\n<meta property=\"article:modified_time\" content=\"2024-11-01T16:19:17+00:00\" \/>\n<meta property=\"og:image\" content=\"https:\/\/sudocrem.com\/us-es\/wp-content\/uploads\/sites\/55\/2024\/10\/Sud_Nappy-rash_Top-banner.jpg\" \/>\n\t<meta property=\"og:image:width\" content=\"1920\" \/>\n\t<meta property=\"og:image:height\" content=\"742\" \/>\n<meta name=\"twitter:card\" content=\"summary_large_image\" \/>\n<script type=\"application\/ld+json\" class=\"yoast-schema-graph\">{\"@context\":\"https:\/\/schema.org\",\"@graph\":[{\"@type\":\"WebSite\",\"@id\":\"https:\/\/sudocrem.com\/us-es\/#website\",\"url\":\"https:\/\/sudocrem.com\/us-es\/\",\"name\":\"Sudocrem USA - Spanish\",\"description\":\"Just another Sudocrem International site\",\"potentialAction\":[{\"@type\":\"SearchAction\",\"target\":\"https:\/\/sudocrem.com\/us-es\/?s={search_term_string}\",\"query-input\":\"required name=search_term_string\"}],\"inLanguage\":\"en-GB\"},{\"@type\":\"ImageObject\",\"@id\":\"https:\/\/sudocrem.com\/us-es\/diaper-rash-hub\/soothing-diaper-rash\/#primaryimage\",\"inLanguage\":\"en-GB\",\"url\":\"https:\/\/sudocrem.com\/us-es\/wp-content\/uploads\/sites\/55\/2024\/10\/Sud_Nappy-rash_Top-banner.jpg\",\"width\":1920,\"height\":742},{\"@type\":\"WebPage\",\"@id\":\"https:\/\/sudocrem.com\/us-es\/diaper-rash-hub\/soothing-diaper-rash\/#webpage\",\"url\":\"https:\/\/sudocrem.com\/us-es\/diaper-rash-hub\/soothing-diaper-rash\/\",\"name\":\"Aliviar la dermatitis del pa\\u00f1al - Sudocrem USA - Spanish\",\"isPartOf\":{\"@id\":\"https:\/\/sudocrem.com\/us-es\/#website\"},\"primaryImageOfPage\":{\"@id\":\"https:\/\/sudocrem.com\/us-es\/diaper-rash-hub\/soothing-diaper-rash\/#primaryimage\"},\"datePublished\":\"2024-10-28T17:17:06+00:00\",\"dateModified\":\"2024-11-01T16:19:17+00:00\",\"inLanguage\":\"en-GB\",\"potentialAction\":[{\"@type\":\"ReadAction\",\"target\":[\"https:\/\/sudocrem.com\/us-es\/diaper-rash-hub\/soothing-diaper-rash\/\"]}]}]}<\/script>\n<!-- \/ Yoast SEO plugin. -->","_links":{"self":[{"href":"https:\/\/sudocrem.com\/us-es\/wp-json\/wp\/v2\/pages\/111","targetHints":{"allow":["GET"]}}],"collection":[{"href":"https:\/\/sudocrem.com\/us-es\/wp-json\/wp\/v2\/pages"}],"about":[{"href":"https:\/\/sudocrem.com\/us-es\/wp-json\/wp\/v2\/types\/page"}],"author":[{"embeddable":true,"href":"https:\/\/sudocrem.com\/us-es\/wp-json\/wp\/v2\/users\/1"}],"replies":[{"embeddable":true,"href":"https:\/\/sudocrem.com\/us-es\/wp-json\/wp\/v2\/comments?post=111"}],"version-history":[{"count":0,"href":"https:\/\/sudocrem.com\/us-es\/wp-json\/wp\/v2\/pages\/111\/revisions"}],"up":[{"embeddable":true,"href":"https:\/\/sudocrem.com\/us-es\/wp-json\/wp\/v2\/pages\/79"}],"wp:featuredmedia":[{"embeddable":true,"href":"https:\/\/sudocrem.com\/us-es\/wp-json\/wp\/v2\/media\/89"}],"wp:attachment":[{"href":"https:\/\/sudocrem.com\/us-es\/wp-json\/wp\/v2\/media?parent=111"}],"curies":[{"name":"wp","href":"https:\/\/api.w.org\/{rel}","templated":true}]}}