

{"id":121,"date":"2024-10-28T17:25:57","date_gmt":"2024-10-28T17:25:57","guid":{"rendered":"https:\/\/sudocrem.wpenginepowered.com\/us-es\/?page_id=121"},"modified":"2024-11-01T16:19:36","modified_gmt":"2024-11-01T16:19:36","slug":"preventing-diaper-rash","status":"publish","type":"page","link":"https:\/\/sudocrem.com\/us-es\/diaper-rash-hub\/preventing-diaper-rash\/","title":{"rendered":"Prevenir la dermatitis del pa\u00f1al"},"content":{"rendered":"<h5>Prevenci\u00f3n de la dermatitis del pa\u00f1al<\/h5>\n<p>Para prevenir la dermatitis del pa\u00f1al, sigue estos consejos:<\/p>\n<ul>\n<li>Cambia el pa\u00f1al de tu beb\u00e9 tan pronto como puedas cuando est\u00e9 mojado o sucio.<\/li>\n<li>Lava cuidadosamente la zona del pa\u00f1al con agua tibia y algod\u00f3n, dando suaves palmaditas hasta que se seque.<\/li>\n<li>Dejar que su piel respire puede hacer maravillas. As\u00ed que, siempre que sea posible, qu\u00edtale el pa\u00f1al durante una hora m\u00e1s o menos.<\/li>\n<li>Intenta cambiar el pa\u00f1al a tu beb\u00e9 antes de acostarlo a dormir.<\/li>\n<li>Utiliza una crema barrera como Sudocrem para proteger la piel de tu beb\u00e9.<\/li>\n<\/ul>\n<p>&nbsp;<\/p>\n<p>A pesar de todos tus esfuerzos, la dermatitis del pa\u00f1al puede aparecer y es muy frecuente en beb\u00e9s peque\u00f1os. Puedes leer m\u00e1s sobre el tratamiento de la dermatitis del pa\u00f1al aqu\u00ed.<\/p>\n<p><a class=\"mt-3 btn btn-purple round\" href=\"\/us-es\/diaper-rash-hub\/soothing-diaper-rash\/\">Centro para la dermatitis del pa\u00f1al<\/a><\/p>\n","protected":false},"excerpt":{"rendered":"<p>Prevenci\u00f3n de la dermatitis del pa\u00f1al Para prevenir la dermatitis del pa\u00f1al, sigue estos consejos: Cambia el pa\u00f1al de tu beb\u00e9 tan pronto como puedas cuando est\u00e9 mojado o sucio. Lava cuidadosamente la zona del pa\u00f1al con agua tibia y algod\u00f3n, dando suaves palmaditas hasta que se seque. Dejar que su piel respire puede hacer [&#8230;]<\/p>\n<p><a aria-label=\"Sudocrem\"  class=\"btn btn-purple round btn-secondary understrap-read-more-link\" href=\"https:\/\/sudocrem.com\/us-es\/diaper-rash-hub\/preventing-diaper-rash\/\">CONTINUE READING<\/a><\/p>\n","protected":false},"author":1,"featured_media":89,"parent":79,"menu_order":0,"comment_status":"closed","ping_status":"closed","template":"page-templates\/top-menu-page.php","meta":{"footnotes":""},"class_list":["post-121","page","type-page","status-publish","has-post-thumbnail","hentry"],"yoast_head":"<!-- This site is optimized with the Yoast SEO plugin v14.6.1 - https:\/\/yoast.com\/wordpress\/plugins\/seo\/ -->\n<title>Prevenir la dermatitis del pa\u00f1al - Sudocrem USA - Spanish<\/title>\n<meta name=\"robots\" content=\"index, follow\" \/>\n<meta name=\"googlebot\" content=\"index, follow, max-snippet:-1, max-image-preview:large, max-video-preview:-1\" \/>\n<meta name=\"bingbot\" content=\"index, follow, max-snippet:-1, max-image-preview:large, max-video-preview:-1\" \/>\n<link rel=\"canonical\" href=\"https:\/\/sudocrem.com\/us-es\/diaper-rash-hub\/preventing-diaper-rash\/\" \/>\n<meta property=\"og:locale\" content=\"en_GB\" \/>\n<meta property=\"og:type\" content=\"article\" \/>\n<meta property=\"og:title\" content=\"Prevenir la dermatitis del pa\u00f1al - Sudocrem USA - Spanish\" \/>\n<meta property=\"og:description\" content=\"Prevenci\u00f3n de la dermatitis del pa\u00f1al Para prevenir la dermatitis del pa\u00f1al, sigue estos consejos: Cambia el pa\u00f1al de tu beb\u00e9 tan pronto como puedas cuando est\u00e9 mojado o sucio. Lava cuidadosamente la zona del pa\u00f1al con agua tibia y algod\u00f3n, dando suaves palmaditas hasta que se seque. Dejar que su piel respire puede hacer [...]CONTINUE READING\" \/>\n<meta property=\"og:url\" content=\"https:\/\/sudocrem.com\/us-es\/diaper-rash-hub\/preventing-diaper-rash\/\" \/>\n<meta property=\"og:site_name\" content=\"Sudocrem USA - Spanish\" \/>\n<meta property=\"article:modified_time\" content=\"2024-11-01T16:19:36+00:00\" \/>\n<meta property=\"og:image\" content=\"https:\/\/sudocrem.com\/us-es\/wp-content\/uploads\/sites\/55\/2024\/10\/Sud_Nappy-rash_Top-banner.jpg\" \/>\n\t<meta property=\"og:image:width\" content=\"1920\" \/>\n\t<meta property=\"og:image:height\" content=\"742\" \/>\n<meta name=\"twitter:card\" content=\"summary_large_image\" \/>\n<script type=\"application\/ld+json\" class=\"yoast-schema-graph\">{\"@context\":\"https:\/\/schema.org\",\"@graph\":[{\"@type\":\"WebSite\",\"@id\":\"https:\/\/sudocrem.com\/us-es\/#website\",\"url\":\"https:\/\/sudocrem.com\/us-es\/\",\"name\":\"Sudocrem USA - Spanish\",\"description\":\"Just another Sudocrem International site\",\"potentialAction\":[{\"@type\":\"SearchAction\",\"target\":\"https:\/\/sudocrem.com\/us-es\/?s={search_term_string}\",\"query-input\":\"required name=search_term_string\"}],\"inLanguage\":\"en-GB\"},{\"@type\":\"ImageObject\",\"@id\":\"https:\/\/sudocrem.com\/us-es\/diaper-rash-hub\/preventing-diaper-rash\/#primaryimage\",\"inLanguage\":\"en-GB\",\"url\":\"https:\/\/sudocrem.com\/us-es\/wp-content\/uploads\/sites\/55\/2024\/10\/Sud_Nappy-rash_Top-banner.jpg\",\"width\":1920,\"height\":742},{\"@type\":\"WebPage\",\"@id\":\"https:\/\/sudocrem.com\/us-es\/diaper-rash-hub\/preventing-diaper-rash\/#webpage\",\"url\":\"https:\/\/sudocrem.com\/us-es\/diaper-rash-hub\/preventing-diaper-rash\/\",\"name\":\"Prevenir la dermatitis del pa\\u00f1al - Sudocrem USA - Spanish\",\"isPartOf\":{\"@id\":\"https:\/\/sudocrem.com\/us-es\/#website\"},\"primaryImageOfPage\":{\"@id\":\"https:\/\/sudocrem.com\/us-es\/diaper-rash-hub\/preventing-diaper-rash\/#primaryimage\"},\"datePublished\":\"2024-10-28T17:25:57+00:00\",\"dateModified\":\"2024-11-01T16:19:36+00:00\",\"inLanguage\":\"en-GB\",\"potentialAction\":[{\"@type\":\"ReadAction\",\"target\":[\"https:\/\/sudocrem.com\/us-es\/diaper-rash-hub\/preventing-diaper-rash\/\"]}]}]}<\/script>\n<!-- \/ Yoast SEO plugin. -->","_links":{"self":[{"href":"https:\/\/sudocrem.com\/us-es\/wp-json\/wp\/v2\/pages\/121","targetHints":{"allow":["GET"]}}],"collection":[{"href":"https:\/\/sudocrem.com\/us-es\/wp-json\/wp\/v2\/pages"}],"about":[{"href":"https:\/\/sudocrem.com\/us-es\/wp-json\/wp\/v2\/types\/page"}],"author":[{"embeddable":true,"href":"https:\/\/sudocrem.com\/us-es\/wp-json\/wp\/v2\/users\/1"}],"replies":[{"embeddable":true,"href":"https:\/\/sudocrem.com\/us-es\/wp-json\/wp\/v2\/comments?post=121"}],"version-history":[{"count":0,"href":"https:\/\/sudocrem.com\/us-es\/wp-json\/wp\/v2\/pages\/121\/revisions"}],"up":[{"embeddable":true,"href":"https:\/\/sudocrem.com\/us-es\/wp-json\/wp\/v2\/pages\/79"}],"wp:featuredmedia":[{"embeddable":true,"href":"https:\/\/sudocrem.com\/us-es\/wp-json\/wp\/v2\/media\/89"}],"wp:attachment":[{"href":"https:\/\/sudocrem.com\/us-es\/wp-json\/wp\/v2\/media?parent=121"}],"curies":[{"name":"wp","href":"https:\/\/api.w.org\/{rel}","templated":true}]}}