

{"id":150,"date":"2024-10-29T13:54:15","date_gmt":"2024-10-29T13:54:15","guid":{"rendered":"https:\/\/sudocrem.wpenginepowered.com\/us-es\/?page_id=150"},"modified":"2024-11-01T16:16:18","modified_gmt":"2024-11-01T16:16:18","slug":"uses","status":"publish","type":"page","link":"https:\/\/sudocrem.com\/us-es\/skin-protectant-cream\/uses\/","title":{"rendered":"Usos"},"content":{"rendered":"<h5>Usos<\/h5>\n<p>Alivia, trata y protege.<\/p>\n<p>Ayuda a tratar y prevenir la dermatitis del pa\u00f1al y la dermatitis por incontinencia.<\/p>\n<p>Protege la piel irritada y las irritaciones cut\u00e1neas leves debidas a la dermatitis del pa\u00f1al y ayuda a proteger de la humedad.<\/p>\n<p>&nbsp;<\/p>\n<h5>Dermatitis del pa\u00f1al<\/h5>\n<p>Para entender c\u00f3mo se produce la dermatitis del pa\u00f1al, descubrir si tu beb\u00e9 tiene dermatitis del pa\u00f1al y aprender la mejor manera de prevenirla o tratarla, visita el <a href=\"\/us-es\/diaper-rash-hub\/what-is-diaper-rash\/\">centro para la dermatitis del pa\u00f1al<\/a>.<\/p>\n<p><a class=\"mt-3 btn btn-purple round\" href=\"\/us-es\/diaper-rash-hub\/what-is-diaper-rash\/\">Centro para la dermatitis del pa\u00f1al<\/a><\/p>\n<p>&nbsp;<\/p>\n<h5>Otros usos<\/h5>\n<p>Para saber m\u00e1s sobre las muchas afecciones de la piel que Sudocrem puede tratar, visita <a href=\"\/us-es\/your-family-hub\/\">tu centro para la familia<\/a>.<\/p>\n<p><a class=\"mt-3 btn btn-purple round\" href=\"\/us-es\/your-family-hub\/\">Tu centro para la familia<\/a><\/p>\n<p>&nbsp;<\/p>\n","protected":false},"excerpt":{"rendered":"<p>Usos Alivia, trata y protege. Ayuda a tratar y prevenir la dermatitis del pa\u00f1al y la dermatitis por incontinencia. Protege la piel irritada y las irritaciones cut\u00e1neas leves debidas a la dermatitis del pa\u00f1al y ayuda a proteger de la humedad. &nbsp; Dermatitis del pa\u00f1al Para entender c\u00f3mo se produce la dermatitis del pa\u00f1al, descubrir [&#8230;]<\/p>\n<p><a aria-label=\"Sudocrem\"  class=\"btn btn-purple round btn-secondary understrap-read-more-link\" href=\"https:\/\/sudocrem.com\/us-es\/skin-protectant-cream\/uses\/\">CONTINUE READING<\/a><\/p>\n","protected":false},"author":1,"featured_media":252,"parent":140,"menu_order":0,"comment_status":"closed","ping_status":"closed","template":"page-templates\/top-menu-page.php","meta":{"footnotes":""},"class_list":["post-150","page","type-page","status-publish","has-post-thumbnail","hentry"],"yoast_head":"<!-- This site is optimized with the Yoast SEO plugin v14.6.1 - https:\/\/yoast.com\/wordpress\/plugins\/seo\/ -->\n<title>Usos - Sudocrem USA - Spanish<\/title>\n<meta name=\"robots\" content=\"index, follow\" \/>\n<meta name=\"googlebot\" content=\"index, follow, max-snippet:-1, max-image-preview:large, max-video-preview:-1\" \/>\n<meta name=\"bingbot\" content=\"index, follow, max-snippet:-1, max-image-preview:large, max-video-preview:-1\" \/>\n<link rel=\"canonical\" href=\"https:\/\/sudocrem.com\/us-es\/skin-protectant-cream\/uses\/\" \/>\n<meta property=\"og:locale\" content=\"en_GB\" \/>\n<meta property=\"og:type\" content=\"article\" \/>\n<meta property=\"og:title\" content=\"Usos - Sudocrem USA - Spanish\" \/>\n<meta property=\"og:description\" content=\"Usos Alivia, trata y protege. Ayuda a tratar y prevenir la dermatitis del pa\u00f1al y la dermatitis por incontinencia. Protege la piel irritada y las irritaciones cut\u00e1neas leves debidas a la dermatitis del pa\u00f1al y ayuda a proteger de la humedad. &nbsp; Dermatitis del pa\u00f1al Para entender c\u00f3mo se produce la dermatitis del pa\u00f1al, descubrir [...]CONTINUE READING\" \/>\n<meta property=\"og:url\" content=\"https:\/\/sudocrem.com\/us-es\/skin-protectant-cream\/uses\/\" \/>\n<meta property=\"og:site_name\" content=\"Sudocrem USA - Spanish\" \/>\n<meta property=\"article:modified_time\" content=\"2024-11-01T16:16:18+00:00\" \/>\n<meta property=\"og:image\" content=\"https:\/\/sudocrem.com\/us-es\/wp-content\/uploads\/sites\/55\/2024\/11\/Top-banner_SAHC_USA_v01-SPANISH.jpg\" \/>\n\t<meta property=\"og:image:width\" content=\"1920\" \/>\n\t<meta property=\"og:image:height\" content=\"791\" \/>\n<meta name=\"twitter:card\" content=\"summary_large_image\" \/>\n<script type=\"application\/ld+json\" class=\"yoast-schema-graph\">{\"@context\":\"https:\/\/schema.org\",\"@graph\":[{\"@type\":\"WebSite\",\"@id\":\"https:\/\/sudocrem.com\/us-es\/#website\",\"url\":\"https:\/\/sudocrem.com\/us-es\/\",\"name\":\"Sudocrem USA - Spanish\",\"description\":\"Just another Sudocrem International site\",\"potentialAction\":[{\"@type\":\"SearchAction\",\"target\":\"https:\/\/sudocrem.com\/us-es\/?s={search_term_string}\",\"query-input\":\"required name=search_term_string\"}],\"inLanguage\":\"en-GB\"},{\"@type\":\"ImageObject\",\"@id\":\"https:\/\/sudocrem.com\/us-es\/skin-protectant-cream\/uses\/#primaryimage\",\"inLanguage\":\"en-GB\",\"url\":\"https:\/\/sudocrem.com\/us-es\/wp-content\/uploads\/sites\/55\/2024\/11\/Top-banner_SAHC_USA_v01-SPANISH.jpg\",\"width\":1920,\"height\":791},{\"@type\":\"WebPage\",\"@id\":\"https:\/\/sudocrem.com\/us-es\/skin-protectant-cream\/uses\/#webpage\",\"url\":\"https:\/\/sudocrem.com\/us-es\/skin-protectant-cream\/uses\/\",\"name\":\"Usos - Sudocrem USA - Spanish\",\"isPartOf\":{\"@id\":\"https:\/\/sudocrem.com\/us-es\/#website\"},\"primaryImageOfPage\":{\"@id\":\"https:\/\/sudocrem.com\/us-es\/skin-protectant-cream\/uses\/#primaryimage\"},\"datePublished\":\"2024-10-29T13:54:15+00:00\",\"dateModified\":\"2024-11-01T16:16:18+00:00\",\"inLanguage\":\"en-GB\",\"potentialAction\":[{\"@type\":\"ReadAction\",\"target\":[\"https:\/\/sudocrem.com\/us-es\/skin-protectant-cream\/uses\/\"]}]}]}<\/script>\n<!-- \/ Yoast SEO plugin. -->","_links":{"self":[{"href":"https:\/\/sudocrem.com\/us-es\/wp-json\/wp\/v2\/pages\/150","targetHints":{"allow":["GET"]}}],"collection":[{"href":"https:\/\/sudocrem.com\/us-es\/wp-json\/wp\/v2\/pages"}],"about":[{"href":"https:\/\/sudocrem.com\/us-es\/wp-json\/wp\/v2\/types\/page"}],"author":[{"embeddable":true,"href":"https:\/\/sudocrem.com\/us-es\/wp-json\/wp\/v2\/users\/1"}],"replies":[{"embeddable":true,"href":"https:\/\/sudocrem.com\/us-es\/wp-json\/wp\/v2\/comments?post=150"}],"version-history":[{"count":0,"href":"https:\/\/sudocrem.com\/us-es\/wp-json\/wp\/v2\/pages\/150\/revisions"}],"up":[{"embeddable":true,"href":"https:\/\/sudocrem.com\/us-es\/wp-json\/wp\/v2\/pages\/140"}],"wp:featuredmedia":[{"embeddable":true,"href":"https:\/\/sudocrem.com\/us-es\/wp-json\/wp\/v2\/media\/252"}],"wp:attachment":[{"href":"https:\/\/sudocrem.com\/us-es\/wp-json\/wp\/v2\/media?parent=150"}],"curies":[{"name":"wp","href":"https:\/\/api.w.org\/{rel}","templated":true}]}}