

{"id":158,"date":"2024-10-29T13:58:16","date_gmt":"2024-10-29T13:58:16","guid":{"rendered":"https:\/\/sudocrem.wpenginepowered.com\/us-es\/?page_id=158"},"modified":"2024-11-01T16:16:06","modified_gmt":"2024-11-01T16:16:06","slug":"how-to-use","status":"publish","type":"page","link":"https:\/\/sudocrem.com\/us-es\/skin-protectant-cream\/how-to-use\/","title":{"rendered":"\u00bfC\u00f3mo usarla?"},"content":{"rendered":"<p>Sudocream es un medicamento con monograf\u00eda registrada, aseg\u00farate de leer la etiqueta.<\/p>\n<h5><\/h5>\n<p>&nbsp;<\/p>\n<h5>Dermatitis del pa\u00f1al<\/h5>\n<p>Sudocrem puede aplicarse, en cada cambio de pa\u00f1al, para ayudar a tratar la dermatitis del pa\u00f1al y aliviar la piel de tu beb\u00e9.<\/p>\n<p><strong>Paso 1:<\/strong> Aseg\u00farate de que el culito de tu beb\u00e9 est\u00e1 limpio y seco.<\/p>\n<p><strong>Paso 2:<\/strong> Con las manos limpias y secas, aplica una peque\u00f1a cantidad de Sudocrem en la punta del dedo. Recuerda que con un poco es suficiente.<\/p>\n<p><strong>Paso 3:<\/strong> Masajea suavemente la piel con Sudocrem mediante ligeros movimientos circulares (intenta no frotar, sobre todo si la piel parece irritada).<\/p>\n<p><strong>Paso 4:<\/strong> Debes crear una pel\u00edcula fina y transl\u00facida sobre la piel. Si la crema blanca sigue siendo visible, es posible que hayas puesto demasiada (si esto ocurre, tu beb\u00e9 estar\u00e1 bien, simplemente pon un poco menos la pr\u00f3xima vez).<\/p>\n<p><strong>Paso 5:<\/strong> Repite la aplicaci\u00f3n de Sudocrem en el culito de tu beb\u00e9 tantas veces como sea necesario.<\/p>\n<h5><\/h5>\n<p>&nbsp;<\/p>\n<h5>Otros usos<\/h5>\n<p><strong>Paso 1:<\/strong> Aseg\u00farate de que tus manos est\u00e1n limpias y secas, a continuaci\u00f3n, aplica una peque\u00f1a cantidad de Sudocrem en la punta del dedo.<\/p>\n<p><strong>Paso 2:<\/strong> Masajea suavemente con Sudocrem la zona afectada con ligeros movimientos circulares.<\/p>\n<p><strong>Paso 3:<\/strong> Debes crear una pel\u00edcula fina y transl\u00facida sobre la piel. Si la crema a\u00fan se ve blanca, es posible que hayas puesto demasiada (no pasa nada, aplica un poco menos la pr\u00f3xima vez).<\/p>\n","protected":false},"excerpt":{"rendered":"<p>Sudocream es un medicamento con monograf\u00eda registrada, aseg\u00farate de leer la etiqueta. &nbsp; Dermatitis del pa\u00f1al Sudocrem puede aplicarse, en cada cambio de pa\u00f1al, para ayudar a tratar la dermatitis del pa\u00f1al y aliviar la piel de tu beb\u00e9. Paso 1: Aseg\u00farate de que el culito de tu beb\u00e9 est\u00e1 limpio y seco. Paso 2: [&#8230;]<\/p>\n<p><a aria-label=\"Sudocrem\"  class=\"btn btn-purple round btn-secondary understrap-read-more-link\" href=\"https:\/\/sudocrem.com\/us-es\/skin-protectant-cream\/how-to-use\/\">CONTINUE READING<\/a><\/p>\n","protected":false},"author":1,"featured_media":253,"parent":140,"menu_order":0,"comment_status":"closed","ping_status":"closed","template":"page-templates\/top-menu-page.php","meta":{"footnotes":""},"class_list":["post-158","page","type-page","status-publish","has-post-thumbnail","hentry"],"yoast_head":"<!-- This site is optimized with the Yoast SEO plugin v14.6.1 - https:\/\/yoast.com\/wordpress\/plugins\/seo\/ -->\n<title>\u00bfC\u00f3mo usarla? - Sudocrem USA - Spanish<\/title>\n<meta name=\"robots\" content=\"index, follow\" \/>\n<meta name=\"googlebot\" content=\"index, follow, max-snippet:-1, max-image-preview:large, max-video-preview:-1\" \/>\n<meta name=\"bingbot\" content=\"index, follow, max-snippet:-1, max-image-preview:large, max-video-preview:-1\" \/>\n<link rel=\"canonical\" href=\"https:\/\/sudocrem.com\/us-es\/skin-protectant-cream\/how-to-use\/\" \/>\n<meta property=\"og:locale\" content=\"en_GB\" \/>\n<meta property=\"og:type\" content=\"article\" \/>\n<meta property=\"og:title\" content=\"\u00bfC\u00f3mo usarla? - Sudocrem USA - Spanish\" \/>\n<meta property=\"og:description\" content=\"Sudocream es un medicamento con monograf\u00eda registrada, aseg\u00farate de leer la etiqueta. &nbsp; Dermatitis del pa\u00f1al Sudocrem puede aplicarse, en cada cambio de pa\u00f1al, para ayudar a tratar la dermatitis del pa\u00f1al y aliviar la piel de tu beb\u00e9. Paso 1: Aseg\u00farate de que el culito de tu beb\u00e9 est\u00e1 limpio y seco. Paso 2: [...]CONTINUE READING\" \/>\n<meta property=\"og:url\" content=\"https:\/\/sudocrem.com\/us-es\/skin-protectant-cream\/how-to-use\/\" \/>\n<meta property=\"og:site_name\" content=\"Sudocrem USA - Spanish\" \/>\n<meta property=\"article:modified_time\" content=\"2024-11-01T16:16:06+00:00\" \/>\n<meta property=\"og:image\" content=\"https:\/\/sudocrem.com\/us-es\/wp-content\/uploads\/sites\/55\/2024\/11\/Top-banner_SAHC_USA_v02-SPANISH.jpg\" \/>\n\t<meta property=\"og:image:width\" content=\"1920\" \/>\n\t<meta property=\"og:image:height\" content=\"791\" \/>\n<meta name=\"twitter:card\" content=\"summary_large_image\" \/>\n<script type=\"application\/ld+json\" class=\"yoast-schema-graph\">{\"@context\":\"https:\/\/schema.org\",\"@graph\":[{\"@type\":\"WebSite\",\"@id\":\"https:\/\/sudocrem.com\/us-es\/#website\",\"url\":\"https:\/\/sudocrem.com\/us-es\/\",\"name\":\"Sudocrem USA - Spanish\",\"description\":\"Just another Sudocrem International site\",\"potentialAction\":[{\"@type\":\"SearchAction\",\"target\":\"https:\/\/sudocrem.com\/us-es\/?s={search_term_string}\",\"query-input\":\"required name=search_term_string\"}],\"inLanguage\":\"en-GB\"},{\"@type\":\"ImageObject\",\"@id\":\"https:\/\/sudocrem.com\/us-es\/skin-protectant-cream\/how-to-use\/#primaryimage\",\"inLanguage\":\"en-GB\",\"url\":\"https:\/\/sudocrem.com\/us-es\/wp-content\/uploads\/sites\/55\/2024\/11\/Top-banner_SAHC_USA_v02-SPANISH.jpg\",\"width\":1920,\"height\":791},{\"@type\":\"WebPage\",\"@id\":\"https:\/\/sudocrem.com\/us-es\/skin-protectant-cream\/how-to-use\/#webpage\",\"url\":\"https:\/\/sudocrem.com\/us-es\/skin-protectant-cream\/how-to-use\/\",\"name\":\"\\u00bfC\\u00f3mo usarla? - Sudocrem USA - Spanish\",\"isPartOf\":{\"@id\":\"https:\/\/sudocrem.com\/us-es\/#website\"},\"primaryImageOfPage\":{\"@id\":\"https:\/\/sudocrem.com\/us-es\/skin-protectant-cream\/how-to-use\/#primaryimage\"},\"datePublished\":\"2024-10-29T13:58:16+00:00\",\"dateModified\":\"2024-11-01T16:16:06+00:00\",\"inLanguage\":\"en-GB\",\"potentialAction\":[{\"@type\":\"ReadAction\",\"target\":[\"https:\/\/sudocrem.com\/us-es\/skin-protectant-cream\/how-to-use\/\"]}]}]}<\/script>\n<!-- \/ Yoast SEO plugin. -->","_links":{"self":[{"href":"https:\/\/sudocrem.com\/us-es\/wp-json\/wp\/v2\/pages\/158","targetHints":{"allow":["GET"]}}],"collection":[{"href":"https:\/\/sudocrem.com\/us-es\/wp-json\/wp\/v2\/pages"}],"about":[{"href":"https:\/\/sudocrem.com\/us-es\/wp-json\/wp\/v2\/types\/page"}],"author":[{"embeddable":true,"href":"https:\/\/sudocrem.com\/us-es\/wp-json\/wp\/v2\/users\/1"}],"replies":[{"embeddable":true,"href":"https:\/\/sudocrem.com\/us-es\/wp-json\/wp\/v2\/comments?post=158"}],"version-history":[{"count":0,"href":"https:\/\/sudocrem.com\/us-es\/wp-json\/wp\/v2\/pages\/158\/revisions"}],"up":[{"embeddable":true,"href":"https:\/\/sudocrem.com\/us-es\/wp-json\/wp\/v2\/pages\/140"}],"wp:featuredmedia":[{"embeddable":true,"href":"https:\/\/sudocrem.com\/us-es\/wp-json\/wp\/v2\/media\/253"}],"wp:attachment":[{"href":"https:\/\/sudocrem.com\/us-es\/wp-json\/wp\/v2\/media?parent=158"}],"curies":[{"name":"wp","href":"https:\/\/api.w.org\/{rel}","templated":true}]}}