

{"id":69,"date":"2024-10-28T16:02:25","date_gmt":"2024-10-28T16:02:25","guid":{"rendered":"https:\/\/sudocrem.wpenginepowered.com\/us-es\/?page_id=69"},"modified":"2024-11-01T12:19:24","modified_gmt":"2024-11-01T12:19:24","slug":"your-family-hub","status":"publish","type":"page","link":"https:\/\/sudocrem.com\/us-es\/your-family-hub\/","title":{"rendered":"Tu centro para la familia"},"content":{"rendered":"<h5>El eficaz aliado de los padres<\/h5>\n<p>Sudocrem lleva m\u00e1s de 90 a\u00f1os cuidando la piel de tu familia. Nuestra gama de productos calma, trata y protege tu piel de los peque\u00f1os dramas cotidianos.<\/p>\n<p>&nbsp;<\/p>\n<h5>Primeros d\u00edas<\/h5>\n<p class=\"p1\"><span class=\"s1\">En las primeras etapas de la vida de tu beb\u00e9, Sudocrem te ayuda a asegurarte de que utilizas los mejores productos para cuidar su piel. Utiliza la Crema protectora de la piel Sudocrem para calmar, tratar y proteger contra la dermatitis del pa\u00f1al. M\u00e1s informaci\u00f3n sobre el tratamiento y prevenir la dermatitis del pa\u00f1al.<\/span><\/p>\n<p><a class=\"mt-3 btn btn-purple round\" href=\"\/us-es\/diaper-rash-hub\/what-is-diaper-rash\/\">Centro para la dermatitis del pa\u00f1al<\/a><\/p>\n<p>&nbsp;<\/p>\n<h5>Adultos<\/h5>\n<p>T\u00fa tambi\u00e9n te mereces que tu piel est\u00e9 bien cuidada. Los productos Sudocrem pueden utilizarse todos los d\u00edas para hidratar y calmar la piel, protegi\u00e9ndola de las inclemencias del tiempo.<\/p>\n<p>&nbsp;<\/p>\n","protected":false},"excerpt":{"rendered":"<p>El eficaz aliado de los padres Sudocrem lleva m\u00e1s de 90 a\u00f1os cuidando la piel de tu familia. Nuestra gama de productos calma, trata y protege tu piel de los peque\u00f1os dramas cotidianos. &nbsp; Primeros d\u00edas En las primeras etapas de la vida de tu beb\u00e9, Sudocrem te ayuda a asegurarte de que utilizas los [&#8230;]<\/p>\n<p><a aria-label=\"Sudocrem\"  class=\"btn btn-purple round btn-secondary understrap-read-more-link\" href=\"https:\/\/sudocrem.com\/us-es\/your-family-hub\/\">CONTINUE READING<\/a><\/p>\n","protected":false},"author":1,"featured_media":72,"parent":0,"menu_order":0,"comment_status":"closed","ping_status":"closed","template":"page-templates\/top-menu-page.php","meta":{"footnotes":""},"class_list":["post-69","page","type-page","status-publish","has-post-thumbnail","hentry"],"yoast_head":"<!-- This site is optimized with the Yoast SEO plugin v14.6.1 - https:\/\/yoast.com\/wordpress\/plugins\/seo\/ -->\n<title>Tu centro para la familia - Sudocrem USA - Spanish<\/title>\n<meta name=\"robots\" content=\"index, follow\" \/>\n<meta name=\"googlebot\" content=\"index, follow, max-snippet:-1, max-image-preview:large, max-video-preview:-1\" \/>\n<meta name=\"bingbot\" content=\"index, follow, max-snippet:-1, max-image-preview:large, max-video-preview:-1\" \/>\n<link rel=\"canonical\" href=\"https:\/\/sudocrem.com\/us-es\/your-family-hub\/\" \/>\n<meta property=\"og:locale\" content=\"en_GB\" \/>\n<meta property=\"og:type\" content=\"article\" \/>\n<meta property=\"og:title\" content=\"Tu centro para la familia - Sudocrem USA - Spanish\" \/>\n<meta property=\"og:description\" content=\"El eficaz aliado de los padres Sudocrem lleva m\u00e1s de 90 a\u00f1os cuidando la piel de tu familia. Nuestra gama de productos calma, trata y protege tu piel de los peque\u00f1os dramas cotidianos. &nbsp; Primeros d\u00edas En las primeras etapas de la vida de tu beb\u00e9, Sudocrem te ayuda a asegurarte de que utilizas los [...]CONTINUE READING\" \/>\n<meta property=\"og:url\" content=\"https:\/\/sudocrem.com\/us-es\/your-family-hub\/\" \/>\n<meta property=\"og:site_name\" content=\"Sudocrem USA - Spanish\" \/>\n<meta property=\"article:modified_time\" content=\"2024-11-01T12:19:24+00:00\" \/>\n<meta property=\"og:image\" content=\"https:\/\/sudocrem.com\/us-es\/wp-content\/uploads\/sites\/55\/2024\/10\/Sud_Family-hub_Top-banner.jpg\" \/>\n\t<meta property=\"og:image:width\" content=\"1920\" \/>\n\t<meta property=\"og:image:height\" content=\"699\" \/>\n<meta name=\"twitter:card\" content=\"summary_large_image\" \/>\n<script type=\"application\/ld+json\" class=\"yoast-schema-graph\">{\"@context\":\"https:\/\/schema.org\",\"@graph\":[{\"@type\":\"WebSite\",\"@id\":\"https:\/\/sudocrem.com\/us-es\/#website\",\"url\":\"https:\/\/sudocrem.com\/us-es\/\",\"name\":\"Sudocrem USA - Spanish\",\"description\":\"Just another Sudocrem International site\",\"potentialAction\":[{\"@type\":\"SearchAction\",\"target\":\"https:\/\/sudocrem.com\/us-es\/?s={search_term_string}\",\"query-input\":\"required name=search_term_string\"}],\"inLanguage\":\"en-GB\"},{\"@type\":\"ImageObject\",\"@id\":\"https:\/\/sudocrem.com\/us-es\/your-family-hub\/#primaryimage\",\"inLanguage\":\"en-GB\",\"url\":\"https:\/\/sudocrem.com\/us-es\/wp-content\/uploads\/sites\/55\/2024\/10\/Sud_Family-hub_Top-banner.jpg\",\"width\":1920,\"height\":699},{\"@type\":\"WebPage\",\"@id\":\"https:\/\/sudocrem.com\/us-es\/your-family-hub\/#webpage\",\"url\":\"https:\/\/sudocrem.com\/us-es\/your-family-hub\/\",\"name\":\"Tu centro para la familia - Sudocrem USA - Spanish\",\"isPartOf\":{\"@id\":\"https:\/\/sudocrem.com\/us-es\/#website\"},\"primaryImageOfPage\":{\"@id\":\"https:\/\/sudocrem.com\/us-es\/your-family-hub\/#primaryimage\"},\"datePublished\":\"2024-10-28T16:02:25+00:00\",\"dateModified\":\"2024-11-01T12:19:24+00:00\",\"inLanguage\":\"en-GB\",\"potentialAction\":[{\"@type\":\"ReadAction\",\"target\":[\"https:\/\/sudocrem.com\/us-es\/your-family-hub\/\"]}]}]}<\/script>\n<!-- \/ Yoast SEO plugin. -->","_links":{"self":[{"href":"https:\/\/sudocrem.com\/us-es\/wp-json\/wp\/v2\/pages\/69","targetHints":{"allow":["GET"]}}],"collection":[{"href":"https:\/\/sudocrem.com\/us-es\/wp-json\/wp\/v2\/pages"}],"about":[{"href":"https:\/\/sudocrem.com\/us-es\/wp-json\/wp\/v2\/types\/page"}],"author":[{"embeddable":true,"href":"https:\/\/sudocrem.com\/us-es\/wp-json\/wp\/v2\/users\/1"}],"replies":[{"embeddable":true,"href":"https:\/\/sudocrem.com\/us-es\/wp-json\/wp\/v2\/comments?post=69"}],"version-history":[{"count":0,"href":"https:\/\/sudocrem.com\/us-es\/wp-json\/wp\/v2\/pages\/69\/revisions"}],"wp:featuredmedia":[{"embeddable":true,"href":"https:\/\/sudocrem.com\/us-es\/wp-json\/wp\/v2\/media\/72"}],"wp:attachment":[{"href":"https:\/\/sudocrem.com\/us-es\/wp-json\/wp\/v2\/media?parent=69"}],"curies":[{"name":"wp","href":"https:\/\/api.w.org\/{rel}","templated":true}]}}