

{"id":92,"date":"2024-10-28T17:02:18","date_gmt":"2024-10-28T17:02:18","guid":{"rendered":"https:\/\/sudocrem.wpenginepowered.com\/us-es\/?page_id=92"},"modified":"2024-11-01T16:18:49","modified_gmt":"2024-11-01T16:18:49","slug":"how-to-spot-diaper-rash","status":"publish","type":"page","link":"https:\/\/sudocrem.com\/us-es\/diaper-rash-hub\/how-to-spot-diaper-rash\/","title":{"rendered":"\u00bfC\u00f3mo detectar la dermatitis del pa\u00f1al?"},"content":{"rendered":"<h5>C\u00f3mo detectar la dermatitis del pa\u00f1al<\/h5>\n<p>A menudo se puede detectar r\u00e1pidamente la dermatitis del pa\u00f1al detectando estos efectos:<\/p>\n<ul>\n<li>Un ligero enrojecimiento en la zona del pa\u00f1al (no suele afectar a los pliegues de la piel).<\/li>\n<li>El culito y la parte superior de los muslos de tu beb\u00e9 pueden enrojecerse y humedecerse.<\/li>\n<li>La piel tambi\u00e9n puede volverse dolorida, con manchas y caliente al tacto<\/li>\n<li>Tambi\u00e9n pueden aparecer parches de piel seca y escamosa<\/li>\n<li>En los casos m\u00e1s graves, pueden aparecer ampollas y granos de pus.<\/li>\n<\/ul>\n<p>Se puede aliviar, tratar y evitar la reaparici\u00f3n de la dermatitis del pa\u00f1al utilizando Sudocrem en cada cambio de pa\u00f1al.<\/p>\n<p>&nbsp;<\/p>\n<p>&nbsp;<\/p>\n<h5 class=\"p1\"><span class=\"s1\">Tipos de dermatitis del pa\u00f1al<\/span><\/h5>\n<p>&nbsp;<\/p>\n<p><strong>Dermatitis del pa\u00f1al normal<\/strong><\/p>\n<p>El caso m\u00e1s frecuente de dermatitis del pa\u00f1al es cuando la piel est\u00e1 roja y dolorida, y puede parecer casi brillante. Suele deberse a que el culito del beb\u00e9 ha estado en contacto con el pa\u00f1al sucio durante un periodo prolongado o si el beb\u00e9 tiene un ataque de diarrea. Suele ser la combinaci\u00f3n de pip\u00ed y caca lo que causa la mayor irritaci\u00f3n. La dermatitis del pa\u00f1al leve deber\u00eda desaparecer a los pocos d\u00edas de seguir los pasos anteriores; a veces puede desaparecer de un d\u00eda para otro.<\/p>\n<p><strong>Dermatitis del pa\u00f1al por hongos<\/strong><\/p>\n<p>Diferentes tipos de dermatitis del pa\u00f1al requieren diferentes tratamientos. La dermatitis del pa\u00f1al por hongos es una forma de candidosis y el tratamiento suele consistir en una crema antimic\u00f3tica que te recetar\u00e1 tu m\u00e9dico. Esta crema debe aplicarse en la zona afectada. La dermatitis f\u00fangica se manifiesta con peque\u00f1as manchas rojas y los genitales pueden aparecer hinchados, lo que a veces ocurre si el beb\u00e9 toma antibi\u00f3ticos. Es importante que, si la dermatitis del pa\u00f1al es f\u00fangica, evites tu crema de barrera habitual, ya que puede empeorar la afecci\u00f3n. En caso de dudas, pide consejo a tu m\u00e9dico o puericultor<\/p>\n<p><strong>Dermatitis del pa\u00f1al bacteriana<\/strong><\/p>\n<p>La dermatitis del pa\u00f1al bacteriana se manifiesta con granos infectados y es probable que el beb\u00e9 tenga fiebre. Puede desarrollarse a partir de una dermatitis del pa\u00f1al normal cuando la piel se ha agrietado y se ha producido una infecci\u00f3n debido a la entrada de bacterias. Este tipo de dermatitis del pa\u00f1al puede requerir antibi\u00f3ticos. Consulta a tu m\u00e9dico para que te aconseje un tratamiento y te haga un seguimiento lo antes posible.<\/p>\n","protected":false},"excerpt":{"rendered":"<p>C\u00f3mo detectar la dermatitis del pa\u00f1al A menudo se puede detectar r\u00e1pidamente la dermatitis del pa\u00f1al detectando estos efectos: Un ligero enrojecimiento en la zona del pa\u00f1al (no suele afectar a los pliegues de la piel). El culito y la parte superior de los muslos de tu beb\u00e9 pueden enrojecerse y humedecerse. La piel tambi\u00e9n [&#8230;]<\/p>\n<p><a aria-label=\"Sudocrem\"  class=\"btn btn-purple round btn-secondary understrap-read-more-link\" href=\"https:\/\/sudocrem.com\/us-es\/diaper-rash-hub\/how-to-spot-diaper-rash\/\">CONTINUE READING<\/a><\/p>\n","protected":false},"author":1,"featured_media":89,"parent":79,"menu_order":0,"comment_status":"closed","ping_status":"closed","template":"page-templates\/top-menu-page.php","meta":{"footnotes":""},"class_list":["post-92","page","type-page","status-publish","has-post-thumbnail","hentry"],"yoast_head":"<!-- This site is optimized with the Yoast SEO plugin v14.6.1 - https:\/\/yoast.com\/wordpress\/plugins\/seo\/ -->\n<title>\u00bfC\u00f3mo detectar la dermatitis del pa\u00f1al? - Sudocrem USA - Spanish<\/title>\n<meta name=\"robots\" content=\"index, follow\" \/>\n<meta name=\"googlebot\" content=\"index, follow, max-snippet:-1, max-image-preview:large, max-video-preview:-1\" \/>\n<meta name=\"bingbot\" content=\"index, follow, max-snippet:-1, max-image-preview:large, max-video-preview:-1\" \/>\n<link rel=\"canonical\" href=\"https:\/\/sudocrem.com\/us-es\/diaper-rash-hub\/how-to-spot-diaper-rash\/\" \/>\n<meta property=\"og:locale\" content=\"en_GB\" \/>\n<meta property=\"og:type\" content=\"article\" \/>\n<meta property=\"og:title\" content=\"\u00bfC\u00f3mo detectar la dermatitis del pa\u00f1al? - Sudocrem USA - Spanish\" \/>\n<meta property=\"og:description\" content=\"C\u00f3mo detectar la dermatitis del pa\u00f1al A menudo se puede detectar r\u00e1pidamente la dermatitis del pa\u00f1al detectando estos efectos: Un ligero enrojecimiento en la zona del pa\u00f1al (no suele afectar a los pliegues de la piel). El culito y la parte superior de los muslos de tu beb\u00e9 pueden enrojecerse y humedecerse. La piel tambi\u00e9n [...]CONTINUE READING\" \/>\n<meta property=\"og:url\" content=\"https:\/\/sudocrem.com\/us-es\/diaper-rash-hub\/how-to-spot-diaper-rash\/\" \/>\n<meta property=\"og:site_name\" content=\"Sudocrem USA - Spanish\" \/>\n<meta property=\"article:modified_time\" content=\"2024-11-01T16:18:49+00:00\" \/>\n<meta property=\"og:image\" content=\"https:\/\/sudocrem.com\/us-es\/wp-content\/uploads\/sites\/55\/2024\/10\/Sud_Nappy-rash_Top-banner.jpg\" \/>\n\t<meta property=\"og:image:width\" content=\"1920\" \/>\n\t<meta property=\"og:image:height\" content=\"742\" \/>\n<meta name=\"twitter:card\" content=\"summary_large_image\" \/>\n<script type=\"application\/ld+json\" class=\"yoast-schema-graph\">{\"@context\":\"https:\/\/schema.org\",\"@graph\":[{\"@type\":\"WebSite\",\"@id\":\"https:\/\/sudocrem.com\/us-es\/#website\",\"url\":\"https:\/\/sudocrem.com\/us-es\/\",\"name\":\"Sudocrem USA - Spanish\",\"description\":\"Just another Sudocrem International site\",\"potentialAction\":[{\"@type\":\"SearchAction\",\"target\":\"https:\/\/sudocrem.com\/us-es\/?s={search_term_string}\",\"query-input\":\"required name=search_term_string\"}],\"inLanguage\":\"en-GB\"},{\"@type\":\"ImageObject\",\"@id\":\"https:\/\/sudocrem.com\/us-es\/diaper-rash-hub\/how-to-spot-diaper-rash\/#primaryimage\",\"inLanguage\":\"en-GB\",\"url\":\"https:\/\/sudocrem.com\/us-es\/wp-content\/uploads\/sites\/55\/2024\/10\/Sud_Nappy-rash_Top-banner.jpg\",\"width\":1920,\"height\":742},{\"@type\":\"WebPage\",\"@id\":\"https:\/\/sudocrem.com\/us-es\/diaper-rash-hub\/how-to-spot-diaper-rash\/#webpage\",\"url\":\"https:\/\/sudocrem.com\/us-es\/diaper-rash-hub\/how-to-spot-diaper-rash\/\",\"name\":\"\\u00bfC\\u00f3mo detectar la dermatitis del pa\\u00f1al? - Sudocrem USA - Spanish\",\"isPartOf\":{\"@id\":\"https:\/\/sudocrem.com\/us-es\/#website\"},\"primaryImageOfPage\":{\"@id\":\"https:\/\/sudocrem.com\/us-es\/diaper-rash-hub\/how-to-spot-diaper-rash\/#primaryimage\"},\"datePublished\":\"2024-10-28T17:02:18+00:00\",\"dateModified\":\"2024-11-01T16:18:49+00:00\",\"inLanguage\":\"en-GB\",\"potentialAction\":[{\"@type\":\"ReadAction\",\"target\":[\"https:\/\/sudocrem.com\/us-es\/diaper-rash-hub\/how-to-spot-diaper-rash\/\"]}]}]}<\/script>\n<!-- \/ Yoast SEO plugin. -->","_links":{"self":[{"href":"https:\/\/sudocrem.com\/us-es\/wp-json\/wp\/v2\/pages\/92","targetHints":{"allow":["GET"]}}],"collection":[{"href":"https:\/\/sudocrem.com\/us-es\/wp-json\/wp\/v2\/pages"}],"about":[{"href":"https:\/\/sudocrem.com\/us-es\/wp-json\/wp\/v2\/types\/page"}],"author":[{"embeddable":true,"href":"https:\/\/sudocrem.com\/us-es\/wp-json\/wp\/v2\/users\/1"}],"replies":[{"embeddable":true,"href":"https:\/\/sudocrem.com\/us-es\/wp-json\/wp\/v2\/comments?post=92"}],"version-history":[{"count":0,"href":"https:\/\/sudocrem.com\/us-es\/wp-json\/wp\/v2\/pages\/92\/revisions"}],"up":[{"embeddable":true,"href":"https:\/\/sudocrem.com\/us-es\/wp-json\/wp\/v2\/pages\/79"}],"wp:featuredmedia":[{"embeddable":true,"href":"https:\/\/sudocrem.com\/us-es\/wp-json\/wp\/v2\/media\/89"}],"wp:attachment":[{"href":"https:\/\/sudocrem.com\/us-es\/wp-json\/wp\/v2\/media?parent=92"}],"curies":[{"name":"wp","href":"https:\/\/api.w.org\/{rel}","templated":true}]}}