

{"id":163,"date":"2018-12-10T16:31:59","date_gmt":"2018-12-10T16:31:59","guid":{"rendered":"http:\/\/www.sudocrem.co.uk\/?page_id=163"},"modified":"2020-10-26T10:10:10","modified_gmt":"2020-10-26T10:10:10","slug":"details","status":"publish","type":"page","link":"https:\/\/sudocrem.com\/vn\/antiseptic-healing-cream\/details\/","title":{"rendered":"Antiseptic Healing Cream &#8211; Details"},"content":{"rendered":"<h5>Th\u00f4ng tin chi ti\u00ea\u0301t<\/h5>\n<p>Sudocrem \u0111\u00e3 l\u00e0 gia\u0309i ph\u00e1p b\u1ea3o v\u1ec7 da b\u00e9 kh\u1ecfi h\u0103m t\u00e3 \u0111\u01a1n gi\u1ea3n v\u00e0 hi\u1ec7u qu\u1ea3 c\u1ee7a c\u00e1c b\u00e0 m\u1eb9 trong h\u01a1n 80 n\u0103m qua. Kem ng\u1eeba h\u0103m t\u00e3 Sudocrem gi\u00fap l\u00e0m di\u0323u ch\u00f4\u0303 vi\u00eam da v\u00e0 b\u1ea3o v\u1ec7 l\u00e0n da nh\u1ea1y c\u1ea3m c\u1ee7a b\u00e9.<\/p>\n<p>&nbsp;<\/p>\n<h5>H\u0103m t\u00e3<\/h5>\n<p>Kem ng\u1eeba h\u0103m t\u00e3 Sudocrem \u0111\u01b0\u01a1\u0323c ch\u01b0\u0301ng minh v\u00ea\u0300 m\u0103\u0323t l\u00e2m s\u00e0ng l\u00e0 l\u00e0m di\u0323u v\u00e0 b\u1ea3o v\u1ec7 l\u00e0n da mo\u0309ng manh cu\u0309a b\u00e9. Kem hoa\u0323t \u0111\u00f4\u0323ng hi\u00ea\u0323u qua\u0309 theo ba c\u00e1ch \u0111\u01a1n gia\u0309n. \u0110\u00e2\u0300u ti\u00ean, Sudocrem ch\u01b0\u0301a ch\u00e2\u0301t l\u00e0m m\u00ea\u0300m gi\u00fap l\u00e0m di\u0323u v\u1ebft h\u0103m t\u00e3. Th\u01b0\u0301 hai, c\u00e1c thu\u00f4\u0323c t\u00ednh l\u00e0m m\u00e1t gi\u00fap gia\u0309m \u0111au v\u00e0 ng\u01b0\u0301a r\u00e1t. Cu\u00f4\u0301i c\u00f9ng, l\u01a1\u0301p ch\u00f4\u0301ng th\u00e2\u0301m n\u01b0\u01a1\u0301c h\u00ecnh th\u00e0nh m\u00e0ng ba\u0309o v\u00ea\u0323, gi\u00fap ng\u0103n ch\u0103\u0323n b\u00e2\u0301t ky\u0300 t\u00e1c nh\u00e2n k\u00edch \u01b0\u0301ng n\u00e0o (n\u01b0\u01a1\u0301c ti\u00ea\u0309u v\u00e0 ph\u00e2n) ti\u00ea\u0301p x\u00fac v\u01a1\u0301i da.<\/p>\n","protected":false},"excerpt":{"rendered":"<p>Th\u00f4ng tin chi ti\u00ea\u0301t Sudocrem \u0111\u00e3 l\u00e0 gia\u0309i ph\u00e1p b\u1ea3o v\u1ec7 da b\u00e9 kh\u1ecfi h\u0103m t\u00e3 \u0111\u01a1n gi\u1ea3n v\u00e0 hi\u1ec7u qu\u1ea3 c\u1ee7a c\u00e1c b\u00e0 m\u1eb9 trong h\u01a1n 80 n\u0103m qua. Kem ng\u1eeba h\u0103m t\u00e3 Sudocrem gi\u00fap l\u00e0m di\u0323u ch\u00f4\u0303 vi\u00eam da v\u00e0 b\u1ea3o v\u1ec7 l\u00e0n da nh\u1ea1y c\u1ea3m c\u1ee7a b\u00e9. &nbsp; H\u0103m t\u00e3 Kem ng\u1eeba [&#8230;]<\/p>\n<p><a aria-label=\"Sudocrem\"  class=\"btn btn-purple round btn-secondary understrap-read-more-link\" href=\"https:\/\/sudocrem.com\/vn\/antiseptic-healing-cream\/details\/\">CONTINUE READING<\/a><\/p>\n","protected":false},"author":1,"featured_media":1855,"parent":741,"menu_order":0,"comment_status":"closed","ping_status":"closed","template":"page-templates\/top-menu-page.php","meta":{"footnotes":""},"class_list":["post-163","page","type-page","status-publish","has-post-thumbnail","hentry"],"yoast_head":"<!-- This site is optimized with the Yoast SEO plugin v14.6.1 - https:\/\/yoast.com\/wordpress\/plugins\/seo\/ -->\n<title>Antiseptic Healing Cream - Details - Sudocrem Vietnam<\/title>\n<meta name=\"description\" content=\"Sudocrem Antiseptic Healing Cream has been mum\u2019s ally for over 85 years and is great for soothing sore skin and effectively treating nappy rash.\" \/>\n<meta name=\"robots\" content=\"index, follow\" \/>\n<meta name=\"googlebot\" content=\"index, follow, max-snippet:-1, max-image-preview:large, max-video-preview:-1\" \/>\n<meta name=\"bingbot\" content=\"index, follow, max-snippet:-1, max-image-preview:large, max-video-preview:-1\" \/>\n<link rel=\"canonical\" href=\"https:\/\/sudocrem.com\/vn\/antiseptic-healing-cream\/details\/\" \/>\n<meta property=\"og:locale\" content=\"en_GB\" \/>\n<meta property=\"og:type\" content=\"article\" \/>\n<meta property=\"og:title\" content=\"Antiseptic Healing Cream - Details - Sudocrem Vietnam\" \/>\n<meta property=\"og:description\" content=\"Sudocrem Antiseptic Healing Cream has been mum\u2019s ally for over 85 years and is great for soothing sore skin and effectively treating nappy rash.\" \/>\n<meta property=\"og:url\" content=\"https:\/\/sudocrem.com\/vn\/antiseptic-healing-cream\/details\/\" \/>\n<meta property=\"og:site_name\" content=\"Sudocrem Vietnam\" \/>\n<meta property=\"article:modified_time\" content=\"2020-10-26T10:10:10+00:00\" \/>\n<meta property=\"og:image\" content=\"https:\/\/sudocrem.com\/vn\/wp-content\/uploads\/sites\/8\/2020\/10\/Top-banner_SAHC_Vietnam.jpg\" \/>\n\t<meta property=\"og:image:width\" content=\"1920\" \/>\n\t<meta property=\"og:image:height\" content=\"791\" \/>\n<meta name=\"twitter:card\" content=\"summary_large_image\" \/>\n<script type=\"application\/ld+json\" class=\"yoast-schema-graph\">{\"@context\":\"https:\/\/schema.org\",\"@graph\":[{\"@type\":\"WebSite\",\"@id\":\"https:\/\/sudocrem.com\/vn\/#website\",\"url\":\"https:\/\/sudocrem.com\/vn\/\",\"name\":\"Sudocrem Vietnam\",\"description\":\"Just another Sudocrem International site\",\"potentialAction\":[{\"@type\":\"SearchAction\",\"target\":\"https:\/\/sudocrem.com\/vn\/?s={search_term_string}\",\"query-input\":\"required name=search_term_string\"}],\"inLanguage\":\"en-GB\"},{\"@type\":\"ImageObject\",\"@id\":\"https:\/\/sudocrem.com\/vn\/antiseptic-healing-cream\/details\/#primaryimage\",\"inLanguage\":\"en-GB\",\"url\":\"https:\/\/sudocrem.com\/vn\/wp-content\/uploads\/sites\/8\/2020\/10\/Top-banner_SAHC_Vietnam.jpg\",\"width\":1920,\"height\":791},{\"@type\":\"WebPage\",\"@id\":\"https:\/\/sudocrem.com\/vn\/antiseptic-healing-cream\/details\/#webpage\",\"url\":\"https:\/\/sudocrem.com\/vn\/antiseptic-healing-cream\/details\/\",\"name\":\"Antiseptic Healing Cream - Details - Sudocrem Vietnam\",\"isPartOf\":{\"@id\":\"https:\/\/sudocrem.com\/vn\/#website\"},\"primaryImageOfPage\":{\"@id\":\"https:\/\/sudocrem.com\/vn\/antiseptic-healing-cream\/details\/#primaryimage\"},\"datePublished\":\"2018-12-10T16:31:59+00:00\",\"dateModified\":\"2020-10-26T10:10:10+00:00\",\"description\":\"Sudocrem Antiseptic Healing Cream has been mum\\u2019s ally for over 85 years and is great for soothing sore skin and effectively treating nappy rash.\",\"inLanguage\":\"en-GB\",\"potentialAction\":[{\"@type\":\"ReadAction\",\"target\":[\"https:\/\/sudocrem.com\/vn\/antiseptic-healing-cream\/details\/\"]}]}]}<\/script>\n<!-- \/ Yoast SEO plugin. -->","_links":{"self":[{"href":"https:\/\/sudocrem.com\/vn\/wp-json\/wp\/v2\/pages\/163","targetHints":{"allow":["GET"]}}],"collection":[{"href":"https:\/\/sudocrem.com\/vn\/wp-json\/wp\/v2\/pages"}],"about":[{"href":"https:\/\/sudocrem.com\/vn\/wp-json\/wp\/v2\/types\/page"}],"author":[{"embeddable":true,"href":"https:\/\/sudocrem.com\/vn\/wp-json\/wp\/v2\/users\/1"}],"replies":[{"embeddable":true,"href":"https:\/\/sudocrem.com\/vn\/wp-json\/wp\/v2\/comments?post=163"}],"version-history":[{"count":0,"href":"https:\/\/sudocrem.com\/vn\/wp-json\/wp\/v2\/pages\/163\/revisions"}],"up":[{"embeddable":true,"href":"https:\/\/sudocrem.com\/vn\/wp-json\/wp\/v2\/pages\/741"}],"wp:featuredmedia":[{"embeddable":true,"href":"https:\/\/sudocrem.com\/vn\/wp-json\/wp\/v2\/media\/1855"}],"wp:attachment":[{"href":"https:\/\/sudocrem.com\/vn\/wp-json\/wp\/v2\/media?parent=163"}],"curies":[{"name":"wp","href":"https:\/\/api.w.org\/{rel}","templated":true}]}}