

{"id":168,"date":"2018-12-10T16:33:05","date_gmt":"2018-12-10T16:33:05","guid":{"rendered":"http:\/\/www.sudocrem.co.uk\/?page_id=168"},"modified":"2020-10-26T10:10:19","modified_gmt":"2020-10-26T10:10:19","slug":"when-to-use","status":"publish","type":"page","link":"https:\/\/sudocrem.com\/vn\/antiseptic-healing-cream\/when-to-use\/","title":{"rendered":"Antiseptic Healing Cream &#8211; When to use?"},"content":{"rendered":"<h5>Khi n\u00e0o c\u00e2\u0300n s\u01b0\u0309 du\u0323ng?<\/h5>\n<p>Sudocrem l\u00e0 gia\u0309i ph\u00e1p \u0111\u01a1n gia\u0309n m\u00e0 hi\u00ea\u0323u qua\u0309 d\u00e0nh cho ba\u0323n b\u00e2\u0301t c\u01b0\u0301 khi n\u00e0o ba\u0323n ho\u0103\u0323c gia \u0111\u00ecnh cu\u0309a m\u00ecnh c\u00f3 b\u00ea\u0323nh v\u00ea\u0300 da c\u00e2\u0300n s\u01b0\u0323 ch\u0103m s\u00f3c di\u0323u nhe\u0323.<\/p>\n<p>C\u00f3 th\u00ea\u0309 d\u00f9ng Sudocrem \u0111\u00ea\u0309 l\u00e0m di\u0323u v\u00e0 ba\u0309o v\u00ea\u0323 da kho\u0309i v\u00ea\u0301t h\u0103m t\u00e3.<\/p>\n<p>&nbsp;<\/p>\n<h5>H\u0103m t\u00e3<\/h5>\n<p>\u0110\u00ea\u0309 hi\u00ea\u0309u \u0111\u01b0\u01a1\u0323c nguy\u00ean nh\u00e2n c\u1ee7a h\u0103m t\u00e3, hay c\u00e1ch nh\u1eadn bi\u1ebft b\u00e9 c\u00f3 bi\u0323 h\u0103m t\u00e3 hay kh\u00f4ng v\u00e0 t\u00ecm c\u00e1ch ng\u0103n ng\u01b0\u0300a ho\u0103\u0323c \u0111i\u00ea\u0300u tri\u0323 h\u0103m t\u00e3, h\u00e3y \u0111\u1ebfn Trung T\u00e2m Th\u00f4ng Tin v\u00ea\u0300 <a href=\"\/vn\/nappy-rash-hub\/what-is-nappy-rash\/\">H\u0103m Ta\u0303<\/a>.<\/p>\n","protected":false},"excerpt":{"rendered":"<p>Khi n\u00e0o c\u00e2\u0300n s\u01b0\u0309 du\u0323ng? Sudocrem l\u00e0 gia\u0309i ph\u00e1p \u0111\u01a1n gia\u0309n m\u00e0 hi\u00ea\u0323u qua\u0309 d\u00e0nh cho ba\u0323n b\u00e2\u0301t c\u01b0\u0301 khi n\u00e0o ba\u0323n ho\u0103\u0323c gia \u0111\u00ecnh cu\u0309a m\u00ecnh c\u00f3 b\u00ea\u0323nh v\u00ea\u0300 da c\u00e2\u0300n s\u01b0\u0323 ch\u0103m s\u00f3c di\u0323u nhe\u0323. C\u00f3 th\u00ea\u0309 d\u00f9ng Sudocrem \u0111\u00ea\u0309 l\u00e0m di\u0323u v\u00e0 ba\u0309o v\u00ea\u0323 da kho\u0309i v\u00ea\u0301t h\u0103m t\u00e3. &nbsp; H\u0103m t\u00e3 [&#8230;]<\/p>\n<p><a aria-label=\"Sudocrem\"  class=\"btn btn-purple round btn-secondary understrap-read-more-link\" href=\"https:\/\/sudocrem.com\/vn\/antiseptic-healing-cream\/when-to-use\/\">CONTINUE READING<\/a><\/p>\n","protected":false},"author":1,"featured_media":1855,"parent":741,"menu_order":1,"comment_status":"closed","ping_status":"closed","template":"page-templates\/top-menu-page.php","meta":{"footnotes":""},"class_list":["post-168","page","type-page","status-publish","has-post-thumbnail","hentry"],"yoast_head":"<!-- This site is optimized with the Yoast SEO plugin v14.6.1 - https:\/\/yoast.com\/wordpress\/plugins\/seo\/ -->\n<title>Antiseptic Healing Cream - When to use? - Sudocrem Vietnam<\/title>\n<meta name=\"robots\" content=\"index, follow\" \/>\n<meta name=\"googlebot\" content=\"index, follow, max-snippet:-1, max-image-preview:large, max-video-preview:-1\" \/>\n<meta name=\"bingbot\" content=\"index, follow, max-snippet:-1, max-image-preview:large, max-video-preview:-1\" \/>\n<link rel=\"canonical\" href=\"https:\/\/sudocrem.com\/vn\/antiseptic-healing-cream\/when-to-use\/\" \/>\n<meta property=\"og:locale\" content=\"en_GB\" \/>\n<meta property=\"og:type\" content=\"article\" \/>\n<meta property=\"og:title\" content=\"Antiseptic Healing Cream - When to use? - Sudocrem Vietnam\" \/>\n<meta property=\"og:description\" content=\"Khi n\u00e0o c\u00e2\u0300n s\u01b0\u0309 du\u0323ng? Sudocrem l\u00e0 gia\u0309i ph\u00e1p \u0111\u01a1n gia\u0309n m\u00e0 hi\u00ea\u0323u qua\u0309 d\u00e0nh cho ba\u0323n b\u00e2\u0301t c\u01b0\u0301 khi n\u00e0o ba\u0323n ho\u0103\u0323c gia \u0111\u00ecnh cu\u0309a m\u00ecnh c\u00f3 b\u00ea\u0323nh v\u00ea\u0300 da c\u00e2\u0300n s\u01b0\u0323 ch\u0103m s\u00f3c di\u0323u nhe\u0323. C\u00f3 th\u00ea\u0309 d\u00f9ng Sudocrem \u0111\u00ea\u0309 l\u00e0m di\u0323u v\u00e0 ba\u0309o v\u00ea\u0323 da kho\u0309i v\u00ea\u0301t h\u0103m t\u00e3. &nbsp; H\u0103m t\u00e3 [...]CONTINUE READING\" \/>\n<meta property=\"og:url\" content=\"https:\/\/sudocrem.com\/vn\/antiseptic-healing-cream\/when-to-use\/\" \/>\n<meta property=\"og:site_name\" content=\"Sudocrem Vietnam\" \/>\n<meta property=\"article:modified_time\" content=\"2020-10-26T10:10:19+00:00\" \/>\n<meta property=\"og:image\" content=\"https:\/\/sudocrem.com\/vn\/wp-content\/uploads\/sites\/8\/2020\/10\/Top-banner_SAHC_Vietnam.jpg\" \/>\n\t<meta property=\"og:image:width\" content=\"1920\" \/>\n\t<meta property=\"og:image:height\" content=\"791\" \/>\n<meta name=\"twitter:card\" content=\"summary_large_image\" \/>\n<script type=\"application\/ld+json\" class=\"yoast-schema-graph\">{\"@context\":\"https:\/\/schema.org\",\"@graph\":[{\"@type\":\"WebSite\",\"@id\":\"https:\/\/sudocrem.com\/vn\/#website\",\"url\":\"https:\/\/sudocrem.com\/vn\/\",\"name\":\"Sudocrem Vietnam\",\"description\":\"Just another Sudocrem International site\",\"potentialAction\":[{\"@type\":\"SearchAction\",\"target\":\"https:\/\/sudocrem.com\/vn\/?s={search_term_string}\",\"query-input\":\"required name=search_term_string\"}],\"inLanguage\":\"en-GB\"},{\"@type\":\"ImageObject\",\"@id\":\"https:\/\/sudocrem.com\/vn\/antiseptic-healing-cream\/when-to-use\/#primaryimage\",\"inLanguage\":\"en-GB\",\"url\":\"https:\/\/sudocrem.com\/vn\/wp-content\/uploads\/sites\/8\/2020\/10\/Top-banner_SAHC_Vietnam.jpg\",\"width\":1920,\"height\":791},{\"@type\":\"WebPage\",\"@id\":\"https:\/\/sudocrem.com\/vn\/antiseptic-healing-cream\/when-to-use\/#webpage\",\"url\":\"https:\/\/sudocrem.com\/vn\/antiseptic-healing-cream\/when-to-use\/\",\"name\":\"Antiseptic Healing Cream - When to use? - Sudocrem Vietnam\",\"isPartOf\":{\"@id\":\"https:\/\/sudocrem.com\/vn\/#website\"},\"primaryImageOfPage\":{\"@id\":\"https:\/\/sudocrem.com\/vn\/antiseptic-healing-cream\/when-to-use\/#primaryimage\"},\"datePublished\":\"2018-12-10T16:33:05+00:00\",\"dateModified\":\"2020-10-26T10:10:19+00:00\",\"inLanguage\":\"en-GB\",\"potentialAction\":[{\"@type\":\"ReadAction\",\"target\":[\"https:\/\/sudocrem.com\/vn\/antiseptic-healing-cream\/when-to-use\/\"]}]}]}<\/script>\n<!-- \/ Yoast SEO plugin. -->","_links":{"self":[{"href":"https:\/\/sudocrem.com\/vn\/wp-json\/wp\/v2\/pages\/168","targetHints":{"allow":["GET"]}}],"collection":[{"href":"https:\/\/sudocrem.com\/vn\/wp-json\/wp\/v2\/pages"}],"about":[{"href":"https:\/\/sudocrem.com\/vn\/wp-json\/wp\/v2\/types\/page"}],"author":[{"embeddable":true,"href":"https:\/\/sudocrem.com\/vn\/wp-json\/wp\/v2\/users\/1"}],"replies":[{"embeddable":true,"href":"https:\/\/sudocrem.com\/vn\/wp-json\/wp\/v2\/comments?post=168"}],"version-history":[{"count":0,"href":"https:\/\/sudocrem.com\/vn\/wp-json\/wp\/v2\/pages\/168\/revisions"}],"up":[{"embeddable":true,"href":"https:\/\/sudocrem.com\/vn\/wp-json\/wp\/v2\/pages\/741"}],"wp:featuredmedia":[{"embeddable":true,"href":"https:\/\/sudocrem.com\/vn\/wp-json\/wp\/v2\/media\/1855"}],"wp:attachment":[{"href":"https:\/\/sudocrem.com\/vn\/wp-json\/wp\/v2\/media?parent=168"}],"curies":[{"name":"wp","href":"https:\/\/api.w.org\/{rel}","templated":true}]}}