

{"id":170,"date":"2018-12-10T16:34:08","date_gmt":"2018-12-10T16:34:08","guid":{"rendered":"http:\/\/www.sudocrem.co.uk\/?page_id=170"},"modified":"2020-10-26T10:10:24","modified_gmt":"2020-10-26T10:10:24","slug":"how-to-use","status":"publish","type":"page","link":"https:\/\/sudocrem.com\/vn\/antiseptic-healing-cream\/how-to-use\/","title":{"rendered":"Antiseptic Healing Cream &#8211; How to use?"},"content":{"rendered":"<h5>H\u0103m t\u00e3<\/h5>\n<p>C\u00f3 th\u00ea\u0309 thoa Sudocrem m\u00f4\u0303i l\u00e2\u0300n thay t\u00e3 \u0111\u00ea\u0309 ng\u1eeba v\u1ebft h\u0103m t\u00e3 m\u1edbi cho b\u00e9 v\u00e0 l\u00e0m di\u0323u v\u00ea\u0301t h\u0103m t\u00e3 s\u1eb5n c\u00f3.<\/p>\n<p><strong>B\u01b0\u01a1\u0301c 1:<\/strong> \u0110a\u0309m ba\u0309o m\u00f4ng cu\u0309a b\u00e9 sa\u0323ch v\u00e0 kh\u00f4 r\u00e1o.<\/p>\n<p><strong>B\u01b0\u01a1\u0301c 2:<\/strong> D\u00f9ng tay sa\u0323ch v\u00e0 kh\u00f4 r\u00e1o, cho m\u00f4\u0323t l\u01b0\u01a1\u0323ng nho\u0309 Sudocrem l\u00ean \u0111\u00e2\u0300u ng\u00f3n tay. Nh\u01a1\u0301 r\u0103\u0300ng chi\u0309 m\u00f4\u0323t l\u01b0\u01a1\u0323ng nho\u0309 l\u00e0 \u0111\u1ee7 hi\u00ea\u0323u qua\u0309.<\/p>\n<p><strong>B\u01b0\u01a1\u0301c 3:<\/strong> Nhe\u0323 nh\u00e0ng m\u00e1t xa Sudocrem v\u00e0o da theo c\u00e1c v\u00f2ng tr\u00f2n nho\u0309. (C\u00f4\u0301 g\u0103\u0301ng tr\u00e1nh ch\u00e0 x\u00e1t, \u0111\u0103\u0323c bi\u00ea\u0323t n\u00ea\u0301u da c\u00f3 ve\u0309 bi\u0323 vi\u00eam.)<\/p>\n<p><strong>B\u01b0\u01a1\u0301c 4:<\/strong> Ba\u0323n c\u00e2\u0300n thoa \u0111\u00ea\u0301n khi kem chi\u0309 c\u00f2n la\u0323i m\u00f4\u0323t l\u01a1\u0301p m\u01a1\u0300 v\u00e0 mo\u0309ng tr\u00ean da. N\u00ea\u0301u v\u00e2\u0303n c\u00f2n nh\u00ecn th\u00e2\u0301y l\u01a1\u0301p kem m\u00e0u tr\u0103\u0301ng, c\u00f3 th\u00ea\u0309 ba\u0323n \u0111\u00e3 thoa qu\u00e1 nhi\u00ea\u0300u. (N\u00ea\u0301u \u0111i\u00ea\u0300u n\u00e0y xa\u0309y ra, s\u1ebd kh\u00f4ng c\u00f3 \u1ea3nh h\u01b0\u1edfng g\u00ec, chi\u0309 c\u00e2\u0300n l\u00e2\u0300n t\u01a1\u0301i thoa m\u00f4\u0323t l\u01b0\u01a1\u0323ng \u00edt h\u01a1n.)<\/p>\n<p><strong>B\u01b0\u01a1\u0301c 5:<\/strong> L\u0103\u0323p la\u0323i vi\u00ea\u0323c thoa kem v\u00e0o v\u00f9ng m\u00f4ng cu\u0309a em b\u00e9 khi c\u00e2\u0300n.<\/p>\n<p>&nbsp;<\/p>\n<h5>C\u00e1c c\u00e1ch s\u01b0\u0309 du\u0323ng kh\u00e1c<\/h5>\n<p><strong>B\u01b0\u01a1\u0301c 1:<\/strong> \u0110a\u0309m ba\u0309o b\u00e0n tay cu\u0309a ba\u0323n sa\u0323ch se\u0303 v\u00e0 kh\u00f4 r\u00e1o, sau \u0111\u00f3 cho m\u00f4\u0323t l\u01b0\u01a1\u0323ng nho\u0309 Sudocrem l\u00ean \u0111\u00e2\u0300u ng\u00f3n tay cu\u0309a ba\u0323n.<\/p>\n<p><strong>B\u01b0\u01a1\u0301c 2:<\/strong> Nhe\u0323 nh\u00e0ng m\u00e1t xa Sudocrem l\u00ean v\u00f9ng bi\u0323 h\u0103m t\u00e3 theo c\u00e1c v\u00f2ng tr\u00f2n nho\u0309.<\/p>\n<p><strong>B\u01b0\u01a1\u0301c 3:<\/strong> Ba\u0323n c\u00e2\u0300n thoa \u0111\u00ea\u0301n khi kem chi\u0309 c\u00f2n la\u0323i m\u00f4\u0323t l\u01a1\u0301p m\u01a1\u0300 v\u00e0 mo\u0309ng tr\u00ean da. N\u00ea\u0301u v\u00e2\u0303n c\u00f2n nh\u00ecn th\u00e2\u0301y l\u01a1\u0301p kem m\u00e0u tr\u0103\u0301ng, c\u00f3 th\u00ea\u0309 ba\u0323n \u0111\u00e3 thoa qu\u00e1 nhi\u00ea\u0300u. (\u0110i\u00ea\u0300u n\u00e0y kh\u00f4ng sao ca\u0309, chi\u0309 c\u00e2\u0300n l\u00e2\u0300n t\u01a1\u0301i thoa m\u00f4\u0323t l\u01b0\u01a1\u0323ng \u00edt h\u01a1n.)<\/p>\n","protected":false},"excerpt":{"rendered":"<p>H\u0103m t\u00e3 C\u00f3 th\u00ea\u0309 thoa Sudocrem m\u00f4\u0303i l\u00e2\u0300n thay t\u00e3 \u0111\u00ea\u0309 ng\u1eeba v\u1ebft h\u0103m t\u00e3 m\u1edbi cho b\u00e9 v\u00e0 l\u00e0m di\u0323u v\u00ea\u0301t h\u0103m t\u00e3 s\u1eb5n c\u00f3. B\u01b0\u01a1\u0301c 1: \u0110a\u0309m ba\u0309o m\u00f4ng cu\u0309a b\u00e9 sa\u0323ch v\u00e0 kh\u00f4 r\u00e1o. B\u01b0\u01a1\u0301c 2: D\u00f9ng tay sa\u0323ch v\u00e0 kh\u00f4 r\u00e1o, cho m\u00f4\u0323t l\u01b0\u01a1\u0323ng nho\u0309 Sudocrem l\u00ean \u0111\u00e2\u0300u ng\u00f3n tay. Nh\u01a1\u0301 [&#8230;]<\/p>\n<p><a aria-label=\"Sudocrem\"  class=\"btn btn-purple round btn-secondary understrap-read-more-link\" href=\"https:\/\/sudocrem.com\/vn\/antiseptic-healing-cream\/how-to-use\/\">CONTINUE READING<\/a><\/p>\n","protected":false},"author":1,"featured_media":1855,"parent":741,"menu_order":2,"comment_status":"closed","ping_status":"closed","template":"page-templates\/top-menu-page.php","meta":{"footnotes":""},"class_list":["post-170","page","type-page","status-publish","has-post-thumbnail","hentry"],"yoast_head":"<!-- This site is optimized with the Yoast SEO plugin v14.6.1 - https:\/\/yoast.com\/wordpress\/plugins\/seo\/ -->\n<title>Antiseptic Healing Cream - How to use? - Sudocrem Vietnam<\/title>\n<meta name=\"robots\" content=\"index, follow\" \/>\n<meta name=\"googlebot\" content=\"index, follow, max-snippet:-1, max-image-preview:large, max-video-preview:-1\" \/>\n<meta name=\"bingbot\" content=\"index, follow, max-snippet:-1, max-image-preview:large, max-video-preview:-1\" \/>\n<link rel=\"canonical\" href=\"https:\/\/sudocrem.com\/vn\/antiseptic-healing-cream\/how-to-use\/\" \/>\n<meta property=\"og:locale\" content=\"en_GB\" \/>\n<meta property=\"og:type\" content=\"article\" \/>\n<meta property=\"og:title\" content=\"Antiseptic Healing Cream - How to use? - Sudocrem Vietnam\" \/>\n<meta property=\"og:description\" content=\"H\u0103m t\u00e3 C\u00f3 th\u00ea\u0309 thoa Sudocrem m\u00f4\u0303i l\u00e2\u0300n thay t\u00e3 \u0111\u00ea\u0309 ng\u1eeba v\u1ebft h\u0103m t\u00e3 m\u1edbi cho b\u00e9 v\u00e0 l\u00e0m di\u0323u v\u00ea\u0301t h\u0103m t\u00e3 s\u1eb5n c\u00f3. B\u01b0\u01a1\u0301c 1: \u0110a\u0309m ba\u0309o m\u00f4ng cu\u0309a b\u00e9 sa\u0323ch v\u00e0 kh\u00f4 r\u00e1o. B\u01b0\u01a1\u0301c 2: D\u00f9ng tay sa\u0323ch v\u00e0 kh\u00f4 r\u00e1o, cho m\u00f4\u0323t l\u01b0\u01a1\u0323ng nho\u0309 Sudocrem l\u00ean \u0111\u00e2\u0300u ng\u00f3n tay. Nh\u01a1\u0301 [...]CONTINUE READING\" \/>\n<meta property=\"og:url\" content=\"https:\/\/sudocrem.com\/vn\/antiseptic-healing-cream\/how-to-use\/\" \/>\n<meta property=\"og:site_name\" content=\"Sudocrem Vietnam\" \/>\n<meta property=\"article:modified_time\" content=\"2020-10-26T10:10:24+00:00\" \/>\n<meta property=\"og:image\" content=\"https:\/\/sudocrem.com\/vn\/wp-content\/uploads\/sites\/8\/2020\/10\/Top-banner_SAHC_Vietnam.jpg\" \/>\n\t<meta property=\"og:image:width\" content=\"1920\" \/>\n\t<meta property=\"og:image:height\" content=\"791\" \/>\n<meta name=\"twitter:card\" content=\"summary_large_image\" \/>\n<script type=\"application\/ld+json\" class=\"yoast-schema-graph\">{\"@context\":\"https:\/\/schema.org\",\"@graph\":[{\"@type\":\"WebSite\",\"@id\":\"https:\/\/sudocrem.com\/vn\/#website\",\"url\":\"https:\/\/sudocrem.com\/vn\/\",\"name\":\"Sudocrem Vietnam\",\"description\":\"Just another Sudocrem International site\",\"potentialAction\":[{\"@type\":\"SearchAction\",\"target\":\"https:\/\/sudocrem.com\/vn\/?s={search_term_string}\",\"query-input\":\"required name=search_term_string\"}],\"inLanguage\":\"en-GB\"},{\"@type\":\"ImageObject\",\"@id\":\"https:\/\/sudocrem.com\/vn\/antiseptic-healing-cream\/how-to-use\/#primaryimage\",\"inLanguage\":\"en-GB\",\"url\":\"https:\/\/sudocrem.com\/vn\/wp-content\/uploads\/sites\/8\/2020\/10\/Top-banner_SAHC_Vietnam.jpg\",\"width\":1920,\"height\":791},{\"@type\":\"WebPage\",\"@id\":\"https:\/\/sudocrem.com\/vn\/antiseptic-healing-cream\/how-to-use\/#webpage\",\"url\":\"https:\/\/sudocrem.com\/vn\/antiseptic-healing-cream\/how-to-use\/\",\"name\":\"Antiseptic Healing Cream - How to use? - Sudocrem Vietnam\",\"isPartOf\":{\"@id\":\"https:\/\/sudocrem.com\/vn\/#website\"},\"primaryImageOfPage\":{\"@id\":\"https:\/\/sudocrem.com\/vn\/antiseptic-healing-cream\/how-to-use\/#primaryimage\"},\"datePublished\":\"2018-12-10T16:34:08+00:00\",\"dateModified\":\"2020-10-26T10:10:24+00:00\",\"inLanguage\":\"en-GB\",\"potentialAction\":[{\"@type\":\"ReadAction\",\"target\":[\"https:\/\/sudocrem.com\/vn\/antiseptic-healing-cream\/how-to-use\/\"]}]}]}<\/script>\n<!-- \/ Yoast SEO plugin. -->","_links":{"self":[{"href":"https:\/\/sudocrem.com\/vn\/wp-json\/wp\/v2\/pages\/170","targetHints":{"allow":["GET"]}}],"collection":[{"href":"https:\/\/sudocrem.com\/vn\/wp-json\/wp\/v2\/pages"}],"about":[{"href":"https:\/\/sudocrem.com\/vn\/wp-json\/wp\/v2\/types\/page"}],"author":[{"embeddable":true,"href":"https:\/\/sudocrem.com\/vn\/wp-json\/wp\/v2\/users\/1"}],"replies":[{"embeddable":true,"href":"https:\/\/sudocrem.com\/vn\/wp-json\/wp\/v2\/comments?post=170"}],"version-history":[{"count":0,"href":"https:\/\/sudocrem.com\/vn\/wp-json\/wp\/v2\/pages\/170\/revisions"}],"up":[{"embeddable":true,"href":"https:\/\/sudocrem.com\/vn\/wp-json\/wp\/v2\/pages\/741"}],"wp:featuredmedia":[{"embeddable":true,"href":"https:\/\/sudocrem.com\/vn\/wp-json\/wp\/v2\/media\/1855"}],"wp:attachment":[{"href":"https:\/\/sudocrem.com\/vn\/wp-json\/wp\/v2\/media?parent=170"}],"curies":[{"name":"wp","href":"https:\/\/api.w.org\/{rel}","templated":true}]}}