

{"id":53,"date":"2018-12-10T10:45:33","date_gmt":"2018-12-10T10:45:33","guid":{"rendered":"http:\/\/www.sudocrem.co.uk\/?page_id=53"},"modified":"2020-10-26T10:17:25","modified_gmt":"2020-10-26T10:17:25","slug":"contact","status":"publish","type":"page","link":"https:\/\/sudocrem.com\/vn\/contact\/","title":{"rendered":"Li\u00ean h\u00ea\u0323"},"content":{"rendered":"<p>Sudocrem \u0111\u01b0\u1ee3c nh\u1eadp kh\u1ea9u ch\u00ednh h\u00e0ng v\u1edbi nh\u00e3n m\u00e1c ti\u1ebfng Vi\u1ec7t l\u00e0 \u0111\u01b0\u1ee3c ph\u00e2n ph\u1ed1i \u0111\u1ed9c quy\u1ec1n b\u1edfi c\u00f4ng ty TNHH DKSH Vi\u1ec7t Nam v\u00e0 \u0111\u01b0\u1ee3c b\u00e1n t\u1ea1i c\u00e1c nh\u00e0 thu\u1ed1c<br \/>\nv\u00e0 chu\u1ed7i c\u1eeda h\u00e0ng b\u00e1n s\u1ea3n ph\u1ea9m ch\u0103m s\u00f3c em b\u00e9 tr\u00ean to\u00e0n qu\u1ed1c.<\/p>\n<p>&nbsp;<\/p>\n<p><strong>C\u00f4ng ty TNHH DKSH Vi\u1ec7t Nam<\/strong><\/p>\n<p><strong>\u0110\u1ecba ch\u1ec9<\/strong>: S\u1ed1 23 \u0110\u1ea1i l\u1ed9 \u0110\u1ed9c L\u1eadp, Khu c\u00f4ng nghi\u1ec7p Vi\u1ec7t Nam &#8211; Singapore, Ph\u01b0\u1eddng B\u00ecnh Ho\u00e0, Th\u00e0nh ph\u1ed1 Thu\u1eadn An, t\u1ec9nh B\u00ecnh D\u01b0\u01a1ng.<\/p>\n","protected":false},"excerpt":{"rendered":"<p>Sudocrem \u0111\u01b0\u1ee3c nh\u1eadp kh\u1ea9u ch\u00ednh h\u00e0ng v\u1edbi nh\u00e3n m\u00e1c ti\u1ebfng Vi\u1ec7t l\u00e0 \u0111\u01b0\u1ee3c ph\u00e2n ph\u1ed1i \u0111\u1ed9c quy\u1ec1n b\u1edfi c\u00f4ng ty TNHH DKSH Vi\u1ec7t Nam v\u00e0 \u0111\u01b0\u1ee3c b\u00e1n t\u1ea1i c\u00e1c nh\u00e0 thu\u1ed1c v\u00e0 chu\u1ed7i c\u1eeda h\u00e0ng b\u00e1n s\u1ea3n ph\u1ea9m ch\u0103m s\u00f3c em b\u00e9 tr\u00ean to\u00e0n qu\u1ed1c. &nbsp; C\u00f4ng ty TNHH DKSH Vi\u1ec7t Nam \u0110\u1ecba ch\u1ec9: S\u1ed1 [&#8230;]<\/p>\n<p><a aria-label=\"Sudocrem\"  class=\"btn btn-purple round btn-secondary understrap-read-more-link\" href=\"https:\/\/sudocrem.com\/vn\/contact\/\">CONTINUE READING<\/a><\/p>\n","protected":false},"author":1,"featured_media":0,"parent":0,"menu_order":10,"comment_status":"closed","ping_status":"closed","template":"page-templates\/contact-page.php","meta":{"footnotes":""},"class_list":["post-53","page","type-page","status-publish","hentry"],"yoast_head":"<!-- This site is optimized with the Yoast SEO plugin v14.6.1 - https:\/\/yoast.com\/wordpress\/plugins\/seo\/ -->\n<title>Li\u00ean h\u00ea\u0323 - Sudocrem Vietnam<\/title>\n<meta name=\"robots\" content=\"index, follow\" \/>\n<meta name=\"googlebot\" content=\"index, follow, max-snippet:-1, max-image-preview:large, max-video-preview:-1\" \/>\n<meta name=\"bingbot\" content=\"index, follow, max-snippet:-1, max-image-preview:large, max-video-preview:-1\" \/>\n<link rel=\"canonical\" href=\"https:\/\/sudocrem.com\/vn\/contact\/\" \/>\n<meta property=\"og:locale\" content=\"en_GB\" \/>\n<meta property=\"og:type\" content=\"article\" \/>\n<meta property=\"og:title\" content=\"Li\u00ean h\u00ea\u0323 - Sudocrem Vietnam\" \/>\n<meta property=\"og:description\" content=\"Sudocrem \u0111\u01b0\u1ee3c nh\u1eadp kh\u1ea9u ch\u00ednh h\u00e0ng v\u1edbi nh\u00e3n m\u00e1c ti\u1ebfng Vi\u1ec7t l\u00e0 \u0111\u01b0\u1ee3c ph\u00e2n ph\u1ed1i \u0111\u1ed9c quy\u1ec1n b\u1edfi c\u00f4ng ty TNHH DKSH Vi\u1ec7t Nam v\u00e0 \u0111\u01b0\u1ee3c b\u00e1n t\u1ea1i c\u00e1c nh\u00e0 thu\u1ed1c v\u00e0 chu\u1ed7i c\u1eeda h\u00e0ng b\u00e1n s\u1ea3n ph\u1ea9m ch\u0103m s\u00f3c em b\u00e9 tr\u00ean to\u00e0n qu\u1ed1c. &nbsp; C\u00f4ng ty TNHH DKSH Vi\u1ec7t Nam \u0110\u1ecba ch\u1ec9: S\u1ed1 [...]CONTINUE READING\" \/>\n<meta property=\"og:url\" content=\"https:\/\/sudocrem.com\/vn\/contact\/\" \/>\n<meta property=\"og:site_name\" content=\"Sudocrem Vietnam\" \/>\n<meta property=\"article:modified_time\" content=\"2020-10-26T10:17:25+00:00\" \/>\n<meta name=\"twitter:card\" content=\"summary_large_image\" \/>\n<script type=\"application\/ld+json\" class=\"yoast-schema-graph\">{\"@context\":\"https:\/\/schema.org\",\"@graph\":[{\"@type\":\"WebSite\",\"@id\":\"https:\/\/sudocrem.com\/vn\/#website\",\"url\":\"https:\/\/sudocrem.com\/vn\/\",\"name\":\"Sudocrem Vietnam\",\"description\":\"Just another Sudocrem International site\",\"potentialAction\":[{\"@type\":\"SearchAction\",\"target\":\"https:\/\/sudocrem.com\/vn\/?s={search_term_string}\",\"query-input\":\"required name=search_term_string\"}],\"inLanguage\":\"en-GB\"},{\"@type\":\"WebPage\",\"@id\":\"https:\/\/sudocrem.com\/vn\/contact\/#webpage\",\"url\":\"https:\/\/sudocrem.com\/vn\/contact\/\",\"name\":\"Li\\u00ean h\\u00ea\\u0323 - Sudocrem Vietnam\",\"isPartOf\":{\"@id\":\"https:\/\/sudocrem.com\/vn\/#website\"},\"datePublished\":\"2018-12-10T10:45:33+00:00\",\"dateModified\":\"2020-10-26T10:17:25+00:00\",\"inLanguage\":\"en-GB\",\"potentialAction\":[{\"@type\":\"ReadAction\",\"target\":[\"https:\/\/sudocrem.com\/vn\/contact\/\"]}]}]}<\/script>\n<!-- \/ Yoast SEO plugin. -->","_links":{"self":[{"href":"https:\/\/sudocrem.com\/vn\/wp-json\/wp\/v2\/pages\/53","targetHints":{"allow":["GET"]}}],"collection":[{"href":"https:\/\/sudocrem.com\/vn\/wp-json\/wp\/v2\/pages"}],"about":[{"href":"https:\/\/sudocrem.com\/vn\/wp-json\/wp\/v2\/types\/page"}],"author":[{"embeddable":true,"href":"https:\/\/sudocrem.com\/vn\/wp-json\/wp\/v2\/users\/1"}],"replies":[{"embeddable":true,"href":"https:\/\/sudocrem.com\/vn\/wp-json\/wp\/v2\/comments?post=53"}],"version-history":[{"count":0,"href":"https:\/\/sudocrem.com\/vn\/wp-json\/wp\/v2\/pages\/53\/revisions"}],"wp:attachment":[{"href":"https:\/\/sudocrem.com\/vn\/wp-json\/wp\/v2\/media?parent=53"}],"curies":[{"name":"wp","href":"https:\/\/api.w.org\/{rel}","templated":true}]}}