

{"id":9,"date":"2020-07-03T12:05:30","date_gmt":"2020-07-03T12:05:30","guid":{"rendered":"http:\/\/sudocreminternational.local\/?page_id=3"},"modified":"2020-09-30T16:43:55","modified_gmt":"2020-09-30T15:43:55","slug":"privacy-policy","status":"publish","type":"page","link":"https:\/\/sudocrem.com\/vn\/privacy-policy\/","title":{"rendered":"Chi\u0301nh sa\u0301ch v\u00ea\u0300 quy\u00ea\u0300n ri\u00eang t\u01b0"},"content":{"rendered":"\r\n<div class=\"container\">\r\n<div id=\"page\" class=\"site\">\r\n<div id=\"content\" class=\"site-content  vn privacy\">\r\n<div class=\"row\">\r\n<div class=\"full-12\">\r\n<div id=\"primary\" class=\"content-area  vn privacy\"><main id=\"main\" class=\"site-main\" role=\"main\">\r\n<article id=\"post-202\" class=\"post-202 page type-page status-publish hentry\">\r\n<div class=\"entry-content  vn privacy\">\r\n<div class=\"legalContent\">\r\n<div class=\"mav-content-section\" data-content-name=\"privacy\">\r\n<p>Trang web n\u00e0y \u0111\u01b0\u1ee3c \u0111i\u1ec1u h\u00e0nh b\u1edfi Ph\u00f2ng Th\u00ed Nghi\u1ec7m Forest Ch\u00e2u \u00c2u. Chi\u0301nh Sa\u0301ch v\u00ea\u0300 Quy\u00ea\u0300n Ri\u00eang T\u01b0 cu\u0309a chu\u0301ng t\u00f4i \u0111\u01b0\u1ee3c thi\u1ebft k\u1ebf \u0111\u1ec3 cho b\u1ea1n bi\u1ebft v\u1ec1 c\u00e1c ch\u00ednh s\u00e1ch qu\u1ea3n ly\u0301 vi\u00ea\u0323c ch\u00fang t\u00f4i thu th\u00e2\u0323p, s\u1eed d\u1ee5ng v\u00e0 ti\u1ebft l\u1ed9 th\u00f4ng tin m\u00e0 b\u1ea1n cung c\u1ea5p th\u00f4ng qua ca\u0301c trang Web c\u1ee7a ch\u00fang t\u00f4i. Tr\u01b0\u1edbc khi s\u1eed d\u1ee5ng ho\u1eb7c cung c\u1ea5p th\u00f4ng tin cho trang web n\u00e0y, vui l\u00f2ng \u0111\u1ecdc to\u00e0n b\u1ed9 Chi\u0301nh Sa\u0301ch v\u00ea\u0300 Quy\u00ea\u0300n Ri\u00eang T\u01b0 n\u00e0y. Trang web n\u00e0y ch\u1ec9 \u0111\u01b0\u1ee3c qua\u0309n ly\u0301 theo lu\u1eadt v\u00e0 c\u00e1c quy \u0111\u1ecbnh ch\u00ednh ph\u1ee7 \u00e1p d\u1ee5ng cu\u0309a V\u01b0\u01a1ng Qu\u1ed1c Anh. S\u1eed d\u1ee5ng trang web n\u00e0y co\u0301 nghi\u0303a la\u0300 ba\u0323n \u0111\u1ed3ng \u00fd tu\u00e2n thu\u0309 ca\u0301c lu\u1eadt v\u00e0 quy \u0111\u1ecbnh \u00e1p d\u1ee5ng \u0111o\u0301 va\u0300 Chi\u0301nh Sa\u0301ch v\u00ea\u0300 Quy\u00ea\u0300n Ri\u00eang T\u01b0 cu\u0309a chu\u0301ng t\u00f4i.<\/p>\r\n<p>&nbsp;<\/p>\r\n<h5 class=\"wp-block-heading\">Vi\u00ea\u0323c s\u01b0\u0309 du\u0323ng va\u0300 ti\u00ea\u0301t l\u00f4\u0323 th\u00f4ng tin<\/h5>\r\n<p>T\u00ean, \u0111\u1ecba ch\u1ec9, \u0111\u1ecba ch\u1ec9 email v\u00e0 b\u1ea5t k\u1ef3 th\u00f4ng tin nh\u00e2\u0323n da\u0323ng c\u00e1 nh\u00e2n na\u0300o kh\u00e1c m\u00e0 b\u1ea1n cung c\u1ea5p c\u00f3 th\u1ec3 \u0111\u01b0\u1ee3c s\u1eed d\u1ee5ng b\u1edfi Ph\u00f2ng Th\u00ed Nghi\u1ec7m Forest, c\u00e1c \u0111\u1ed1i t\u00e1c kinh doanh v\u00e0 c\u00f4\u0301 v\u1ea5n cu\u0309a Ph\u00f2ng Th\u00ed Nghi\u1ec7m Forest \u0111\u1ec3 cung c\u1ea5p cho b\u1ea1n th\u00f4ng tin v\u1ec1 c\u00e1c s\u1ea3n ph\u1ea9m Ph\u00f2ng Th\u00ed Nghi\u1ec7m Forest hay c\u00e1c v\u1ea5n \u0111\u1ec1 s\u1ee9c kh\u1ecfe, ho\u1eb7c \u0111\u1ec3 ph\u00e1t tri\u1ec3n c\u00e1c d\u1ecbch v\u1ee5 li\u00ean quan \u0111\u1ebfn ti\u0300nh tra\u0323ng s\u1ee9c kh\u1ecfe. Ph\u00f2ng Th\u00ed Nghi\u1ec7m Forest s\u1ebd kh\u00f4ng b\u00e1n ho\u1eb7c cho thu\u00ea th\u00f4ng tin nh\u00e2\u0323n da\u0323ng c\u00e1 nh\u00e2n \u0111\u01b0\u1ee3c thu th\u1eadp th\u00f4ng qua trang web n\u00e0y cho m\u1ed9t b\u00ean th\u1ee9 ba. Ch\u00fang t\u00f4i c\u00f3 quy\u1ec1n ti\u1ebft l\u1ed9 th\u00f4ng tin \u0111\u1ec3 \u0111\u00e1p \u1ee9ng y\u00eau c\u1ea7u th\u00f4ng tin \u0111\u01b0\u01a1\u0323c phe\u0301p h\u01a1\u0323p l\u00ea\u0323 c\u1ee7a c\u00e1c c\u01a1 quan ch\u00ednh ph\u1ee7 ho\u1eb7c khi c\u00f3 y\u00eau c\u1ea7u c\u1ee7a ph\u00e1p lu\u1eadt.<\/p>\r\n<p>Ba\u0323n co\u0301 th\u00ea\u0309 th\u00f4ng ba\u0301o cho Ph\u00f2ng Th\u00ed Nghi\u1ec7m Forest b\u1ea1n mu\u1ed1n ng\u1eebng nh\u1eadn th\u00f4ng tin b\u1ea5t c\u1ee9 l\u00fac n\u00e0o (xem ph\u00e2\u0300n Li\u00ean H\u00ea\u0323).<\/p>\r\n<p>B\u1eb1ng vi\u00ea\u0323c s\u1eed d\u1ee5ng trang web n\u00e0y, b\u1ea1n \u0111\u1ed3ng \u00fd v\u1edbi c\u00e1c \u0111i\u1ec1u kho\u1ea3n c\u1ee7a Chi\u0301nh Sa\u0301ch v\u00ea\u0300 Quy\u00ea\u0300n Ri\u00eang T\u01b0 n\u00e0y. B\u1ea5t c\u1ee9 khi n\u00e0o b\u1ea1n g\u1eedi th\u00f4ng tin qua trang web n\u00e0y, b\u1ea1n \u0111\u1ed3ng \u00fd v\u1edbi vi\u1ec7c thu th\u1eadp, s\u1eed d\u1ee5ng v\u00e0 ti\u1ebft l\u1ed9 th\u00f4ng tin \u0111o\u0301 theo Chi\u0301nh Sa\u0301ch v\u00ea\u0300 Quy\u00ea\u0300n Ri\u00eang T\u01b0 n\u00e0y.<\/p>\r\n<p>&nbsp;<\/p>\r\n<h5>An ninh<\/h5>\r\n<p>H\u00e3y nh\u1edb r\u1eb1ng vi\u00ea\u0323c truy\u1ec1n th\u00f4ng tin qua Internet kh\u00f4ng bao gi\u1edd an to\u00e0n 100% ho\u1eb7c kh\u00f4ng c\u00f3 l\u1ed7i. C\u1ee5 th\u1ec3 h\u01a1n, email \u0111\u01b0\u1ee3c g\u1eedi \u0111\u1ebfn ho\u1eb7c t\u1eeb trang web n\u00e0y c\u00f3 th\u1ec3 kh\u00f4ng an to\u00e0n. Do \u0111o\u0301, b\u1ea1n c\u00e2\u0300n \u0111\u1eb7c bi\u1ec7t th\u00e2\u0323n tro\u0323ng trong vi\u1ec7c quy\u1ebft \u0111\u1ecbnh n\u00ean g\u1eedi th\u00f4ng tin n\u00e0o qua email. B\u1ea5t k\u1ef3 m\u1eadt kh\u1ea9u, s\u1ed1 ID ho\u1eb7c s\u1ed1 truy c\u1eadp \u0111\u1eb7c bi\u1ec7t na\u0300o kh\u00e1c b\u1ea1n c\u00f3 th\u1ec3 s\u1eed d\u1ee5ng \u0111\u1ec3 truy c\u1eadp v\u00e0o b\u1ea5t k\u1ef3 ph\u1ea7n n\u00e0o c\u1ee7a trang web n\u00e0y thu\u00f4\u0323c tr\u00e1ch nhi\u1ec7m c\u1ee7a b\u1ea1n; ha\u0303y chu\u0301 y\u0301 b\u1ea3o v\u1ec7 ca\u0301c th\u00f4ng tin \u0111o\u0301. Ph\u00f2ng Th\u00ed Nghi\u1ec7m Forest ti\u1ebfn h\u00e0nh c\u00e1c b\u01b0\u1edbc h\u1ee3p l\u00fd \u0111\u1ec3 b\u1ea3o v\u1ec7 th\u00f4ng tin nh\u00e2\u0323n da\u0323ng c\u00e1 nh\u00e2n c\u1ee7a b\u1ea1n kh\u1ecfi bi\u0323 m\u1ea5t m\u00e1t, s\u1eed d\u1ee5ng sai v\u00e0 truy c\u1eadp, ti\u1ebft l\u1ed9, thay \u0111\u1ed5i ho\u1eb7c ti\u00eau h\u1ee7y tr\u00e1i ph\u00e9p.<\/p>\r\n<p>&nbsp;<\/p>\r\n<h5>Li\u00ean k\u00ea\u0301t t\u01a1\u0301i ca\u0301c trang web kha\u0301c<\/h5>\r\n<p>Li\u00ean k\u1ebft ho\u1eb7c tham chi\u1ebfu \u0111\u1ebfn c\u00e1c trang web kh\u00e1c c\u00f3 th\u1ec3 xu\u1ea5t hi\u1ec7n tr\u00ean trang web n\u00e0y. Ch\u00fang t\u00f4i kh\u00f4ng ki\u1ec3m so\u00e1t c\u00e1c trang Web \u0111o\u0301. Xin l\u01b0u y\u0301 la\u0300 Chi\u0301nh Sa\u0301ch v\u00ea\u0300 Quy\u00ea\u0300n Ri\u00eang T\u01b0 kh\u00f4ng \u00e1p d\u1ee5ng cho b\u1ea5t k\u1ef3 trang Web na\u0300o kh\u00e1c nh\u01b0\u0303ng trang do Ph\u00f2ng Th\u00ed Nghi\u1ec7m Forest \u0111i\u00ea\u0300u ha\u0300nh. Kh\u00e1ch truy c\u1eadp v\u00e0o c\u00e1c trang Web kh\u00e1c c\u00e2\u0300n \u0111\u1ecdc ch\u00ednh s\u00e1ch ri\u00eang t\u01b0 c\u1ee7a h\u1ecd tr\u01b0\u1edbc khi kh\u00e1m ph\u00e1 trang wed.<\/p>\r\n<p>&nbsp;<\/p>\r\n<h5>V\u00ea\u0300 tre\u0309 em<\/h5>\r\n<p>Trang web n\u00e0y kh\u00f4ng da\u0300nh cho tr\u1ebb em d\u01b0\u1edbi 13 tu\u1ed5i. Ch\u00fang t\u00f4i s\u1ebd kh\u00f4ng c\u1ed1 \u00fd thu th\u1eadp th\u00f4ng tin t\u1eeb kh\u00e1ch truy c\u1eadp trang web trong nh\u00f3m tu\u1ed5i n\u00e0y. Ch\u00fang t\u00f4i khuy\u1ebfn kh\u00edch c\u00e1c b\u1eadc cha m\u1eb9 ph\u1ea3i bi\u00ea\u0301t v\u00ea\u0300 vi\u00ea\u0323c s\u1eed d\u1ee5ng Internet c\u1ee7a con em h\u1ecd v\u00e0 th\u1ea3o lu\u1eadn v\u1ec1 nh\u1eefng lo\u1ea1i th\u00f4ng tin tre\u0309 \u0111\u01b0\u1ee3c ph\u00e9p ti\u1ebft l\u1ed9 cho ca\u0301c trang Web.<\/p>\r\n<p>&nbsp;<\/p>\r\n<h5>Ca\u0301c thay \u0111\u00f4\u0309i \u0111\u00f4\u0301i v\u01a1\u0301i chi\u0301nh sa\u0301ch v\u00ea\u0300 quy\u00ea\u0300n ri\u00eang t\u01b0 na\u0300y<\/h5>\r\n<p>Ph\u00f2ng Th\u00ed Nghi\u1ec7m Forest Ch\u00e2u \u00c2u c\u00f3 quy\u1ec1n s\u1eeda \u0111\u1ed5i, th\u00eam ho\u1eb7c lo\u1ea1i b\u1ecf c\u00e1c ph\u1ea7n c\u1ee7a ch\u00ednh s\u00e1ch v\u00ea\u0300 quy\u00ea\u0300n ri\u00eang t\u01b0 n\u00e0y theo \u00fd c\u1ee7a m\u00ecnh. B\u1ea5t k\u1ef3 thay \u0111\u1ed5i va\u0300o \u0111\u00f4\u0301i v\u01a1\u0301i Chi\u0301nh Sa\u0301ch v\u00ea\u0300 Quy\u00ea\u0300n Ri\u00eang T\u01b0 n\u00e0y s\u1ebd \u0111\u01b0\u1ee3c \u0111\u0103ng t\u1ea3i tr\u00ean trang web n\u00e0y. Vui l\u00f2ng xem l\u1ea1i \u0111\u1ecbnh k\u1ef3, v\u00e0 \u0111\u1eb7c bi\u1ec7t l\u00e0 tr\u01b0\u1edbc khi b\u1ea1n cung c\u1ea5p b\u1ea5t k\u1ef3 th\u00f4ng tin nh\u00e2\u0323n da\u0323ng c\u00e1 nh\u00e2n na\u0300o. Chi\u0301nh Sa\u0301ch v\u00ea\u0300 Quy\u00ea\u0300n Ri\u00eang T\u01b0 na\u0300y \u0111\u01b0\u01a1\u0323c c\u00e2\u0323p nh\u00e2\u0323t l\u00e2\u0300n g\u00e2\u0300n \u0111\u00e2y nh\u00e2\u0301t va\u0300o nga\u0300y 30 tha\u0301ng 6 n\u0103m 2005.<\/p>\r\n<\/div>\r\n<\/div>\r\n<\/div>\r\n<footer class=\"entry-footer\"><\/footer><\/article>\r\n<\/main><\/div>\r\n<\/div>\r\n<\/div>\r\n<\/div>\r\n<\/div>\r\n<\/div>\r\n<div class=\"container footer\">\u00a0<\/div>\r\n","protected":false},"excerpt":{"rendered":"<p>Trang web n\u00e0y \u0111\u01b0\u1ee3c \u0111i\u1ec1u h\u00e0nh b\u1edfi Ph\u00f2ng Th\u00ed Nghi\u1ec7m Forest Ch\u00e2u \u00c2u. Chi\u0301nh Sa\u0301ch v\u00ea\u0300 Quy\u00ea\u0300n Ri\u00eang T\u01b0 cu\u0309a chu\u0301ng t\u00f4i \u0111\u01b0\u1ee3c thi\u1ebft k\u1ebf \u0111\u1ec3 cho b\u1ea1n bi\u1ebft v\u1ec1 c\u00e1c ch\u00ednh s\u00e1ch qu\u1ea3n ly\u0301 vi\u00ea\u0323c ch\u00fang t\u00f4i thu th\u00e2\u0323p, s\u1eed d\u1ee5ng v\u00e0 ti\u1ebft l\u1ed9 th\u00f4ng tin m\u00e0 b\u1ea1n cung c\u1ea5p th\u00f4ng qua ca\u0301c trang [&#8230;]<\/p>\n<p><a aria-label=\"Sudocrem\"  class=\"btn btn-purple round btn-secondary understrap-read-more-link\" href=\"https:\/\/sudocrem.com\/vn\/privacy-policy\/\">CONTINUE READING<\/a><\/p>\n","protected":false},"author":1,"featured_media":0,"parent":0,"menu_order":0,"comment_status":"closed","ping_status":"open","template":"page-templates\/legal-page.php","meta":{"footnotes":""},"class_list":["post-9","page","type-page","status-publish","hentry"],"yoast_head":"<!-- This site is optimized with the Yoast SEO plugin v14.6.1 - https:\/\/yoast.com\/wordpress\/plugins\/seo\/ -->\n<title>Chi\u0301nh sa\u0301ch v\u00ea\u0300 quy\u00ea\u0300n ri\u00eang t\u01b0 - Sudocrem Vietnam<\/title>\n<meta name=\"robots\" content=\"index, follow\" \/>\n<meta name=\"googlebot\" content=\"index, follow, max-snippet:-1, max-image-preview:large, max-video-preview:-1\" \/>\n<meta name=\"bingbot\" content=\"index, follow, max-snippet:-1, max-image-preview:large, max-video-preview:-1\" \/>\n<link rel=\"canonical\" href=\"https:\/\/sudocrem.com\/vn\/privacy-policy\/\" \/>\n<meta property=\"og:locale\" content=\"en_GB\" \/>\n<meta property=\"og:type\" content=\"article\" \/>\n<meta property=\"og:title\" content=\"Chi\u0301nh sa\u0301ch v\u00ea\u0300 quy\u00ea\u0300n ri\u00eang t\u01b0 - Sudocrem Vietnam\" \/>\n<meta property=\"og:description\" content=\"Trang web n\u00e0y \u0111\u01b0\u1ee3c \u0111i\u1ec1u h\u00e0nh b\u1edfi Ph\u00f2ng Th\u00ed Nghi\u1ec7m Forest Ch\u00e2u \u00c2u. Chi\u0301nh Sa\u0301ch v\u00ea\u0300 Quy\u00ea\u0300n Ri\u00eang T\u01b0 cu\u0309a chu\u0301ng t\u00f4i \u0111\u01b0\u1ee3c thi\u1ebft k\u1ebf \u0111\u1ec3 cho b\u1ea1n bi\u1ebft v\u1ec1 c\u00e1c ch\u00ednh s\u00e1ch qu\u1ea3n ly\u0301 vi\u00ea\u0323c ch\u00fang t\u00f4i thu th\u00e2\u0323p, s\u1eed d\u1ee5ng v\u00e0 ti\u1ebft l\u1ed9 th\u00f4ng tin m\u00e0 b\u1ea1n cung c\u1ea5p th\u00f4ng qua ca\u0301c trang [...]CONTINUE READING\" \/>\n<meta property=\"og:url\" content=\"https:\/\/sudocrem.com\/vn\/privacy-policy\/\" \/>\n<meta property=\"og:site_name\" content=\"Sudocrem Vietnam\" \/>\n<meta property=\"article:modified_time\" content=\"2020-09-30T15:43:55+00:00\" \/>\n<meta name=\"twitter:card\" content=\"summary_large_image\" \/>\n<script type=\"application\/ld+json\" class=\"yoast-schema-graph\">{\"@context\":\"https:\/\/schema.org\",\"@graph\":[{\"@type\":\"WebSite\",\"@id\":\"https:\/\/sudocrem.com\/vn\/#website\",\"url\":\"https:\/\/sudocrem.com\/vn\/\",\"name\":\"Sudocrem Vietnam\",\"description\":\"Just another Sudocrem International site\",\"potentialAction\":[{\"@type\":\"SearchAction\",\"target\":\"https:\/\/sudocrem.com\/vn\/?s={search_term_string}\",\"query-input\":\"required name=search_term_string\"}],\"inLanguage\":\"en-GB\"},{\"@type\":\"WebPage\",\"@id\":\"https:\/\/sudocrem.com\/vn\/privacy-policy\/#webpage\",\"url\":\"https:\/\/sudocrem.com\/vn\/privacy-policy\/\",\"name\":\"Chi\\u0301nh sa\\u0301ch v\\u00ea\\u0300 quy\\u00ea\\u0300n ri\\u00eang t\\u01b0 - Sudocrem Vietnam\",\"isPartOf\":{\"@id\":\"https:\/\/sudocrem.com\/vn\/#website\"},\"datePublished\":\"2020-07-03T12:05:30+00:00\",\"dateModified\":\"2020-09-30T15:43:55+00:00\",\"inLanguage\":\"en-GB\",\"potentialAction\":[{\"@type\":\"ReadAction\",\"target\":[\"https:\/\/sudocrem.com\/vn\/privacy-policy\/\"]}]}]}<\/script>\n<!-- \/ Yoast SEO plugin. -->","_links":{"self":[{"href":"https:\/\/sudocrem.com\/vn\/wp-json\/wp\/v2\/pages\/9","targetHints":{"allow":["GET"]}}],"collection":[{"href":"https:\/\/sudocrem.com\/vn\/wp-json\/wp\/v2\/pages"}],"about":[{"href":"https:\/\/sudocrem.com\/vn\/wp-json\/wp\/v2\/types\/page"}],"author":[{"embeddable":true,"href":"https:\/\/sudocrem.com\/vn\/wp-json\/wp\/v2\/users\/1"}],"replies":[{"embeddable":true,"href":"https:\/\/sudocrem.com\/vn\/wp-json\/wp\/v2\/comments?post=9"}],"version-history":[{"count":0,"href":"https:\/\/sudocrem.com\/vn\/wp-json\/wp\/v2\/pages\/9\/revisions"}],"wp:attachment":[{"href":"https:\/\/sudocrem.com\/vn\/wp-json\/wp\/v2\/media?parent=9"}],"curies":[{"name":"wp","href":"https:\/\/api.w.org\/{rel}","templated":true}]}}